{"id":4876,"date":"2025-03-21T14:46:34","date_gmt":"2025-03-21T13:46:34","guid":{"rendered":"https:\/\/hotel-icastelli.com\/360-touren\/"},"modified":"2025-05-15T15:22:07","modified_gmt":"2025-05-15T13:22:07","slug":"360-touren","status":"publish","type":"page","link":"https:\/\/hotel-icastelli.com\/de\/360-touren\/","title":{"rendered":"360\u00b0 Touren"},"content":{"rendered":"\n<p>Entdecken Sie das Hotel I Castelli bei einem 360\u00b0-Rundgang durch unsere R\u00e4umlichkeiten!<\/p>\n\n<h2 class=\"wp-block-heading has-text-align-center\">Zimmer<\/h2>\n\n<iframe class=\"view360\" src=\"https:\/\/www.google.com\/maps\/embed?pb=!1m0!3m2!1sit!2sit!4v1479306352767!6m8!1m7!1sR-ht8BbaB1gAAAQvvatRgQ!2m2!1d44.70389729863604!2d8.029912563077687!3f23.66564648832798!4f-15.813855328990996!5f0.7820865974627469\" style=\"width:100%;height:350px\"><\/iframe>\n\n<h2 class=\"wp-block-heading has-text-align-center\">Restaurant<\/h2>\n\n<iframe class=\"view360\" src=\"https:\/\/www.google.com\/maps\/embed?pb=!1m0!3m2!1sit!2sit!4v1479306286759!6m8!1m7!1snwvPIPnG0O8AAAQvvatRhQ!2m2!1d44.7036612217433!2d8.029140800424216!3f42.670416076530316!4f-2.9391087732306858!5f0.7820865974627469\" style=\"width:100%;height:350px\"><\/iframe>\n\n<h2 class=\"wp-block-heading has-text-align-center\">\u00c4u\u00dferes<\/h2>\n\n<iframe class=\"view360\" src=\"https:\/\/www.google.com\/maps\/embed?pb=!1m0!3m2!1sit!2sit!4v1479306238692!6m8!1m7!1sFZxiUkxcOjVQLq30rYkx5Q!2m2!1d44.70375913944086!2d8.029628311697763!3f2!4f0!5f0.7820865974627469\" style=\"width:100%;height:350px\"><\/iframe>\n\n<h2 class=\"wp-block-heading has-text-align-center\">Halle<\/h2>\n\n<iframe class=\"view360\" src=\"https:\/\/www.google.com\/maps\/embed?pb=!1m0!3m2!1sit!2sit!4v1479306321031!6m8!1m7!1swz5lYhrTBFQAAAQvvatRiQ!2m2!1d44.70392224167404!2d8.029628279661779!3f125!4f0!5f0.7820865974627469\" style=\"width:100%;height:350px\"><\/iframe>\n\n<h2 class=\"wp-block-heading has-text-align-center\">Eingabe<\/h2>\n\n<iframe class=\"view360\" src=\"https:\/\/www.google.com\/maps\/embed?pb=!1m0!3m2!1sit!2sit!4v1479306380816!6m8!1m7!1soLLDTRpyJuYAAAQvvatRig!2m2!1d44.70388081106012!2d8.029585884333756!3f39!4f0!5f0.7820865974627469\" style=\"width:100%;height:350px\"><\/iframe>\n","protected":false},"excerpt":{"rendered":"<p>Entdecken Sie das Hotel I Castelli bei einem 360\u00b0-Rundgang durch unsere R\u00e4umlichkeiten! Zimmer Restaurant \u00c4u\u00dferes Halle Eingabe<\/p>\n","protected":false},"author":152,"featured_media":0,"parent":0,"menu_order":0,"comment_status":"closed","ping_status":"closed","template":"","meta":{"_acf_changed":false,"_monsterinsights_skip_tracking":false,"_monsterinsights_sitenote_active":false,"_monsterinsights_sitenote_note":"","_monsterinsights_sitenote_category":0,"footnotes":""},"class_list":["post-4876","page","type-page","status-publish","hentry"],"yoast_head":"<!-- This site is optimized with the Yoast SEO plugin v27.2 - https:\/\/yoast.com\/product\/yoast-seo-wordpress\/ -->\n<title>360\u00b0 Touren - Hotel in Centro Ad Alba - I Castelli<\/title>\n<meta name=\"description\" content=\"Entdecken Sie das Hotel I Castelli bei einem 360\u00b0-Rundgang durch unsere R\u00e4umlichkeiten! Zimmer  Restaurant  \u00c4u\u00dferes  Halle  Eingabe\" \/>\n<meta name=\"robots\" content=\"index, follow, max-snippet:-1, max-image-preview:large, max-video-preview:-1\" \/>\n<link rel=\"canonical\" href=\"https:\/\/hotel-icastelli.com\/de\/360-touren\/\" \/>\n<meta property=\"og:locale\" content=\"de_DE\" \/>\n<meta property=\"og:type\" content=\"article\" \/>\n<meta property=\"og:title\" content=\"360\u00b0 Touren - Hotel in Centro Ad Alba - I Castelli\" \/>\n<meta property=\"og:description\" content=\"Entdecken Sie das Hotel I Castelli bei einem 360\u00b0-Rundgang durch unsere R\u00e4umlichkeiten! Zimmer  Restaurant  \u00c4u\u00dferes  Halle  Eingabe\" \/>\n<meta property=\"og:url\" content=\"https:\/\/hotel-icastelli.com\/de\/360-touren\/\" \/>\n<meta property=\"og:site_name\" content=\"I Castelli\" \/>\n<meta property=\"article:modified_time\" content=\"2025-05-15T13:22:07+00:00\" \/>\n<meta name=\"twitter:card\" content=\"summary_large_image\" \/>\n<!-- \/ Yoast SEO plugin. -->","yoast_head_json":{"title":"360\u00b0 Touren - Hotel in Centro Ad Alba - I Castelli","description":"Entdecken Sie das Hotel I Castelli bei einem 360\u00b0-Rundgang durch unsere R\u00e4umlichkeiten! Zimmer  Restaurant  \u00c4u\u00dferes  Halle  Eingabe","robots":{"index":"index","follow":"follow","max-snippet":"max-snippet:-1","max-image-preview":"max-image-preview:large","max-video-preview":"max-video-preview:-1"},"canonical":"https:\/\/hotel-icastelli.com\/de\/360-touren\/","og_locale":"de_DE","og_type":"article","og_title":"360\u00b0 Touren - Hotel in Centro Ad Alba - I Castelli","og_description":"Entdecken Sie das Hotel I Castelli bei einem 360\u00b0-Rundgang durch unsere R\u00e4umlichkeiten! Zimmer  Restaurant  \u00c4u\u00dferes  Halle  Eingabe","og_url":"https:\/\/hotel-icastelli.com\/de\/360-touren\/","og_site_name":"I Castelli","article_modified_time":"2025-05-15T13:22:07+00:00","twitter_card":"summary_large_image","schema":{"@context":"https:\/\/schema.org","@graph":[{"@type":"WebPage","@id":"https:\/\/hotel-icastelli.com\/de\/360-touren\/","url":"https:\/\/hotel-icastelli.com\/de\/360-touren\/","name":"360\u00b0 Touren - Hotel in Centro Ad Alba - I Castelli","isPartOf":{"@id":"https:\/\/hotel-icastelli.com\/#website"},"datePublished":"2025-03-21T13:46:34+00:00","dateModified":"2025-05-15T13:22:07+00:00","description":"Entdecken Sie das Hotel I Castelli bei einem 360\u00b0-Rundgang durch unsere R\u00e4umlichkeiten! Zimmer Restaurant \u00c4u\u00dferes Halle Eingabe","breadcrumb":{"@id":"https:\/\/hotel-icastelli.com\/de\/360-touren\/#breadcrumb"},"inLanguage":"de","potentialAction":[{"@type":"ReadAction","target":["https:\/\/hotel-icastelli.com\/de\/360-touren\/"]}]},{"@type":"BreadcrumbList","@id":"https:\/\/hotel-icastelli.com\/de\/360-touren\/#breadcrumb","itemListElement":[{"@type":"ListItem","position":1,"name":"Home","item":"https:\/\/hotel-icastelli.com\/de\/"},{"@type":"ListItem","position":2,"name":"360\u00b0 Touren"}]},{"@type":"WebSite","@id":"https:\/\/hotel-icastelli.com\/#website","url":"https:\/\/hotel-icastelli.com\/","name":"I Castelli","description":"Hotel in Centro Ad Alba","publisher":{"@id":"https:\/\/hotel-icastelli.com\/#organization"},"potentialAction":[{"@type":"SearchAction","target":{"@type":"EntryPoint","urlTemplate":"https:\/\/hotel-icastelli.com\/?s={search_term_string}"},"query-input":{"@type":"PropertyValueSpecification","valueRequired":true,"valueName":"search_term_string"}}],"inLanguage":"de"},{"@type":"Organization","@id":"https:\/\/hotel-icastelli.com\/#organization","name":"I Castelli","url":"https:\/\/hotel-icastelli.com\/","logo":{"@type":"ImageObject","inLanguage":"de","@id":"https:\/\/hotel-icastelli.com\/#\/schema\/logo\/image\/","url":"","contentUrl":"","caption":"I Castelli"},"image":{"@id":"https:\/\/hotel-icastelli.com\/#\/schema\/logo\/image\/"}}]}},"acf":[],"_links":{"self":[{"href":"https:\/\/hotel-icastelli.com\/de\/wp-json\/wp\/v2\/pages\/4876","targetHints":{"allow":["GET"]}}],"collection":[{"href":"https:\/\/hotel-icastelli.com\/de\/wp-json\/wp\/v2\/pages"}],"about":[{"href":"https:\/\/hotel-icastelli.com\/de\/wp-json\/wp\/v2\/types\/page"}],"author":[{"embeddable":true,"href":"https:\/\/hotel-icastelli.com\/de\/wp-json\/wp\/v2\/users\/152"}],"replies":[{"embeddable":true,"href":"https:\/\/hotel-icastelli.com\/de\/wp-json\/wp\/v2\/comments?post=4876"}],"version-history":[{"count":0,"href":"https:\/\/hotel-icastelli.com\/de\/wp-json\/wp\/v2\/pages\/4876\/revisions"}],"wp:attachment":[{"href":"https:\/\/hotel-icastelli.com\/de\/wp-json\/wp\/v2\/media?parent=4876"}],"curies":[{"name":"wp","href":"https:\/\/api.w.org\/{rel}","templated":true}]}}