{"id":4898,"date":"2025-03-14T12:04:02","date_gmt":"2025-03-14T11:04:02","guid":{"rendered":"https:\/\/hotel-icastelli.com\/chefkoch\/"},"modified":"2025-11-12T15:24:18","modified_gmt":"2025-11-12T14:24:18","slug":"chefkoch","status":"publish","type":"page","link":"https:\/\/hotel-icastelli.com\/de\/restaurant\/chefkoch\/","title":{"rendered":"Chefkoch"},"content":{"rendered":"\n<blockquote class=\"wp-block-quote\">\n<p>Es gibt keinen Ort auf der Welt, den ich mehr liebe als die K\u00fcche.<\/p>\n\n\n\n<p>Es spielt keine Rolle, wo sie ist, wie sie aussieht: Solange es eine K\u00fcche ist, ein Ort, an dem Essen zubereitet wird, geht es mir gut. Wenn m\u00f6glich, bevorzuge ich sie funktional und bewohnt. Vielleicht mit vielen sauberen, trockenen Geschirrt\u00fcchern und blitzenden wei\u00dfen Kacheln.&#8220;  <\/p>\n<cite><strong>K\u00fcche ~ von Banana Yoshimoto<\/strong><\/cite><\/blockquote>\n<section class=\"text-image text-image--text-is-left text-image--mt-default text-image--mb-default text-image--align-full text-image--no-background  __text-image text-image--image-mobile-bottom \">\n  <div class=\"text-image__inner text-image__inner--align-full text-image__inner--valign-default flex-columns\">\n    <div class=\"text-image__text text-image__text--is-left text-image__text--is-mobile-top flex-column flex-column--width-50\">\n              <div class=\"text-image__typography typography typography--text-is-left\">\n          \n\n<p>So beginnt das Buch von Banana Yoshimoto und so beginnt mein Leben in der K\u00fcche.<\/p>\n\n\n\n<p>Ich erinnere mich, dass ich als Kind <strong>alles, was ich tat, in der K\u00fcche tat<\/strong>, vom Spielen \u00fcber die Hausaufgaben bis zum Lesen eines Buches. Ich erinnere mich auch daran, dass ich in der K\u00fcche immer meinen Schlafanzug anhatte, bevor ich ins Bett ging, denn ich zog ihn an, um mich am Herd zu w\u00e4rmen, wo immer eine Pfanne mit etwas Leckerem darin stand. <\/p>\n\n\n\n<p>Als die Jahre vergingen und ich sah, wie meine Eltern das Essen f\u00fcr uns mit so viel Liebe zubereiteten, merkte ich, dass die <strong>Leidenschaft und Liebe<\/strong> zum Kochen in mir wuchs, so sehr, dass ich nach der Sekundarschule die <strong>Hotelfachschule in Barolo<\/strong> w\u00e4hlte.<\/p>\n\n\n\n<p>Nach der Schule habe ich Praktika im <strong>Piemont <\/strong>gemacht, um zu sehen, ob das mein Weg ist. Ich habe in <strong>Monforte d&#8217;Alba im Ristorante Giardino &#8218;da Felicin&#8216;<\/strong> und im Ristorante la Collina gearbeitet, dann in der Cascina del Cornale in Cornale, in Orta im Ristorante Osteria dell&#8217;Antico Agnello und in Piana Biglini im Ristorante La Paruzza.<\/p>\n\n\n        <\/div>\n          <\/div>\n    <div class=\"text-image__image-container text-image__image-container--is-right text-image__image-container--is-mobile-bottom flex-column flex-column--width-50\">\n              <div class=\"text-image__image text-image__image--is-right text-image__image--is-portrait text-image__image--style-is-default\">\n          <picture class=\"ratio__content\" alt=\"\" title=\"\" data-caption=\"\"> \n                    <source loading=\"lazy\" srcset=\"https:\/\/hotel-icastelli.com\/files\/2025\/02\/Ivano-900x1200.jpg\" media=\"(min-width: 574px)\" \/>\n\n                  <source loading=\"lazy\" srcset=\"https:\/\/hotel-icastelli.com\/files\/2025\/02\/Ivano-574x765.jpg\" \/>\n\n                    <img decoding=\"async\"  width=\"1335\" height=\"2000\" loading=\"lazy\" alt=\"Ivano\" title=\"Ivano\" data-caption=\"\" src=\"https:\/\/hotel-icastelli.com\/files\/2025\/02\/Ivano.jpg\" data-src=\"https:\/\/hotel-icastelli.com\/files\/2025\/02\/Ivano.jpg\"\/>\n\n            \n<\/picture>\n        <\/div>\n                  <\/div>\n  <\/div>\n<\/section><section class=\"text-gallery text-gallery--text-is-right text-gallery--mt-default text-gallery--mb-default text-gallery--align-full text-gallery--no-background text-gallery--align-full text-gallery--valign-center __gallery text-gallery--text-mobile-is-top \">\n   <div class=\"text-gallery__inner text-gallery__inner--align-full text-gallery__inner--valign-center flex-columns\">\n    <div class=\"text-gallery__text text-gallery__text--is-right text-gallery__text--is-mobile-top flex-column flex-column--width-50\">\n              <div class=\"text-gallery__typography typography typography--text-is-right\">\n                    \n\n<p>Schlie\u00dflich wurde mir klar, dass dies der Weg ist, den ich gehen will, und ich habe ihn eingeschlagen, aber ich stehe erst am Anfang meiner Reise und wer wei\u00df, wohin sie mich f\u00fchren wird?<\/p>\n\n\n\n<p>Mein Name ist <strong>Ivano Bertolotto<\/strong>. Meine K\u00fcche basiert auf einfachen Geschm\u00e4ckern, Produktauswahl und Frische.<\/p>\n\n\n\n<p>Ich bereite gerne <strong>traditionelle Gerichte<\/strong> zu <strong>, die<\/strong> modern <strong>interpretiert werden<\/strong>, und kreiere neue Gerichte, die den Geschmack und die Aromen der Region zum Ausdruck bringen und versuchen, l\u00e4ngst schlummernde Empfindungen und Erinnerungen wiederzuerwecken.<\/p>\n\n\n\n<p>Kochen ist Liebe und <strong>Respekt f\u00fcr das Land<\/strong>, f\u00fcr die Saisonalit\u00e4t der Produkte und f\u00fcr die Menschen, die essen, was Sie zubereiten.<\/p>\n\n\n        <\/div>\n          <\/div>\n    <div class=\"text-gallery__gallery-container text-gallery__gallery-container--is-left flex-column flex-column--width-50\">\n      <div class=\"text-gallery__gallery text-gallery__gallery--is-left text-gallery__gallery--style-default\">\n        \n\n<figure class=\"wp-block-gallery has-nested-images columns-2 is-cropped wp-block-gallery-2\">\n<figure class=\"wp-block-image size-square_sm\"><img loading=\"lazy\" decoding=\"async\" width=\"350\" height=\"350\" data-id=\"4672\" src=\"https:\/\/hotel-icastelli.com\/files\/2025\/04\/c-350x350.jpg\" alt=\"\" class=\"wp-image-4672\" srcset=\"https:\/\/hotel-icastelli.com\/files\/2025\/04\/c-350x350.jpg 350w, https:\/\/hotel-icastelli.com\/files\/2025\/04\/c-150x150.jpg 150w, https:\/\/hotel-icastelli.com\/files\/2025\/04\/c-900x900.jpg 900w, https:\/\/hotel-icastelli.com\/files\/2025\/04\/c-600x600.jpg 600w\" sizes=\"auto, (max-width: 350px) 100vw, 350px\" \/><\/figure>\n\n\n\n<figure class=\"wp-block-image size-square_sm\"><img loading=\"lazy\" decoding=\"async\" width=\"350\" height=\"350\" data-id=\"4658\" src=\"https:\/\/hotel-icastelli.com\/files\/2025\/04\/b-350x350.jpg\" alt=\"\" class=\"wp-image-4658\" srcset=\"https:\/\/hotel-icastelli.com\/files\/2025\/04\/b-350x350.jpg 350w, https:\/\/hotel-icastelli.com\/files\/2025\/04\/b-150x150.jpg 150w, https:\/\/hotel-icastelli.com\/files\/2025\/04\/b-900x900.jpg 900w, https:\/\/hotel-icastelli.com\/files\/2025\/04\/b-600x600.jpg 600w\" sizes=\"auto, (max-width: 350px) 100vw, 350px\" \/><\/figure>\n\n\n\n<figure class=\"wp-block-image size-square_sm\"><img loading=\"lazy\" decoding=\"async\" width=\"350\" height=\"350\" data-id=\"4644\" src=\"https:\/\/hotel-icastelli.com\/files\/2025\/04\/1-350x350.jpg\" alt=\"\" class=\"wp-image-4644\" srcset=\"https:\/\/hotel-icastelli.com\/files\/2025\/04\/1-350x350.jpg 350w, https:\/\/hotel-icastelli.com\/files\/2025\/04\/1-150x150.jpg 150w, https:\/\/hotel-icastelli.com\/files\/2025\/04\/1-900x900.jpg 900w, https:\/\/hotel-icastelli.com\/files\/2025\/04\/1-600x600.jpg 600w\" sizes=\"auto, (max-width: 350px) 100vw, 350px\" \/><\/figure>\n\n\n\n<figure class=\"wp-block-image size-square_sm\"><img loading=\"lazy\" decoding=\"async\" width=\"350\" height=\"350\" data-id=\"4630\" src=\"https:\/\/hotel-icastelli.com\/files\/2025\/04\/f-350x350.jpg\" alt=\"\" class=\"wp-image-4630\" srcset=\"https:\/\/hotel-icastelli.com\/files\/2025\/04\/f-350x350.jpg 350w, https:\/\/hotel-icastelli.com\/files\/2025\/04\/f-150x150.jpg 150w, https:\/\/hotel-icastelli.com\/files\/2025\/04\/f-900x900.jpg 900w, https:\/\/hotel-icastelli.com\/files\/2025\/04\/f-600x600.jpg 600w\" sizes=\"auto, (max-width: 350px) 100vw, 350px\" \/><\/figure>\n<\/figure>\n\n\n      <\/div>\n          <\/div>\n  <\/div>\n<\/section><section class=\"grid grid--mt-default grid--mb-default grid--align-full grid--no-background  __grid is-style-first-big-3\">\n  <div class=\"grid__inner grid__inner--align-full\">\n        <ul class=\"grid__row grid__row--columns-3 grid__row--valign-top combos combos--columns-3\">\n              \n<div class=\"combo combo--3-cols combo--align-center combo--textalign-default combo--has-background has-dark-background-color combos__combo wp-elements-78a69765192f0c0bf57c6cf79e43c13c\">\n      <div class=\"combo__bg combo__bg--position-default combo__bg--overlay-is-default \">\n      <picture class=\"ratio__content\" alt=\"\" title=\"\" data-caption=\"Kolor stitching | 35 pictures | Size: 8150 x 5933 | FOV: 138.73 x 100.98 ~ -16.65 | RMS: 2.55 | Lens: Standard | Projection: Spherical | Color: LDR |\"> \n                <source loading=\"lazy\" srcset=\"https:\/\/hotel-icastelli.com\/files\/2025\/02\/serale.jpg\" media=\"(min-width: 1400px)\" \/>\n\n              <source loading=\"lazy\" srcset=\"https:\/\/hotel-icastelli.com\/files\/2025\/02\/serale-1400x875.jpg\" media=\"(min-width: 574px)\" \/>\n\n              <source loading=\"lazy\" srcset=\"https:\/\/hotel-icastelli.com\/files\/2025\/02\/serale-574x765.jpg\" \/>\n\n                <img decoding=\"async\"  width=\"\" height=\"\" loading=\"lazy\" alt=\"serale\" title=\"serale\" data-caption=\"Kolor stitching | 35 pictures | Size: 8150 x 5933 | FOV: 138.73 x 100.98 ~ -16.65 | RMS: 2.55 | Lens: Standard | Projection: Spherical | Color: LDR |\" src=\"https:\/\/hotel-icastelli.com\/files\/2025\/02\/serale.jpg\" data-src=\"https:\/\/hotel-icastelli.com\/files\/2025\/02\/serale.jpg\"\/>\n\n        \n<\/picture>\n    <\/div>\n        <div class=\"combo__overlay combo__overlay--is-default combo__overlay--color-dark\"><\/div>\n    <div class=\"combo__inner combo__inner--text-align-default combo__inner--has-background combo__inner--has-dark-background-color wp-elements-78a69765192f0c0bf57c6cf79e43c13c\">\n          <h4 class=\"combo__tagline\">\n        Das Hotel\n      <\/h4>\n              <h2 class=\"combo__title\">\n        Entdecken Sie Langhe &amp; Roero\n      <\/h2>\n                  <div class=\"combo__description\">\n        \n\n<p>Es ist ein Wahrzeichen der Gegend und liegt nur wenige Gehminuten vom historischen Zentrum von Alba entfernt.<\/p>\n\n\n      <\/div>\n              <div class=\"combo__cta\">\n          <a href=\"https:\/\/hotel-icastelli.com\/de\/hotels\/\" title=\"Erkunden Sie\" target=\"_self\" class=\"combo__button button button--combo\">\n            Erkunden Sie\n          <\/a>\n        <\/div>\n            <\/div>\n<\/div>\n\n<div class=\"combo combo--3-cols combo--align-center combo--textalign-default combo--has-background has-dark-background-color combos__combo wp-elements-e3c53767af136894621c8ce644e86499\">\n      <div class=\"combo__bg combo__bg--position-default combo__bg--overlay-is-default \">\n      <picture class=\"ratio__content\" alt=\"\" title=\"\" data-caption=\"\"> \n                <source loading=\"lazy\" srcset=\"https:\/\/hotel-icastelli.com\/files\/2025\/04\/d.jpg\" media=\"(min-width: 1400px)\" \/>\n\n              <source loading=\"lazy\" srcset=\"https:\/\/hotel-icastelli.com\/files\/2025\/04\/d-1400x875.jpg\" media=\"(min-width: 574px)\" \/>\n\n              <source loading=\"lazy\" srcset=\"https:\/\/hotel-icastelli.com\/files\/2025\/04\/d-574x765.jpg\" \/>\n\n                <img decoding=\"async\"  width=\"\" height=\"\" loading=\"lazy\" alt=\"d\" title=\"d\" data-caption=\"\" src=\"https:\/\/hotel-icastelli.com\/files\/2025\/04\/d.jpg\" data-src=\"https:\/\/hotel-icastelli.com\/files\/2025\/04\/d.jpg\"\/>\n\n        \n<\/picture>\n    <\/div>\n        <div class=\"combo__overlay combo__overlay--is-default combo__overlay--color-dark\"><\/div>\n    <div class=\"combo__inner combo__inner--text-align-default combo__inner--has-background combo__inner--has-dark-background-color wp-elements-e3c53767af136894621c8ce644e86499\">\n          <h4 class=\"combo__tagline\">\n        Das Men\u00fc\n      <\/h4>\n              <h2 class=\"combo__title\">\n        Um Sie gierig zu machen\n      <\/h2>\n                  <div class=\"combo__description\">\n        \n\n<p>In gem\u00fctlicher Umgebung k\u00f6nnen Sie traditionelle lokale Gerichte genie\u00dfen.<\/p>\n\n\n      <\/div>\n              <div class=\"combo__cta\">\n          <a href=\"https:\/\/hotel-icastelli.com\/de\/restaurant\/menue\/\" title=\"Genie\u00dfen Sie\" target=\"_self\" class=\"combo__button button button--combo\">\n            Genie\u00dfen Sie\n          <\/a>\n        <\/div>\n            <\/div>\n<\/div>\n\n<div class=\"combo combo--3-cols combo--align-center combo--textalign-default combo--has-background has-dark-background-color combos__combo wp-elements-bd6af8b071cad43c7f463a2699e004cd\">\n      <div class=\"combo__bg combo__bg--position-default combo__bg--overlay-is-default \">\n      <picture class=\"ratio__content\" alt=\"\" title=\"\" data-caption=\"\"> \n                <source loading=\"lazy\" srcset=\"https:\/\/hotel-icastelli.com\/files\/2025\/03\/piatto_02.jpg\" media=\"(min-width: 1400px)\" \/>\n\n              <source loading=\"lazy\" srcset=\"https:\/\/hotel-icastelli.com\/files\/2025\/03\/piatto_02.jpg\" media=\"(min-width: 574px)\" \/>\n\n              <source loading=\"lazy\" srcset=\"https:\/\/hotel-icastelli.com\/files\/2025\/03\/piatto_02-574x440.jpg\" \/>\n\n                <img decoding=\"async\"  width=\"\" height=\"\" loading=\"lazy\" alt=\"piatto_02\" title=\"piatto_02\" data-caption=\"\" src=\"https:\/\/hotel-icastelli.com\/files\/2025\/03\/piatto_02.jpg\" data-src=\"https:\/\/hotel-icastelli.com\/files\/2025\/03\/piatto_02.jpg\"\/>\n\n        \n<\/picture>\n    <\/div>\n        <div class=\"combo__overlay combo__overlay--is-default combo__overlay--color-dark\"><\/div>\n    <div class=\"combo__inner combo__inner--text-align-default combo__inner--has-background combo__inner--has-dark-background-color wp-elements-bd6af8b071cad43c7f463a2699e004cd\">\n          <h4 class=\"combo__tagline\">\n        Weinkarte\n      <\/h4>\n              <h2 class=\"combo__title\">\n        Um Sie fr\u00f6hlich zu machen\n      <\/h2>\n                  <div class=\"combo__description\">\n        \n\n<p>Eine ausgew\u00e4hlte Weinkarte mit Schwerpunkt auf kleinen Erzeugern im Piemont und nationalen und ausl\u00e4ndischen Exkursen.<\/p>\n\n\n      <\/div>\n              <div class=\"combo__cta\">\n          <a href=\"https:\/\/hotel-icastelli.com\/files\/2025\/05\/2024.04_carta_vini_i_castelli.pdf\" title=\"Entdecken Sie\" target=\"_self\" class=\"combo__button button button--combo\">\n            Entdecken Sie\n          <\/a>\n        <\/div>\n            <\/div>\n<\/div>\n\n          <\/ul>\n      <\/div>\n<\/section>","protected":false},"excerpt":{"rendered":"<p>Es gibt keinen Ort auf der Welt, den ich mehr liebe als die K\u00fcche. Es spielt keine Rolle, wo sie ist, wie sie aussieht: Solange es eine K\u00fcche ist, ein Ort, an dem Essen zubereitet wird, geht es mir gut. Wenn m\u00f6glich, bevorzuge ich sie funktional und bewohnt. Vielleicht mit vielen sauberen, trockenen Geschirrt\u00fcchern und [&hellip;]<\/p>\n","protected":false},"author":152,"featured_media":3990,"parent":5040,"menu_order":0,"comment_status":"closed","ping_status":"closed","template":"","meta":{"_acf_changed":false,"_monsterinsights_skip_tracking":false,"_monsterinsights_sitenote_active":false,"_monsterinsights_sitenote_note":"","_monsterinsights_sitenote_category":0,"footnotes":""},"class_list":["post-4898","page","type-page","status-publish","has-post-thumbnail","hentry"],"yoast_head":"<!-- This site is optimized with the Yoast SEO plugin v27.2 - https:\/\/yoast.com\/product\/yoast-seo-wordpress\/ -->\n<title>Chefkoch - Hotel in Centro Ad Alba - I Castelli<\/title>\n<meta name=\"description\" content=\"Es gibt keinen Ort auf der Welt, den ich mehr liebe als die K\u00fcche. Es spielt keine Rolle, wo sie ist, wie sie aussieht: Solange es eine K\u00fcche ist, ein\" \/>\n<meta name=\"robots\" content=\"index, follow, max-snippet:-1, max-image-preview:large, max-video-preview:-1\" \/>\n<link rel=\"canonical\" href=\"https:\/\/hotel-icastelli.com\/de\/restaurant\/chefkoch\/\" \/>\n<meta property=\"og:locale\" content=\"de_DE\" \/>\n<meta property=\"og:type\" content=\"article\" \/>\n<meta property=\"og:title\" content=\"Chefkoch - Hotel in Centro Ad Alba - I Castelli\" \/>\n<meta property=\"og:description\" content=\"Es gibt keinen Ort auf der Welt, den ich mehr liebe als die K\u00fcche. Es spielt keine Rolle, wo sie ist, wie sie aussieht: Solange es eine K\u00fcche ist, ein\" \/>\n<meta property=\"og:url\" content=\"https:\/\/hotel-icastelli.com\/de\/restaurant\/chefkoch\/\" \/>\n<meta property=\"og:site_name\" content=\"I Castelli\" \/>\n<meta property=\"article:modified_time\" content=\"2025-11-12T14:24:18+00:00\" \/>\n<meta property=\"og:image\" content=\"https:\/\/hotel-icastelli.com\/files\/2025\/03\/ristorante_34.jpg\" \/>\n\t<meta property=\"og:image:width\" content=\"1300\" \/>\n\t<meta property=\"og:image:height\" content=\"556\" \/>\n\t<meta property=\"og:image:type\" content=\"image\/jpeg\" \/>\n<meta name=\"twitter:card\" content=\"summary_large_image\" \/>\n<meta name=\"twitter:label1\" content=\"Gesch\u00e4tzte Lesezeit\" \/>\n\t<meta name=\"twitter:data1\" content=\"2\u00a0Minuten\" \/>\n<!-- \/ Yoast SEO plugin. -->","yoast_head_json":{"title":"Chefkoch - Hotel in Centro Ad Alba - I Castelli","description":"Es gibt keinen Ort auf der Welt, den ich mehr liebe als die K\u00fcche. Es spielt keine Rolle, wo sie ist, wie sie aussieht: Solange es eine K\u00fcche ist, ein","robots":{"index":"index","follow":"follow","max-snippet":"max-snippet:-1","max-image-preview":"max-image-preview:large","max-video-preview":"max-video-preview:-1"},"canonical":"https:\/\/hotel-icastelli.com\/de\/restaurant\/chefkoch\/","og_locale":"de_DE","og_type":"article","og_title":"Chefkoch - Hotel in Centro Ad Alba - I Castelli","og_description":"Es gibt keinen Ort auf der Welt, den ich mehr liebe als die K\u00fcche. Es spielt keine Rolle, wo sie ist, wie sie aussieht: Solange es eine K\u00fcche ist, ein","og_url":"https:\/\/hotel-icastelli.com\/de\/restaurant\/chefkoch\/","og_site_name":"I Castelli","article_modified_time":"2025-11-12T14:24:18+00:00","og_image":[{"width":1300,"height":556,"url":"https:\/\/hotel-icastelli.com\/files\/2025\/03\/ristorante_34.jpg","type":"image\/jpeg"}],"twitter_card":"summary_large_image","twitter_misc":{"Gesch\u00e4tzte Lesezeit":"2\u00a0Minuten"},"schema":{"@context":"https:\/\/schema.org","@graph":[{"@type":"WebPage","@id":"https:\/\/hotel-icastelli.com\/de\/restaurant\/chefkoch\/","url":"https:\/\/hotel-icastelli.com\/de\/restaurant\/chefkoch\/","name":"Chefkoch - Hotel in Centro Ad Alba - I Castelli","isPartOf":{"@id":"https:\/\/hotel-icastelli.com\/#website"},"primaryImageOfPage":{"@id":"https:\/\/hotel-icastelli.com\/de\/restaurant\/chefkoch\/#primaryimage"},"image":{"@id":"https:\/\/hotel-icastelli.com\/de\/restaurant\/chefkoch\/#primaryimage"},"thumbnailUrl":"https:\/\/hotel-icastelli.com\/files\/2025\/03\/ristorante_34.jpg","datePublished":"2025-03-14T11:04:02+00:00","dateModified":"2025-11-12T14:24:18+00:00","description":"Es gibt keinen Ort auf der Welt, den ich mehr liebe als die K\u00fcche. Es spielt keine Rolle, wo sie ist, wie sie aussieht: Solange es eine K\u00fcche ist, ein","breadcrumb":{"@id":"https:\/\/hotel-icastelli.com\/de\/restaurant\/chefkoch\/#breadcrumb"},"inLanguage":"de","potentialAction":[{"@type":"ReadAction","target":["https:\/\/hotel-icastelli.com\/de\/restaurant\/chefkoch\/"]}]},{"@type":"ImageObject","inLanguage":"de","@id":"https:\/\/hotel-icastelli.com\/de\/restaurant\/chefkoch\/#primaryimage","url":"https:\/\/hotel-icastelli.com\/files\/2025\/03\/ristorante_34.jpg","contentUrl":"https:\/\/hotel-icastelli.com\/files\/2025\/03\/ristorante_34.jpg","width":1300,"height":556},{"@type":"BreadcrumbList","@id":"https:\/\/hotel-icastelli.com\/de\/restaurant\/chefkoch\/#breadcrumb","itemListElement":[{"@type":"ListItem","position":1,"name":"Home","item":"https:\/\/hotel-icastelli.com\/de\/"},{"@type":"ListItem","position":2,"name":"Restaurant","item":"https:\/\/hotel-icastelli.com\/de\/restaurant\/"},{"@type":"ListItem","position":3,"name":"Chefkoch"}]},{"@type":"WebSite","@id":"https:\/\/hotel-icastelli.com\/#website","url":"https:\/\/hotel-icastelli.com\/","name":"I Castelli","description":"Hotel in Centro Ad Alba","publisher":{"@id":"https:\/\/hotel-icastelli.com\/#organization"},"potentialAction":[{"@type":"SearchAction","target":{"@type":"EntryPoint","urlTemplate":"https:\/\/hotel-icastelli.com\/?s={search_term_string}"},"query-input":{"@type":"PropertyValueSpecification","valueRequired":true,"valueName":"search_term_string"}}],"inLanguage":"de"},{"@type":"Organization","@id":"https:\/\/hotel-icastelli.com\/#organization","name":"I Castelli","url":"https:\/\/hotel-icastelli.com\/","logo":{"@type":"ImageObject","inLanguage":"de","@id":"https:\/\/hotel-icastelli.com\/#\/schema\/logo\/image\/","url":"","contentUrl":"","caption":"I Castelli"},"image":{"@id":"https:\/\/hotel-icastelli.com\/#\/schema\/logo\/image\/"}}]}},"acf":[],"_links":{"self":[{"href":"https:\/\/hotel-icastelli.com\/de\/wp-json\/wp\/v2\/pages\/4898","targetHints":{"allow":["GET"]}}],"collection":[{"href":"https:\/\/hotel-icastelli.com\/de\/wp-json\/wp\/v2\/pages"}],"about":[{"href":"https:\/\/hotel-icastelli.com\/de\/wp-json\/wp\/v2\/types\/page"}],"author":[{"embeddable":true,"href":"https:\/\/hotel-icastelli.com\/de\/wp-json\/wp\/v2\/users\/152"}],"replies":[{"embeddable":true,"href":"https:\/\/hotel-icastelli.com\/de\/wp-json\/wp\/v2\/comments?post=4898"}],"version-history":[{"count":0,"href":"https:\/\/hotel-icastelli.com\/de\/wp-json\/wp\/v2\/pages\/4898\/revisions"}],"up":[{"embeddable":true,"href":"https:\/\/hotel-icastelli.com\/de\/wp-json\/wp\/v2\/pages\/5040"}],"wp:featuredmedia":[{"embeddable":true,"href":"https:\/\/hotel-icastelli.com\/de\/wp-json\/wp\/v2\/media\/3990"}],"wp:attachment":[{"href":"https:\/\/hotel-icastelli.com\/de\/wp-json\/wp\/v2\/media?parent=4898"}],"curies":[{"name":"wp","href":"https:\/\/api.w.org\/{rel}","templated":true}]}}