{"id":4952,"date":"2025-03-14T11:24:16","date_gmt":"2025-03-14T10:24:16","guid":{"rendered":"https:\/\/hotel-icastelli.com\/gymnasium\/"},"modified":"2025-11-12T15:19:51","modified_gmt":"2025-11-12T14:19:51","slug":"gymnasium","status":"publish","type":"page","link":"https:\/\/hotel-icastelli.com\/de\/hotels\/gymnasium\/","title":{"rendered":"Gymnasium"},"content":{"rendered":"\n<p>In unserem 30 Quadratmeter gro\u00dfen, klimatisierten Fitnessraum mit nat\u00fcrlichem Licht stehen Ihnen unter<br\/>kostenlos drei Laufb\u00e4nder und andere Ger\u00e4te zur Verf\u00fcgung, um<br\/>Sie in Form zu halten oder den \u00fcberm\u00e4\u00dfigen Alkoholkonsum abzutrainieren, der w\u00e4hrend Ihres<br\/>Aufenthalts im Land des guten Essens und des Weins unvermeidlich ist.<\/p>\n<section class=\"grid grid--mt-default grid--mb-default grid--align-full grid--no-background  __grid is-style-first-big-3\">\n  <div class=\"grid__inner grid__inner--align-full\">\n        <ul class=\"grid__row grid__row--columns-3 grid__row--valign-top combos combos--columns-3\">\n              \n<div class=\"combo combo--3-cols combo--align-center combo--textalign-default combo--has-background has-dark-background-color combos__combo \">\n      <div class=\"combo__bg combo__bg--position-default combo__bg--overlay-is-default \">\n      <picture class=\"ratio__content\" alt=\"\" title=\"\" data-caption=\"\"> \n                <source loading=\"lazy\" srcset=\"https:\/\/hotel-icastelli.com\/files\/2025\/02\/Vitello-tonnato.jpg\" media=\"(min-width: 1400px)\" \/>\n\n              <source loading=\"lazy\" srcset=\"https:\/\/hotel-icastelli.com\/files\/2025\/02\/Vitello-tonnato-1335x875.jpg\" media=\"(min-width: 574px)\" \/>\n\n              <source loading=\"lazy\" srcset=\"https:\/\/hotel-icastelli.com\/files\/2025\/02\/Vitello-tonnato-574x765.jpg\" \/>\n\n                <img decoding=\"async\"  width=\"\" height=\"\" loading=\"lazy\" alt=\"Vitello tonnato\" title=\"Vitello tonnato\" data-caption=\"\" src=\"https:\/\/hotel-icastelli.com\/files\/2025\/02\/Vitello-tonnato.jpg\" data-src=\"https:\/\/hotel-icastelli.com\/files\/2025\/02\/Vitello-tonnato.jpg\"\/>\n\n        \n<\/picture>\n    <\/div>\n        <div class=\"combo__overlay combo__overlay--is-default combo__overlay--color-dark\"><\/div>\n    <div class=\"combo__inner combo__inner--text-align-default combo__inner--has-background combo__inner--has-dark-background-color \">\n          <h4 class=\"combo__tagline\">\n        Restaurant\n      <\/h4>\n              <h2 class=\"combo__title\">\n        Um Sie neugierig zu machen\n      <\/h2>\n                  <div class=\"combo__description\">\n        \n\n<p>Speisen Sie auf der Panoramaterrasse und probieren Sie die K\u00f6stlichkeiten der Langhe.<\/p>\n\n\n      <\/div>\n              <div class=\"combo__cta\">\n          <a href=\"https:\/\/hotel-icastelli.com\/de\/restaurant\/\" title=\"Entdecken Sie\" target=\"_self\" class=\"combo__button button button--combo\">\n            Entdecken Sie\n          <\/a>\n        <\/div>\n            <\/div>\n<\/div>\n\n<div class=\"combo combo--3-cols combo--align-center combo--textalign-default combo--has-background has-dark-background-color combos__combo \">\n      <div class=\"combo__bg combo__bg--position-default combo__bg--overlay-is-default \">\n      <picture class=\"ratio__content\" alt=\"\" title=\"\" data-caption=\"\"> \n                <source loading=\"lazy\" srcset=\"https:\/\/hotel-icastelli.com\/files\/2025\/04\/suite-castelli.jpeg\" media=\"(min-width: 1400px)\" \/>\n\n              <source loading=\"lazy\" srcset=\"https:\/\/hotel-icastelli.com\/files\/2025\/04\/suite-castelli-1400x875.jpeg\" media=\"(min-width: 574px)\" \/>\n\n              <source loading=\"lazy\" srcset=\"https:\/\/hotel-icastelli.com\/files\/2025\/04\/suite-castelli-574x765.jpeg\" \/>\n\n                <img decoding=\"async\"  width=\"\" height=\"\" loading=\"lazy\" alt=\"suite-castelli\" title=\"suite-castelli\" data-caption=\"\" src=\"https:\/\/hotel-icastelli.com\/files\/2025\/04\/suite-castelli.jpeg\" data-src=\"https:\/\/hotel-icastelli.com\/files\/2025\/04\/suite-castelli.jpeg\"\/>\n\n        \n<\/picture>\n    <\/div>\n        <div class=\"combo__overlay combo__overlay--is-default combo__overlay--color-dark\"><\/div>\n    <div class=\"combo__inner combo__inner--text-align-default combo__inner--has-background combo__inner--has-dark-background-color \">\n          <h4 class=\"combo__tagline\">\n        Zimmer\n      <\/h4>\n              <h2 class=\"combo__title\">\n        Komfort &amp; Eleganz\n      <\/h2>\n                  <div class=\"combo__description\">\n        \n\n<p>Ausruhen in einem bequemen, ger\u00e4umigen Bett mit allen Annehmlichkeiten<\/p>\n\n\n      <\/div>\n              <div class=\"combo__cta\">\n          <a href=\"https:\/\/hotel-icastelli.com\/de\/hotels\/zimmer\/\" title=\"Entdecken Sie\" target=\"_self\" class=\"combo__button button button--combo\">\n            Entdecken Sie\n          <\/a>\n        <\/div>\n            <\/div>\n<\/div>\n\n<div class=\"combo combo--3-cols combo--align-center combo--textalign-default combo--has-background has-dark-background-color combos__combo \">\n      <div class=\"combo__bg combo__bg--position-default combo__bg--overlay-is-default \">\n      <picture class=\"ratio__content\" alt=\"\" title=\"\" data-caption=\"\"> \n                <source loading=\"lazy\" srcset=\"https:\/\/hotel-icastelli.com\/files\/2025\/02\/colazioni.jpg\" media=\"(min-width: 1400px)\" \/>\n\n              <source loading=\"lazy\" srcset=\"https:\/\/hotel-icastelli.com\/files\/2025\/02\/colazioni-1400x875.jpg\" media=\"(min-width: 574px)\" \/>\n\n              <source loading=\"lazy\" srcset=\"https:\/\/hotel-icastelli.com\/files\/2025\/02\/colazioni-574x765.jpg\" \/>\n\n                <img decoding=\"async\"  width=\"\" height=\"\" loading=\"lazy\" alt=\"colazioni\" title=\"colazioni\" data-caption=\"\" src=\"https:\/\/hotel-icastelli.com\/files\/2025\/02\/colazioni.jpg\" data-src=\"https:\/\/hotel-icastelli.com\/files\/2025\/02\/colazioni.jpg\"\/>\n\n        \n<\/picture>\n    <\/div>\n        <div class=\"combo__overlay combo__overlay--is-default combo__overlay--color-dark\"><\/div>\n    <div class=\"combo__inner combo__inner--text-align-default combo__inner--has-background combo__inner--has-dark-background-color \">\n          <h4 class=\"combo__tagline\">\n        Fr\u00fchst\u00fccke\n      <\/h4>\n              <h2 class=\"combo__title\">\n        F\u00fcr einen guten Start in den Tag\n      <\/h2>\n                  <div class=\"combo__description\">\n        \n\n<p>Ein guter Start in den Tag mit einem guten Fr\u00fchst\u00fcck und Produkten f\u00fcr alle Bed\u00fcrfnisse und Unvertr\u00e4glichkeiten<\/p>\n\n\n      <\/div>\n              <div class=\"combo__cta\">\n          <a href=\"https:\/\/hotel-icastelli.com\/de\/hotels\/fruehstuecksraum\/\" title=\"Entdecken Sie\" target=\"_self\" class=\"combo__button button button--combo\">\n            Entdecken Sie\n          <\/a>\n        <\/div>\n            <\/div>\n<\/div>\n\n          <\/ul>\n      <\/div>\n<\/section>","protected":false},"excerpt":{"rendered":"<p>In unserem 30 Quadratmeter gro\u00dfen, klimatisierten Fitnessraum mit nat\u00fcrlichem Licht stehen Ihnen unterkostenlos drei Laufb\u00e4nder und andere Ger\u00e4te zur Verf\u00fcgung, umSie in Form zu halten oder den \u00fcberm\u00e4\u00dfigen Alkoholkonsum abzutrainieren, der w\u00e4hrend IhresAufenthalts im Land des guten Essens und des Weins unvermeidlich ist.<\/p>\n","protected":false},"author":152,"featured_media":4602,"parent":5222,"menu_order":0,"comment_status":"closed","ping_status":"closed","template":"","meta":{"_acf_changed":false,"_monsterinsights_skip_tracking":false,"_monsterinsights_sitenote_active":false,"_monsterinsights_sitenote_note":"","_monsterinsights_sitenote_category":0,"footnotes":""},"class_list":["post-4952","page","type-page","status-publish","has-post-thumbnail","hentry"],"yoast_head":"<!-- This site is optimized with the Yoast SEO plugin v27.2 - https:\/\/yoast.com\/product\/yoast-seo-wordpress\/ -->\n<title>Gymnasium - Hotel in Centro Ad Alba - I Castelli<\/title>\n<meta name=\"description\" content=\"In unserem 30 Quadratmeter gro\u00dfen, klimatisierten Fitnessraum mit nat\u00fcrlichem Licht stehen Ihnen unterkostenlos drei Laufb\u00e4nder und andere Ger\u00e4te zur\" \/>\n<meta name=\"robots\" content=\"index, follow, max-snippet:-1, max-image-preview:large, max-video-preview:-1\" \/>\n<link rel=\"canonical\" href=\"https:\/\/hotel-icastelli.com\/de\/hotels\/gymnasium\/\" \/>\n<meta property=\"og:locale\" content=\"de_DE\" \/>\n<meta property=\"og:type\" content=\"article\" \/>\n<meta property=\"og:title\" content=\"Gymnasium - Hotel in Centro Ad Alba - I Castelli\" \/>\n<meta property=\"og:description\" content=\"In unserem 30 Quadratmeter gro\u00dfen, klimatisierten Fitnessraum mit nat\u00fcrlichem Licht stehen Ihnen unterkostenlos drei Laufb\u00e4nder und andere Ger\u00e4te zur\" \/>\n<meta property=\"og:url\" content=\"https:\/\/hotel-icastelli.com\/de\/hotels\/gymnasium\/\" \/>\n<meta property=\"og:site_name\" content=\"I Castelli\" \/>\n<meta property=\"article:modified_time\" content=\"2025-11-12T14:19:51+00:00\" \/>\n<meta property=\"og:image\" content=\"https:\/\/hotel-icastelli.com\/files\/2025\/03\/pal-1.jpg\" \/>\n\t<meta property=\"og:image:width\" content=\"2000\" \/>\n\t<meta property=\"og:image:height\" content=\"1500\" \/>\n\t<meta property=\"og:image:type\" content=\"image\/jpeg\" \/>\n<meta name=\"twitter:card\" content=\"summary_large_image\" \/>\n<!-- \/ Yoast SEO plugin. -->","yoast_head_json":{"title":"Gymnasium - Hotel in Centro Ad Alba - I Castelli","description":"In unserem 30 Quadratmeter gro\u00dfen, klimatisierten Fitnessraum mit nat\u00fcrlichem Licht stehen Ihnen unterkostenlos drei Laufb\u00e4nder und andere Ger\u00e4te zur","robots":{"index":"index","follow":"follow","max-snippet":"max-snippet:-1","max-image-preview":"max-image-preview:large","max-video-preview":"max-video-preview:-1"},"canonical":"https:\/\/hotel-icastelli.com\/de\/hotels\/gymnasium\/","og_locale":"de_DE","og_type":"article","og_title":"Gymnasium - Hotel in Centro Ad Alba - I Castelli","og_description":"In unserem 30 Quadratmeter gro\u00dfen, klimatisierten Fitnessraum mit nat\u00fcrlichem Licht stehen Ihnen unterkostenlos drei Laufb\u00e4nder und andere Ger\u00e4te zur","og_url":"https:\/\/hotel-icastelli.com\/de\/hotels\/gymnasium\/","og_site_name":"I Castelli","article_modified_time":"2025-11-12T14:19:51+00:00","og_image":[{"width":2000,"height":1500,"url":"https:\/\/hotel-icastelli.com\/files\/2025\/03\/pal-1.jpg","type":"image\/jpeg"}],"twitter_card":"summary_large_image","schema":{"@context":"https:\/\/schema.org","@graph":[{"@type":"WebPage","@id":"https:\/\/hotel-icastelli.com\/de\/hotels\/gymnasium\/","url":"https:\/\/hotel-icastelli.com\/de\/hotels\/gymnasium\/","name":"Gymnasium - Hotel in Centro Ad Alba - I Castelli","isPartOf":{"@id":"https:\/\/hotel-icastelli.com\/#website"},"primaryImageOfPage":{"@id":"https:\/\/hotel-icastelli.com\/de\/hotels\/gymnasium\/#primaryimage"},"image":{"@id":"https:\/\/hotel-icastelli.com\/de\/hotels\/gymnasium\/#primaryimage"},"thumbnailUrl":"https:\/\/hotel-icastelli.com\/files\/2025\/03\/pal-1.jpg","datePublished":"2025-03-14T10:24:16+00:00","dateModified":"2025-11-12T14:19:51+00:00","description":"In unserem 30 Quadratmeter gro\u00dfen, klimatisierten Fitnessraum mit nat\u00fcrlichem Licht stehen Ihnen unterkostenlos drei Laufb\u00e4nder und andere Ger\u00e4te zur","breadcrumb":{"@id":"https:\/\/hotel-icastelli.com\/de\/hotels\/gymnasium\/#breadcrumb"},"inLanguage":"de","potentialAction":[{"@type":"ReadAction","target":["https:\/\/hotel-icastelli.com\/de\/hotels\/gymnasium\/"]}]},{"@type":"ImageObject","inLanguage":"de","@id":"https:\/\/hotel-icastelli.com\/de\/hotels\/gymnasium\/#primaryimage","url":"https:\/\/hotel-icastelli.com\/files\/2025\/03\/pal-1.jpg","contentUrl":"https:\/\/hotel-icastelli.com\/files\/2025\/03\/pal-1.jpg","width":2000,"height":1500},{"@type":"BreadcrumbList","@id":"https:\/\/hotel-icastelli.com\/de\/hotels\/gymnasium\/#breadcrumb","itemListElement":[{"@type":"ListItem","position":1,"name":"Home","item":"https:\/\/hotel-icastelli.com\/de\/"},{"@type":"ListItem","position":2,"name":"Hotels","item":"https:\/\/hotel-icastelli.com\/de\/hotels\/"},{"@type":"ListItem","position":3,"name":"Gymnasium"}]},{"@type":"WebSite","@id":"https:\/\/hotel-icastelli.com\/#website","url":"https:\/\/hotel-icastelli.com\/","name":"I Castelli","description":"Hotel in Centro Ad Alba","publisher":{"@id":"https:\/\/hotel-icastelli.com\/#organization"},"potentialAction":[{"@type":"SearchAction","target":{"@type":"EntryPoint","urlTemplate":"https:\/\/hotel-icastelli.com\/?s={search_term_string}"},"query-input":{"@type":"PropertyValueSpecification","valueRequired":true,"valueName":"search_term_string"}}],"inLanguage":"de"},{"@type":"Organization","@id":"https:\/\/hotel-icastelli.com\/#organization","name":"I Castelli","url":"https:\/\/hotel-icastelli.com\/","logo":{"@type":"ImageObject","inLanguage":"de","@id":"https:\/\/hotel-icastelli.com\/#\/schema\/logo\/image\/","url":"","contentUrl":"","caption":"I Castelli"},"image":{"@id":"https:\/\/hotel-icastelli.com\/#\/schema\/logo\/image\/"}}]}},"acf":[],"_links":{"self":[{"href":"https:\/\/hotel-icastelli.com\/de\/wp-json\/wp\/v2\/pages\/4952","targetHints":{"allow":["GET"]}}],"collection":[{"href":"https:\/\/hotel-icastelli.com\/de\/wp-json\/wp\/v2\/pages"}],"about":[{"href":"https:\/\/hotel-icastelli.com\/de\/wp-json\/wp\/v2\/types\/page"}],"author":[{"embeddable":true,"href":"https:\/\/hotel-icastelli.com\/de\/wp-json\/wp\/v2\/users\/152"}],"replies":[{"embeddable":true,"href":"https:\/\/hotel-icastelli.com\/de\/wp-json\/wp\/v2\/comments?post=4952"}],"version-history":[{"count":0,"href":"https:\/\/hotel-icastelli.com\/de\/wp-json\/wp\/v2\/pages\/4952\/revisions"}],"up":[{"embeddable":true,"href":"https:\/\/hotel-icastelli.com\/de\/wp-json\/wp\/v2\/pages\/5222"}],"wp:featuredmedia":[{"embeddable":true,"href":"https:\/\/hotel-icastelli.com\/de\/wp-json\/wp\/v2\/media\/4602"}],"wp:attachment":[{"href":"https:\/\/hotel-icastelli.com\/de\/wp-json\/wp\/v2\/media?parent=4952"}],"curies":[{"name":"wp","href":"https:\/\/api.w.org\/{rel}","templated":true}]}}