{"id":4958,"date":"2025-03-14T11:06:47","date_gmt":"2025-03-14T10:06:47","guid":{"rendered":"https:\/\/hotel-icastelli.com\/fruehstuecksraum\/"},"modified":"2025-11-12T15:21:36","modified_gmt":"2025-11-12T14:21:36","slug":"fruehstuecksraum","status":"publish","type":"page","link":"https:\/\/hotel-icastelli.com\/de\/hotels\/fruehstuecksraum\/","title":{"rendered":"Fr\u00fchst\u00fccksraum"},"content":{"rendered":"<section class=\"text-gallery text-gallery--text-is-left text-gallery--mt-default text-gallery--mb-default text-gallery--align-full text-gallery--no-background text-gallery--align-full text-gallery--valign-center __gallery text-gallery--text-mobile-is-top \">\n   <div class=\"text-gallery__inner text-gallery__inner--align-full text-gallery__inner--valign-center flex-columns\">\n    <div class=\"text-gallery__text text-gallery__text--is-left text-gallery__text--is-mobile-top flex-column flex-column--width-50\">\n              <div class=\"text-gallery__typography typography typography--text-is-left\">\n                    \n\n<p>Damit Sie schon am ersten Morgen die richtige Energie haben, bieten wir Ihnen ein reichhaltiges Fr\u00fchst\u00fccksbuffet mit verschiedenen <strong>Hei\u00dfgetr\u00e4nken<\/strong>, <strong>Fruchts\u00e4ften<\/strong>, <strong>Croissants<\/strong>, <strong>M\u00fcsli<\/strong>, Keksen, Brot, Zwieback, verschiedenen Marmeladen, <strong>Wurstwaren<\/strong>, <strong>K\u00e4se<\/strong>, <strong>Eiern<\/strong>, Joghurt und hausgemachten Kuchen.<\/p>\n\n\n\n<p>Auch im Urlaub ist es sehr wichtig, den Tag mit dem richtigen Fu\u00df zu beginnen. Erst recht, wenn es sich um einen <a href=\"https:\/\/hotel-icastelli.com\/de\/tourismus\/\">Urlaub in den Langhe<\/a> handelt, wo es nicht an M\u00f6glichkeiten f\u00fcr Ausfl\u00fcge in die Sch\u00f6nheit der <strong>Landschaft<\/strong> oder Wanderungen auf der Suche nach Tr\u00fcffeln mangelt.<\/p>\n\n\n\n<p>S\u00fc\u00df oder herzhaft, <strong>ganz nach Ihrem Geschmack<\/strong>, aber vor allem<strong> gut und reichhaltig<\/strong> in einem Fr\u00fchst\u00fcck, das Sie sicher nicht unbefriedigt l\u00e4sst, mit frischen und unverf\u00e4lschten Produkten, mit Aromen, die Ihnen das Aufwachen vers\u00fc\u00dfen und Sie besser auf einen Tag voller Energie vorbereiten.<\/p>\n\n\n        <\/div>\n          <\/div>\n    <div class=\"text-gallery__gallery-container text-gallery__gallery-container--is-right flex-column flex-column--width-50\">\n      <div class=\"text-gallery__gallery text-gallery__gallery--is-right text-gallery__gallery--style-default\">\n        \n\n<figure class=\"wp-block-gallery has-nested-images columns-2 is-cropped wp-block-gallery-2\">\n<figure class=\"wp-block-image size-square_sm\"><a href=\"https:\/\/hotel-icastelli.com\/files\/2025\/04\/031-350x350.jpeg\"><img loading=\"lazy\" decoding=\"async\" width=\"350\" height=\"350\" data-id=\"4764\" src=\"https:\/\/hotel-icastelli.com\/files\/2025\/04\/031-350x350.jpeg\" alt=\"\" class=\"wp-image-4764\" srcset=\"https:\/\/hotel-icastelli.com\/files\/2025\/04\/031-350x350.jpeg 350w, https:\/\/hotel-icastelli.com\/files\/2025\/04\/031-150x150.jpeg 150w, https:\/\/hotel-icastelli.com\/files\/2025\/04\/031-900x900.jpeg 900w, https:\/\/hotel-icastelli.com\/files\/2025\/04\/031-600x600.jpeg 600w\" sizes=\"auto, (max-width: 350px) 100vw, 350px\" \/><\/a><\/figure>\n\n\n\n<figure class=\"wp-block-image size-square_sm\"><a href=\"https:\/\/hotel-icastelli.com\/files\/2025\/04\/colazioni-350x350.jpeg\"><img loading=\"lazy\" decoding=\"async\" width=\"350\" height=\"350\" data-id=\"4750\" src=\"https:\/\/hotel-icastelli.com\/files\/2025\/04\/colazioni-350x350.jpeg\" alt=\"\" class=\"wp-image-4750\" srcset=\"https:\/\/hotel-icastelli.com\/files\/2025\/04\/colazioni-350x350.jpeg 350w, https:\/\/hotel-icastelli.com\/files\/2025\/04\/colazioni-150x150.jpeg 150w, https:\/\/hotel-icastelli.com\/files\/2025\/04\/colazioni-900x900.jpeg 900w, https:\/\/hotel-icastelli.com\/files\/2025\/04\/colazioni-600x600.jpeg 600w\" sizes=\"auto, (max-width: 350px) 100vw, 350px\" \/><\/a><\/figure>\n\n\n\n<figure class=\"wp-block-image size-square_sm\"><a href=\"https:\/\/hotel-icastelli.com\/files\/2025\/04\/049-350x350.jpeg\"><img loading=\"lazy\" decoding=\"async\" width=\"350\" height=\"350\" data-id=\"4792\" src=\"https:\/\/hotel-icastelli.com\/files\/2025\/04\/049-350x350.jpeg\" alt=\"\" class=\"wp-image-4792\" srcset=\"https:\/\/hotel-icastelli.com\/files\/2025\/04\/049-350x350.jpeg 350w, https:\/\/hotel-icastelli.com\/files\/2025\/04\/049-150x150.jpeg 150w, https:\/\/hotel-icastelli.com\/files\/2025\/04\/049-900x900.jpeg 900w, https:\/\/hotel-icastelli.com\/files\/2025\/04\/049-600x600.jpeg 600w\" sizes=\"auto, (max-width: 350px) 100vw, 350px\" \/><\/a><\/figure>\n\n\n\n<figure class=\"wp-block-image size-square_sm\"><a href=\"https:\/\/hotel-icastelli.com\/files\/2025\/04\/colazioni-2-350x350.jpeg\"><img loading=\"lazy\" decoding=\"async\" width=\"350\" height=\"350\" data-id=\"4836\" src=\"https:\/\/hotel-icastelli.com\/files\/2025\/04\/colazioni-2-350x350.jpeg\" alt=\"\" class=\"wp-image-4836\" srcset=\"https:\/\/hotel-icastelli.com\/files\/2025\/04\/colazioni-2-350x350.jpeg 350w, https:\/\/hotel-icastelli.com\/files\/2025\/04\/colazioni-2-150x150.jpeg 150w, https:\/\/hotel-icastelli.com\/files\/2025\/04\/colazioni-2-900x900.jpeg 900w, https:\/\/hotel-icastelli.com\/files\/2025\/04\/colazioni-2-600x600.jpeg 600w\" sizes=\"auto, (max-width: 350px) 100vw, 350px\" \/><\/a><\/figure>\n<\/figure>\n\n\n      <\/div>\n          <\/div>\n  <\/div>\n<\/section><section class=\"grid grid--mt-default grid--mb-default grid--align-full grid--no-background  __grid is-style-first-big-3\">\n  <div class=\"grid__inner grid__inner--align-full\">\n        <ul class=\"grid__row grid__row--columns-3 grid__row--valign-top combos combos--columns-3\">\n              \n<div class=\"combo combo--3-cols combo--align-center combo--textalign-default combo--has-background has-dark-background-color combos__combo \">\n      <div class=\"combo__bg combo__bg--position-default combo__bg--overlay-is-default \">\n      <picture class=\"ratio__content\"> \n                <source loading=\"lazy\" srcset=\"https:\/\/hotel-icastelli.com\/files\/2025\/04\/d.jpg\" media=\"(min-width: 1400px)\" \/>\n\n              <source loading=\"lazy\" srcset=\"https:\/\/hotel-icastelli.com\/files\/2025\/04\/d-1400x875.jpg\" media=\"(min-width: 574px)\" \/>\n\n              <source loading=\"lazy\" srcset=\"https:\/\/hotel-icastelli.com\/files\/2025\/04\/d-574x765.jpg\" \/>\n\n                <img decoding=\"async\"  width=\"\" height=\"\" loading=\"lazy\" alt=\"d\" title=\"d\" data-caption=\"\" src=\"https:\/\/hotel-icastelli.com\/files\/2025\/04\/d.jpg\" data-src=\"https:\/\/hotel-icastelli.com\/files\/2025\/04\/d.jpg\"\/>\n\n        \n<\/picture>\n    <\/div>\n        <div class=\"combo__overlay combo__overlay--is-default combo__overlay--color-dark\"><\/div>\n    <div class=\"combo__inner combo__inner--text-align-default combo__inner--has-background combo__inner--has-dark-background-color \">\n          <h4 class=\"combo__tagline\">\n        Restaurant\n      <\/h4>\n              <h2 class=\"combo__title\">\n        Um Sie neugierig zu machen\n      <\/h2>\n                  <div class=\"combo__description\">\n        \n\n<p>Speisen Sie auf der Panoramaterrasse und probieren Sie die K\u00f6stlichkeiten der Langhe.<\/p>\n\n\n      <\/div>\n              <div class=\"combo__cta\">\n          <a href=\"https:\/\/hotel-icastelli.com\/de\/restaurant\/\" title=\"Entdecken Sie\" target=\"_self\" class=\"combo__button button button--combo\">\n            Entdecken Sie\n          <\/a>\n        <\/div>\n            <\/div>\n<\/div>\n\n<div class=\"combo combo--3-cols combo--align-center combo--textalign-default combo--has-background has-dark-background-color combos__combo \">\n      <div class=\"combo__bg combo__bg--position-default combo__bg--overlay-is-default \">\n      <picture class=\"ratio__content\"> \n                <source loading=\"lazy\" srcset=\"https:\/\/hotel-icastelli.com\/files\/2025\/04\/suite-castelli.jpeg\" media=\"(min-width: 1400px)\" \/>\n\n              <source loading=\"lazy\" srcset=\"https:\/\/hotel-icastelli.com\/files\/2025\/04\/suite-castelli-1400x875.jpeg\" media=\"(min-width: 574px)\" \/>\n\n              <source loading=\"lazy\" srcset=\"https:\/\/hotel-icastelli.com\/files\/2025\/04\/suite-castelli-574x765.jpeg\" \/>\n\n                <img decoding=\"async\"  width=\"\" height=\"\" loading=\"lazy\" alt=\"suite-castelli\" title=\"suite-castelli\" data-caption=\"\" src=\"https:\/\/hotel-icastelli.com\/files\/2025\/04\/suite-castelli.jpeg\" data-src=\"https:\/\/hotel-icastelli.com\/files\/2025\/04\/suite-castelli.jpeg\"\/>\n\n        \n<\/picture>\n    <\/div>\n        <div class=\"combo__overlay combo__overlay--is-default combo__overlay--color-dark\"><\/div>\n    <div class=\"combo__inner combo__inner--text-align-default combo__inner--has-background combo__inner--has-dark-background-color \">\n          <h4 class=\"combo__tagline\">\n        Zimmer\n      <\/h4>\n              <h2 class=\"combo__title\">\n        Komfort &amp; Eleganz\n      <\/h2>\n                  <div class=\"combo__description\">\n        \n\n<p>Ausruhen in einem bequemen, ger\u00e4umigen Bett mit allen Annehmlichkeiten<\/p>\n\n\n      <\/div>\n              <div class=\"combo__cta\">\n          <a href=\"\" title=\"Entdecken Sie\" target=\"_self\" class=\"combo__button button button--combo\">\n            Entdecken Sie\n          <\/a>\n        <\/div>\n            <\/div>\n<\/div>\n\n<div class=\"combo combo--3-cols combo--align-center combo--textalign-default combo--has-background has-dark-background-color combos__combo \">\n      <div class=\"combo__bg combo__bg--position-default combo__bg--overlay-is-default \">\n      <picture class=\"ratio__content\"> \n                <source loading=\"lazy\" srcset=\"http:\/\/castelli.langhe.test\/wp-content\/uploads\/sites\/32\/2025\/02\/camera-02.jpg\" media=\"(min-width: 1400px)\" \/>\n\n              <source loading=\"lazy\" srcset=\"http:\/\/castelli.langhe.test\/wp-content\/uploads\/sites\/32\/2025\/02\/camera-02-1400x875.jpg\" media=\"(min-width: 574px)\" \/>\n\n              <source loading=\"lazy\" srcset=\"http:\/\/castelli.langhe.test\/wp-content\/uploads\/sites\/32\/2025\/02\/camera-02-574x765.jpg\" \/>\n\n                <img decoding=\"async\"  width=\"\" height=\"\" loading=\"lazy\" alt=\"camera-02\" title=\"camera-02\" data-caption=\"\" src=\"http:\/\/castelli.langhe.test\/wp-content\/uploads\/sites\/32\/2025\/02\/camera-02.jpg\" data-src=\"http:\/\/castelli.langhe.test\/wp-content\/uploads\/sites\/32\/2025\/02\/camera-02.jpg\"\/>\n\n        \n<\/picture>\n    <\/div>\n        <div class=\"combo__overlay combo__overlay--is-default combo__overlay--color-dark\"><\/div>\n    <div class=\"combo__inner combo__inner--text-align-default combo__inner--has-background combo__inner--has-dark-background-color \">\n          <h4 class=\"combo__tagline\">\n        Gymnasium\n      <\/h4>\n              <h2 class=\"combo__title\">\n        Halten Sie Ihr Tempo\n      <\/h2>\n                  <div class=\"combo__description\">\n        \n\n<p>Auch im Urlaub oder auf einer Gesch\u00e4ftsreise sollten Sie Ihre sportlichen Gewohnheiten nicht aufgeben.<\/p>\n\n\n      <\/div>\n              <div class=\"combo__cta\">\n          <a href=\"https:\/\/hotel-icastelli.com\/de\/hotels\/gymnasium\/\" title=\"Entdecken Sie\" target=\"_self\" class=\"combo__button button button--combo\">\n            Entdecken Sie\n          <\/a>\n        <\/div>\n            <\/div>\n<\/div>\n\n          <\/ul>\n      <\/div>\n<\/section>","protected":false},"excerpt":{"rendered":"","protected":false},"author":152,"featured_media":3738,"parent":5222,"menu_order":0,"comment_status":"closed","ping_status":"closed","template":"","meta":{"_acf_changed":false,"_monsterinsights_skip_tracking":false,"_monsterinsights_sitenote_active":false,"_monsterinsights_sitenote_note":"","_monsterinsights_sitenote_category":0,"footnotes":""},"class_list":["post-4958","page","type-page","status-publish","has-post-thumbnail","hentry"],"yoast_head":"<!-- This site is optimized with the Yoast SEO plugin v27.3 - https:\/\/yoast.com\/product\/yoast-seo-wordpress\/ -->\n<title>Fr\u00fchst\u00fccksraum - Hotel in Centro Ad Alba - I Castelli<\/title>\n<meta name=\"description\" content=\"Damit Sie schon am ersten Morgen die richtige Energie haben, bieten wir Ihnen ein reichhaltiges Fr\u00fchst\u00fccksbuffet mit verschiedenen Hei\u00dfgetr\u00e4nken,\" \/>\n<meta name=\"robots\" content=\"index, follow, max-snippet:-1, max-image-preview:large, max-video-preview:-1\" \/>\n<link rel=\"canonical\" href=\"https:\/\/hotel-icastelli.com\/de\/hotels\/fruehstuecksraum\/\" \/>\n<meta property=\"og:locale\" content=\"de_DE\" \/>\n<meta property=\"og:type\" content=\"article\" \/>\n<meta property=\"og:title\" content=\"Fr\u00fchst\u00fccksraum - Hotel in Centro Ad Alba - I Castelli\" \/>\n<meta property=\"og:description\" content=\"Damit Sie schon am ersten Morgen die richtige Energie haben, bieten wir Ihnen ein reichhaltiges Fr\u00fchst\u00fccksbuffet mit verschiedenen Hei\u00dfgetr\u00e4nken,\" \/>\n<meta property=\"og:url\" content=\"https:\/\/hotel-icastelli.com\/de\/hotels\/fruehstuecksraum\/\" \/>\n<meta property=\"og:site_name\" content=\"I Castelli\" \/>\n<meta property=\"article:modified_time\" content=\"2025-11-12T14:21:36+00:00\" \/>\n<meta property=\"og:image\" content=\"https:\/\/hotel-icastelli.com\/files\/2025\/02\/colazioni.jpg\" \/>\n\t<meta property=\"og:image:width\" content=\"2000\" \/>\n\t<meta property=\"og:image:height\" content=\"1742\" \/>\n\t<meta property=\"og:image:type\" content=\"image\/jpeg\" \/>\n<meta name=\"twitter:card\" content=\"summary_large_image\" \/>\n<meta name=\"twitter:label1\" content=\"Gesch\u00e4tzte Lesezeit\" \/>\n\t<meta name=\"twitter:data1\" content=\"1\u00a0Minute\" \/>\n<!-- \/ Yoast SEO plugin. -->","yoast_head_json":{"title":"Fr\u00fchst\u00fccksraum - Hotel in Centro Ad Alba - I Castelli","description":"Damit Sie schon am ersten Morgen die richtige Energie haben, bieten wir Ihnen ein reichhaltiges Fr\u00fchst\u00fccksbuffet mit verschiedenen Hei\u00dfgetr\u00e4nken,","robots":{"index":"index","follow":"follow","max-snippet":"max-snippet:-1","max-image-preview":"max-image-preview:large","max-video-preview":"max-video-preview:-1"},"canonical":"https:\/\/hotel-icastelli.com\/de\/hotels\/fruehstuecksraum\/","og_locale":"de_DE","og_type":"article","og_title":"Fr\u00fchst\u00fccksraum - Hotel in Centro Ad Alba - I Castelli","og_description":"Damit Sie schon am ersten Morgen die richtige Energie haben, bieten wir Ihnen ein reichhaltiges Fr\u00fchst\u00fccksbuffet mit verschiedenen Hei\u00dfgetr\u00e4nken,","og_url":"https:\/\/hotel-icastelli.com\/de\/hotels\/fruehstuecksraum\/","og_site_name":"I Castelli","article_modified_time":"2025-11-12T14:21:36+00:00","og_image":[{"width":2000,"height":1742,"url":"https:\/\/hotel-icastelli.com\/files\/2025\/02\/colazioni.jpg","type":"image\/jpeg"}],"twitter_card":"summary_large_image","twitter_misc":{"Gesch\u00e4tzte Lesezeit":"1\u00a0Minute"},"schema":{"@context":"https:\/\/schema.org","@graph":[{"@type":"WebPage","@id":"https:\/\/hotel-icastelli.com\/de\/hotels\/fruehstuecksraum\/","url":"https:\/\/hotel-icastelli.com\/de\/hotels\/fruehstuecksraum\/","name":"Fr\u00fchst\u00fccksraum - Hotel in Centro Ad Alba - I Castelli","isPartOf":{"@id":"https:\/\/hotel-icastelli.com\/#website"},"primaryImageOfPage":{"@id":"https:\/\/hotel-icastelli.com\/de\/hotels\/fruehstuecksraum\/#primaryimage"},"image":{"@id":"https:\/\/hotel-icastelli.com\/de\/hotels\/fruehstuecksraum\/#primaryimage"},"thumbnailUrl":"https:\/\/hotel-icastelli.com\/files\/2025\/02\/colazioni.jpg","datePublished":"2025-03-14T10:06:47+00:00","dateModified":"2025-11-12T14:21:36+00:00","description":"Damit Sie schon am ersten Morgen die richtige Energie haben, bieten wir Ihnen ein reichhaltiges Fr\u00fchst\u00fccksbuffet mit verschiedenen Hei\u00dfgetr\u00e4nken,","breadcrumb":{"@id":"https:\/\/hotel-icastelli.com\/de\/hotels\/fruehstuecksraum\/#breadcrumb"},"inLanguage":"de","potentialAction":[{"@type":"ReadAction","target":["https:\/\/hotel-icastelli.com\/de\/hotels\/fruehstuecksraum\/"]}]},{"@type":"ImageObject","inLanguage":"de","@id":"https:\/\/hotel-icastelli.com\/de\/hotels\/fruehstuecksraum\/#primaryimage","url":"https:\/\/hotel-icastelli.com\/files\/2025\/02\/colazioni.jpg","contentUrl":"https:\/\/hotel-icastelli.com\/files\/2025\/02\/colazioni.jpg","width":2000,"height":1742},{"@type":"BreadcrumbList","@id":"https:\/\/hotel-icastelli.com\/de\/hotels\/fruehstuecksraum\/#breadcrumb","itemListElement":[{"@type":"ListItem","position":1,"name":"Home","item":"https:\/\/hotel-icastelli.com\/de\/"},{"@type":"ListItem","position":2,"name":"Hotels","item":"https:\/\/hotel-icastelli.com\/de\/hotels\/"},{"@type":"ListItem","position":3,"name":"Fr\u00fchst\u00fccksraum"}]},{"@type":"WebSite","@id":"https:\/\/hotel-icastelli.com\/#website","url":"https:\/\/hotel-icastelli.com\/","name":"I Castelli","description":"Hotel in Centro Ad Alba","publisher":{"@id":"https:\/\/hotel-icastelli.com\/#organization"},"potentialAction":[{"@type":"SearchAction","target":{"@type":"EntryPoint","urlTemplate":"https:\/\/hotel-icastelli.com\/?s={search_term_string}"},"query-input":{"@type":"PropertyValueSpecification","valueRequired":true,"valueName":"search_term_string"}}],"inLanguage":"de"},{"@type":"Organization","@id":"https:\/\/hotel-icastelli.com\/#organization","name":"I Castelli","url":"https:\/\/hotel-icastelli.com\/","logo":{"@type":"ImageObject","inLanguage":"de","@id":"https:\/\/hotel-icastelli.com\/#\/schema\/logo\/image\/","url":"","contentUrl":"","caption":"I Castelli"},"image":{"@id":"https:\/\/hotel-icastelli.com\/#\/schema\/logo\/image\/"}}]}},"acf":[],"_links":{"self":[{"href":"https:\/\/hotel-icastelli.com\/de\/wp-json\/wp\/v2\/pages\/4958","targetHints":{"allow":["GET"]}}],"collection":[{"href":"https:\/\/hotel-icastelli.com\/de\/wp-json\/wp\/v2\/pages"}],"about":[{"href":"https:\/\/hotel-icastelli.com\/de\/wp-json\/wp\/v2\/types\/page"}],"author":[{"embeddable":true,"href":"https:\/\/hotel-icastelli.com\/de\/wp-json\/wp\/v2\/users\/152"}],"replies":[{"embeddable":true,"href":"https:\/\/hotel-icastelli.com\/de\/wp-json\/wp\/v2\/comments?post=4958"}],"version-history":[{"count":0,"href":"https:\/\/hotel-icastelli.com\/de\/wp-json\/wp\/v2\/pages\/4958\/revisions"}],"up":[{"embeddable":true,"href":"https:\/\/hotel-icastelli.com\/de\/wp-json\/wp\/v2\/pages\/5222"}],"wp:featuredmedia":[{"embeddable":true,"href":"https:\/\/hotel-icastelli.com\/de\/wp-json\/wp\/v2\/media\/3738"}],"wp:attachment":[{"href":"https:\/\/hotel-icastelli.com\/de\/wp-json\/wp\/v2\/media?parent=4958"}],"curies":[{"name":"wp","href":"https:\/\/api.w.org\/{rel}","templated":true}]}}