{"id":5040,"date":"2025-02-20T10:53:08","date_gmt":"2025-02-20T09:53:08","guid":{"rendered":"https:\/\/hotel-icastelli.com\/restaurant\/"},"modified":"2025-11-12T15:24:20","modified_gmt":"2025-11-12T14:24:20","slug":"restaurant","status":"publish","type":"page","link":"https:\/\/hotel-icastelli.com\/de\/restaurant\/","title":{"rendered":"Restaurant"},"content":{"rendered":"<section class=\"text-gallery text-gallery--text-is-left text-gallery--mt-default text-gallery--mb-default text-gallery--align-full text-gallery--no-background text-gallery--align-full text-gallery--valign-bottom __gallery text-gallery--text-mobile-is-top \">\n   <div class=\"text-gallery__inner text-gallery__inner--align-full text-gallery__inner--valign-bottom flex-columns\">\n    <div class=\"text-gallery__text text-gallery__text--is-left text-gallery__text--is-mobile-top flex-column flex-column--width-50\">\n              <div class=\"text-gallery__typography typography typography--text-is-left\">\n                    \n<div class=\"title-block title-block--mt-default title-block--align-center title-block--mb-default title-block--text-align-default title-block--is-style-none typography__title-block\">\n      <h3 class=\"title-block__tagline\">\n      Zum Abendessen\n    <\/h3>\n        <h2 class=\"title-block__title title-block__title--not-main\">\n      Einzigartige Erfahrung erleben\n    <\/h2>\n    <\/div>\n\n\n<p>Das neue Restaurant I Castelli, das sich jetzt auf der Hotelterrasse in 20 Metern H\u00f6he befindet, bietet <strong>traditionelle piemontesische K\u00fcche, die auf moderne Weise zubereitet<\/strong> wird.<\/p>\n\n\n\n<p>In der Herbstsaison basieren alle typischen Gerichte auf rein wei\u00dfen Alba-Tr\u00fcffeln (<strong><a href=\"https:\/\/hotel-icastelli.com\/de\/restaurant\/menue\/\">lesen Sie die Speisekarte<\/a><\/strong>). Die <strong><a href=\"https:\/\/hotel-icastelli.com\/files\/2024\/04\/2024.04_carta_vini_i_castelli.pdf\" target=\"_blank\" rel=\"noreferrer noopener\">Weinkarte<\/a><\/strong>wird Ihnen authentische \u00dcberraschungen bereithalten. <\/p>\n\n\n\n<p>Das Restaurant befindet sich auf der <strong>Panoramaterrasse<\/strong>, wo Sie auch Aperitifs und Veranstaltungen organisieren und magische Momente unter dem Sternenhimmel erleben k\u00f6nnen.<\/p>\n\n\n\n<p>Bei einem <strong>Gesch\u00e4ftsessen<\/strong> oder auch bei einem einfachen Zwischenstopp auf der Langhe- und Roero-Route lohnt es sich auf jeden Fall, im<strong> Restaurant &#8218;I Castelli&#8216;<\/strong> einzukehren und die feinste lokale K\u00fcche zu genie\u00dfen.<\/p>\n\n\n\n<p>Wir k\u00f6nnen auch <strong>ein Mittagsbuffet und Gesch\u00e4ftsessen<\/strong> w\u00e4hrend der Sitzungen <strong>organisieren<\/strong>.<\/p>\n\n\n        <\/div>\n          <\/div>\n    <div class=\"text-gallery__gallery-container text-gallery__gallery-container--is-right flex-column flex-column--width-50\">\n      <div class=\"text-gallery__gallery text-gallery__gallery--is-right text-gallery__gallery--style-default\">\n        \n\n<figure class=\"wp-block-gallery has-nested-images columns-default is-cropped wp-block-gallery-2\">\n<figure class=\"wp-block-image size-portrait_sm\"><img loading=\"lazy\" decoding=\"async\" width=\"350\" height=\"466\" data-id=\"4658\" src=\"https:\/\/hotel-icastelli.com\/files\/2025\/04\/b-350x466.jpg\" alt=\"\" class=\"wp-image-4658\" srcset=\"https:\/\/hotel-icastelli.com\/files\/2025\/04\/b-350x466.jpg 350w, https:\/\/hotel-icastelli.com\/files\/2025\/04\/b-900x1200.jpg 900w, https:\/\/hotel-icastelli.com\/files\/2025\/04\/b-574x765.jpg 574w\" sizes=\"auto, (max-width: 350px) 100vw, 350px\" \/><\/figure>\n\n\n\n<figure class=\"wp-block-image size-portrait_sm\"><img loading=\"lazy\" decoding=\"async\" width=\"350\" height=\"466\" data-id=\"4672\" src=\"https:\/\/hotel-icastelli.com\/files\/2025\/04\/c-350x466.jpg\" alt=\"\" class=\"wp-image-4672\" srcset=\"https:\/\/hotel-icastelli.com\/files\/2025\/04\/c-350x466.jpg 350w, https:\/\/hotel-icastelli.com\/files\/2025\/04\/c-900x1200.jpg 900w, https:\/\/hotel-icastelli.com\/files\/2025\/04\/c-574x765.jpg 574w\" sizes=\"auto, (max-width: 350px) 100vw, 350px\" \/><\/figure>\n\n\n\n<figure class=\"wp-block-image size-portrait_sm\"><img loading=\"lazy\" decoding=\"async\" width=\"350\" height=\"466\" data-id=\"4644\" src=\"https:\/\/hotel-icastelli.com\/files\/2025\/04\/1-350x466.jpg\" alt=\"\" class=\"wp-image-4644\" srcset=\"https:\/\/hotel-icastelli.com\/files\/2025\/04\/1-350x466.jpg 350w, https:\/\/hotel-icastelli.com\/files\/2025\/04\/1-900x1200.jpg 900w, https:\/\/hotel-icastelli.com\/files\/2025\/04\/1-574x765.jpg 574w\" sizes=\"auto, (max-width: 350px) 100vw, 350px\" \/><\/figure>\n\n\n\n<figure class=\"wp-block-image size-portrait_sm\"><img loading=\"lazy\" decoding=\"async\" width=\"350\" height=\"466\" data-id=\"4616\" src=\"https:\/\/hotel-icastelli.com\/files\/2025\/04\/e-350x466.jpg\" alt=\"\" class=\"wp-image-4616\" srcset=\"https:\/\/hotel-icastelli.com\/files\/2025\/04\/e-350x466.jpg 350w, https:\/\/hotel-icastelli.com\/files\/2025\/04\/e-900x1200.jpg 900w, https:\/\/hotel-icastelli.com\/files\/2025\/04\/e-574x765.jpg 574w\" sizes=\"auto, (max-width: 350px) 100vw, 350px\" \/><\/figure>\n\n\n\n<figure class=\"wp-block-image size-portrait_sm\"><img loading=\"lazy\" decoding=\"async\" width=\"350\" height=\"466\" data-id=\"46\" src=\"https:\/\/hotel-icastelli.com\/files\/2025\/02\/piatto_02-350x466.jpg\" alt=\"\" class=\"wp-image-46\" srcset=\"https:\/\/hotel-icastelli.com\/files\/2025\/02\/piatto_02-350x466.jpg 350w, https:\/\/hotel-icastelli.com\/files\/2025\/02\/piatto_02-574x765.jpg 574w\" sizes=\"auto, (max-width: 350px) 100vw, 350px\" \/><\/figure>\n<\/figure>\n\n\n      <\/div>\n          <\/div>\n  <\/div>\n<\/section>\n<figure class=\"wp-block-embed alignwide is-type-video is-provider-youtube wp-block-embed-youtube wp-embed-aspect-16-9 wp-has-aspect-ratio\"><div class=\"wp-block-embed__wrapper\">\n<iframe loading=\"lazy\" title=\"Hotel I Castelli  Alba   Il ristorante\" width=\"500\" height=\"281\" src=\"https:\/\/www.youtube.com\/embed\/e76ausbV5bo?feature=oembed\" frameborder=\"0\" allow=\"accelerometer; autoplay; clipboard-write; encrypted-media; gyroscope; picture-in-picture; web-share\" referrerpolicy=\"strict-origin-when-cross-origin\" allowfullscreen><\/iframe>\n<\/div><\/figure>\n<section class=\"text-gallery text-gallery--text-is-right text-gallery--mt-default text-gallery--mb-default text-gallery--align-full text-gallery--no-background text-gallery--align-full text-gallery--valign-bottom __gallery text-gallery--text-mobile-is-top \">\n   <div class=\"text-gallery__inner text-gallery__inner--align-full text-gallery__inner--valign-bottom flex-columns\">\n    <div class=\"text-gallery__text text-gallery__text--is-right text-gallery__text--is-mobile-top flex-column flex-column--width-50\">\n              <div class=\"text-gallery__typography typography typography--text-is-right\">\n                    \n\n<h3 class=\"wp-block-heading\">Das Restaurant auf der Terrasse<\/h3>\n\n\n\n<p>Wenn Sie gerne mit den Augen schmecken, d\u00fcrfen Sie das neue Restaurant I Castelli auf den D\u00e4chern von Alba nicht verpassen. Ein einzigartiger Ort mit einem unglaublichen Panorama, an dem Sie die Exzellenz der<strong><a href=\"https:\/\/hotel-icastelli.com\/de\/restaurant\/menue\/\">kulinarischen Kunst der Langhe<\/a><\/strong> und die <strong><a href=\"https:\/\/hotel-icastelli.com\/files\/2024\/04\/2024.04_carta_vini_i_castelli.pdf\" target=\"_blank\" rel=\"noreferrer noopener\">Weine<\/a> <\/strong>die das Piemont in der ganzen Welt ber\u00fchmt gemacht haben. <\/p>\n\n\n\n<p>Das Designstudio <strong><a href=\"http:\/\/www.archicura.it\/\" target=\"_blank\" rel=\"noreferrer noopener\">Archicura<\/a> <\/strong>hat einen <strong>Kubus aus Glas und nat\u00fcrlichen Materialien<\/strong> gebaut <strong>, um Ihnen ein einzigartiges sensorisches Erlebnis zu bieten<\/strong>. Die Holzpaneele, die von der Decke herabh\u00e4ngen, erinnern Sie an die Bewegung der Rebst\u00f6cke in den Weinbergen, in einem sanften und gewundenen Spiel, das Sie mit der Natur, die Sie umgibt, in Kontakt bringt. <\/p>\n\n\n\n<p>Bei Tag k\u00f6nnen Sie die H\u00fcgel und T\u00fcrme sehen, nachts ist die Langhe beleuchtet.<\/p>\n\n\n\n<h3 class=\"wp-block-heading\">Zwanzig Meter \u00fcber dem Boden wartet ein schwebendes Restaurant auf Sie.<\/h3>\n\n\n        <\/div>\n          <\/div>\n    <div class=\"text-gallery__gallery-container text-gallery__gallery-container--is-left flex-column flex-column--width-50\">\n      <div class=\"text-gallery__gallery text-gallery__gallery--is-left text-gallery__gallery--style-default\">\n        \n\n<figure class=\"wp-block-gallery has-nested-images columns-default is-cropped wp-block-gallery-4\">\n<figure class=\"wp-block-image size-portrait_sm\"><img loading=\"lazy\" decoding=\"async\" width=\"350\" height=\"466\" data-id=\"4630\" src=\"https:\/\/hotel-icastelli.com\/files\/2025\/04\/f-350x466.jpg\" alt=\"\" class=\"wp-image-4630\" srcset=\"https:\/\/hotel-icastelli.com\/files\/2025\/04\/f-350x466.jpg 350w, https:\/\/hotel-icastelli.com\/files\/2025\/04\/f-900x1200.jpg 900w, https:\/\/hotel-icastelli.com\/files\/2025\/04\/f-574x765.jpg 574w\" sizes=\"auto, (max-width: 350px) 100vw, 350px\" \/><\/figure>\n\n\n\n<figure class=\"wp-block-image size-portrait_sm\"><img loading=\"lazy\" decoding=\"async\" width=\"350\" height=\"466\" data-id=\"156\" src=\"https:\/\/hotel-icastelli.com\/files\/2025\/03\/ristorante_animata02-350x466.jpg\" alt=\"\" class=\"wp-image-156\"\/><\/figure>\n\n\n\n<figure class=\"wp-block-image size-portrait_sm\"><img loading=\"lazy\" decoding=\"async\" width=\"350\" height=\"466\" data-id=\"158\" src=\"https:\/\/hotel-icastelli.com\/files\/2025\/03\/I-Castelli-8-350x466.jpg\" alt=\"\" class=\"wp-image-158\"\/><\/figure>\n\n\n\n<figure class=\"wp-block-image size-portrait_sm\"><img loading=\"lazy\" decoding=\"async\" width=\"350\" height=\"440\" data-id=\"160\" src=\"https:\/\/hotel-icastelli.com\/files\/2025\/03\/tramonto-350x440.jpg\" alt=\"\" class=\"wp-image-160\"\/><\/figure>\n\n\n\n<figure class=\"wp-block-image size-portrait_sm\"><img loading=\"lazy\" decoding=\"async\" width=\"350\" height=\"466\" data-id=\"162\" src=\"https:\/\/hotel-icastelli.com\/files\/2025\/03\/ristorante_34-350x466.jpg\" alt=\"\" class=\"wp-image-162\"\/><\/figure>\n<\/figure>\n\n\n      <\/div>\n          <\/div>\n  <\/div>\n<\/section><section class=\"grid grid--mt-default grid--mb-default grid--align-full grid--no-background  __grid is-style-first-big-3\">\n  <div class=\"grid__inner grid__inner--align-full\">\n        <ul class=\"grid__row grid__row--columns-3 grid__row--valign-top combos combos--columns-3\">\n              \n<div class=\"combo combo--3-cols combo--align-center combo--textalign-default combo--has-background has-dark-background-color combos__combo \">\n      <div class=\"combo__bg combo__bg--position-default combo__bg--overlay-is-default \">\n      <picture class=\"ratio__content\" alt=\"\" title=\"\" data-caption=\"\"> \n                <source loading=\"lazy\" srcset=\"https:\/\/hotel-icastelli.com\/files\/2025\/02\/Ivano-1.jpg\" media=\"(min-width: 1400px)\" \/>\n\n              <source loading=\"lazy\" srcset=\"https:\/\/hotel-icastelli.com\/files\/2025\/02\/Ivano-1-1000x875.jpg\" media=\"(min-width: 574px)\" \/>\n\n              <source loading=\"lazy\" srcset=\"https:\/\/hotel-icastelli.com\/files\/2025\/02\/Ivano-1-574x765.jpg\" \/>\n\n                <img decoding=\"async\"  width=\"\" height=\"\" loading=\"lazy\" alt=\"Ivano\" title=\"Ivano\" data-caption=\"\" src=\"https:\/\/hotel-icastelli.com\/files\/2025\/02\/Ivano-1.jpg\" data-src=\"https:\/\/hotel-icastelli.com\/files\/2025\/02\/Ivano-1.jpg\"\/>\n\n        \n<\/picture>\n    <\/div>\n        <div class=\"combo__overlay combo__overlay--is-default combo__overlay--color-dark\"><\/div>\n    <div class=\"combo__inner combo__inner--text-align-default combo__inner--has-background combo__inner--has-dark-background-color \">\n          <h4 class=\"combo__tagline\">\n        Der Chefkoch\n      <\/h4>\n              <h2 class=\"combo__title\">\n        Um Sie zur\u00fcckzubringen\n      <\/h2>\n                  <div class=\"combo__description\">\n        \n\n<p>Meine K\u00fcche basiert auf saisonalen Produkten, die sorgf\u00e4ltig zubereitet werden und die Natur respektieren.<\/p>\n\n\n      <\/div>\n              <div class=\"combo__cta\">\n          <a href=\"https:\/\/hotel-icastelli.com\/de\/restaurant\/chefkoch\/\" title=\"Treffen Sie\" target=\"_self\" class=\"combo__button button button--combo\">\n            Treffen Sie\n          <\/a>\n        <\/div>\n            <\/div>\n<\/div>\n\n<div class=\"combo combo--3-cols combo--align-center combo--textalign-default combo--has-background has-dark-background-color combos__combo \">\n      <div class=\"combo__bg combo__bg--position-default combo__bg--overlay-is-default \">\n      <picture class=\"ratio__content\" alt=\"\" title=\"\" data-caption=\"\"> \n                <source loading=\"lazy\" srcset=\"https:\/\/hotel-icastelli.com\/files\/2025\/04\/d.jpg\" media=\"(min-width: 1400px)\" \/>\n\n              <source loading=\"lazy\" srcset=\"https:\/\/hotel-icastelli.com\/files\/2025\/04\/d-1400x875.jpg\" media=\"(min-width: 574px)\" \/>\n\n              <source loading=\"lazy\" srcset=\"https:\/\/hotel-icastelli.com\/files\/2025\/04\/d-574x765.jpg\" \/>\n\n                <img decoding=\"async\"  width=\"\" height=\"\" loading=\"lazy\" alt=\"d\" title=\"d\" data-caption=\"\" src=\"https:\/\/hotel-icastelli.com\/files\/2025\/04\/d.jpg\" data-src=\"https:\/\/hotel-icastelli.com\/files\/2025\/04\/d.jpg\"\/>\n\n        \n<\/picture>\n    <\/div>\n        <div class=\"combo__overlay combo__overlay--is-default combo__overlay--color-dark\"><\/div>\n    <div class=\"combo__inner combo__inner--text-align-default combo__inner--has-background combo__inner--has-dark-background-color \">\n          <h4 class=\"combo__tagline\">\n        Das Men\u00fc\n      <\/h4>\n              <h2 class=\"combo__title\">\n        Um Sie gierig zu machen\n      <\/h2>\n                  <div class=\"combo__description\">\n        \n\n<p>In gem\u00fctlicher Umgebung k\u00f6nnen Sie traditionelle lokale Gerichte genie\u00dfen.<\/p>\n\n\n      <\/div>\n              <div class=\"combo__cta\">\n          <a href=\"https:\/\/hotel-icastelli.com\/de\/restaurant\/menue\/\" title=\"Genie\u00dfen Sie\" target=\"_self\" class=\"combo__button button button--combo\">\n            Genie\u00dfen Sie\n          <\/a>\n        <\/div>\n            <\/div>\n<\/div>\n\n<div class=\"combo combo--3-cols combo--align-center combo--textalign-default combo--has-background has-dark-background-color combos__combo wp-elements-c17a19769e291b4a9274aed71729b105\">\n      <div class=\"combo__bg combo__bg--position-default combo__bg--overlay-is-default \">\n      <picture class=\"ratio__content\" alt=\"\" title=\"\" data-caption=\"\"> \n                <source loading=\"lazy\" srcset=\"https:\/\/hotel-icastelli.com\/files\/2025\/03\/piatto_02.jpg\" media=\"(min-width: 1400px)\" \/>\n\n              <source loading=\"lazy\" srcset=\"https:\/\/hotel-icastelli.com\/files\/2025\/03\/piatto_02.jpg\" media=\"(min-width: 574px)\" \/>\n\n              <source loading=\"lazy\" srcset=\"https:\/\/hotel-icastelli.com\/files\/2025\/03\/piatto_02-574x440.jpg\" \/>\n\n                <img decoding=\"async\"  width=\"\" height=\"\" loading=\"lazy\" alt=\"piatto_02\" title=\"piatto_02\" data-caption=\"\" src=\"https:\/\/hotel-icastelli.com\/files\/2025\/03\/piatto_02.jpg\" data-src=\"https:\/\/hotel-icastelli.com\/files\/2025\/03\/piatto_02.jpg\"\/>\n\n        \n<\/picture>\n    <\/div>\n        <div class=\"combo__overlay combo__overlay--is-default combo__overlay--color-dark\"><\/div>\n    <div class=\"combo__inner combo__inner--text-align-default combo__inner--has-background combo__inner--has-dark-background-color wp-elements-c17a19769e291b4a9274aed71729b105\">\n          <h4 class=\"combo__tagline\">\n        Weinkarte\n      <\/h4>\n              <h2 class=\"combo__title\">\n        Um Sie fr\u00f6hlich zu machen\n      <\/h2>\n                  <div class=\"combo__description\">\n        \n\n<p>Eine ausgew\u00e4hlte Weinkarte mit Schwerpunkt auf kleinen Erzeugern im Piemont und nationalen und ausl\u00e4ndischen Exkursen.<\/p>\n\n\n      <\/div>\n              <div class=\"combo__cta\">\n          <a href=\"https:\/\/hotel-icastelli.com\/files\/2025\/05\/2024.04_carta_vini_i_castelli.pdf\" title=\"Entdecken Sie\" target=\"_self\" class=\"combo__button button button--combo\">\n            Entdecken Sie\n          <\/a>\n        <\/div>\n            <\/div>\n<\/div>\n\n          <\/ul>\n      <\/div>\n<\/section>","protected":false},"excerpt":{"rendered":"","protected":false},"author":152,"featured_media":3762,"parent":0,"menu_order":0,"comment_status":"closed","ping_status":"closed","template":"","meta":{"_acf_changed":false,"_monsterinsights_skip_tracking":false,"_monsterinsights_sitenote_active":false,"_monsterinsights_sitenote_note":"","_monsterinsights_sitenote_category":0,"footnotes":""},"class_list":["post-5040","page","type-page","status-publish","has-post-thumbnail","hentry"],"yoast_head":"<!-- This site is optimized with the Yoast SEO plugin v27.2 - https:\/\/yoast.com\/product\/yoast-seo-wordpress\/ -->\n<title>Restaurant - Hotel in Centro Ad Alba - I Castelli<\/title>\n<meta name=\"description\" content=\"Das neue Restaurant I Castelli, das sich jetzt auf der Hotelterrasse in 20 Metern H\u00f6he befindet, bietet traditionelle piemontesische K\u00fcche, die auf\" \/>\n<meta name=\"robots\" content=\"index, follow, max-snippet:-1, max-image-preview:large, max-video-preview:-1\" \/>\n<link rel=\"canonical\" href=\"https:\/\/hotel-icastelli.com\/de\/restaurant\/\" \/>\n<meta property=\"og:locale\" content=\"de_DE\" \/>\n<meta property=\"og:type\" content=\"article\" \/>\n<meta property=\"og:title\" content=\"Restaurant - Hotel in Centro Ad Alba - I Castelli\" \/>\n<meta property=\"og:description\" content=\"Das neue Restaurant I Castelli, das sich jetzt auf der Hotelterrasse in 20 Metern H\u00f6he befindet, bietet traditionelle piemontesische K\u00fcche, die auf\" \/>\n<meta property=\"og:url\" content=\"https:\/\/hotel-icastelli.com\/de\/restaurant\/\" \/>\n<meta property=\"og:site_name\" content=\"I Castelli\" \/>\n<meta property=\"article:modified_time\" content=\"2025-11-12T14:24:20+00:00\" \/>\n<meta property=\"og:image\" content=\"https:\/\/hotel-icastelli.com\/files\/2025\/02\/ristorante_cubo.jpg\" \/>\n\t<meta property=\"og:image:width\" content=\"2000\" \/>\n\t<meta property=\"og:image:height\" content=\"857\" \/>\n\t<meta property=\"og:image:type\" content=\"image\/jpeg\" \/>\n<meta name=\"twitter:card\" content=\"summary_large_image\" \/>\n<meta name=\"twitter:label1\" content=\"Gesch\u00e4tzte Lesezeit\" \/>\n\t<meta name=\"twitter:data1\" content=\"2\u00a0Minuten\" \/>\n<!-- \/ Yoast SEO plugin. -->","yoast_head_json":{"title":"Restaurant - Hotel in Centro Ad Alba - I Castelli","description":"Das neue Restaurant I Castelli, das sich jetzt auf der Hotelterrasse in 20 Metern H\u00f6he befindet, bietet traditionelle piemontesische K\u00fcche, die auf","robots":{"index":"index","follow":"follow","max-snippet":"max-snippet:-1","max-image-preview":"max-image-preview:large","max-video-preview":"max-video-preview:-1"},"canonical":"https:\/\/hotel-icastelli.com\/de\/restaurant\/","og_locale":"de_DE","og_type":"article","og_title":"Restaurant - Hotel in Centro Ad Alba - I Castelli","og_description":"Das neue Restaurant I Castelli, das sich jetzt auf der Hotelterrasse in 20 Metern H\u00f6he befindet, bietet traditionelle piemontesische K\u00fcche, die auf","og_url":"https:\/\/hotel-icastelli.com\/de\/restaurant\/","og_site_name":"I Castelli","article_modified_time":"2025-11-12T14:24:20+00:00","og_image":[{"width":2000,"height":857,"url":"https:\/\/hotel-icastelli.com\/files\/2025\/02\/ristorante_cubo.jpg","type":"image\/jpeg"}],"twitter_card":"summary_large_image","twitter_misc":{"Gesch\u00e4tzte Lesezeit":"2\u00a0Minuten"},"schema":{"@context":"https:\/\/schema.org","@graph":[{"@type":"WebPage","@id":"https:\/\/hotel-icastelli.com\/de\/restaurant\/","url":"https:\/\/hotel-icastelli.com\/de\/restaurant\/","name":"Restaurant - Hotel in Centro Ad Alba - I Castelli","isPartOf":{"@id":"https:\/\/hotel-icastelli.com\/#website"},"primaryImageOfPage":{"@id":"https:\/\/hotel-icastelli.com\/de\/restaurant\/#primaryimage"},"image":{"@id":"https:\/\/hotel-icastelli.com\/de\/restaurant\/#primaryimage"},"thumbnailUrl":"https:\/\/hotel-icastelli.com\/files\/2025\/02\/ristorante_cubo.jpg","datePublished":"2025-02-20T09:53:08+00:00","dateModified":"2025-11-12T14:24:20+00:00","description":"Das neue Restaurant I Castelli, das sich jetzt auf der Hotelterrasse in 20 Metern H\u00f6he befindet, bietet traditionelle piemontesische K\u00fcche, die auf","breadcrumb":{"@id":"https:\/\/hotel-icastelli.com\/de\/restaurant\/#breadcrumb"},"inLanguage":"de","potentialAction":[{"@type":"ReadAction","target":["https:\/\/hotel-icastelli.com\/de\/restaurant\/"]}]},{"@type":"ImageObject","inLanguage":"de","@id":"https:\/\/hotel-icastelli.com\/de\/restaurant\/#primaryimage","url":"https:\/\/hotel-icastelli.com\/files\/2025\/02\/ristorante_cubo.jpg","contentUrl":"https:\/\/hotel-icastelli.com\/files\/2025\/02\/ristorante_cubo.jpg","width":2000,"height":857,"caption":"Stitched Panorama"},{"@type":"BreadcrumbList","@id":"https:\/\/hotel-icastelli.com\/de\/restaurant\/#breadcrumb","itemListElement":[{"@type":"ListItem","position":1,"name":"Home","item":"https:\/\/hotel-icastelli.com\/de\/"},{"@type":"ListItem","position":2,"name":"Restaurant"}]},{"@type":"WebSite","@id":"https:\/\/hotel-icastelli.com\/#website","url":"https:\/\/hotel-icastelli.com\/","name":"I Castelli","description":"Hotel in Centro Ad Alba","publisher":{"@id":"https:\/\/hotel-icastelli.com\/#organization"},"potentialAction":[{"@type":"SearchAction","target":{"@type":"EntryPoint","urlTemplate":"https:\/\/hotel-icastelli.com\/?s={search_term_string}"},"query-input":{"@type":"PropertyValueSpecification","valueRequired":true,"valueName":"search_term_string"}}],"inLanguage":"de"},{"@type":"Organization","@id":"https:\/\/hotel-icastelli.com\/#organization","name":"I Castelli","url":"https:\/\/hotel-icastelli.com\/","logo":{"@type":"ImageObject","inLanguage":"de","@id":"https:\/\/hotel-icastelli.com\/#\/schema\/logo\/image\/","url":"","contentUrl":"","caption":"I Castelli"},"image":{"@id":"https:\/\/hotel-icastelli.com\/#\/schema\/logo\/image\/"}}]}},"acf":[],"_links":{"self":[{"href":"https:\/\/hotel-icastelli.com\/de\/wp-json\/wp\/v2\/pages\/5040","targetHints":{"allow":["GET"]}}],"collection":[{"href":"https:\/\/hotel-icastelli.com\/de\/wp-json\/wp\/v2\/pages"}],"about":[{"href":"https:\/\/hotel-icastelli.com\/de\/wp-json\/wp\/v2\/types\/page"}],"author":[{"embeddable":true,"href":"https:\/\/hotel-icastelli.com\/de\/wp-json\/wp\/v2\/users\/152"}],"replies":[{"embeddable":true,"href":"https:\/\/hotel-icastelli.com\/de\/wp-json\/wp\/v2\/comments?post=5040"}],"version-history":[{"count":0,"href":"https:\/\/hotel-icastelli.com\/de\/wp-json\/wp\/v2\/pages\/5040\/revisions"}],"wp:featuredmedia":[{"embeddable":true,"href":"https:\/\/hotel-icastelli.com\/de\/wp-json\/wp\/v2\/media\/3762"}],"wp:attachment":[{"href":"https:\/\/hotel-icastelli.com\/de\/wp-json\/wp\/v2\/media?parent=5040"}],"curies":[{"name":"wp","href":"https:\/\/api.w.org\/{rel}","templated":true}]}}