{"id":5182,"date":"2013-08-28T09:24:51","date_gmt":"2013-08-28T07:24:51","guid":{"rendered":"https:\/\/hotel-icastelli.com\/tourismus\/mountainbiking-und-trekking-in-alba-langhe-und-roero\/"},"modified":"2025-05-15T15:14:31","modified_gmt":"2025-05-15T13:14:31","slug":"mountainbiking-und-trekking-in-alba-langhe-und-roero","status":"publish","type":"page","link":"https:\/\/hotel-icastelli.com\/de\/tourismus\/mountainbiking-und-trekking-in-alba-langhe-und-roero\/","title":{"rendered":"Mountainbiking und Trekking in Alba, Langhe und Roero"},"content":{"rendered":"\n<p>Die <strong>Sch\u00f6nheit der Landschaften<\/strong> l\u00e4sst sich auch beim <strong>Sport<\/strong> genie\u00dfen. Es gibt unz\u00e4hlige Orte, an denen Sie spazieren gehen und die D\u00fcfte der Natur riechen k\u00f6nnen.<\/p>\n\n<ul class=\"wp-block-list\">\n<li><strong>Trekking in Barbaresco<\/strong> Von Alba nach Neive entlang des Flusses Tanaro zwischen den ber\u00fchmten Barbaresco-Crus.<\/li>\n\n\n\n<li><strong>Trekking in Barolo<\/strong> Durch den Garten der Weinberge, Eroberung der Schl\u00f6sser von Barolo.<\/li>\n\n\n\n<li><strong>Trekking zwischen den Rocche del Roero <\/strong>Von Bra nach Cisterna d&#8217;Asti, zwischen Pfirsichen, Honig und Arneis<\/li>\n\n\n\n<li><strong>Grande Traversata delle Langhe<\/strong> Zwischen den Lehnsg\u00fctern der Markgrafen Del Carretto, zwischen Terrassen und Wacht\u00fcrmen<\/li>\n\n\n\n<li><strong>Wandern auf den Sorgenti del Belbo<\/strong> In Beppe Fenoglios &#8218;Posti della Malora&#8216;, zwischen den Haselnusshainen der Alta Langa und den K\u00e4sefabriken von Murazzano, entlang des unber\u00fchrten Laufs des Belbo<\/li>\n<\/ul>\n\n<p>Die <strong>Gelassenheit der Natur<\/strong> dieser L\u00e4nder und der Rhythmus des Landlebens werden Sie in eine Dimension entf\u00fchren, die sowohl neu als auch alt ist.  <\/p>\n\n<p>Auf diese Weise lernen Sie das <strong>wahre Wesen dieser Gebiete<\/strong> kennen, die durch eine gro\u00dfe Vergangenheit und denkw\u00fcrdige historische Ereignisse verbunden sind, Geschichte, die Sie auf den Steinen der T\u00fcrme, Schl\u00f6sser und Landkirchen lesen k\u00f6nnen.  <\/p>\n\n<p>Sie werden eine Reihe von kleinen D\u00f6rfern bewundern, die auf <strong>sch\u00f6nen Bergr\u00fccken<\/strong> thronen, eine Welt der Stille und aufregende Landschaften.<\/p>\n\n<p><strong><strong>Links zu Trekkingrouten<\/strong> <\/strong><br\/><a href=\"https:\/\/www.visitlmr.it\/it\/cosa-fare\/itinerari\/outdoor\/trekking\">https:\/\/www.visitlmr.it\/it\/cosa-fare\/itinerari\/outdoor\/trekking<\/a><\/p>\n\n<p><strong>Links zu Radrouten<\/strong><br\/><a href=\"https:\/\/www.visitlmr.it\/it\/cosa-fare\/itinerari\/outdoor\/bici-da-strada\" target=\"_blank\" rel=\"noreferrer noopener sponsored nofollow\">https:\/\/www.visitlmr.it\/it\/cosa-fare\/itinerari\/outdoor\/bici-da-strada<\/a><\/p>\n\n<figure class=\"wp-block-gallery has-nested-images columns-4 is-cropped wp-block-gallery-1\">\n<figure class=\"wp-block-image size-thumbnail\"><a href=\"https:\/\/hotel-icastelli.com\/files\/2025\/03\/Untitled-10-1-150x150.jpg\"><img loading=\"lazy\" decoding=\"async\" width=\"150\" height=\"150\" data-id=\"3560\" src=\"https:\/\/hotel-icastelli.com\/files\/2025\/03\/Untitled-10-1-150x150.jpg\" alt=\"\" class=\"wp-image-3560\"\/><\/a><\/figure>\n\n\n\n<figure class=\"wp-block-image size-thumbnail\"><a href=\"https:\/\/hotel-icastelli.com\/files\/2025\/03\/3327036690_dec1c66592_o-150x150.jpg\"><img loading=\"lazy\" decoding=\"async\" width=\"150\" height=\"150\" data-id=\"3568\" src=\"https:\/\/hotel-icastelli.com\/files\/2025\/03\/3327036690_dec1c66592_o-150x150.jpg\" alt=\"\" class=\"wp-image-3568\" srcset=\"https:\/\/hotel-icastelli.com\/files\/2025\/03\/3327036690_dec1c66592_o-150x150.jpg 150w, https:\/\/hotel-icastelli.com\/files\/2025\/03\/3327036690_dec1c66592_o-600x600.jpg 600w, https:\/\/hotel-icastelli.com\/files\/2025\/03\/3327036690_dec1c66592_o-350x350.jpg 350w\" sizes=\"auto, (max-width: 150px) 100vw, 150px\" \/><\/a><\/figure>\n\n\n\n<figure class=\"wp-block-image size-thumbnail\"><a href=\"https:\/\/hotel-icastelli.com\/files\/2025\/03\/bicilanghe-1-150x150.jpg\"><img loading=\"lazy\" decoding=\"async\" width=\"150\" height=\"150\" data-id=\"3566\" src=\"https:\/\/hotel-icastelli.com\/files\/2025\/03\/bicilanghe-1-150x150.jpg\" alt=\"\" class=\"wp-image-3566\"\/><\/a><\/figure>\n\n\n\n<figure class=\"wp-block-image size-thumbnail\"><a href=\"https:\/\/hotel-icastelli.com\/files\/2025\/03\/DSCN3695-150-150x150.jpg\"><img loading=\"lazy\" decoding=\"async\" width=\"150\" height=\"150\" data-id=\"3564\" src=\"https:\/\/hotel-icastelli.com\/files\/2025\/03\/DSCN3695-150-150x150.jpg\" alt=\"\" class=\"wp-image-3564\"\/><\/a><\/figure>\n\n\n\n<figure class=\"wp-block-image size-thumbnail\"><a href=\"https:\/\/hotel-icastelli.com\/files\/2025\/03\/striscia2-150x150.jpg\"><img loading=\"lazy\" decoding=\"async\" width=\"150\" height=\"150\" data-id=\"3512\" src=\"https:\/\/hotel-icastelli.com\/files\/2025\/03\/striscia2-150x150.jpg\" alt=\"\" class=\"wp-image-3512\"\/><\/a><\/figure>\n\n\n\n<figure class=\"wp-block-image size-thumbnail\"><a href=\"https:\/\/hotel-icastelli.com\/files\/2025\/03\/pano1-e1332185559172-150x150.jpg\"><img loading=\"lazy\" decoding=\"async\" width=\"150\" height=\"150\" data-id=\"3558\" src=\"https:\/\/hotel-icastelli.com\/files\/2025\/03\/pano1-e1332185559172-150x150.jpg\" alt=\"\" class=\"wp-image-3558\"\/><\/a><\/figure>\n\n\n\n<figure class=\"wp-block-image size-thumbnail\"><a href=\"https:\/\/hotel-icastelli.com\/files\/2025\/03\/Untitled-6-1-150x150.jpg\"><img loading=\"lazy\" decoding=\"async\" width=\"150\" height=\"150\" data-id=\"3562\" src=\"https:\/\/hotel-icastelli.com\/files\/2025\/03\/Untitled-6-1-150x150.jpg\" alt=\"\" class=\"wp-image-3562\"\/><\/a><\/figure>\n\n\n\n<figure class=\"wp-block-image size-thumbnail\"><a href=\"https:\/\/hotel-icastelli.com\/files\/2025\/03\/150x2-1-150x150.jpg\"><img loading=\"lazy\" decoding=\"async\" width=\"150\" height=\"150\" data-id=\"3570\" src=\"https:\/\/hotel-icastelli.com\/files\/2025\/03\/150x2-1-150x150.jpg\" alt=\"\" class=\"wp-image-3570\"\/><\/a><\/figure>\n<\/figure>\n","protected":false},"excerpt":{"rendered":"<p>Die Sch\u00f6nheit der Landschaften l\u00e4sst sich auch beim Sport genie\u00dfen. Es gibt unz\u00e4hlige Orte, an denen Sie spazieren gehen und die D\u00fcfte der Natur riechen k\u00f6nnen. Die Gelassenheit der Natur dieser L\u00e4nder und der Rhythmus des Landlebens werden Sie in eine Dimension entf\u00fchren, die sowohl neu als auch alt ist. Auf diese Weise lernen Sie [&hellip;]<\/p>\n","protected":false},"author":152,"featured_media":4206,"parent":5084,"menu_order":8,"comment_status":"open","ping_status":"closed","template":"","meta":{"_acf_changed":false,"_monsterinsights_skip_tracking":false,"_monsterinsights_sitenote_active":false,"_monsterinsights_sitenote_note":"","_monsterinsights_sitenote_category":0,"footnotes":""},"class_list":["post-5182","page","type-page","status-publish","has-post-thumbnail","hentry"],"yoast_head":"<!-- This site is optimized with the Yoast SEO plugin v27.2 - https:\/\/yoast.com\/product\/yoast-seo-wordpress\/ -->\n<title>Mountainbiking und Trekking in Alba, Langhe und Roero - Hotel in Centro Ad Alba - I Castelli<\/title>\n<meta name=\"description\" content=\"Die Sch\u00f6nheit der Landschaften l\u00e4sst sich auch beim Sport genie\u00dfen. Es gibt unz\u00e4hlige Orte, an denen Sie spazieren gehen und die D\u00fcfte der Natur riechen\" \/>\n<meta name=\"robots\" content=\"index, follow, max-snippet:-1, max-image-preview:large, max-video-preview:-1\" \/>\n<link rel=\"canonical\" href=\"https:\/\/hotel-icastelli.com\/de\/tourismus\/mountainbiking-und-trekking-in-alba-langhe-und-roero\/\" \/>\n<meta property=\"og:locale\" content=\"de_DE\" \/>\n<meta property=\"og:type\" content=\"article\" \/>\n<meta property=\"og:title\" content=\"Mountainbiking und Trekking in Alba, Langhe und Roero - Hotel in Centro Ad Alba - I Castelli\" \/>\n<meta property=\"og:description\" content=\"Die Sch\u00f6nheit der Landschaften l\u00e4sst sich auch beim Sport genie\u00dfen. Es gibt unz\u00e4hlige Orte, an denen Sie spazieren gehen und die D\u00fcfte der Natur riechen\" \/>\n<meta property=\"og:url\" content=\"https:\/\/hotel-icastelli.com\/de\/tourismus\/mountainbiking-und-trekking-in-alba-langhe-und-roero\/\" \/>\n<meta property=\"og:site_name\" content=\"I Castelli\" \/>\n<meta property=\"article:modified_time\" content=\"2025-05-15T13:14:31+00:00\" \/>\n<meta property=\"og:image\" content=\"https:\/\/hotel-icastelli.com\/files\/2025\/03\/150x1.jpg\" \/>\n\t<meta property=\"og:image:width\" content=\"1024\" \/>\n\t<meta property=\"og:image:height\" content=\"273\" \/>\n\t<meta property=\"og:image:type\" content=\"image\/jpeg\" \/>\n<meta name=\"twitter:card\" content=\"summary_large_image\" \/>\n<meta name=\"twitter:label1\" content=\"Gesch\u00e4tzte Lesezeit\" \/>\n\t<meta name=\"twitter:data1\" content=\"1\u00a0Minute\" \/>\n<!-- \/ Yoast SEO plugin. -->","yoast_head_json":{"title":"Mountainbiking und Trekking in Alba, Langhe und Roero - Hotel in Centro Ad Alba - I Castelli","description":"Die Sch\u00f6nheit der Landschaften l\u00e4sst sich auch beim Sport genie\u00dfen. Es gibt unz\u00e4hlige Orte, an denen Sie spazieren gehen und die D\u00fcfte der Natur riechen","robots":{"index":"index","follow":"follow","max-snippet":"max-snippet:-1","max-image-preview":"max-image-preview:large","max-video-preview":"max-video-preview:-1"},"canonical":"https:\/\/hotel-icastelli.com\/de\/tourismus\/mountainbiking-und-trekking-in-alba-langhe-und-roero\/","og_locale":"de_DE","og_type":"article","og_title":"Mountainbiking und Trekking in Alba, Langhe und Roero - Hotel in Centro Ad Alba - I Castelli","og_description":"Die Sch\u00f6nheit der Landschaften l\u00e4sst sich auch beim Sport genie\u00dfen. Es gibt unz\u00e4hlige Orte, an denen Sie spazieren gehen und die D\u00fcfte der Natur riechen","og_url":"https:\/\/hotel-icastelli.com\/de\/tourismus\/mountainbiking-und-trekking-in-alba-langhe-und-roero\/","og_site_name":"I Castelli","article_modified_time":"2025-05-15T13:14:31+00:00","og_image":[{"width":1024,"height":273,"url":"https:\/\/hotel-icastelli.com\/files\/2025\/03\/150x1.jpg","type":"image\/jpeg"}],"twitter_card":"summary_large_image","twitter_misc":{"Gesch\u00e4tzte Lesezeit":"1\u00a0Minute"},"schema":{"@context":"https:\/\/schema.org","@graph":[{"@type":"WebPage","@id":"https:\/\/hotel-icastelli.com\/de\/tourismus\/mountainbiking-und-trekking-in-alba-langhe-und-roero\/","url":"https:\/\/hotel-icastelli.com\/de\/tourismus\/mountainbiking-und-trekking-in-alba-langhe-und-roero\/","name":"Mountainbiking und Trekking in Alba, Langhe und Roero - Hotel in Centro Ad Alba - I Castelli","isPartOf":{"@id":"https:\/\/hotel-icastelli.com\/#website"},"primaryImageOfPage":{"@id":"https:\/\/hotel-icastelli.com\/de\/tourismus\/mountainbiking-und-trekking-in-alba-langhe-und-roero\/#primaryimage"},"image":{"@id":"https:\/\/hotel-icastelli.com\/de\/tourismus\/mountainbiking-und-trekking-in-alba-langhe-und-roero\/#primaryimage"},"thumbnailUrl":"https:\/\/hotel-icastelli.com\/files\/2025\/03\/150x1.jpg","datePublished":"2013-08-28T07:24:51+00:00","dateModified":"2025-05-15T13:14:31+00:00","description":"Die Sch\u00f6nheit der Landschaften l\u00e4sst sich auch beim Sport genie\u00dfen. Es gibt unz\u00e4hlige Orte, an denen Sie spazieren gehen und die D\u00fcfte der Natur riechen","breadcrumb":{"@id":"https:\/\/hotel-icastelli.com\/de\/tourismus\/mountainbiking-und-trekking-in-alba-langhe-und-roero\/#breadcrumb"},"inLanguage":"de","potentialAction":[{"@type":"ReadAction","target":["https:\/\/hotel-icastelli.com\/de\/tourismus\/mountainbiking-und-trekking-in-alba-langhe-und-roero\/"]}]},{"@type":"ImageObject","inLanguage":"de","@id":"https:\/\/hotel-icastelli.com\/de\/tourismus\/mountainbiking-und-trekking-in-alba-langhe-und-roero\/#primaryimage","url":"https:\/\/hotel-icastelli.com\/files\/2025\/03\/150x1.jpg","contentUrl":"https:\/\/hotel-icastelli.com\/files\/2025\/03\/150x1.jpg","width":1024,"height":273},{"@type":"BreadcrumbList","@id":"https:\/\/hotel-icastelli.com\/de\/tourismus\/mountainbiking-und-trekking-in-alba-langhe-und-roero\/#breadcrumb","itemListElement":[{"@type":"ListItem","position":1,"name":"Home","item":"https:\/\/hotel-icastelli.com\/de\/"},{"@type":"ListItem","position":2,"name":"Tourismus","item":"https:\/\/hotel-icastelli.com\/de\/tourismus\/"},{"@type":"ListItem","position":3,"name":"Mountainbiking und Trekking in Alba, Langhe und Roero"}]},{"@type":"WebSite","@id":"https:\/\/hotel-icastelli.com\/#website","url":"https:\/\/hotel-icastelli.com\/","name":"I Castelli","description":"Hotel in Centro Ad Alba","publisher":{"@id":"https:\/\/hotel-icastelli.com\/#organization"},"potentialAction":[{"@type":"SearchAction","target":{"@type":"EntryPoint","urlTemplate":"https:\/\/hotel-icastelli.com\/?s={search_term_string}"},"query-input":{"@type":"PropertyValueSpecification","valueRequired":true,"valueName":"search_term_string"}}],"inLanguage":"de"},{"@type":"Organization","@id":"https:\/\/hotel-icastelli.com\/#organization","name":"I Castelli","url":"https:\/\/hotel-icastelli.com\/","logo":{"@type":"ImageObject","inLanguage":"de","@id":"https:\/\/hotel-icastelli.com\/#\/schema\/logo\/image\/","url":"","contentUrl":"","caption":"I Castelli"},"image":{"@id":"https:\/\/hotel-icastelli.com\/#\/schema\/logo\/image\/"}}]}},"acf":[],"_links":{"self":[{"href":"https:\/\/hotel-icastelli.com\/de\/wp-json\/wp\/v2\/pages\/5182","targetHints":{"allow":["GET"]}}],"collection":[{"href":"https:\/\/hotel-icastelli.com\/de\/wp-json\/wp\/v2\/pages"}],"about":[{"href":"https:\/\/hotel-icastelli.com\/de\/wp-json\/wp\/v2\/types\/page"}],"author":[{"embeddable":true,"href":"https:\/\/hotel-icastelli.com\/de\/wp-json\/wp\/v2\/users\/152"}],"replies":[{"embeddable":true,"href":"https:\/\/hotel-icastelli.com\/de\/wp-json\/wp\/v2\/comments?post=5182"}],"version-history":[{"count":0,"href":"https:\/\/hotel-icastelli.com\/de\/wp-json\/wp\/v2\/pages\/5182\/revisions"}],"up":[{"embeddable":true,"href":"https:\/\/hotel-icastelli.com\/de\/wp-json\/wp\/v2\/pages\/5084"}],"wp:featuredmedia":[{"embeddable":true,"href":"https:\/\/hotel-icastelli.com\/de\/wp-json\/wp\/v2\/media\/4206"}],"wp:attachment":[{"href":"https:\/\/hotel-icastelli.com\/de\/wp-json\/wp\/v2\/media?parent=5182"}],"curies":[{"name":"wp","href":"https:\/\/api.w.org\/{rel}","templated":true}]}}