{"id":5224,"date":"2013-08-28T09:19:56","date_gmt":"2013-08-28T07:19:56","guid":{"rendered":"https:\/\/hotel-icastelli.com\/tourismus\/schloesser-der-langhe\/"},"modified":"2025-05-15T15:16:41","modified_gmt":"2025-05-15T13:16:41","slug":"schloesser-der-langhe","status":"publish","type":"page","link":"https:\/\/hotel-icastelli.com\/de\/tourismus\/schloesser-der-langhe\/","title":{"rendered":"Schl\u00f6sser der Langhe"},"content":{"rendered":"\n<p>Die Burgen, die sich in der Region <strong>Langhe<\/strong> und <strong>Roero <\/strong>erheben, sind eines der charakteristischen und unverwechselbaren Elemente der Landschaft. Auf den H\u00fcgeln, die die D\u00f6rfer des <strong>unteren Piemonts<\/strong> beherbergen, haben die Schl\u00f6sser seit Jahrhunderten zum Image und zur Identit\u00e4t der einzelnen Gemeinden und des gesamten Gebiets beigetragen. <\/p>\n\n<p>Einige von ihnen zeichnen sich durch einen <strong>ausgezeichneten architektonischen Stil<\/strong> und eine Innenausstattung mit Originalm\u00f6beln aus, so dass sie aus historischer und k\u00fcnstlerischer Sicht bemerkenswerte Beispiele sind. Sie sind somit Symbole der <strong>Geschichte der lokalen Gemeinschaften<\/strong>, Zeugen der Architektur und Kunst ab dem Mittelalter. <\/p>\n\n<p>Die Schl\u00f6sser der Langhe und des Roero, die jedes Jahr von <strong>Zehntausenden von italienischen und ausl\u00e4ndischen Touristen<\/strong> besucht werden, sind ein unverzichtbarer Halt, um die Gegend zu entdecken und zu erleben.<\/p>\n\n<p>Das 30 km entfernte <a href=\"http:\/\/polomusealepiemonte.beniculturali.it\/index.php\/musei-e-luoghi-della-cultura\/castello-di-racconigi\/visita-il-castello-di-racconigi\/\" target=\"_blank\" rel=\"noreferrer noopener\">Schloss Racconigi<\/a> ist das gl\u00e4nzendste Beispiel f\u00fcr die Pracht des <strong>K\u00f6nigshauses von Savoyen<\/strong>; sein Park wurde 2010 zum sch\u00f6nsten Italiens gew\u00e4hlt.<\/p>\n\n<p>Schl\u00f6sser<\/p>\n\n<ul class=\"wp-block-list\">\n<li>Schloss Barolo<\/li>\n\n\n\n<li>Schloss von Grinzane Cavour<\/li>\n\n\n\n<li>Schloss Serralunga d&#8217;alba<\/li>\n\n\n\n<li>Burg von Govone<\/li>\n\n\n\n<li>Schloss Benevello<\/li>\n\n\n\n<li>Schloss von Magliano Alfieri<\/li>\n\n\n\n<li>Mango Schloss<\/li>\n\n\n\n<li>Schloss Monticello d&#8217;alba<\/li>\n\n\n\n<li>Schloss Monesiglio<\/li>\n\n\n\n<li>Schloss Pralormo<\/li>\n\n\n\n<li>Schloss Roddi<\/li>\n\n\n\n<li>Schloss Prunetto<\/li>\n\n\n\n<li>Schloss Saliceto<\/li>\n<\/ul>\n","protected":false},"excerpt":{"rendered":"<p>Die Burgen, die sich in der Region Langhe und Roero erheben, sind eines der charakteristischen und unverwechselbaren Elemente der Landschaft. Auf den H\u00fcgeln, die die D\u00f6rfer des unteren Piemonts beherbergen, haben die Schl\u00f6sser seit Jahrhunderten zum Image und zur Identit\u00e4t der einzelnen Gemeinden und des gesamten Gebiets beigetragen. Einige von ihnen zeichnen sich durch einen [&hellip;]<\/p>\n","protected":false},"author":152,"featured_media":4242,"parent":5084,"menu_order":3,"comment_status":"open","ping_status":"closed","template":"","meta":{"_acf_changed":false,"_monsterinsights_skip_tracking":false,"_monsterinsights_sitenote_active":false,"_monsterinsights_sitenote_note":"","_monsterinsights_sitenote_category":0,"footnotes":""},"class_list":["post-5224","page","type-page","status-publish","has-post-thumbnail","hentry"],"yoast_head":"<!-- This site is optimized with the Yoast SEO plugin v27.2 - https:\/\/yoast.com\/product\/yoast-seo-wordpress\/ -->\n<title>Schl\u00f6sser der Langhe - Hotel in Centro Ad Alba - I Castelli<\/title>\n<meta name=\"description\" content=\"Die Burgen, die sich in der Region Langhe und Roero erheben, sind eines der charakteristischen und unverwechselbaren Elemente der Landschaft. Auf den\" \/>\n<meta name=\"robots\" content=\"index, follow, max-snippet:-1, max-image-preview:large, max-video-preview:-1\" \/>\n<link rel=\"canonical\" href=\"https:\/\/hotel-icastelli.com\/de\/tourismus\/schloesser-der-langhe\/\" \/>\n<meta property=\"og:locale\" content=\"de_DE\" \/>\n<meta property=\"og:type\" content=\"article\" \/>\n<meta property=\"og:title\" content=\"Schl\u00f6sser der Langhe - Hotel in Centro Ad Alba - I Castelli\" \/>\n<meta property=\"og:description\" content=\"Die Burgen, die sich in der Region Langhe und Roero erheben, sind eines der charakteristischen und unverwechselbaren Elemente der Landschaft. Auf den\" \/>\n<meta property=\"og:url\" content=\"https:\/\/hotel-icastelli.com\/de\/tourismus\/schloesser-der-langhe\/\" \/>\n<meta property=\"og:site_name\" content=\"I Castelli\" \/>\n<meta property=\"article:modified_time\" content=\"2025-05-15T13:16:41+00:00\" \/>\n<meta property=\"og:image\" content=\"https:\/\/hotel-icastelli.com\/files\/2025\/03\/40x170-2.jpg\" \/>\n\t<meta property=\"og:image:width\" content=\"1024\" \/>\n\t<meta property=\"og:image:height\" content=\"241\" \/>\n\t<meta property=\"og:image:type\" content=\"image\/jpeg\" \/>\n<meta name=\"twitter:card\" content=\"summary_large_image\" \/>\n<meta name=\"twitter:label1\" content=\"Gesch\u00e4tzte Lesezeit\" \/>\n\t<meta name=\"twitter:data1\" content=\"1\u00a0Minute\" \/>\n<!-- \/ Yoast SEO plugin. -->","yoast_head_json":{"title":"Schl\u00f6sser der Langhe - Hotel in Centro Ad Alba - I Castelli","description":"Die Burgen, die sich in der Region Langhe und Roero erheben, sind eines der charakteristischen und unverwechselbaren Elemente der Landschaft. Auf den","robots":{"index":"index","follow":"follow","max-snippet":"max-snippet:-1","max-image-preview":"max-image-preview:large","max-video-preview":"max-video-preview:-1"},"canonical":"https:\/\/hotel-icastelli.com\/de\/tourismus\/schloesser-der-langhe\/","og_locale":"de_DE","og_type":"article","og_title":"Schl\u00f6sser der Langhe - Hotel in Centro Ad Alba - I Castelli","og_description":"Die Burgen, die sich in der Region Langhe und Roero erheben, sind eines der charakteristischen und unverwechselbaren Elemente der Landschaft. Auf den","og_url":"https:\/\/hotel-icastelli.com\/de\/tourismus\/schloesser-der-langhe\/","og_site_name":"I Castelli","article_modified_time":"2025-05-15T13:16:41+00:00","og_image":[{"width":1024,"height":241,"url":"https:\/\/hotel-icastelli.com\/files\/2025\/03\/40x170-2.jpg","type":"image\/jpeg"}],"twitter_card":"summary_large_image","twitter_misc":{"Gesch\u00e4tzte Lesezeit":"1\u00a0Minute"},"schema":{"@context":"https:\/\/schema.org","@graph":[{"@type":"WebPage","@id":"https:\/\/hotel-icastelli.com\/de\/tourismus\/schloesser-der-langhe\/","url":"https:\/\/hotel-icastelli.com\/de\/tourismus\/schloesser-der-langhe\/","name":"Schl\u00f6sser der Langhe - Hotel in Centro Ad Alba - I Castelli","isPartOf":{"@id":"https:\/\/hotel-icastelli.com\/#website"},"primaryImageOfPage":{"@id":"https:\/\/hotel-icastelli.com\/de\/tourismus\/schloesser-der-langhe\/#primaryimage"},"image":{"@id":"https:\/\/hotel-icastelli.com\/de\/tourismus\/schloesser-der-langhe\/#primaryimage"},"thumbnailUrl":"https:\/\/hotel-icastelli.com\/files\/2025\/03\/40x170-2.jpg","datePublished":"2013-08-28T07:19:56+00:00","dateModified":"2025-05-15T13:16:41+00:00","description":"Die Burgen, die sich in der Region Langhe und Roero erheben, sind eines der charakteristischen und unverwechselbaren Elemente der Landschaft. Auf den","breadcrumb":{"@id":"https:\/\/hotel-icastelli.com\/de\/tourismus\/schloesser-der-langhe\/#breadcrumb"},"inLanguage":"de","potentialAction":[{"@type":"ReadAction","target":["https:\/\/hotel-icastelli.com\/de\/tourismus\/schloesser-der-langhe\/"]}]},{"@type":"ImageObject","inLanguage":"de","@id":"https:\/\/hotel-icastelli.com\/de\/tourismus\/schloesser-der-langhe\/#primaryimage","url":"https:\/\/hotel-icastelli.com\/files\/2025\/03\/40x170-2.jpg","contentUrl":"https:\/\/hotel-icastelli.com\/files\/2025\/03\/40x170-2.jpg","width":1024,"height":241},{"@type":"BreadcrumbList","@id":"https:\/\/hotel-icastelli.com\/de\/tourismus\/schloesser-der-langhe\/#breadcrumb","itemListElement":[{"@type":"ListItem","position":1,"name":"Home","item":"https:\/\/hotel-icastelli.com\/de\/"},{"@type":"ListItem","position":2,"name":"Tourismus","item":"https:\/\/hotel-icastelli.com\/de\/tourismus\/"},{"@type":"ListItem","position":3,"name":"Schl\u00f6sser der Langhe"}]},{"@type":"WebSite","@id":"https:\/\/hotel-icastelli.com\/#website","url":"https:\/\/hotel-icastelli.com\/","name":"I Castelli","description":"Hotel in Centro Ad Alba","publisher":{"@id":"https:\/\/hotel-icastelli.com\/#organization"},"potentialAction":[{"@type":"SearchAction","target":{"@type":"EntryPoint","urlTemplate":"https:\/\/hotel-icastelli.com\/?s={search_term_string}"},"query-input":{"@type":"PropertyValueSpecification","valueRequired":true,"valueName":"search_term_string"}}],"inLanguage":"de"},{"@type":"Organization","@id":"https:\/\/hotel-icastelli.com\/#organization","name":"I Castelli","url":"https:\/\/hotel-icastelli.com\/","logo":{"@type":"ImageObject","inLanguage":"de","@id":"https:\/\/hotel-icastelli.com\/#\/schema\/logo\/image\/","url":"","contentUrl":"","caption":"I Castelli"},"image":{"@id":"https:\/\/hotel-icastelli.com\/#\/schema\/logo\/image\/"}}]}},"acf":[],"_links":{"self":[{"href":"https:\/\/hotel-icastelli.com\/de\/wp-json\/wp\/v2\/pages\/5224","targetHints":{"allow":["GET"]}}],"collection":[{"href":"https:\/\/hotel-icastelli.com\/de\/wp-json\/wp\/v2\/pages"}],"about":[{"href":"https:\/\/hotel-icastelli.com\/de\/wp-json\/wp\/v2\/types\/page"}],"author":[{"embeddable":true,"href":"https:\/\/hotel-icastelli.com\/de\/wp-json\/wp\/v2\/users\/152"}],"replies":[{"embeddable":true,"href":"https:\/\/hotel-icastelli.com\/de\/wp-json\/wp\/v2\/comments?post=5224"}],"version-history":[{"count":0,"href":"https:\/\/hotel-icastelli.com\/de\/wp-json\/wp\/v2\/pages\/5224\/revisions"}],"up":[{"embeddable":true,"href":"https:\/\/hotel-icastelli.com\/de\/wp-json\/wp\/v2\/pages\/5084"}],"wp:featuredmedia":[{"embeddable":true,"href":"https:\/\/hotel-icastelli.com\/de\/wp-json\/wp\/v2\/media\/4242"}],"wp:attachment":[{"href":"https:\/\/hotel-icastelli.com\/de\/wp-json\/wp\/v2\/media?parent=5224"}],"curies":[{"name":"wp","href":"https:\/\/api.w.org\/{rel}","templated":true}]}}