{"id":5232,"date":"2013-08-28T09:20:49","date_gmt":"2013-08-28T07:20:49","guid":{"rendered":"https:\/\/hotel-icastelli.com\/tourismus\/wi-mu-weinmuseum-in-barolo\/"},"modified":"2025-05-07T07:40:29","modified_gmt":"2025-05-07T05:40:29","slug":"wi-mu-weinmuseum-in-barolo","status":"publish","type":"page","link":"https:\/\/hotel-icastelli.com\/de\/tourismus\/wi-mu-weinmuseum-in-barolo\/","title":{"rendered":"Wi-Mu Weinmuseum in Barolo"},"content":{"rendered":"\n<p>Das <strong>WIMU<\/strong> <a href=\"http:\/\/wimubarolo.it\" target=\"_blank\" rel=\"noreferrer noopener\">Weinmuseum<\/a> ist im Schloss des Marquis Falletti di Barolo untergebracht.<\/p>\n\n<p>Die architektonische Kulisse, das <strong>Schloss Falletti<\/strong>, l\u00e4sst die Weinkultur voll zur Geltung kommen.  <\/p>\n\n<p>Der Weinliebhaber, der den Reiz von Qualit\u00e4tsflaschen zu sch\u00e4tzen wei\u00df, m\u00f6chte die Geschichte des Weins kennenlernen, die Herstellungstechniken erlernen, die Besonderheiten des Gebiets verstehen&#8230; und daf\u00fcr ist er auch bereit zu reisen. Um ein Weintourist zu werden. <\/p>\n\n<p>Um ihn auf dieser Reise zu begleiten, hat <strong>Fran\u00e7ois Confino<\/strong>, der Sch\u00f6pfer und Kurator des Museums, einen Rundgang konzipiert, der wissenschaftliche und poetische Dimensionen miteinander verwebt und den Besucher dazu anleitet, diese Realit\u00e4t zu entdecken.  <\/p>\n\n<p>Die Tour ist wie ein <strong>Abstieg in die Tiefen der Weinkultur<\/strong> strukturiert: Die Suggestion, in die Geheimnisse und Mythen der Frucht des Bacchus einzutauchen, entspricht dem physischen Gef\u00fchl, das Herz des Falletti-Schlosses zu erreichen, indem man der Tourroute vom dritten Stock bis zu den halb unterirdischen Ebenen folgt.  <\/p>\n\n<p>Einfache Ideen, die sich gegenseitig jagen, eine nach der anderen entr\u00e4tseln, eingebettet in eine<strong>multisensorische Erfahrung<\/strong>.  <\/p>\n\n<p>Lichteffekte, Fresken und Geschichten, <strong>Multimedia-Tafeln<\/strong> und <strong>Weinproben in der Vinothek<\/strong> machen Ihren Besuch zu einem unvergesslichen Erlebnis.<\/p>\n","protected":false},"excerpt":{"rendered":"<p>Das WIMU Weinmuseum ist im Schloss des Marquis Falletti di Barolo untergebracht. Die architektonische Kulisse, das Schloss Falletti, l\u00e4sst die Weinkultur voll zur Geltung kommen. Der Weinliebhaber, der den Reiz von Qualit\u00e4tsflaschen zu sch\u00e4tzen wei\u00df, m\u00f6chte die Geschichte des Weins kennenlernen, die Herstellungstechniken erlernen, die Besonderheiten des Gebiets verstehen&#8230; und daf\u00fcr ist er auch bereit [&hellip;]<\/p>\n","protected":false},"author":152,"featured_media":4254,"parent":5084,"menu_order":4,"comment_status":"open","ping_status":"closed","template":"","meta":{"_acf_changed":false,"_monsterinsights_skip_tracking":false,"_monsterinsights_sitenote_active":false,"_monsterinsights_sitenote_note":"","_monsterinsights_sitenote_category":0,"footnotes":""},"class_list":["post-5232","page","type-page","status-publish","has-post-thumbnail","hentry"],"yoast_head":"<!-- This site is optimized with the Yoast SEO plugin v27.2 - https:\/\/yoast.com\/product\/yoast-seo-wordpress\/ -->\n<title>Wi-Mu Weinmuseum in Barolo - Hotel in Centro Ad Alba - I Castelli<\/title>\n<meta name=\"description\" content=\"Das WIMU Weinmuseum ist im Schloss des Marquis Falletti di Barolo untergebracht. Die architektonische Kulisse, das Schloss Falletti, l\u00e4sst die Weinkultur\" \/>\n<meta name=\"robots\" content=\"index, follow, max-snippet:-1, max-image-preview:large, max-video-preview:-1\" \/>\n<link rel=\"canonical\" href=\"https:\/\/hotel-icastelli.com\/de\/tourismus\/wi-mu-weinmuseum-in-barolo\/\" \/>\n<meta property=\"og:locale\" content=\"de_DE\" \/>\n<meta property=\"og:type\" content=\"article\" \/>\n<meta property=\"og:title\" content=\"Wi-Mu Weinmuseum in Barolo - Hotel in Centro Ad Alba - I Castelli\" \/>\n<meta property=\"og:description\" content=\"Das WIMU Weinmuseum ist im Schloss des Marquis Falletti di Barolo untergebracht. Die architektonische Kulisse, das Schloss Falletti, l\u00e4sst die Weinkultur\" \/>\n<meta property=\"og:url\" content=\"https:\/\/hotel-icastelli.com\/de\/tourismus\/wi-mu-weinmuseum-in-barolo\/\" \/>\n<meta property=\"og:site_name\" content=\"I Castelli\" \/>\n<meta property=\"article:modified_time\" content=\"2025-05-07T05:40:29+00:00\" \/>\n<meta property=\"og:image\" content=\"https:\/\/hotel-icastelli.com\/files\/2025\/03\/wimu.jpg\" \/>\n\t<meta property=\"og:image:width\" content=\"550\" \/>\n\t<meta property=\"og:image:height\" content=\"308\" \/>\n\t<meta property=\"og:image:type\" content=\"image\/jpeg\" \/>\n<meta name=\"twitter:card\" content=\"summary_large_image\" \/>\n<meta name=\"twitter:label1\" content=\"Gesch\u00e4tzte Lesezeit\" \/>\n\t<meta name=\"twitter:data1\" content=\"1\u00a0Minute\" \/>\n<!-- \/ Yoast SEO plugin. -->","yoast_head_json":{"title":"Wi-Mu Weinmuseum in Barolo - Hotel in Centro Ad Alba - I Castelli","description":"Das WIMU Weinmuseum ist im Schloss des Marquis Falletti di Barolo untergebracht. Die architektonische Kulisse, das Schloss Falletti, l\u00e4sst die Weinkultur","robots":{"index":"index","follow":"follow","max-snippet":"max-snippet:-1","max-image-preview":"max-image-preview:large","max-video-preview":"max-video-preview:-1"},"canonical":"https:\/\/hotel-icastelli.com\/de\/tourismus\/wi-mu-weinmuseum-in-barolo\/","og_locale":"de_DE","og_type":"article","og_title":"Wi-Mu Weinmuseum in Barolo - Hotel in Centro Ad Alba - I Castelli","og_description":"Das WIMU Weinmuseum ist im Schloss des Marquis Falletti di Barolo untergebracht. Die architektonische Kulisse, das Schloss Falletti, l\u00e4sst die Weinkultur","og_url":"https:\/\/hotel-icastelli.com\/de\/tourismus\/wi-mu-weinmuseum-in-barolo\/","og_site_name":"I Castelli","article_modified_time":"2025-05-07T05:40:29+00:00","og_image":[{"width":550,"height":308,"url":"https:\/\/hotel-icastelli.com\/files\/2025\/03\/wimu.jpg","type":"image\/jpeg"}],"twitter_card":"summary_large_image","twitter_misc":{"Gesch\u00e4tzte Lesezeit":"1\u00a0Minute"},"schema":{"@context":"https:\/\/schema.org","@graph":[{"@type":"WebPage","@id":"https:\/\/hotel-icastelli.com\/de\/tourismus\/wi-mu-weinmuseum-in-barolo\/","url":"https:\/\/hotel-icastelli.com\/de\/tourismus\/wi-mu-weinmuseum-in-barolo\/","name":"Wi-Mu Weinmuseum in Barolo - Hotel in Centro Ad Alba - I Castelli","isPartOf":{"@id":"https:\/\/hotel-icastelli.com\/#website"},"primaryImageOfPage":{"@id":"https:\/\/hotel-icastelli.com\/de\/tourismus\/wi-mu-weinmuseum-in-barolo\/#primaryimage"},"image":{"@id":"https:\/\/hotel-icastelli.com\/de\/tourismus\/wi-mu-weinmuseum-in-barolo\/#primaryimage"},"thumbnailUrl":"https:\/\/hotel-icastelli.com\/files\/2025\/03\/wimu.jpg","datePublished":"2013-08-28T07:20:49+00:00","dateModified":"2025-05-07T05:40:29+00:00","description":"Das WIMU Weinmuseum ist im Schloss des Marquis Falletti di Barolo untergebracht. Die architektonische Kulisse, das Schloss Falletti, l\u00e4sst die Weinkultur","breadcrumb":{"@id":"https:\/\/hotel-icastelli.com\/de\/tourismus\/wi-mu-weinmuseum-in-barolo\/#breadcrumb"},"inLanguage":"de","potentialAction":[{"@type":"ReadAction","target":["https:\/\/hotel-icastelli.com\/de\/tourismus\/wi-mu-weinmuseum-in-barolo\/"]}]},{"@type":"ImageObject","inLanguage":"de","@id":"https:\/\/hotel-icastelli.com\/de\/tourismus\/wi-mu-weinmuseum-in-barolo\/#primaryimage","url":"https:\/\/hotel-icastelli.com\/files\/2025\/03\/wimu.jpg","contentUrl":"https:\/\/hotel-icastelli.com\/files\/2025\/03\/wimu.jpg","width":550,"height":308},{"@type":"BreadcrumbList","@id":"https:\/\/hotel-icastelli.com\/de\/tourismus\/wi-mu-weinmuseum-in-barolo\/#breadcrumb","itemListElement":[{"@type":"ListItem","position":1,"name":"Home","item":"https:\/\/hotel-icastelli.com\/de\/"},{"@type":"ListItem","position":2,"name":"Tourismus","item":"https:\/\/hotel-icastelli.com\/de\/tourismus\/"},{"@type":"ListItem","position":3,"name":"Wi-Mu Weinmuseum in Barolo"}]},{"@type":"WebSite","@id":"https:\/\/hotel-icastelli.com\/#website","url":"https:\/\/hotel-icastelli.com\/","name":"I Castelli","description":"Hotel in Centro Ad Alba","publisher":{"@id":"https:\/\/hotel-icastelli.com\/#organization"},"potentialAction":[{"@type":"SearchAction","target":{"@type":"EntryPoint","urlTemplate":"https:\/\/hotel-icastelli.com\/?s={search_term_string}"},"query-input":{"@type":"PropertyValueSpecification","valueRequired":true,"valueName":"search_term_string"}}],"inLanguage":"de"},{"@type":"Organization","@id":"https:\/\/hotel-icastelli.com\/#organization","name":"I Castelli","url":"https:\/\/hotel-icastelli.com\/","logo":{"@type":"ImageObject","inLanguage":"de","@id":"https:\/\/hotel-icastelli.com\/#\/schema\/logo\/image\/","url":"","contentUrl":"","caption":"I Castelli"},"image":{"@id":"https:\/\/hotel-icastelli.com\/#\/schema\/logo\/image\/"}}]}},"acf":[],"_links":{"self":[{"href":"https:\/\/hotel-icastelli.com\/de\/wp-json\/wp\/v2\/pages\/5232","targetHints":{"allow":["GET"]}}],"collection":[{"href":"https:\/\/hotel-icastelli.com\/de\/wp-json\/wp\/v2\/pages"}],"about":[{"href":"https:\/\/hotel-icastelli.com\/de\/wp-json\/wp\/v2\/types\/page"}],"author":[{"embeddable":true,"href":"https:\/\/hotel-icastelli.com\/de\/wp-json\/wp\/v2\/users\/152"}],"replies":[{"embeddable":true,"href":"https:\/\/hotel-icastelli.com\/de\/wp-json\/wp\/v2\/comments?post=5232"}],"version-history":[{"count":0,"href":"https:\/\/hotel-icastelli.com\/de\/wp-json\/wp\/v2\/pages\/5232\/revisions"}],"up":[{"embeddable":true,"href":"https:\/\/hotel-icastelli.com\/de\/wp-json\/wp\/v2\/pages\/5084"}],"wp:featuredmedia":[{"embeddable":true,"href":"https:\/\/hotel-icastelli.com\/de\/wp-json\/wp\/v2\/media\/4254"}],"wp:attachment":[{"href":"https:\/\/hotel-icastelli.com\/de\/wp-json\/wp\/v2\/media?parent=5232"}],"curies":[{"name":"wp","href":"https:\/\/api.w.org\/{rel}","templated":true}]}}