{"id":5276,"date":"2013-08-28T09:22:41","date_gmt":"2013-08-28T07:22:41","guid":{"rendered":"https:\/\/hotel-icastelli.com\/tourismus\/alba-und-die-internationale-messe-fuer-weisse-trueffel\/"},"modified":"2025-05-07T07:40:38","modified_gmt":"2025-05-07T05:40:38","slug":"alba-und-die-internationale-messe-fuer-weisse-trueffel","status":"publish","type":"page","link":"https:\/\/hotel-icastelli.com\/de\/tourismus\/alba-und-die-internationale-messe-fuer-weisse-trueffel\/","title":{"rendered":"Alba und die Internationale Messe f\u00fcr Wei\u00dfe Tr\u00fcffel"},"content":{"rendered":"\n<p>Alba, eine Stadt mit r\u00f6mischen Urspr\u00fcngen, ist die K\u00f6nigin der Langhe und des Roero. Auf der langen, lebhaften Via Vittorio Emanuele, einem privilegierten Ort zum Flanieren, gibt es elegante Gesch\u00e4fte und wichtige historische Geb\u00e4ude und Kirchen aus jeder Epoche. Vergessen Sie nicht, dass jeden Samstag zwischen den mittelalterlichen H\u00e4usern im historischen Zentrum ein Markt mit Hunderten von St\u00e4nden stattfindet, ein gro\u00dfer Basar mit Unterhaltung und Folklore.  <\/p>\n\n<p>Albas gro\u00dfes Gl\u00fcck ist der Wei\u00dfe Tr\u00fcffel, dessen charakteristischer Duft von Oktober bis November die ganze Stadt durchdringt, vor allem aber in der Galleria della Maddalena, wo sich K\u00e4ufer aus aller Welt auf ein Spiel des lohnenden Austauschs einlassen. Das Ritual des Feilschens um den <strong><em>Tuber magnatum<\/em> Pico <\/strong>, bei dem der Geruchssinn eine wichtige Rolle spielt, ist aufregend, denn jeder Trifulau hat geduldig zahlreiche Wege unter dem Mondlicht mit Hilfe eines gut ausgebildeten Hundes zur\u00fcckgelegt. <\/p>\n\n<p>Das wichtigste Ereignis ist jedes Jahr die <strong>Internationale Messe f\u00fcr Wei\u00dfe Tr\u00fcffel<\/strong>, die im Oktober beginnt und im November endet und die Alba zur Tr\u00fcffelhauptstadt der Welt gemacht hat. Die Stadt wird von Massen von Touristen besucht, nicht nur von Italienern, sondern auch von vielen Deutschen und Briten, ganz zu schweigen von ein paar Gruppen von Japanern und Amerikanern. Es gibt etwa hundert Ausstellungsst\u00e4nde, und der Hof von Maddalena wird in ein Wohnzimmer verwandelt, in dem man wei\u00dfe Tr\u00fcffel bewundern, riechen und kaufen kann, ganz zu schweigen von all den anderen Qualit\u00e4tsprodukten wie Salami, Wein, Honig und K\u00e4se, die in unserer Gegend hergestellt werden. Kurzum, eine Geschmacksmesse, die f\u00fcr Qualit\u00e4t, aber vor allem f\u00fcr Tradition, Geschichte und authentischen Geschmack steht.   <\/p>\n\n<p>Alba beginnt das Tr\u00fcffelfest mit dem <strong>Eselpalio<\/strong> oder dem Ciuchini-Rennen, den sch\u00f6nen Eseln, die Alba zur einzigartigsten Palio-Stadt der Welt machen. Es gibt neun D\u00f6rfer in der Stadt und von Jahr zu Jahr bereiten sie sich auf den Wettbewerb vor, bei dem das beste Dorf den Sieg bei der Parade und dem Rennen erringt. Die <strong>mittelalterliche Parade<\/strong> mit mehr als tausend Teilnehmern in typischer Tracht schl\u00e4ngelt sich durch die Stra\u00dfen der Stadt und endet in der Palio-Arena, kurz vor dem Start des Eselrennens. Ein Erlebnis, an das sich die Touristen noch lange erinnern werden.   <\/p>\n\n<p>Die Messe schlie\u00dft mit der<strong>Weltauktion<\/strong> <strong>der wei\u00dfen<\/strong><strong>Tr\u00fcffel<\/strong> ab, die 1999 ins Leben gerufen wurde. Hauptveranstaltungsort ist die Sala delle Maschere (Saal der Masken) im Schloss von Grinzane Cavour, die \u00fcber eine Satellitenverbindung live mit zwei anderen Orten in der Welt kommuniziert (bei fr\u00fcheren Ausgaben waren dies Hongkong, Moskau, Las Vegas, London, Tokio, New York und Los Angeles). Seit dem ersten Jahr hat sich die Veranstaltung zu einem internationalen Ereignis entwickelt, das den Bekanntheitsgrad der Wei\u00dfen Tr\u00fcffel von Alba in Italien und im Ausland steigern soll.  <\/p>\n\n<p><a href=\"https:\/\/langhe.net\/etags\/fiera-tartufo-alba\/\">Klicken Sie hier, um den aktualisierten Kalender der Messe Wei\u00dfe Tr\u00fcffel von Alba zu sehen.<\/a><\/p>\n\n<figure class=\"wp-block-image size-landscape_lg\"><img loading=\"lazy\" decoding=\"async\" width=\"680\" height=\"875\" src=\"https:\/\/hotel-icastelli.com\/files\/2025\/03\/Fotolia_5694792_XL-680x875.jpg\" alt=\"\" class=\"wp-image-3530\"\/><\/figure>\n\n<p>In Alba bietet das Teatro Sociale Giorgio Busca ein reichhaltiges Theater-, Opern- und Unterhaltungsprogramm, das arch\u00e4ologische Museum F. Eusebio, die Kathedrale und die romanische Kirche San Domenico, neben anderen Sehensw\u00fcrdigkeiten.<\/p>\n\n<p>Die <a href=\"http:\/\/www.fondazioneferrero.it\/\">Ferrero-Stiftung<\/a>, die nur wenige Schritte vom Hotel entfernt ist, veranstaltet Ausstellungen von internationaler Bedeutung.<\/p>\n\n<p>F\u00fcr alle Touristen, die sich in den Langhe und im Roero aufhalten, bieten alle D\u00f6rfer fortlaufend kulinarische und weinkundliche Veranstaltungen an; die aktuelle Liste finden Sie auf der Website Langhe <a href=\"https:\/\/www.langhe-experience.it\/it\/\">Experience<\/a> und auf <a href=\"https:\/\/langhe.net\/eventi\/\">LoveLanghe<\/a>.<\/p>\n","protected":false},"excerpt":{"rendered":"<p>Alba, eine Stadt mit r\u00f6mischen Urspr\u00fcngen, ist die K\u00f6nigin der Langhe und des Roero. Auf der langen, lebhaften Via Vittorio Emanuele, einem privilegierten Ort zum Flanieren, gibt es elegante Gesch\u00e4fte und wichtige historische Geb\u00e4ude und Kirchen aus jeder Epoche. Vergessen Sie nicht, dass jeden Samstag zwischen den mittelalterlichen H\u00e4usern im historischen Zentrum ein Markt mit [&hellip;]<\/p>\n","protected":false},"author":152,"featured_media":4266,"parent":5084,"menu_order":5,"comment_status":"open","ping_status":"closed","template":"","meta":{"_acf_changed":false,"_monsterinsights_skip_tracking":false,"_monsterinsights_sitenote_active":false,"_monsterinsights_sitenote_note":"","_monsterinsights_sitenote_category":0,"footnotes":""},"class_list":["post-5276","page","type-page","status-publish","has-post-thumbnail","hentry"],"yoast_head":"<!-- This site is optimized with the Yoast SEO plugin v27.2 - https:\/\/yoast.com\/product\/yoast-seo-wordpress\/ -->\n<title>Alba und die Internationale Messe f\u00fcr Wei\u00dfe Tr\u00fcffel - Hotel in Centro Ad Alba - I Castelli<\/title>\n<meta name=\"description\" content=\"Alba, eine Stadt mit r\u00f6mischen Urspr\u00fcngen, ist die K\u00f6nigin der Langhe und des Roero. Auf der langen, lebhaften Via Vittorio Emanuele, einem privilegierten\" \/>\n<meta name=\"robots\" content=\"index, follow, max-snippet:-1, max-image-preview:large, max-video-preview:-1\" \/>\n<link rel=\"canonical\" href=\"https:\/\/hotel-icastelli.com\/de\/tourismus\/alba-und-die-internationale-messe-fuer-weisse-trueffel\/\" \/>\n<meta property=\"og:locale\" content=\"de_DE\" \/>\n<meta property=\"og:type\" content=\"article\" \/>\n<meta property=\"og:title\" content=\"Alba und die Internationale Messe f\u00fcr Wei\u00dfe Tr\u00fcffel - Hotel in Centro Ad Alba - I Castelli\" \/>\n<meta property=\"og:description\" content=\"Alba, eine Stadt mit r\u00f6mischen Urspr\u00fcngen, ist die K\u00f6nigin der Langhe und des Roero. Auf der langen, lebhaften Via Vittorio Emanuele, einem privilegierten\" \/>\n<meta property=\"og:url\" content=\"https:\/\/hotel-icastelli.com\/de\/tourismus\/alba-und-die-internationale-messe-fuer-weisse-trueffel\/\" \/>\n<meta property=\"og:site_name\" content=\"I Castelli\" \/>\n<meta property=\"article:modified_time\" content=\"2025-05-07T05:40:38+00:00\" \/>\n<meta property=\"og:image\" content=\"https:\/\/hotel-icastelli.com\/files\/2025\/03\/tartufi.jpg\" \/>\n\t<meta property=\"og:image:width\" content=\"901\" \/>\n\t<meta property=\"og:image:height\" content=\"281\" \/>\n\t<meta property=\"og:image:type\" content=\"image\/jpeg\" \/>\n<meta name=\"twitter:card\" content=\"summary_large_image\" \/>\n<meta name=\"twitter:label1\" content=\"Gesch\u00e4tzte Lesezeit\" \/>\n\t<meta name=\"twitter:data1\" content=\"3\u00a0Minuten\" \/>\n<!-- \/ Yoast SEO plugin. -->","yoast_head_json":{"title":"Alba und die Internationale Messe f\u00fcr Wei\u00dfe Tr\u00fcffel - Hotel in Centro Ad Alba - I Castelli","description":"Alba, eine Stadt mit r\u00f6mischen Urspr\u00fcngen, ist die K\u00f6nigin der Langhe und des Roero. Auf der langen, lebhaften Via Vittorio Emanuele, einem privilegierten","robots":{"index":"index","follow":"follow","max-snippet":"max-snippet:-1","max-image-preview":"max-image-preview:large","max-video-preview":"max-video-preview:-1"},"canonical":"https:\/\/hotel-icastelli.com\/de\/tourismus\/alba-und-die-internationale-messe-fuer-weisse-trueffel\/","og_locale":"de_DE","og_type":"article","og_title":"Alba und die Internationale Messe f\u00fcr Wei\u00dfe Tr\u00fcffel - Hotel in Centro Ad Alba - I Castelli","og_description":"Alba, eine Stadt mit r\u00f6mischen Urspr\u00fcngen, ist die K\u00f6nigin der Langhe und des Roero. Auf der langen, lebhaften Via Vittorio Emanuele, einem privilegierten","og_url":"https:\/\/hotel-icastelli.com\/de\/tourismus\/alba-und-die-internationale-messe-fuer-weisse-trueffel\/","og_site_name":"I Castelli","article_modified_time":"2025-05-07T05:40:38+00:00","og_image":[{"width":901,"height":281,"url":"https:\/\/hotel-icastelli.com\/files\/2025\/03\/tartufi.jpg","type":"image\/jpeg"}],"twitter_card":"summary_large_image","twitter_misc":{"Gesch\u00e4tzte Lesezeit":"3\u00a0Minuten"},"schema":{"@context":"https:\/\/schema.org","@graph":[{"@type":"WebPage","@id":"https:\/\/hotel-icastelli.com\/de\/tourismus\/alba-und-die-internationale-messe-fuer-weisse-trueffel\/","url":"https:\/\/hotel-icastelli.com\/de\/tourismus\/alba-und-die-internationale-messe-fuer-weisse-trueffel\/","name":"Alba und die Internationale Messe f\u00fcr Wei\u00dfe Tr\u00fcffel - Hotel in Centro Ad Alba - I Castelli","isPartOf":{"@id":"https:\/\/hotel-icastelli.com\/#website"},"primaryImageOfPage":{"@id":"https:\/\/hotel-icastelli.com\/de\/tourismus\/alba-und-die-internationale-messe-fuer-weisse-trueffel\/#primaryimage"},"image":{"@id":"https:\/\/hotel-icastelli.com\/de\/tourismus\/alba-und-die-internationale-messe-fuer-weisse-trueffel\/#primaryimage"},"thumbnailUrl":"https:\/\/hotel-icastelli.com\/files\/2025\/03\/tartufi.jpg","datePublished":"2013-08-28T07:22:41+00:00","dateModified":"2025-05-07T05:40:38+00:00","description":"Alba, eine Stadt mit r\u00f6mischen Urspr\u00fcngen, ist die K\u00f6nigin der Langhe und des Roero. Auf der langen, lebhaften Via Vittorio Emanuele, einem privilegierten","breadcrumb":{"@id":"https:\/\/hotel-icastelli.com\/de\/tourismus\/alba-und-die-internationale-messe-fuer-weisse-trueffel\/#breadcrumb"},"inLanguage":"de","potentialAction":[{"@type":"ReadAction","target":["https:\/\/hotel-icastelli.com\/de\/tourismus\/alba-und-die-internationale-messe-fuer-weisse-trueffel\/"]}]},{"@type":"ImageObject","inLanguage":"de","@id":"https:\/\/hotel-icastelli.com\/de\/tourismus\/alba-und-die-internationale-messe-fuer-weisse-trueffel\/#primaryimage","url":"https:\/\/hotel-icastelli.com\/files\/2025\/03\/tartufi.jpg","contentUrl":"https:\/\/hotel-icastelli.com\/files\/2025\/03\/tartufi.jpg","width":901,"height":281},{"@type":"BreadcrumbList","@id":"https:\/\/hotel-icastelli.com\/de\/tourismus\/alba-und-die-internationale-messe-fuer-weisse-trueffel\/#breadcrumb","itemListElement":[{"@type":"ListItem","position":1,"name":"Home","item":"https:\/\/hotel-icastelli.com\/de\/"},{"@type":"ListItem","position":2,"name":"Tourismus","item":"https:\/\/hotel-icastelli.com\/de\/tourismus\/"},{"@type":"ListItem","position":3,"name":"Alba und die Internationale Messe f\u00fcr Wei\u00dfe Tr\u00fcffel"}]},{"@type":"WebSite","@id":"https:\/\/hotel-icastelli.com\/#website","url":"https:\/\/hotel-icastelli.com\/","name":"I Castelli","description":"Hotel in Centro Ad Alba","publisher":{"@id":"https:\/\/hotel-icastelli.com\/#organization"},"potentialAction":[{"@type":"SearchAction","target":{"@type":"EntryPoint","urlTemplate":"https:\/\/hotel-icastelli.com\/?s={search_term_string}"},"query-input":{"@type":"PropertyValueSpecification","valueRequired":true,"valueName":"search_term_string"}}],"inLanguage":"de"},{"@type":"Organization","@id":"https:\/\/hotel-icastelli.com\/#organization","name":"I Castelli","url":"https:\/\/hotel-icastelli.com\/","logo":{"@type":"ImageObject","inLanguage":"de","@id":"https:\/\/hotel-icastelli.com\/#\/schema\/logo\/image\/","url":"","contentUrl":"","caption":"I Castelli"},"image":{"@id":"https:\/\/hotel-icastelli.com\/#\/schema\/logo\/image\/"}}]}},"acf":[],"_links":{"self":[{"href":"https:\/\/hotel-icastelli.com\/de\/wp-json\/wp\/v2\/pages\/5276","targetHints":{"allow":["GET"]}}],"collection":[{"href":"https:\/\/hotel-icastelli.com\/de\/wp-json\/wp\/v2\/pages"}],"about":[{"href":"https:\/\/hotel-icastelli.com\/de\/wp-json\/wp\/v2\/types\/page"}],"author":[{"embeddable":true,"href":"https:\/\/hotel-icastelli.com\/de\/wp-json\/wp\/v2\/users\/152"}],"replies":[{"embeddable":true,"href":"https:\/\/hotel-icastelli.com\/de\/wp-json\/wp\/v2\/comments?post=5276"}],"version-history":[{"count":0,"href":"https:\/\/hotel-icastelli.com\/de\/wp-json\/wp\/v2\/pages\/5276\/revisions"}],"up":[{"embeddable":true,"href":"https:\/\/hotel-icastelli.com\/de\/wp-json\/wp\/v2\/pages\/5084"}],"wp:featuredmedia":[{"embeddable":true,"href":"https:\/\/hotel-icastelli.com\/de\/wp-json\/wp\/v2\/media\/4266"}],"wp:attachment":[{"href":"https:\/\/hotel-icastelli.com\/de\/wp-json\/wp\/v2\/media?parent=5276"}],"curies":[{"name":"wp","href":"https:\/\/api.w.org\/{rel}","templated":true}]}}