{"id":5288,"date":"2013-08-28T09:23:40","date_gmt":"2013-08-28T07:23:40","guid":{"rendered":"https:\/\/hotel-icastelli.com\/tourismus\/turin\/"},"modified":"2025-05-15T15:17:38","modified_gmt":"2025-05-15T13:17:38","slug":"turin","status":"publish","type":"page","link":"https:\/\/hotel-icastelli.com\/de\/tourismus\/turin\/","title":{"rendered":"Turin"},"content":{"rendered":"\n<p>Etwa eine Autostunde entfernt ist <strong>Turin<\/strong> auf jeden Fall einen Besuch wert, denn die <strong>erste Hauptstadt Italiens<\/strong> feierte 2011 den 150. Jahrestag der Wiedervereinigung Italiens und war 2006 Gastgeber der <strong>Olympischen Winterspiele<\/strong>.<\/p>\n\n<p>Wenn Sie Turin zum ersten Mal besuchen, ist eine Tour durch die Altstadt ein Muss. Sie k\u00f6nnen mit dem <strong>Palazzo Madama<\/strong>, dem <strong>Teatro Regio<\/strong>, dem <strong>K\u00f6nigspalast <\/strong>(k\u00f6niglicher Palast der Savoyer bis 1865), der<strong>k\u00f6niglichen Waffenkammer<\/strong> und dem<strong> Museum des Risorgimento<\/strong> mit Originalparlamenten aus dem 19. <\/p>\n\n<p>Nicht weit entfernt, entlang des Po, liegt das <strong>Castello del Valentino<\/strong> mit seiner raffinierten Geometrie im franz\u00f6sischen Stil, umgeben von dem gleichnamigen Park.  <\/p>\n\n<p>F\u00fcr den besten Blick auf die Stadt und die umliegenden Berge gibt es nichts Besseres als einen aufregenden Aufstieg auf die Spitze der <strong>Mole Antonelliana<\/strong>, an Bord des Panoramaaufzugs mit transparenten W\u00e4nden, in dem sich auch das <strong>Kinomuseum<\/strong> befindet.  <\/p>\n\n<p>Dieses elegante Geb\u00e4ude ist so etwas wie ein Wahrzeichen der Stadt. Mit einer H\u00f6he von 167,5 Metern ist es das zweith\u00f6chste Geb\u00e4ude in Italien.   <\/p>\n\n<p>Kulturell gesehen ist ein Besuch im <strong>\u00c4gyptischen Museum<\/strong> ein Muss, ebenso wie im <strong>MAO Museum f\u00fcr Orientalische Kunst<\/strong>, das 2009 im Palazzo Mazzonis er\u00f6ffnet wurde.<\/p>\n\n<p>Nur wenige Kilometer entfernt befindet sich die <strong>Venaria Reale<\/strong>, die von der UNESCO zum <strong>Weltkulturerbe<\/strong> erkl\u00e4rt wurde und im Zentrum des Rundgangs der piemontesischen K\u00f6nigsresidenzen liegt.<\/p>\n\n<figure class=\"wp-block-gallery has-nested-images columns-4 is-cropped wp-block-gallery-1\">\n<figure class=\"wp-block-image size-thumbnail\"><a href=\"https:\/\/hotel-icastelli.com\/files\/2025\/03\/porta-palatina-150x150.jpg\"><img loading=\"lazy\" decoding=\"async\" width=\"150\" height=\"150\" data-id=\"3544\" src=\"https:\/\/hotel-icastelli.com\/files\/2025\/03\/porta-palatina-150x150.jpg\" alt=\"\" class=\"wp-image-3544\" srcset=\"https:\/\/hotel-icastelli.com\/files\/2025\/03\/porta-palatina-150x150.jpg 150w, https:\/\/hotel-icastelli.com\/files\/2025\/03\/porta-palatina-600x600.jpg 600w, https:\/\/hotel-icastelli.com\/files\/2025\/03\/porta-palatina-350x350.jpg 350w\" sizes=\"auto, (max-width: 150px) 100vw, 150px\" \/><\/a><\/figure>\n\n\n\n<figure class=\"wp-block-image size-thumbnail\"><a href=\"https:\/\/hotel-icastelli.com\/files\/2025\/03\/torino-150x150.jpg\"><img loading=\"lazy\" decoding=\"async\" width=\"150\" height=\"150\" data-id=\"3546\" src=\"https:\/\/hotel-icastelli.com\/files\/2025\/03\/torino-150x150.jpg\" alt=\"\" class=\"wp-image-3546\" srcset=\"https:\/\/hotel-icastelli.com\/files\/2025\/03\/torino-150x150.jpg 150w, https:\/\/hotel-icastelli.com\/files\/2025\/03\/torino-600x600.jpg 600w, https:\/\/hotel-icastelli.com\/files\/2025\/03\/torino-350x350.jpg 350w\" sizes=\"auto, (max-width: 150px) 100vw, 150px\" \/><\/a><\/figure>\n\n\n\n<figure class=\"wp-block-image size-thumbnail\"><a href=\"https:\/\/hotel-icastelli.com\/files\/2025\/03\/reggia-venaria-reale-150x150.jpg\"><img loading=\"lazy\" decoding=\"async\" width=\"150\" height=\"150\" data-id=\"3542\" src=\"https:\/\/hotel-icastelli.com\/files\/2025\/03\/reggia-venaria-reale-150x150.jpg\" alt=\"\" class=\"wp-image-3542\" srcset=\"https:\/\/hotel-icastelli.com\/files\/2025\/03\/reggia-venaria-reale-150x150.jpg 150w, https:\/\/hotel-icastelli.com\/files\/2025\/03\/reggia-venaria-reale-350x350.jpg 350w\" sizes=\"auto, (max-width: 150px) 100vw, 150px\" \/><\/a><\/figure>\n\n\n\n<figure class=\"wp-block-image size-thumbnail\"><a href=\"https:\/\/hotel-icastelli.com\/files\/2025\/03\/museo-egizio-150x150.jpg\"><img loading=\"lazy\" decoding=\"async\" width=\"150\" height=\"150\" data-id=\"3540\" src=\"https:\/\/hotel-icastelli.com\/files\/2025\/03\/museo-egizio-150x150.jpg\" alt=\"\" class=\"wp-image-3540\" srcset=\"https:\/\/hotel-icastelli.com\/files\/2025\/03\/museo-egizio-150x150.jpg 150w, https:\/\/hotel-icastelli.com\/files\/2025\/03\/museo-egizio-350x350.jpg 350w\" sizes=\"auto, (max-width: 150px) 100vw, 150px\" \/><\/a><\/figure>\n\n\n\n<figure class=\"wp-block-image size-thumbnail\"><a href=\"https:\/\/hotel-icastelli.com\/files\/2025\/03\/luci-dartista-150x150.jpg\"><img loading=\"lazy\" decoding=\"async\" width=\"150\" height=\"150\" data-id=\"3534\" src=\"https:\/\/hotel-icastelli.com\/files\/2025\/03\/luci-dartista-150x150.jpg\" alt=\"\" class=\"wp-image-3534\" srcset=\"https:\/\/hotel-icastelli.com\/files\/2025\/03\/luci-dartista-150x150.jpg 150w, https:\/\/hotel-icastelli.com\/files\/2025\/03\/luci-dartista-350x350.jpg 350w\" sizes=\"auto, (max-width: 150px) 100vw, 150px\" \/><\/a><\/figure>\n\n\n\n<figure class=\"wp-block-image size-thumbnail\"><a href=\"https:\/\/hotel-icastelli.com\/files\/2025\/03\/museo-del-cinema-150x150.jpg\"><img loading=\"lazy\" decoding=\"async\" width=\"150\" height=\"150\" data-id=\"3536\" src=\"https:\/\/hotel-icastelli.com\/files\/2025\/03\/museo-del-cinema-150x150.jpg\" alt=\"\" class=\"wp-image-3536\" srcset=\"https:\/\/hotel-icastelli.com\/files\/2025\/03\/museo-del-cinema-150x150.jpg 150w, https:\/\/hotel-icastelli.com\/files\/2025\/03\/museo-del-cinema-600x600.jpg 600w, https:\/\/hotel-icastelli.com\/files\/2025\/03\/museo-del-cinema-350x350.jpg 350w\" sizes=\"auto, (max-width: 150px) 100vw, 150px\" \/><\/a><\/figure>\n\n\n\n<figure class=\"wp-block-image size-thumbnail\"><a href=\"https:\/\/hotel-icastelli.com\/files\/2025\/03\/piazza-castello-150x150.jpg\"><img loading=\"lazy\" decoding=\"async\" width=\"150\" height=\"150\" data-id=\"3538\" src=\"https:\/\/hotel-icastelli.com\/files\/2025\/03\/piazza-castello-150x150.jpg\" alt=\"\" class=\"wp-image-3538\" srcset=\"https:\/\/hotel-icastelli.com\/files\/2025\/03\/piazza-castello-150x150.jpg 150w, https:\/\/hotel-icastelli.com\/files\/2025\/03\/piazza-castello-350x350.jpg 350w\" sizes=\"auto, (max-width: 150px) 100vw, 150px\" \/><\/a><\/figure>\n\n\n\n<figure class=\"wp-block-image size-thumbnail\"><a href=\"https:\/\/hotel-icastelli.com\/files\/2025\/03\/piazza-San-Carlo-150x150.jpg\"><img loading=\"lazy\" decoding=\"async\" width=\"150\" height=\"150\" data-id=\"3532\" src=\"https:\/\/hotel-icastelli.com\/files\/2025\/03\/piazza-San-Carlo-150x150.jpg\" alt=\"\" class=\"wp-image-3532\" srcset=\"https:\/\/hotel-icastelli.com\/files\/2025\/03\/piazza-San-Carlo-150x150.jpg 150w, https:\/\/hotel-icastelli.com\/files\/2025\/03\/piazza-San-Carlo-350x350.jpg 350w\" sizes=\"auto, (max-width: 150px) 100vw, 150px\" \/><\/a><\/figure>\n<\/figure>\n","protected":false},"excerpt":{"rendered":"<p>Etwa eine Autostunde entfernt ist Turin auf jeden Fall einen Besuch wert, denn die erste Hauptstadt Italiens feierte 2011 den 150. Jahrestag der Wiedervereinigung Italiens und war 2006 Gastgeber der Olympischen Winterspiele. Wenn Sie Turin zum ersten Mal besuchen, ist eine Tour durch die Altstadt ein Muss. Sie k\u00f6nnen mit dem Palazzo Madama, dem Teatro [&hellip;]<\/p>\n","protected":false},"author":152,"featured_media":4290,"parent":5084,"menu_order":6,"comment_status":"open","ping_status":"closed","template":"","meta":{"_acf_changed":false,"_monsterinsights_skip_tracking":false,"_monsterinsights_sitenote_active":false,"_monsterinsights_sitenote_note":"","_monsterinsights_sitenote_category":0,"footnotes":""},"class_list":["post-5288","page","type-page","status-publish","has-post-thumbnail","hentry"],"yoast_head":"<!-- This site is optimized with the Yoast SEO plugin v27.2 - https:\/\/yoast.com\/product\/yoast-seo-wordpress\/ -->\n<title>Turin - Hotel in Centro Ad Alba - I Castelli<\/title>\n<meta name=\"description\" content=\"Etwa eine Autostunde entfernt ist Turin auf jeden Fall einen Besuch wert, denn die erste Hauptstadt Italiens feierte 2011 den 150. Jahrestag der\" \/>\n<meta name=\"robots\" content=\"index, follow, max-snippet:-1, max-image-preview:large, max-video-preview:-1\" \/>\n<link rel=\"canonical\" href=\"https:\/\/hotel-icastelli.com\/de\/tourismus\/turin\/\" \/>\n<meta property=\"og:locale\" content=\"de_DE\" \/>\n<meta property=\"og:type\" content=\"article\" \/>\n<meta property=\"og:title\" content=\"Turin - Hotel in Centro Ad Alba - I Castelli\" \/>\n<meta property=\"og:description\" content=\"Etwa eine Autostunde entfernt ist Turin auf jeden Fall einen Besuch wert, denn die erste Hauptstadt Italiens feierte 2011 den 150. Jahrestag der\" \/>\n<meta property=\"og:url\" content=\"https:\/\/hotel-icastelli.com\/de\/tourismus\/turin\/\" \/>\n<meta property=\"og:site_name\" content=\"I Castelli\" \/>\n<meta property=\"article:modified_time\" content=\"2025-05-15T13:17:38+00:00\" \/>\n<meta property=\"og:image\" content=\"https:\/\/hotel-icastelli.com\/files\/2025\/03\/piazza-San-Carlo.jpg\" \/>\n\t<meta property=\"og:image:width\" content=\"1000\" \/>\n\t<meta property=\"og:image:height\" content=\"504\" \/>\n\t<meta property=\"og:image:type\" content=\"image\/jpeg\" \/>\n<meta name=\"twitter:card\" content=\"summary_large_image\" \/>\n<meta name=\"twitter:label1\" content=\"Gesch\u00e4tzte Lesezeit\" \/>\n\t<meta name=\"twitter:data1\" content=\"1\u00a0Minute\" \/>\n<!-- \/ Yoast SEO plugin. -->","yoast_head_json":{"title":"Turin - Hotel in Centro Ad Alba - I Castelli","description":"Etwa eine Autostunde entfernt ist Turin auf jeden Fall einen Besuch wert, denn die erste Hauptstadt Italiens feierte 2011 den 150. Jahrestag der","robots":{"index":"index","follow":"follow","max-snippet":"max-snippet:-1","max-image-preview":"max-image-preview:large","max-video-preview":"max-video-preview:-1"},"canonical":"https:\/\/hotel-icastelli.com\/de\/tourismus\/turin\/","og_locale":"de_DE","og_type":"article","og_title":"Turin - Hotel in Centro Ad Alba - I Castelli","og_description":"Etwa eine Autostunde entfernt ist Turin auf jeden Fall einen Besuch wert, denn die erste Hauptstadt Italiens feierte 2011 den 150. Jahrestag der","og_url":"https:\/\/hotel-icastelli.com\/de\/tourismus\/turin\/","og_site_name":"I Castelli","article_modified_time":"2025-05-15T13:17:38+00:00","og_image":[{"width":1000,"height":504,"url":"https:\/\/hotel-icastelli.com\/files\/2025\/03\/piazza-San-Carlo.jpg","type":"image\/jpeg"}],"twitter_card":"summary_large_image","twitter_misc":{"Gesch\u00e4tzte Lesezeit":"1\u00a0Minute"},"schema":{"@context":"https:\/\/schema.org","@graph":[{"@type":"WebPage","@id":"https:\/\/hotel-icastelli.com\/de\/tourismus\/turin\/","url":"https:\/\/hotel-icastelli.com\/de\/tourismus\/turin\/","name":"Turin - Hotel in Centro Ad Alba - I Castelli","isPartOf":{"@id":"https:\/\/hotel-icastelli.com\/#website"},"primaryImageOfPage":{"@id":"https:\/\/hotel-icastelli.com\/de\/tourismus\/turin\/#primaryimage"},"image":{"@id":"https:\/\/hotel-icastelli.com\/de\/tourismus\/turin\/#primaryimage"},"thumbnailUrl":"https:\/\/hotel-icastelli.com\/files\/2025\/03\/piazza-San-Carlo.jpg","datePublished":"2013-08-28T07:23:40+00:00","dateModified":"2025-05-15T13:17:38+00:00","description":"Etwa eine Autostunde entfernt ist Turin auf jeden Fall einen Besuch wert, denn die erste Hauptstadt Italiens feierte 2011 den 150. Jahrestag der","breadcrumb":{"@id":"https:\/\/hotel-icastelli.com\/de\/tourismus\/turin\/#breadcrumb"},"inLanguage":"de","potentialAction":[{"@type":"ReadAction","target":["https:\/\/hotel-icastelli.com\/de\/tourismus\/turin\/"]}]},{"@type":"ImageObject","inLanguage":"de","@id":"https:\/\/hotel-icastelli.com\/de\/tourismus\/turin\/#primaryimage","url":"https:\/\/hotel-icastelli.com\/files\/2025\/03\/piazza-San-Carlo.jpg","contentUrl":"https:\/\/hotel-icastelli.com\/files\/2025\/03\/piazza-San-Carlo.jpg","width":1000,"height":504},{"@type":"BreadcrumbList","@id":"https:\/\/hotel-icastelli.com\/de\/tourismus\/turin\/#breadcrumb","itemListElement":[{"@type":"ListItem","position":1,"name":"Home","item":"https:\/\/hotel-icastelli.com\/de\/"},{"@type":"ListItem","position":2,"name":"Tourismus","item":"https:\/\/hotel-icastelli.com\/de\/tourismus\/"},{"@type":"ListItem","position":3,"name":"Turin"}]},{"@type":"WebSite","@id":"https:\/\/hotel-icastelli.com\/#website","url":"https:\/\/hotel-icastelli.com\/","name":"I Castelli","description":"Hotel in Centro Ad Alba","publisher":{"@id":"https:\/\/hotel-icastelli.com\/#organization"},"potentialAction":[{"@type":"SearchAction","target":{"@type":"EntryPoint","urlTemplate":"https:\/\/hotel-icastelli.com\/?s={search_term_string}"},"query-input":{"@type":"PropertyValueSpecification","valueRequired":true,"valueName":"search_term_string"}}],"inLanguage":"de"},{"@type":"Organization","@id":"https:\/\/hotel-icastelli.com\/#organization","name":"I Castelli","url":"https:\/\/hotel-icastelli.com\/","logo":{"@type":"ImageObject","inLanguage":"de","@id":"https:\/\/hotel-icastelli.com\/#\/schema\/logo\/image\/","url":"","contentUrl":"","caption":"I Castelli"},"image":{"@id":"https:\/\/hotel-icastelli.com\/#\/schema\/logo\/image\/"}}]}},"acf":[],"_links":{"self":[{"href":"https:\/\/hotel-icastelli.com\/de\/wp-json\/wp\/v2\/pages\/5288","targetHints":{"allow":["GET"]}}],"collection":[{"href":"https:\/\/hotel-icastelli.com\/de\/wp-json\/wp\/v2\/pages"}],"about":[{"href":"https:\/\/hotel-icastelli.com\/de\/wp-json\/wp\/v2\/types\/page"}],"author":[{"embeddable":true,"href":"https:\/\/hotel-icastelli.com\/de\/wp-json\/wp\/v2\/users\/152"}],"replies":[{"embeddable":true,"href":"https:\/\/hotel-icastelli.com\/de\/wp-json\/wp\/v2\/comments?post=5288"}],"version-history":[{"count":0,"href":"https:\/\/hotel-icastelli.com\/de\/wp-json\/wp\/v2\/pages\/5288\/revisions"}],"up":[{"embeddable":true,"href":"https:\/\/hotel-icastelli.com\/de\/wp-json\/wp\/v2\/pages\/5084"}],"wp:featuredmedia":[{"embeddable":true,"href":"https:\/\/hotel-icastelli.com\/de\/wp-json\/wp\/v2\/media\/4290"}],"wp:attachment":[{"href":"https:\/\/hotel-icastelli.com\/de\/wp-json\/wp\/v2\/media?parent=5288"}],"curies":[{"name":"wp","href":"https:\/\/api.w.org\/{rel}","templated":true}]}}