{"id":5322,"date":"2013-08-28T09:26:15","date_gmt":"2013-08-28T07:26:15","guid":{"rendered":"https:\/\/hotel-icastelli.com\/tourismus\/golf-in-den-langhe\/"},"modified":"2025-05-15T15:15:36","modified_gmt":"2025-05-15T13:15:36","slug":"golf-in-den-langhe","status":"publish","type":"page","link":"https:\/\/hotel-icastelli.com\/de\/tourismus\/golf-in-den-langhe\/","title":{"rendered":"Golf in den Langhe"},"content":{"rendered":"\n<p>Nur wenige Minuten vom Hotel entfernt k\u00f6nnen Sie ein unvergessliches Erlebnis haben, wenn Sie Ihren <strong>Lieblingssport<\/strong> auf einem Feld spielen, das von den Weinbergen umgeben ist, die die Langhe in der ganzen Welt ber\u00fchmt gemacht haben.  <\/p>\n\n<p>Es gibt viele Gr\u00fcnde, das <strong>Piemont<\/strong> als Ziel f\u00fcr Golfreisen zu w\u00e4hlen: mehr als 40 Clubs sind \u00fcber die Region verteilt und f\u00fcnf davon geh\u00f6ren zu den Top 10 in Italien.<\/p>\n\n<h4 class=\"wp-block-heading\">Golf Club Cherasco<\/h4>\n\n<p>Via Fraschetta, 8 &#8211; 12062 &#8211; Cherasco<br\/>Tel: +39.0172.489772<br\/><a href=\"http:\/\/www.golfcherasco.com\/\" target=\"_blank\" rel=\"noreferrer noopener nofollow\">www.golfcherasco.com<\/a><br\/>e-mail: <a href=\"mailto:info@golfcherasco.com\">info@golfcherasco.com<\/a><\/p>\n\n<h4 class=\"wp-block-heading\">La Mandria Golf A.S.D.  <\/h4>\n\n<p>Via Alcide de Gasperi snc, in Druento (TO).<br\/>+39 011 9846111<br\/><a href=\"https:\/\/www.lamandriagolfdruento.it\" target=\"_blank\" rel=\"noreferrer noopener nofollow\">www.lamandriagolfdruento.it<\/a><br\/>Email Adresse: <a href=\"mailto:info@lamandriagolfdruento.it\">info@lamandriagolfdruento.it<\/a><\/p>\n\n<h4 class=\"wp-block-heading\">Golf Club La Margherita S.S.D. a r.l<\/h4>\n\n<p>S.P. 134 Carmagnola &#8211; Pralormo, nr. 3<br\/>10046 Poirino (TO)<br\/>Tel.: 011 979 5113<br\/><a href=\"https:\/\/www.golfclublamargherita.it\" target=\"_blank\" rel=\"noreferrer noopener nofollow\">www.golfclublamargherita.it<\/a><br\/><a href=\"mailto:segreteria@golfclublamargherita.it\">segreteria@golfclublamargherita.it<\/a><\/p>\n\n<p><em> <\/em><\/p>\n","protected":false},"excerpt":{"rendered":"<p>Nur wenige Minuten vom Hotel entfernt k\u00f6nnen Sie ein unvergessliches Erlebnis haben, wenn Sie Ihren Lieblingssport auf einem Feld spielen, das von den Weinbergen umgeben ist, die die Langhe in der ganzen Welt ber\u00fchmt gemacht haben. Es gibt viele Gr\u00fcnde, das Piemont als Ziel f\u00fcr Golfreisen zu w\u00e4hlen: mehr als 40 Clubs sind \u00fcber die [&hellip;]<\/p>\n","protected":false},"author":152,"featured_media":4530,"parent":5084,"menu_order":9,"comment_status":"open","ping_status":"closed","template":"","meta":{"_acf_changed":false,"_monsterinsights_skip_tracking":false,"_monsterinsights_sitenote_active":false,"_monsterinsights_sitenote_note":"","_monsterinsights_sitenote_category":0,"footnotes":""},"class_list":["post-5322","page","type-page","status-publish","has-post-thumbnail","hentry"],"yoast_head":"<!-- This site is optimized with the Yoast SEO plugin v27.2 - https:\/\/yoast.com\/product\/yoast-seo-wordpress\/ -->\n<title>Golf in den Langhe - Hotel in Centro Ad Alba - I Castelli<\/title>\n<meta name=\"description\" content=\"Nur wenige Minuten vom Hotel entfernt k\u00f6nnen Sie ein unvergessliches Erlebnis haben, wenn Sie Ihren Lieblingssport auf einem Feld spielen, das von den\" \/>\n<meta name=\"robots\" content=\"index, follow, max-snippet:-1, max-image-preview:large, max-video-preview:-1\" \/>\n<link rel=\"canonical\" href=\"https:\/\/hotel-icastelli.com\/de\/tourismus\/golf-in-den-langhe\/\" \/>\n<meta property=\"og:locale\" content=\"de_DE\" \/>\n<meta property=\"og:type\" content=\"article\" \/>\n<meta property=\"og:title\" content=\"Golf in den Langhe - Hotel in Centro Ad Alba - I Castelli\" \/>\n<meta property=\"og:description\" content=\"Nur wenige Minuten vom Hotel entfernt k\u00f6nnen Sie ein unvergessliches Erlebnis haben, wenn Sie Ihren Lieblingssport auf einem Feld spielen, das von den\" \/>\n<meta property=\"og:url\" content=\"https:\/\/hotel-icastelli.com\/de\/tourismus\/golf-in-den-langhe\/\" \/>\n<meta property=\"og:site_name\" content=\"I Castelli\" \/>\n<meta property=\"article:modified_time\" content=\"2025-05-15T13:15:36+00:00\" \/>\n<meta property=\"og:image\" content=\"https:\/\/hotel-icastelli.com\/files\/2025\/03\/oriz-golf.jpg\" \/>\n\t<meta property=\"og:image:width\" content=\"841\" \/>\n\t<meta property=\"og:image:height\" content=\"361\" \/>\n\t<meta property=\"og:image:type\" content=\"image\/jpeg\" \/>\n<meta name=\"twitter:card\" content=\"summary_large_image\" \/>\n<meta name=\"twitter:label1\" content=\"Gesch\u00e4tzte Lesezeit\" \/>\n\t<meta name=\"twitter:data1\" content=\"1\u00a0Minute\" \/>\n<!-- \/ Yoast SEO plugin. -->","yoast_head_json":{"title":"Golf in den Langhe - Hotel in Centro Ad Alba - I Castelli","description":"Nur wenige Minuten vom Hotel entfernt k\u00f6nnen Sie ein unvergessliches Erlebnis haben, wenn Sie Ihren Lieblingssport auf einem Feld spielen, das von den","robots":{"index":"index","follow":"follow","max-snippet":"max-snippet:-1","max-image-preview":"max-image-preview:large","max-video-preview":"max-video-preview:-1"},"canonical":"https:\/\/hotel-icastelli.com\/de\/tourismus\/golf-in-den-langhe\/","og_locale":"de_DE","og_type":"article","og_title":"Golf in den Langhe - Hotel in Centro Ad Alba - I Castelli","og_description":"Nur wenige Minuten vom Hotel entfernt k\u00f6nnen Sie ein unvergessliches Erlebnis haben, wenn Sie Ihren Lieblingssport auf einem Feld spielen, das von den","og_url":"https:\/\/hotel-icastelli.com\/de\/tourismus\/golf-in-den-langhe\/","og_site_name":"I Castelli","article_modified_time":"2025-05-15T13:15:36+00:00","og_image":[{"width":841,"height":361,"url":"https:\/\/hotel-icastelli.com\/files\/2025\/03\/oriz-golf.jpg","type":"image\/jpeg"}],"twitter_card":"summary_large_image","twitter_misc":{"Gesch\u00e4tzte Lesezeit":"1\u00a0Minute"},"schema":{"@context":"https:\/\/schema.org","@graph":[{"@type":"WebPage","@id":"https:\/\/hotel-icastelli.com\/de\/tourismus\/golf-in-den-langhe\/","url":"https:\/\/hotel-icastelli.com\/de\/tourismus\/golf-in-den-langhe\/","name":"Golf in den Langhe - Hotel in Centro Ad Alba - I Castelli","isPartOf":{"@id":"https:\/\/hotel-icastelli.com\/#website"},"primaryImageOfPage":{"@id":"https:\/\/hotel-icastelli.com\/de\/tourismus\/golf-in-den-langhe\/#primaryimage"},"image":{"@id":"https:\/\/hotel-icastelli.com\/de\/tourismus\/golf-in-den-langhe\/#primaryimage"},"thumbnailUrl":"https:\/\/hotel-icastelli.com\/files\/2025\/03\/oriz-golf.jpg","datePublished":"2013-08-28T07:26:15+00:00","dateModified":"2025-05-15T13:15:36+00:00","description":"Nur wenige Minuten vom Hotel entfernt k\u00f6nnen Sie ein unvergessliches Erlebnis haben, wenn Sie Ihren Lieblingssport auf einem Feld spielen, das von den","breadcrumb":{"@id":"https:\/\/hotel-icastelli.com\/de\/tourismus\/golf-in-den-langhe\/#breadcrumb"},"inLanguage":"de","potentialAction":[{"@type":"ReadAction","target":["https:\/\/hotel-icastelli.com\/de\/tourismus\/golf-in-den-langhe\/"]}]},{"@type":"ImageObject","inLanguage":"de","@id":"https:\/\/hotel-icastelli.com\/de\/tourismus\/golf-in-den-langhe\/#primaryimage","url":"https:\/\/hotel-icastelli.com\/files\/2025\/03\/oriz-golf.jpg","contentUrl":"https:\/\/hotel-icastelli.com\/files\/2025\/03\/oriz-golf.jpg","width":841,"height":361},{"@type":"BreadcrumbList","@id":"https:\/\/hotel-icastelli.com\/de\/tourismus\/golf-in-den-langhe\/#breadcrumb","itemListElement":[{"@type":"ListItem","position":1,"name":"Home","item":"https:\/\/hotel-icastelli.com\/de\/"},{"@type":"ListItem","position":2,"name":"Tourismus","item":"https:\/\/hotel-icastelli.com\/de\/tourismus\/"},{"@type":"ListItem","position":3,"name":"Golf in den Langhe"}]},{"@type":"WebSite","@id":"https:\/\/hotel-icastelli.com\/#website","url":"https:\/\/hotel-icastelli.com\/","name":"I Castelli","description":"Hotel in Centro Ad Alba","publisher":{"@id":"https:\/\/hotel-icastelli.com\/#organization"},"potentialAction":[{"@type":"SearchAction","target":{"@type":"EntryPoint","urlTemplate":"https:\/\/hotel-icastelli.com\/?s={search_term_string}"},"query-input":{"@type":"PropertyValueSpecification","valueRequired":true,"valueName":"search_term_string"}}],"inLanguage":"de"},{"@type":"Organization","@id":"https:\/\/hotel-icastelli.com\/#organization","name":"I Castelli","url":"https:\/\/hotel-icastelli.com\/","logo":{"@type":"ImageObject","inLanguage":"de","@id":"https:\/\/hotel-icastelli.com\/#\/schema\/logo\/image\/","url":"","contentUrl":"","caption":"I Castelli"},"image":{"@id":"https:\/\/hotel-icastelli.com\/#\/schema\/logo\/image\/"}}]}},"acf":[],"_links":{"self":[{"href":"https:\/\/hotel-icastelli.com\/de\/wp-json\/wp\/v2\/pages\/5322","targetHints":{"allow":["GET"]}}],"collection":[{"href":"https:\/\/hotel-icastelli.com\/de\/wp-json\/wp\/v2\/pages"}],"about":[{"href":"https:\/\/hotel-icastelli.com\/de\/wp-json\/wp\/v2\/types\/page"}],"author":[{"embeddable":true,"href":"https:\/\/hotel-icastelli.com\/de\/wp-json\/wp\/v2\/users\/152"}],"replies":[{"embeddable":true,"href":"https:\/\/hotel-icastelli.com\/de\/wp-json\/wp\/v2\/comments?post=5322"}],"version-history":[{"count":0,"href":"https:\/\/hotel-icastelli.com\/de\/wp-json\/wp\/v2\/pages\/5322\/revisions"}],"up":[{"embeddable":true,"href":"https:\/\/hotel-icastelli.com\/de\/wp-json\/wp\/v2\/pages\/5084"}],"wp:featuredmedia":[{"embeddable":true,"href":"https:\/\/hotel-icastelli.com\/de\/wp-json\/wp\/v2\/media\/4530"}],"wp:attachment":[{"href":"https:\/\/hotel-icastelli.com\/de\/wp-json\/wp\/v2\/media?parent=5322"}],"curies":[{"name":"wp","href":"https:\/\/api.w.org\/{rel}","templated":true}]}}