{"id":5354,"date":"2013-08-28T09:27:19","date_gmt":"2013-08-28T07:27:19","guid":{"rendered":"https:\/\/hotel-icastelli.com\/tourismus\/die-10-1-dinge-die-sie-in-den-langhe-nicht-verpassen-sollten\/"},"modified":"2025-05-07T07:41:08","modified_gmt":"2025-05-07T05:41:08","slug":"die-10-1-dinge-die-sie-in-den-langhe-nicht-verpassen-sollten","status":"publish","type":"page","link":"https:\/\/hotel-icastelli.com\/de\/tourismus\/die-10-1-dinge-die-sie-in-den-langhe-nicht-verpassen-sollten\/","title":{"rendered":"Die 10 +1 Dinge, die Sie in den Langhe nicht verpassen sollten!"},"content":{"rendered":"\n<p>Zus\u00e4tzlich zu den Einblicken, die Sie in dieser Rubrik \u00fcber Tourismus finden, haben wir uns gedacht, dass wir unseren Dekalog der <strong>&#8217;10 Dinge, die Sie nicht verpassen sollten&#8216; in den Langhe<\/strong>&#8230;<\/p>\n\n<ul class=\"wp-block-list\">\n<li>Die <a href=\"https:\/\/langhe.net\/sight\/cappella-barolo\/\" target=\"_blank\" rel=\"noreferrer noopener\">Barolo-Kapelle<\/a> in La Morra von David Tramiett und Sol LeWitt<\/li>\n\n\n\n<li>Das <a href=\"http:\/\/www.wimubarolo.it\/\" target=\"_blank\" rel=\"noreferrer noopener\">WiMu<\/a> Weinmuseum<\/li>\n\n\n\n<li>Ein Besuch in den Weinkellern von Langhe und Roero<\/li>\n\n\n\n<li>Das <a href=\"http:\/\/www.castellogrinzane.com\/\" target=\"_blank\" rel=\"noreferrer noopener\">Schloss von<\/a> Grinzane Cavour<\/li>\n\n\n\n<li>Der<a href=\"https:\/\/langhe.net\/sight\/il-mercato-del-sabato-alba\/\" target=\"_blank\" rel=\"noreferrer noopener\"> Markt am Samstagmorgen in Alba<\/a> <\/li>\n\n\n\n<li>Der Aussichtsturm von La Morra<\/li>\n\n\n\n<li>Erleben Sie die Langhe auf 2 R\u00e4dern, probieren Sie den <a href=\"https:\/\/www.albawaytour.com\/\" target=\"_blank\" rel=\"noreferrer noopener\">Segway<\/a><\/li>\n\n\n\n<li>Ein Spaziergang durch das historische Zentrum von <a href=\"https:\/\/langhe.net\/paese\/alba-piemonte\/\" target=\"_blank\" rel=\"noreferrer noopener\">Alba<\/a><\/li>\n\n\n\n<li>Sonnenuntergang \u00fcber Alba von der Stra\u00dfe nach Altavilla aus gesehen (zu Fu\u00df erreichbar!)<\/li>\n\n\n\n<li>Die <a href=\"https:\/\/langhe.net\/guide\/ricerca-tartufo-bianco-alba\/\" target=\"_blank\" rel=\"noreferrer noopener\">simulierte Suche nach dem<\/a> <a href=\"https:\/\/hotel-icastelli.com\/turismo\/fiera-internazionale-del-tartufo-bianco-dalba\/\">wei\u00dfen Tr\u00fcffel von Alba<\/a><\/li>\n\n\n\n<li>Entdecken und besichtigen Sie die Wunder der Weinbaulandschaften Langhe, Roero und Monferrato, die heute zum <a href=\"https:\/\/hotel-icastelli.com\/turismo\/unesco-paesaggi-vitivinicoli\/\">UNESCO-Weltkulturerbe<\/a> geh\u00f6ren<\/li>\n<\/ul>\n\n<h3 class=\"wp-block-heading\">Andere interessante Erfahrungen<\/h3>\n\n<ul class=\"wp-block-list\">\n<li><a href=\"https:\/\/www.langhe-experience.it\/it\/visite-in-cantina-wine-tours\/174-canelli-e-le-cattedrali-sotterranee-patrimonio-unesco.html\" target=\"_blank\" rel=\"noreferrer noopener nofollow\">Unterirdische Kathedralen<\/a><\/li>\n\n\n\n<li><a href=\"https:\/\/www.langhe-experience.it\/it\/authentic-experiences-langhe-monferrato-roero\/655-vespa-tour-la-dolce-vita-tra-le-colline-delle-langhe.html\">Vespa Tour<\/a><\/li>\n<\/ul>\n\n<p><\/p>\n\n<p><\/p>\n","protected":false},"excerpt":{"rendered":"<p>Zus\u00e4tzlich zu den Einblicken, die Sie in dieser Rubrik \u00fcber Tourismus finden, haben wir uns gedacht, dass wir unseren Dekalog der &#8217;10 Dinge, die Sie nicht verpassen sollten&#8216; in den Langhe&#8230; Andere interessante Erfahrungen<\/p>\n","protected":false},"author":152,"featured_media":4230,"parent":5084,"menu_order":2,"comment_status":"open","ping_status":"closed","template":"","meta":{"_acf_changed":false,"_monsterinsights_skip_tracking":false,"_monsterinsights_sitenote_active":false,"_monsterinsights_sitenote_note":"","_monsterinsights_sitenote_category":0,"footnotes":""},"class_list":["post-5354","page","type-page","status-publish","has-post-thumbnail","hentry"],"yoast_head":"<!-- This site is optimized with the Yoast SEO plugin v27.2 - https:\/\/yoast.com\/product\/yoast-seo-wordpress\/ -->\n<title>Die 10 +1 Dinge, die Sie in den Langhe nicht verpassen sollten! - Hotel in Centro Ad Alba - I Castelli<\/title>\n<meta name=\"description\" content=\"Zus\u00e4tzlich zu den Einblicken, die Sie in dieser Rubrik \u00fcber Tourismus finden, haben wir uns gedacht, dass wir unseren Dekalog der &#039;10 Dinge, die Sie nicht\" \/>\n<meta name=\"robots\" content=\"index, follow, max-snippet:-1, max-image-preview:large, max-video-preview:-1\" \/>\n<link rel=\"canonical\" href=\"https:\/\/hotel-icastelli.com\/de\/tourismus\/die-10-1-dinge-die-sie-in-den-langhe-nicht-verpassen-sollten\/\" \/>\n<meta property=\"og:locale\" content=\"de_DE\" \/>\n<meta property=\"og:type\" content=\"article\" \/>\n<meta property=\"og:title\" content=\"Die 10 +1 Dinge, die Sie in den Langhe nicht verpassen sollten! - Hotel in Centro Ad Alba - I Castelli\" \/>\n<meta property=\"og:description\" content=\"Zus\u00e4tzlich zu den Einblicken, die Sie in dieser Rubrik \u00fcber Tourismus finden, haben wir uns gedacht, dass wir unseren Dekalog der &#039;10 Dinge, die Sie nicht\" \/>\n<meta property=\"og:url\" content=\"https:\/\/hotel-icastelli.com\/de\/tourismus\/die-10-1-dinge-die-sie-in-den-langhe-nicht-verpassen-sollten\/\" \/>\n<meta property=\"og:site_name\" content=\"I Castelli\" \/>\n<meta property=\"article:modified_time\" content=\"2025-05-07T05:41:08+00:00\" \/>\n<meta property=\"og:image\" content=\"https:\/\/hotel-icastelli.com\/files\/2025\/03\/Untitled-6.jpg\" \/>\n\t<meta property=\"og:image:width\" content=\"1024\" \/>\n\t<meta property=\"og:image:height\" content=\"205\" \/>\n\t<meta property=\"og:image:type\" content=\"image\/jpeg\" \/>\n<meta name=\"twitter:card\" content=\"summary_large_image\" \/>\n<meta name=\"twitter:label1\" content=\"Gesch\u00e4tzte Lesezeit\" \/>\n\t<meta name=\"twitter:data1\" content=\"1\u00a0Minute\" \/>\n<!-- \/ Yoast SEO plugin. -->","yoast_head_json":{"title":"Die 10 +1 Dinge, die Sie in den Langhe nicht verpassen sollten! - Hotel in Centro Ad Alba - I Castelli","description":"Zus\u00e4tzlich zu den Einblicken, die Sie in dieser Rubrik \u00fcber Tourismus finden, haben wir uns gedacht, dass wir unseren Dekalog der '10 Dinge, die Sie nicht","robots":{"index":"index","follow":"follow","max-snippet":"max-snippet:-1","max-image-preview":"max-image-preview:large","max-video-preview":"max-video-preview:-1"},"canonical":"https:\/\/hotel-icastelli.com\/de\/tourismus\/die-10-1-dinge-die-sie-in-den-langhe-nicht-verpassen-sollten\/","og_locale":"de_DE","og_type":"article","og_title":"Die 10 +1 Dinge, die Sie in den Langhe nicht verpassen sollten! - Hotel in Centro Ad Alba - I Castelli","og_description":"Zus\u00e4tzlich zu den Einblicken, die Sie in dieser Rubrik \u00fcber Tourismus finden, haben wir uns gedacht, dass wir unseren Dekalog der '10 Dinge, die Sie nicht","og_url":"https:\/\/hotel-icastelli.com\/de\/tourismus\/die-10-1-dinge-die-sie-in-den-langhe-nicht-verpassen-sollten\/","og_site_name":"I Castelli","article_modified_time":"2025-05-07T05:41:08+00:00","og_image":[{"width":1024,"height":205,"url":"https:\/\/hotel-icastelli.com\/files\/2025\/03\/Untitled-6.jpg","type":"image\/jpeg"}],"twitter_card":"summary_large_image","twitter_misc":{"Gesch\u00e4tzte Lesezeit":"1\u00a0Minute"},"schema":{"@context":"https:\/\/schema.org","@graph":[{"@type":"WebPage","@id":"https:\/\/hotel-icastelli.com\/de\/tourismus\/die-10-1-dinge-die-sie-in-den-langhe-nicht-verpassen-sollten\/","url":"https:\/\/hotel-icastelli.com\/de\/tourismus\/die-10-1-dinge-die-sie-in-den-langhe-nicht-verpassen-sollten\/","name":"Die 10 +1 Dinge, die Sie in den Langhe nicht verpassen sollten! - Hotel in Centro Ad Alba - I Castelli","isPartOf":{"@id":"https:\/\/hotel-icastelli.com\/#website"},"primaryImageOfPage":{"@id":"https:\/\/hotel-icastelli.com\/de\/tourismus\/die-10-1-dinge-die-sie-in-den-langhe-nicht-verpassen-sollten\/#primaryimage"},"image":{"@id":"https:\/\/hotel-icastelli.com\/de\/tourismus\/die-10-1-dinge-die-sie-in-den-langhe-nicht-verpassen-sollten\/#primaryimage"},"thumbnailUrl":"https:\/\/hotel-icastelli.com\/files\/2025\/03\/Untitled-6.jpg","datePublished":"2013-08-28T07:27:19+00:00","dateModified":"2025-05-07T05:41:08+00:00","description":"Zus\u00e4tzlich zu den Einblicken, die Sie in dieser Rubrik \u00fcber Tourismus finden, haben wir uns gedacht, dass wir unseren Dekalog der '10 Dinge, die Sie nicht","breadcrumb":{"@id":"https:\/\/hotel-icastelli.com\/de\/tourismus\/die-10-1-dinge-die-sie-in-den-langhe-nicht-verpassen-sollten\/#breadcrumb"},"inLanguage":"de","potentialAction":[{"@type":"ReadAction","target":["https:\/\/hotel-icastelli.com\/de\/tourismus\/die-10-1-dinge-die-sie-in-den-langhe-nicht-verpassen-sollten\/"]}]},{"@type":"ImageObject","inLanguage":"de","@id":"https:\/\/hotel-icastelli.com\/de\/tourismus\/die-10-1-dinge-die-sie-in-den-langhe-nicht-verpassen-sollten\/#primaryimage","url":"https:\/\/hotel-icastelli.com\/files\/2025\/03\/Untitled-6.jpg","contentUrl":"https:\/\/hotel-icastelli.com\/files\/2025\/03\/Untitled-6.jpg","width":1024,"height":205},{"@type":"BreadcrumbList","@id":"https:\/\/hotel-icastelli.com\/de\/tourismus\/die-10-1-dinge-die-sie-in-den-langhe-nicht-verpassen-sollten\/#breadcrumb","itemListElement":[{"@type":"ListItem","position":1,"name":"Home","item":"https:\/\/hotel-icastelli.com\/de\/"},{"@type":"ListItem","position":2,"name":"Tourismus","item":"https:\/\/hotel-icastelli.com\/de\/tourismus\/"},{"@type":"ListItem","position":3,"name":"Die 10 +1 Dinge, die Sie in den Langhe nicht verpassen sollten!"}]},{"@type":"WebSite","@id":"https:\/\/hotel-icastelli.com\/#website","url":"https:\/\/hotel-icastelli.com\/","name":"I Castelli","description":"Hotel in Centro Ad Alba","publisher":{"@id":"https:\/\/hotel-icastelli.com\/#organization"},"potentialAction":[{"@type":"SearchAction","target":{"@type":"EntryPoint","urlTemplate":"https:\/\/hotel-icastelli.com\/?s={search_term_string}"},"query-input":{"@type":"PropertyValueSpecification","valueRequired":true,"valueName":"search_term_string"}}],"inLanguage":"de"},{"@type":"Organization","@id":"https:\/\/hotel-icastelli.com\/#organization","name":"I Castelli","url":"https:\/\/hotel-icastelli.com\/","logo":{"@type":"ImageObject","inLanguage":"de","@id":"https:\/\/hotel-icastelli.com\/#\/schema\/logo\/image\/","url":"","contentUrl":"","caption":"I Castelli"},"image":{"@id":"https:\/\/hotel-icastelli.com\/#\/schema\/logo\/image\/"}}]}},"acf":[],"_links":{"self":[{"href":"https:\/\/hotel-icastelli.com\/de\/wp-json\/wp\/v2\/pages\/5354","targetHints":{"allow":["GET"]}}],"collection":[{"href":"https:\/\/hotel-icastelli.com\/de\/wp-json\/wp\/v2\/pages"}],"about":[{"href":"https:\/\/hotel-icastelli.com\/de\/wp-json\/wp\/v2\/types\/page"}],"author":[{"embeddable":true,"href":"https:\/\/hotel-icastelli.com\/de\/wp-json\/wp\/v2\/users\/152"}],"replies":[{"embeddable":true,"href":"https:\/\/hotel-icastelli.com\/de\/wp-json\/wp\/v2\/comments?post=5354"}],"version-history":[{"count":0,"href":"https:\/\/hotel-icastelli.com\/de\/wp-json\/wp\/v2\/pages\/5354\/revisions"}],"up":[{"embeddable":true,"href":"https:\/\/hotel-icastelli.com\/de\/wp-json\/wp\/v2\/pages\/5084"}],"wp:featuredmedia":[{"embeddable":true,"href":"https:\/\/hotel-icastelli.com\/de\/wp-json\/wp\/v2\/media\/4230"}],"wp:attachment":[{"href":"https:\/\/hotel-icastelli.com\/de\/wp-json\/wp\/v2\/media?parent=5354"}],"curies":[{"name":"wp","href":"https:\/\/api.w.org\/{rel}","templated":true}]}}