{"id":5358,"date":"2025-02-20T10:48:28","date_gmt":"2025-02-20T09:48:28","guid":{"rendered":"https:\/\/hotel-icastelli.com\/startseite\/"},"modified":"2025-11-12T12:09:43","modified_gmt":"2025-11-12T11:09:43","slug":"startseite","status":"publish","type":"page","link":"https:\/\/hotel-icastelli.com\/de\/","title":{"rendered":"Startseite"},"content":{"rendered":"<section class=\"text-image text-image--text-is-left text-image--mt-default text-image--mb-default text-image--align-full text-image--no-background  __text-image text-image--image-mobile-bottom \">\n  <div class=\"text-image__inner text-image__inner--align-full text-image__inner--valign-default flex-columns\">\n    <div class=\"text-image__text text-image__text--is-left text-image__text--is-mobile-top flex-column flex-column--width-50\">\n              <div class=\"text-image__typography typography typography--text-is-left\">\n          \n<div class=\"title-block title-block--mt-default title-block--align-center title-block--mb-default title-block--text-align-default title-block--is-style-none typography__title-block\">\n      <h3 class=\"title-block__tagline\">\n      Das Hotel\n    <\/h3>\n        <h2 class=\"title-block__title title-block__title--not-main\">\n      Wir freuen uns auf Ihren Besuch in Langhe &amp; Roero\n    <\/h2>\n    <\/div>\n\n\n<p><br\/>Es wurde 1996 er\u00f6ffnet und hat im Laufe der Jahre st\u00e4ndig Neuerungen erfahren, um den sich \u00e4ndernden Bed\u00fcrfnissen der Kunden gerecht zu werden.<\/p>\n\n\n\n<p>Im Laufe der Jahre wurden kontinuierliche Modernisierungsma\u00dfnahmen durchgef\u00fchrt, um den sich \u00e4ndernden Bed\u00fcrfnissen der Kunden gerecht zu werden und Ihren Aufenthalt einzigartig zu machen.<\/p>\n\n\n\n<p>Das Hotel liegt <strong>800 Meter von der Piazza Duomo<\/strong>, dem Wohnzimmer der Stadt, <strong>entfernt<\/strong>, in einer strategischen Position f\u00fcr Besuche der Langhe und des Roero.<\/p>\n\n\n\n<div class=\"wp-block-buttons\">\n<div class=\"wp-block-button\"><a class=\"wp-block-button__link wp-element-button\" href=\"https:\/\/hotel-icastelli.com\/de\/hotels\/\">Entdecken Sie das Hotel<\/a><\/div>\n<\/div>\n\n\n        <\/div>\n          <\/div>\n    <div class=\"text-image__image-container text-image__image-container--is-right text-image__image-container--is-mobile-bottom flex-column flex-column--width-50\">\n              <div class=\"text-image__image text-image__image--is-right text-image__image--is-square text-image__image--style-is-default\">\n          <picture class=\"ratio__content\"> \n                    <source loading=\"lazy\" srcset=\"https:\/\/hotel-icastelli.com\/files\/2025\/03\/200-900x900.jpeg\" media=\"(min-width: 574px)\" \/>\n\n                  <source loading=\"lazy\" srcset=\"https:\/\/hotel-icastelli.com\/files\/2025\/03\/200-600x600.jpeg\" \/>\n\n                    <img decoding=\"async\"  width=\"2000\" height=\"1333\" loading=\"lazy\" alt=\"200\" title=\"200\" data-caption=\"\" src=\"https:\/\/hotel-icastelli.com\/files\/2025\/03\/200.jpeg\" data-src=\"https:\/\/hotel-icastelli.com\/files\/2025\/03\/200.jpeg\"\/>\n\n            \n<\/picture>\n        <\/div>\n                  <\/div>\n  <\/div>\n<\/section>\n<figure class=\"wp-block-embed alignwide is-type-video is-provider-youtube wp-block-embed-youtube wp-embed-aspect-16-9 wp-has-aspect-ratio\"><div class=\"wp-block-embed__wrapper\">\n<iframe loading=\"lazy\" title=\"Hotel i Castelli - La Hall\" width=\"500\" height=\"281\" src=\"https:\/\/www.youtube.com\/embed\/iBpOZjDK44M?feature=oembed\" frameborder=\"0\" allow=\"accelerometer; autoplay; clipboard-write; encrypted-media; gyroscope; picture-in-picture; web-share\" referrerpolicy=\"strict-origin-when-cross-origin\" allowfullscreen><\/iframe>\n<\/div><\/figure>\n<section class=\"grid grid--mt-default grid--mb-default grid--align-full grid--no-background  __grid is-style-first-big-3\">\n  <div class=\"grid__inner grid__inner--align-full\">\n        <ul class=\"grid__row grid__row--columns-3 grid__row--valign-top combos combos--columns-3\">\n              \n<div class=\"combo combo--3-cols combo--align-center combo--textalign-default combo--has-background has-dark-background-color combos__combo wp-elements-7a4ab002515c295e15620528b1f30196\">\n      <div class=\"combo__bg combo__bg--position-default combo__bg--overlay-is-default \">\n      <picture class=\"ratio__content\"> \n                <source loading=\"lazy\" srcset=\"https:\/\/hotel-icastelli.com\/files\/2025\/02\/matrimoniale.jpg\" media=\"(min-width: 1400px)\" \/>\n\n              <source loading=\"lazy\" srcset=\"https:\/\/hotel-icastelli.com\/files\/2025\/02\/matrimoniale-1400x875.jpg\" media=\"(min-width: 574px)\" \/>\n\n              <source loading=\"lazy\" srcset=\"https:\/\/hotel-icastelli.com\/files\/2025\/02\/matrimoniale-574x765.jpg\" \/>\n\n                <img decoding=\"async\"  width=\"\" height=\"\" loading=\"lazy\" alt=\"matrimoniale\" title=\"matrimoniale\" data-caption=\"Kolor stitching | 32 pictures | Size: 10444 x 6137 | FOV: 106.76 x 73.44 ~ -14.00 | RMS: 4.49 | Lens: Standard | Projection: Planar | Color: LDR |\" src=\"https:\/\/hotel-icastelli.com\/files\/2025\/02\/matrimoniale.jpg\" data-src=\"https:\/\/hotel-icastelli.com\/files\/2025\/02\/matrimoniale.jpg\"\/>\n\n        \n<\/picture>\n    <\/div>\n        <div class=\"combo__overlay combo__overlay--is-default combo__overlay--color-dark\"><\/div>\n    <div class=\"combo__inner combo__inner--text-align-default combo__inner--has-background combo__inner--has-dark-background-color wp-elements-7a4ab002515c295e15620528b1f30196\">\n          <h4 class=\"combo__tagline\">\n        Zimmer\n      <\/h4>\n              <h2 class=\"combo__title\">\n        Entspannung &amp; Ruhe\n      <\/h2>\n                  <div class=\"combo__description\">\n        \n\n<p>Sowohl die klassischen Zimmer als auch die Suiten zeichnen sich durch Komfort und Funktionalit\u00e4t aus.<\/p>\n\n\n      <\/div>\n              <div class=\"combo__cta\">\n          <a href=\"https:\/\/hotel-icastelli.com\/de\/hotels\/zimmer\/\" title=\"Entdecken Sie\" target=\"_self\" class=\"combo__button button button--combo\">\n            Entdecken Sie\n          <\/a>\n        <\/div>\n            <\/div>\n<\/div>\n\n<div class=\"combo combo--3-cols combo--align-center combo--textalign-default combo--has-background has-dark-background-color combos__combo wp-elements-eee7b4afcffbc7ce63cb561a13813520\">\n      <div class=\"combo__bg combo__bg--position-default combo__bg--overlay-is-default \">\n      <picture class=\"ratio__content\"> \n                <source loading=\"lazy\" srcset=\"https:\/\/hotel-icastelli.com\/files\/2025\/02\/colazioni.jpg\" media=\"(min-width: 1400px)\" \/>\n\n              <source loading=\"lazy\" srcset=\"https:\/\/hotel-icastelli.com\/files\/2025\/02\/colazioni-1400x875.jpg\" media=\"(min-width: 574px)\" \/>\n\n              <source loading=\"lazy\" srcset=\"https:\/\/hotel-icastelli.com\/files\/2025\/02\/colazioni-574x765.jpg\" \/>\n\n                <img decoding=\"async\"  width=\"\" height=\"\" loading=\"lazy\" alt=\"colazioni\" title=\"colazioni\" data-caption=\"\" src=\"https:\/\/hotel-icastelli.com\/files\/2025\/02\/colazioni.jpg\" data-src=\"https:\/\/hotel-icastelli.com\/files\/2025\/02\/colazioni.jpg\"\/>\n\n        \n<\/picture>\n    <\/div>\n        <div class=\"combo__overlay combo__overlay--is-default combo__overlay--color-dark\"><\/div>\n    <div class=\"combo__inner combo__inner--text-align-default combo__inner--has-background combo__inner--has-dark-background-color wp-elements-eee7b4afcffbc7ce63cb561a13813520\">\n          <h4 class=\"combo__tagline\">\n        Fr\u00fchst\u00fccke\n      <\/h4>\n              <h2 class=\"combo__title\">\n        So beginnen Sie den Tag\n      <\/h2>\n                  <div class=\"combo__description\">\n        \n\n<p>Beginnen Sie den Tag mit einem guten Fr\u00fchst\u00fcck mit Produkten f\u00fcr alle Bed\u00fcrfnisse und Unvertr\u00e4glichkeiten<\/p>\n\n\n      <\/div>\n              <div class=\"combo__cta\">\n          <a href=\"https:\/\/hotel-icastelli.com\/de\/hotels\/fruehstuecksraum\/\" title=\"Entdecken Sie\" target=\"_self\" class=\"combo__button button button--combo\">\n            Entdecken Sie\n          <\/a>\n        <\/div>\n            <\/div>\n<\/div>\n\n<div class=\"combo combo--3-cols combo--align-center combo--textalign-default combo--has-background has-dark-background-color combos__combo wp-elements-e7b488d939eac48176924a372341eaa2\">\n      <div class=\"combo__bg combo__bg--position-default combo__bg--overlay-is-default \">\n      <picture class=\"ratio__content\"> \n                <source loading=\"lazy\" srcset=\"https:\/\/hotel-icastelli.com\/files\/2025\/03\/pal-1.jpg\" media=\"(min-width: 1400px)\" \/>\n\n              <source loading=\"lazy\" srcset=\"https:\/\/hotel-icastelli.com\/files\/2025\/03\/pal-1-1400x875.jpg\" media=\"(min-width: 574px)\" \/>\n\n              <source loading=\"lazy\" srcset=\"https:\/\/hotel-icastelli.com\/files\/2025\/03\/pal-1-574x765.jpg\" \/>\n\n                <img decoding=\"async\"  width=\"\" height=\"\" loading=\"lazy\" alt=\"pal 1\" title=\"pal 1\" data-caption=\"\" src=\"https:\/\/hotel-icastelli.com\/files\/2025\/03\/pal-1.jpg\" data-src=\"https:\/\/hotel-icastelli.com\/files\/2025\/03\/pal-1.jpg\"\/>\n\n        \n<\/picture>\n    <\/div>\n        <div class=\"combo__overlay combo__overlay--is-default combo__overlay--color-dark\"><\/div>\n    <div class=\"combo__inner combo__inner--text-align-default combo__inner--has-background combo__inner--has-dark-background-color wp-elements-e7b488d939eac48176924a372341eaa2\">\n          <h4 class=\"combo__tagline\">\n        Gymnasium\n      <\/h4>\n              <h2 class=\"combo__title\">\n        Halten Sie Ihr Tempo\n      <\/h2>\n                  <div class=\"combo__description\">\n        \n\n<p>Auch im Urlaub oder auf einer Gesch\u00e4ftsreise sollten Sie Ihre sportlichen Gewohnheiten nicht aufgeben.<\/p>\n\n\n      <\/div>\n              <div class=\"combo__cta\">\n          <a href=\"https:\/\/hotel-icastelli.com\/de\/hotels\/gymnasium\/\" title=\"Entdecken Sie\" target=\"_self\" class=\"combo__button button button--combo\">\n            Entdecken Sie\n          <\/a>\n        <\/div>\n            <\/div>\n<\/div>\n\n          <\/ul>\n      <\/div>\n<\/section><section class=\"text-image text-image--text-is-right text-image--mt-default text-image--mb-default text-image--align-full text-image--no-background  __text-image text-image--image-mobile-bottom \">\n  <div class=\"text-image__inner text-image__inner--align-full text-image__inner--valign-default flex-columns\">\n    <div class=\"text-image__text text-image__text--is-right text-image__text--is-mobile-top flex-column flex-column--width-50\">\n              <div class=\"text-image__typography typography typography--text-is-right\">\n          \n<div class=\"title-block title-block--mt-default title-block--align-center title-block--mb-default title-block--text-align-default title-block--is-style-none typography__title-block\">\n      <h3 class=\"title-block__tagline\">\n      Das Restaurant\n    <\/h3>\n        <h2 class=\"title-block__title title-block__title--not-main\">\n      Um Sie neugierig zu machen\n    <\/h2>\n    <\/div>\n\n\n<p>Das <a href=\"https:\/\/hotel-icastelli.com\/de\/restaurant\/\">Restaurant I Castelli<\/a>, das sich <strong>20 Meter \u00fcber dem Meeresspiegel auf der Panoramaterrasse unseres Hotels<\/strong> befindet, bietet in einem Ambiente, in dem sich die G\u00e4ste wohlf\u00fchlen, eine K\u00fcche, die mit traditionellen Werten verbunden ist und geschickt mit der Suche nach den besten Rohstoffen kombiniert wird. Dazu gibt es eine gut sortierte <a href=\"https:\/\/hotel-icastelli.com\/de\/restaurant\/weinkarte\/\" target=\"_blank\" rel=\"noreferrer noopener\">Weinkarte<\/a> mit einer sorgf\u00e4ltigen Auswahl der besten aufstrebenden Erzeuger, ohne dabei die <em>Winzer<\/em> zu vergessen, die Barolo und Barbaresco in der ganzen Welt ber\u00fchmt gemacht haben.<\/p>\n\n\n\n<div class=\"wp-block-buttons\">\n<div class=\"wp-block-button\"><a class=\"wp-block-button__link wp-element-button\" href=\"https:\/\/hotel-icastelli.com\/de\/restaurant\/\">Genie\u00dfen Sie<\/a><\/div>\n<\/div>\n\n\n        <\/div>\n          <\/div>\n    <div class=\"text-image__image-container text-image__image-container--is-left text-image__image-container--is-mobile-bottom flex-column flex-column--width-50\">\n              <div class=\"text-image__image text-image__image--is-left text-image__image--is-square text-image__image--style-is-default\">\n          <picture class=\"ratio__content\"> \n                    <source loading=\"lazy\" srcset=\"https:\/\/hotel-icastelli.com\/files\/2025\/02\/ristorante_cubo-900x857.jpg\" media=\"(min-width: 574px)\" \/>\n\n                  <source loading=\"lazy\" srcset=\"https:\/\/hotel-icastelli.com\/files\/2025\/02\/ristorante_cubo-600x600.jpg\" \/>\n\n                    <img decoding=\"async\"  width=\"2000\" height=\"857\" loading=\"lazy\" alt=\"Stitched Panorama\" title=\"Stitched Panorama\" data-caption=\"\" src=\"https:\/\/hotel-icastelli.com\/files\/2025\/02\/ristorante_cubo.jpg\" data-src=\"https:\/\/hotel-icastelli.com\/files\/2025\/02\/ristorante_cubo.jpg\"\/>\n\n            \n<\/picture>\n        <\/div>\n                  <\/div>\n  <\/div>\n<\/section><section class=\"grid grid--mt-default grid--mb-default grid--align-full grid--no-background  __grid is-style-first-big-3\">\n  <div class=\"grid__inner grid__inner--align-full\">\n        <ul class=\"grid__row grid__row--columns-3 grid__row--valign-top combos combos--columns-3\">\n              \n<div class=\"combo combo--3-cols combo--align-center combo--textalign-default combo--has-background has-dark-background-color combos__combo wp-elements-e004548edbcf578056a2b27ca5c627b7\">\n      <div class=\"combo__bg combo__bg--position-default combo__bg--overlay-is-default \">\n      <picture class=\"ratio__content\"> \n                <source loading=\"lazy\" srcset=\"https:\/\/hotel-icastelli.com\/files\/2025\/04\/c.jpg\" media=\"(min-width: 1400px)\" \/>\n\n              <source loading=\"lazy\" srcset=\"https:\/\/hotel-icastelli.com\/files\/2025\/04\/c-1400x875.jpg\" media=\"(min-width: 574px)\" \/>\n\n              <source loading=\"lazy\" srcset=\"https:\/\/hotel-icastelli.com\/files\/2025\/04\/c-574x765.jpg\" \/>\n\n                <img decoding=\"async\"  width=\"\" height=\"\" loading=\"lazy\" alt=\"c\" title=\"c\" data-caption=\"\" src=\"https:\/\/hotel-icastelli.com\/files\/2025\/04\/c.jpg\" data-src=\"https:\/\/hotel-icastelli.com\/files\/2025\/04\/c.jpg\"\/>\n\n        \n<\/picture>\n    <\/div>\n        <div class=\"combo__overlay combo__overlay--is-default combo__overlay--color-dark\"><\/div>\n    <div class=\"combo__inner combo__inner--text-align-default combo__inner--has-background combo__inner--has-dark-background-color wp-elements-e004548edbcf578056a2b27ca5c627b7\">\n          <h4 class=\"combo__tagline\">\n        Men\u00fc\n      <\/h4>\n              <h2 class=\"combo__title\">\n        Um Sie gierig zu machen\n      <\/h2>\n                  <div class=\"combo__description\">\n        \n\n<p>In gem\u00fctlicher Umgebung k\u00f6nnen Sie traditionelle lokale Gerichte genie\u00dfen.<\/p>\n\n\n      <\/div>\n              <div class=\"combo__cta\">\n          <a href=\"https:\/\/hotel-icastelli.com\/de\/restaurant\/menue\/\" title=\"Entdecken Sie\" target=\"_self\" class=\"combo__button button button--combo\">\n            Entdecken Sie\n          <\/a>\n        <\/div>\n            <\/div>\n<\/div>\n\n<div class=\"combo combo--3-cols combo--align-center combo--textalign-default combo--has-background has-dark-background-color combos__combo wp-elements-899f73d5be9c8479c121e86cda260896\">\n      <div class=\"combo__bg combo__bg--position-default combo__bg--overlay-is-default \">\n      <picture class=\"ratio__content\"> \n                <source loading=\"lazy\" srcset=\"https:\/\/hotel-icastelli.com\/files\/2025\/02\/Ivano-1.jpg\" media=\"(min-width: 1400px)\" \/>\n\n              <source loading=\"lazy\" srcset=\"https:\/\/hotel-icastelli.com\/files\/2025\/02\/Ivano-1-1000x875.jpg\" media=\"(min-width: 574px)\" \/>\n\n              <source loading=\"lazy\" srcset=\"https:\/\/hotel-icastelli.com\/files\/2025\/02\/Ivano-1-574x765.jpg\" \/>\n\n                <img decoding=\"async\"  width=\"\" height=\"\" loading=\"lazy\" alt=\"Ivano\" title=\"Ivano\" data-caption=\"\" src=\"https:\/\/hotel-icastelli.com\/files\/2025\/02\/Ivano-1.jpg\" data-src=\"https:\/\/hotel-icastelli.com\/files\/2025\/02\/Ivano-1.jpg\"\/>\n\n        \n<\/picture>\n    <\/div>\n        <div class=\"combo__overlay combo__overlay--is-default combo__overlay--color-dark\"><\/div>\n    <div class=\"combo__inner combo__inner--text-align-default combo__inner--has-background combo__inner--has-dark-background-color wp-elements-899f73d5be9c8479c121e86cda260896\">\n          <h4 class=\"combo__tagline\">\n        Chefkoch\n      <\/h4>\n              <h2 class=\"combo__title\">\n        Um Sie zur\u00fcckzubringen\n      <\/h2>\n                  <div class=\"combo__description\">\n        \n\n<p>Meine K\u00fcche basiert auf saisonalen Produkten, die sorgf\u00e4ltig zubereitet werden und die Natur respektieren.<\/p>\n\n\n      <\/div>\n              <div class=\"combo__cta\">\n          <a href=\"https:\/\/hotel-icastelli.com\/de\/restaurant\/chefkoch\/\" title=\"Entdecken Sie\" target=\"_self\" class=\"combo__button button button--combo\">\n            Entdecken Sie\n          <\/a>\n        <\/div>\n            <\/div>\n<\/div>\n\n<div class=\"combo combo--3-cols combo--align-center combo--textalign-default combo--has-background has-dark-background-color combos__combo wp-elements-6407fe3192acaf316bb60741a0239601\">\n      <div class=\"combo__bg combo__bg--position-default combo__bg--overlay-is-default \">\n      <picture class=\"ratio__content\"> \n                <source loading=\"lazy\" srcset=\"https:\/\/hotel-icastelli.com\/files\/2025\/02\/piatto_02.jpg\" media=\"(min-width: 1400px)\" \/>\n\n              <source loading=\"lazy\" srcset=\"https:\/\/hotel-icastelli.com\/files\/2025\/02\/piatto_02-1400x875.jpg\" media=\"(min-width: 574px)\" \/>\n\n              <source loading=\"lazy\" srcset=\"https:\/\/hotel-icastelli.com\/files\/2025\/02\/piatto_02-574x765.jpg\" \/>\n\n                <img decoding=\"async\"  width=\"\" height=\"\" loading=\"lazy\" alt=\"piatto_02\" title=\"piatto_02\" data-caption=\"\" src=\"https:\/\/hotel-icastelli.com\/files\/2025\/02\/piatto_02.jpg\" data-src=\"https:\/\/hotel-icastelli.com\/files\/2025\/02\/piatto_02.jpg\"\/>\n\n        \n<\/picture>\n    <\/div>\n        <div class=\"combo__overlay combo__overlay--is-default combo__overlay--color-dark\"><\/div>\n    <div class=\"combo__inner combo__inner--text-align-default combo__inner--has-background combo__inner--has-dark-background-color wp-elements-6407fe3192acaf316bb60741a0239601\">\n          <h4 class=\"combo__tagline\">\n        Weinkarte\n      <\/h4>\n              <h2 class=\"combo__title\">\n        Um Sie fr\u00f6hlich zu machen\n      <\/h2>\n                  <div class=\"combo__description\">\n        \n\n<p>Eine ausgew\u00e4hlte Weinkarte mit Schwerpunkt auf kleinen Erzeugern im Piemont und nationalen und ausl\u00e4ndischen Exkursen.<\/p>\n\n\n      <\/div>\n              <div class=\"combo__cta\">\n          <a href=\"https:\/\/hotel-icastelli.com\/files\/2025\/05\/2024.04_carta_vini_i_castelli.pdf\" title=\"Entdecken Sie\" target=\"_self\" class=\"combo__button button button--combo\">\n            Entdecken Sie\n          <\/a>\n        <\/div>\n            <\/div>\n<\/div>\n\n          <\/ul>\n      <\/div>\n<\/section><div class=\"title-block title-block--mt-default title-block--align-center title-block--mb-default title-block--text-align-left title-block--is-style-none typography__title-block\">\n      <h3 class=\"title-block__tagline\">\n      Tourismus\n    <\/h3>\n        <h2 class=\"title-block__title title-block__title--not-main\">\n      Ein Gebiet, das darauf wartet, entdeckt zu werden\n    <\/h2>\n        <div class=\"title-block__description\">\n      Genie\u00dfen Sie das unvergleichliche touristische Angebot der Langhe, des Roero und des Monferrato: Weinkeller und Verkostungen, Schl\u00f6sser und Naturpfade!\n    <\/div>\n  <\/div>\n<div class=\"wp-block-buttons is-content-justification-center\">\n<div class=\"wp-block-button\"><a class=\"wp-block-button__link wp-element-button\" href=\"https:\/\/hotel-icastelli.com\/de\/tourismus\/\">Finden Sie mehr heraus<\/a><\/div>\n<\/div>\n","protected":false},"excerpt":{"rendered":"","protected":false},"author":152,"featured_media":3702,"parent":0,"menu_order":0,"comment_status":"closed","ping_status":"closed","template":"","meta":{"_acf_changed":false,"_monsterinsights_skip_tracking":false,"_monsterinsights_sitenote_active":false,"_monsterinsights_sitenote_note":"","_monsterinsights_sitenote_category":0,"footnotes":""},"class_list":["post-5358","page","type-page","status-publish","has-post-thumbnail","hentry"],"yoast_head":"<!-- This site is optimized with the Yoast SEO plugin v27.2 - https:\/\/yoast.com\/product\/yoast-seo-wordpress\/ -->\n<title>Hotel I Castelli in Alba - Ein Aufenthalt im Herzen der Langhe<\/title>\n<meta name=\"description\" content=\"Das k\u00fcrzlich renovierte Hotel im Zentrum von Alba liegt 800 m von der zentralen Piazza Duomo entfernt. Es verf\u00fcgt \u00fcber ein Panoramarestaurant.\" \/>\n<meta name=\"robots\" content=\"index, follow, max-snippet:-1, max-image-preview:large, max-video-preview:-1\" \/>\n<link rel=\"canonical\" href=\"https:\/\/hotel-icastelli.com\/de\/\" \/>\n<meta property=\"og:locale\" content=\"de_DE\" \/>\n<meta property=\"og:type\" content=\"article\" \/>\n<meta property=\"og:title\" content=\"Hotel I Castelli in Alba - Ein Aufenthalt im Herzen der Langhe\" \/>\n<meta property=\"og:description\" content=\"Das k\u00fcrzlich renovierte Hotel im Zentrum von Alba liegt 800 m von der zentralen Piazza Duomo entfernt. Es verf\u00fcgt \u00fcber ein Panoramarestaurant.\" \/>\n<meta property=\"og:url\" content=\"https:\/\/hotel-icastelli.com\/de\/\" \/>\n<meta property=\"og:site_name\" content=\"I Castelli\" \/>\n<meta property=\"article:modified_time\" content=\"2025-11-12T11:09:43+00:00\" \/>\n<meta property=\"og:image\" content=\"https:\/\/hotel-icastelli.com\/files\/2025\/02\/serale.jpg\" \/>\n\t<meta property=\"og:image:width\" content=\"2000\" \/>\n\t<meta property=\"og:image:height\" content=\"1415\" \/>\n\t<meta property=\"og:image:type\" content=\"image\/jpeg\" \/>\n<meta name=\"twitter:card\" content=\"summary_large_image\" \/>\n<meta name=\"twitter:label1\" content=\"Gesch\u00e4tzte Lesezeit\" \/>\n\t<meta name=\"twitter:data1\" content=\"1\u00a0Minute\" \/>\n<!-- \/ Yoast SEO plugin. -->","yoast_head_json":{"title":"Hotel I Castelli in Alba - Ein Aufenthalt im Herzen der Langhe","description":"Das k\u00fcrzlich renovierte Hotel im Zentrum von Alba liegt 800 m von der zentralen Piazza Duomo entfernt. Es verf\u00fcgt \u00fcber ein Panoramarestaurant.","robots":{"index":"index","follow":"follow","max-snippet":"max-snippet:-1","max-image-preview":"max-image-preview:large","max-video-preview":"max-video-preview:-1"},"canonical":"https:\/\/hotel-icastelli.com\/de\/","og_locale":"de_DE","og_type":"article","og_title":"Hotel I Castelli in Alba - Ein Aufenthalt im Herzen der Langhe","og_description":"Das k\u00fcrzlich renovierte Hotel im Zentrum von Alba liegt 800 m von der zentralen Piazza Duomo entfernt. Es verf\u00fcgt \u00fcber ein Panoramarestaurant.","og_url":"https:\/\/hotel-icastelli.com\/de\/","og_site_name":"I Castelli","article_modified_time":"2025-11-12T11:09:43+00:00","og_image":[{"width":2000,"height":1415,"url":"https:\/\/hotel-icastelli.com\/files\/2025\/02\/serale.jpg","type":"image\/jpeg"}],"twitter_card":"summary_large_image","twitter_misc":{"Gesch\u00e4tzte Lesezeit":"1\u00a0Minute"},"schema":{"@context":"https:\/\/schema.org","@graph":[{"@type":"WebPage","@id":"https:\/\/hotel-icastelli.com\/de\/","url":"https:\/\/hotel-icastelli.com\/de\/","name":"Hotel I Castelli in Alba - Ein Aufenthalt im Herzen der Langhe","isPartOf":{"@id":"https:\/\/hotel-icastelli.com\/#website"},"primaryImageOfPage":{"@id":"https:\/\/hotel-icastelli.com\/de\/#primaryimage"},"image":{"@id":"https:\/\/hotel-icastelli.com\/de\/#primaryimage"},"thumbnailUrl":"https:\/\/hotel-icastelli.com\/files\/2025\/02\/serale.jpg","datePublished":"2025-02-20T09:48:28+00:00","dateModified":"2025-11-12T11:09:43+00:00","description":"Das k\u00fcrzlich renovierte Hotel im Zentrum von Alba liegt 800 m von der zentralen Piazza Duomo entfernt. Es verf\u00fcgt \u00fcber ein Panoramarestaurant.","breadcrumb":{"@id":"https:\/\/hotel-icastelli.com\/de\/#breadcrumb"},"inLanguage":"de","potentialAction":[{"@type":"ReadAction","target":["https:\/\/hotel-icastelli.com\/de\/"]}]},{"@type":"ImageObject","inLanguage":"de","@id":"https:\/\/hotel-icastelli.com\/de\/#primaryimage","url":"https:\/\/hotel-icastelli.com\/files\/2025\/02\/serale.jpg","contentUrl":"https:\/\/hotel-icastelli.com\/files\/2025\/02\/serale.jpg","width":2000,"height":1415,"caption":"Kolor stitching | 35 pictures | Size: 8150 x 5933 | FOV: 138.73 x 100.98 ~ -16.65 | RMS: 2.55 | Lens: Standard | Projection: Spherical | Color: LDR |"},{"@type":"BreadcrumbList","@id":"https:\/\/hotel-icastelli.com\/de\/#breadcrumb","itemListElement":[{"@type":"ListItem","position":1,"name":"Home","item":"https:\/\/hotel-icastelli.com\/de\/"},{"@type":"ListItem","position":2,"name":"Startseite"}]},{"@type":"WebSite","@id":"https:\/\/hotel-icastelli.com\/#website","url":"https:\/\/hotel-icastelli.com\/","name":"I Castelli","description":"Hotel in Centro Ad Alba","publisher":{"@id":"https:\/\/hotel-icastelli.com\/#organization"},"potentialAction":[{"@type":"SearchAction","target":{"@type":"EntryPoint","urlTemplate":"https:\/\/hotel-icastelli.com\/?s={search_term_string}"},"query-input":{"@type":"PropertyValueSpecification","valueRequired":true,"valueName":"search_term_string"}}],"inLanguage":"de"},{"@type":"Organization","@id":"https:\/\/hotel-icastelli.com\/#organization","name":"I Castelli","url":"https:\/\/hotel-icastelli.com\/","logo":{"@type":"ImageObject","inLanguage":"de","@id":"https:\/\/hotel-icastelli.com\/#\/schema\/logo\/image\/","url":"","contentUrl":"","caption":"I Castelli"},"image":{"@id":"https:\/\/hotel-icastelli.com\/#\/schema\/logo\/image\/"}}]}},"acf":[],"_links":{"self":[{"href":"https:\/\/hotel-icastelli.com\/de\/wp-json\/wp\/v2\/pages\/5358","targetHints":{"allow":["GET"]}}],"collection":[{"href":"https:\/\/hotel-icastelli.com\/de\/wp-json\/wp\/v2\/pages"}],"about":[{"href":"https:\/\/hotel-icastelli.com\/de\/wp-json\/wp\/v2\/types\/page"}],"author":[{"embeddable":true,"href":"https:\/\/hotel-icastelli.com\/de\/wp-json\/wp\/v2\/users\/152"}],"replies":[{"embeddable":true,"href":"https:\/\/hotel-icastelli.com\/de\/wp-json\/wp\/v2\/comments?post=5358"}],"version-history":[{"count":0,"href":"https:\/\/hotel-icastelli.com\/de\/wp-json\/wp\/v2\/pages\/5358\/revisions"}],"wp:featuredmedia":[{"embeddable":true,"href":"https:\/\/hotel-icastelli.com\/de\/wp-json\/wp\/v2\/media\/3702"}],"wp:attachment":[{"href":"https:\/\/hotel-icastelli.com\/de\/wp-json\/wp\/v2\/media?parent=5358"}],"curies":[{"name":"wp","href":"https:\/\/api.w.org\/{rel}","templated":true}]}}