{"id":5394,"date":"2013-08-28T09:18:59","date_gmt":"2013-08-28T07:18:59","guid":{"rendered":"https:\/\/hotel-icastelli.com\/tourismus\/unesco-weinbaulandschaften-langhe-roero-und-monferrato\/"},"modified":"2025-05-07T07:41:34","modified_gmt":"2025-05-07T05:41:34","slug":"unesco-weinbaulandschaften-langhe-roero-und-monferrato","status":"publish","type":"page","link":"https:\/\/hotel-icastelli.com\/de\/tourismus\/unesco-weinbaulandschaften-langhe-roero-und-monferrato\/","title":{"rendered":"Unesco &#8211; Weinbaulandschaften Langhe, Roero und Monferrato"},"content":{"rendered":"\n<p>Zum ersten Mal wird eine italienische Weinbaulandschaft, die piemontesischen Langhe Roero und Monferrato, vom <a href=\"http:\/\/paesaggivitivinicoliunesco.it\/\">UNESCO-Welterbekomitee<\/a> als au\u00dfergew\u00f6hnlich wertvoll anerkannt und in die Liste des Welterbes aufgenommen.<\/p>\n\n<p>Dies ist in erster Linie der<strong> gro\u00dfen Sch\u00f6nheit<\/strong> unserer Gebiete zu verdanken, aber auch all jenen, die dieses Land seit Generationen mit Respekt, Stolz und Leidenschaft bearbeiten.<\/p>\n\n<p>Die Begr\u00fcndung lautet, dass <strong>diese Landschaften <\/strong> <\/p>\n\n<blockquote class=\"wp-block-quote\">\n<p>sind ein au\u00dfergew\u00f6hnliches lebendiges Zeugnis der historischen Tradition des Weinanbaus, der Weinherstellung, eines sozialen, l\u00e4ndlichen Kontextes und eines auf der Weinkultur basierenden Wirtschaftsgef\u00fcges.<\/p>\n<\/blockquote>\n\n<p>Die Weinberge des Langhe-Roero und des Monferrato sind auch ein <strong>au\u00dfergew\u00f6hnliches Beispiel f\u00fcr die Interaktion des Menschen mit seiner nat\u00fcrlichen Umgebung<\/strong>: Dank einer langen und konstanten Entwicklung der Techniken und des Wissens \u00fcber den Weinbau konnte die bestm\u00f6gliche Anpassung der Reben an die Eigenschaften des Bodens und des Klimas erreicht werden, so dass sie zu einem internationalen Ma\u00dfstab geworden ist.<\/p>\n\n<p>Wir k\u00f6nnen nur stolz sein auf diese Anerkennung und die Art und Weise, wie sie zum Ausdruck gebracht wurde.<\/p>\n\n<p><strong>Von unserer Panoramaterrasse aus <\/strong><strong>k\u00f6nnen Sie die Weind\u00f6rfer<\/strong>, die heute zum Unesco-Weltkulturerbe geh\u00f6ren, <strong>bewundern<\/strong>, w\u00e4hrend Sie ein Glas Barbaresco schl\u00fcrfen oder in unserem <a href=\"https:\/\/hotel-icastelli.com\/de\/restaurant\/\" target=\"_blank\" rel=\"noreferrer noopener\">Restaurant<\/a> speisen.<\/p>\n\n<h2 class=\"wp-block-heading\">Ausgew\u00e4hlte Bereiche<\/h2>\n\n<figure class=\"wp-block-gallery has-nested-images columns-3 is-cropped wp-block-gallery-1\">\n<figure class=\"wp-block-image size-portrait_sm\"><a href=\"https:\/\/hotel-icastelli.com\/files\/2025\/03\/Web_map_italy1-350x466.jpg\"><img loading=\"lazy\" decoding=\"async\" width=\"350\" height=\"466\" data-id=\"3486\" src=\"https:\/\/hotel-icastelli.com\/files\/2025\/03\/Web_map_italy1-350x466.jpg\" alt=\"\" class=\"wp-image-3486\" srcset=\"https:\/\/hotel-icastelli.com\/files\/2025\/03\/Web_map_italy1-350x466.jpg 350w, https:\/\/hotel-icastelli.com\/files\/2025\/03\/Web_map_italy1-574x765.jpg 574w\" sizes=\"auto, (max-width: 350px) 100vw, 350px\" \/><\/a><\/figure>\n\n\n\n<figure class=\"wp-block-image size-portrait_sm\"><a href=\"https:\/\/hotel-icastelli.com\/files\/2025\/03\/Web_map_roads1-350x466.jpg\"><img loading=\"lazy\" decoding=\"async\" width=\"350\" height=\"466\" data-id=\"3488\" src=\"https:\/\/hotel-icastelli.com\/files\/2025\/03\/Web_map_roads1-350x466.jpg\" alt=\"\" class=\"wp-image-3488\" srcset=\"https:\/\/hotel-icastelli.com\/files\/2025\/03\/Web_map_roads1-350x466.jpg 350w, https:\/\/hotel-icastelli.com\/files\/2025\/03\/Web_map_roads1-574x765.jpg 574w\" sizes=\"auto, (max-width: 350px) 100vw, 350px\" \/><\/a><\/figure>\n\n\n\n<figure class=\"wp-block-image size-portrait_sm\"><a href=\"https:\/\/hotel-icastelli.com\/files\/2025\/03\/Web_map_zones1-350x466.jpg\"><img loading=\"lazy\" decoding=\"async\" width=\"350\" height=\"466\" data-id=\"3490\" src=\"https:\/\/hotel-icastelli.com\/files\/2025\/03\/Web_map_zones1-350x466.jpg\" alt=\"\" class=\"wp-image-3490\"\/><\/a><\/figure>\n<\/figure>\n\n<p><strong>Die ausgew\u00e4hlten Gebiete<\/strong> umfassen insgesamt eine Fl\u00e4che von etwa 76.000 Hektar und umfassen <strong>mehr als 100 Gemeindegebiete<\/strong>. Innerhalb dieser Gebiete sind die sechs genannten Komponenten im Einzelnen: <\/p>\n\n<p class=\"has-text-align-center\"><span style=\"text-align: center;\">Die Langa des Barolo<\/span><br\/><span style=\"text-align: center;\">Barbaresco-H\u00fcgel<\/span><br\/><span style=\"text-align: center;\">Schloss von Grinzane Cavour<\/span><br\/><span style=\"text-align: center;\">Canelli und Asti Spumante<\/span><br\/><span style=\"text-align: center;\">Nizza Monferrato und der Barbera<\/span><br\/><span style=\"text-align: center;\">Monferrato des Infernot<\/span><\/p>\n\n<p>Die italienischen St\u00e4tten, die von der Unesco in die Liste des Weltkulturerbes aufgenommen wurden, sind 50, die erste davon im Jahr &#8217;79. Siehe <a title=\"Besuchen Sie die Unesco-Website\" href=\"http:\/\/whc.unesco.org\/en\/list\/1390\" target=\"_blank\" rel=\"noopener\">www.unesco.org<\/a> f\u00fcr die vollst\u00e4ndige Liste. <\/p>\n\n<p>\u00a0<\/p>\n\n<figure class=\"wp-block-gallery has-nested-images columns-4 is-cropped wp-block-gallery-2\">\n<figure class=\"wp-block-image size-thumbnail\"><a href=\"https:\/\/hotel-icastelli.com\/files\/2025\/03\/vigna-150x150.jpg\"><img loading=\"lazy\" decoding=\"async\" width=\"150\" height=\"150\" data-id=\"3492\" src=\"https:\/\/hotel-icastelli.com\/files\/2025\/03\/vigna-150x150.jpg\" alt=\"\" class=\"wp-image-3492\" srcset=\"https:\/\/hotel-icastelli.com\/files\/2025\/03\/vigna-150x150.jpg 150w, https:\/\/hotel-icastelli.com\/files\/2025\/03\/vigna-600x600.jpg 600w, https:\/\/hotel-icastelli.com\/files\/2025\/03\/vigna-350x350.jpg 350w\" sizes=\"auto, (max-width: 150px) 100vw, 150px\" \/><\/a><\/figure>\n\n\n\n<figure class=\"wp-block-image size-thumbnail\"><a href=\"https:\/\/hotel-icastelli.com\/files\/2025\/03\/150x2-150x150.jpg\"><img loading=\"lazy\" decoding=\"async\" width=\"150\" height=\"150\" data-id=\"3494\" src=\"https:\/\/hotel-icastelli.com\/files\/2025\/03\/150x2-150x150.jpg\" alt=\"\" class=\"wp-image-3494\"\/><\/a><\/figure>\n\n\n\n<figure class=\"wp-block-image size-thumbnail\"><a href=\"https:\/\/hotel-icastelli.com\/files\/2025\/03\/150x3-150x150.jpg\"><img loading=\"lazy\" decoding=\"async\" width=\"150\" height=\"150\" data-id=\"3496\" src=\"https:\/\/hotel-icastelli.com\/files\/2025\/03\/150x3-150x150.jpg\" alt=\"\" class=\"wp-image-3496\"\/><\/a><\/figure>\n\n\n\n<figure class=\"wp-block-image size-thumbnail\"><a href=\"https:\/\/hotel-icastelli.com\/files\/2025\/03\/alba-150x150.jpg\"><img loading=\"lazy\" decoding=\"async\" width=\"150\" height=\"150\" data-id=\"3498\" src=\"https:\/\/hotel-icastelli.com\/files\/2025\/03\/alba-150x150.jpg\" alt=\"\" class=\"wp-image-3498\"\/><\/a><\/figure>\n\n\n\n<figure class=\"wp-block-image size-thumbnail\"><a href=\"https:\/\/hotel-icastelli.com\/files\/2025\/03\/Fotolia_9529780_XL-150x150.jpg\"><img loading=\"lazy\" decoding=\"async\" width=\"150\" height=\"150\" data-id=\"3500\" src=\"https:\/\/hotel-icastelli.com\/files\/2025\/03\/Fotolia_9529780_XL-150x150.jpg\" alt=\"\" class=\"wp-image-3500\" srcset=\"https:\/\/hotel-icastelli.com\/files\/2025\/03\/Fotolia_9529780_XL-150x150.jpg 150w, https:\/\/hotel-icastelli.com\/files\/2025\/03\/Fotolia_9529780_XL-600x600.jpg 600w, https:\/\/hotel-icastelli.com\/files\/2025\/03\/Fotolia_9529780_XL-350x350.jpg 350w\" sizes=\"auto, (max-width: 150px) 100vw, 150px\" \/><\/a><\/figure>\n\n\n\n<figure class=\"wp-block-image size-thumbnail\"><a href=\"https:\/\/hotel-icastelli.com\/files\/2025\/03\/bicilanghe-150x150.jpg\"><img loading=\"lazy\" decoding=\"async\" width=\"150\" height=\"150\" data-id=\"3502\" src=\"https:\/\/hotel-icastelli.com\/files\/2025\/03\/bicilanghe-150x150.jpg\" alt=\"\" class=\"wp-image-3502\"\/><\/a><\/figure>\n\n\n\n<figure class=\"wp-block-image size-thumbnail\"><a href=\"https:\/\/hotel-icastelli.com\/files\/2025\/03\/langhe1-150x150.jpg\"><img loading=\"lazy\" decoding=\"async\" width=\"150\" height=\"150\" data-id=\"3504\" src=\"https:\/\/hotel-icastelli.com\/files\/2025\/03\/langhe1-150x150.jpg\" alt=\"\" class=\"wp-image-3504\" srcset=\"https:\/\/hotel-icastelli.com\/files\/2025\/03\/langhe1-150x150.jpg 150w, https:\/\/hotel-icastelli.com\/files\/2025\/03\/langhe1-350x350.jpg 350w\" sizes=\"auto, (max-width: 150px) 100vw, 150px\" \/><\/a><\/figure>\n\n\n\n<figure class=\"wp-block-image size-thumbnail\"><a href=\"https:\/\/hotel-icastelli.com\/files\/2025\/03\/ORIZZONTE-BARBARESCO-2-150x150.jpg\"><img loading=\"lazy\" decoding=\"async\" width=\"150\" height=\"150\" data-id=\"3506\" src=\"https:\/\/hotel-icastelli.com\/files\/2025\/03\/ORIZZONTE-BARBARESCO-2-150x150.jpg\" alt=\"\" class=\"wp-image-3506\"\/><\/a><\/figure>\n<\/figure>\n","protected":false},"excerpt":{"rendered":"<p>Zum ersten Mal wird eine italienische Weinbaulandschaft, die piemontesischen Langhe Roero und Monferrato, vom UNESCO-Welterbekomitee als au\u00dfergew\u00f6hnlich wertvoll anerkannt und in die Liste des Welterbes aufgenommen. Dies ist in erster Linie der gro\u00dfen Sch\u00f6nheit unserer Gebiete zu verdanken, aber auch all jenen, die dieses Land seit Generationen mit Respekt, Stolz und Leidenschaft bearbeiten. Die Begr\u00fcndung [&hellip;]<\/p>\n","protected":false},"author":152,"featured_media":4074,"parent":5084,"menu_order":0,"comment_status":"open","ping_status":"closed","template":"","meta":{"_acf_changed":false,"_monsterinsights_skip_tracking":false,"_monsterinsights_sitenote_active":false,"_monsterinsights_sitenote_note":"","_monsterinsights_sitenote_category":0,"footnotes":""},"class_list":["post-5394","page","type-page","status-publish","has-post-thumbnail","hentry"],"yoast_head":"<!-- This site is optimized with the Yoast SEO plugin v27.2 - https:\/\/yoast.com\/product\/yoast-seo-wordpress\/ -->\n<title>Unesco - Weinbaulandschaften Langhe, Roero und Monferrato - Hotel in Centro Ad Alba - I Castelli<\/title>\n<meta name=\"description\" content=\"Zum ersten Mal wird eine italienische Weinbaulandschaft, die piemontesischen Langhe Roero und Monferrato, vom UNESCO-Welterbekomitee als au\u00dfergew\u00f6hnlich\" \/>\n<meta name=\"robots\" content=\"index, follow, max-snippet:-1, max-image-preview:large, max-video-preview:-1\" \/>\n<link rel=\"canonical\" href=\"https:\/\/hotel-icastelli.com\/de\/tourismus\/unesco-weinbaulandschaften-langhe-roero-und-monferrato\/\" \/>\n<meta property=\"og:locale\" content=\"de_DE\" \/>\n<meta property=\"og:type\" content=\"article\" \/>\n<meta property=\"og:title\" content=\"Unesco - Weinbaulandschaften Langhe, Roero und Monferrato - Hotel in Centro Ad Alba - I Castelli\" \/>\n<meta property=\"og:description\" content=\"Zum ersten Mal wird eine italienische Weinbaulandschaft, die piemontesischen Langhe Roero und Monferrato, vom UNESCO-Welterbekomitee als au\u00dfergew\u00f6hnlich\" \/>\n<meta property=\"og:url\" content=\"https:\/\/hotel-icastelli.com\/de\/tourismus\/unesco-weinbaulandschaften-langhe-roero-und-monferrato\/\" \/>\n<meta property=\"og:site_name\" content=\"I Castelli\" \/>\n<meta property=\"article:modified_time\" content=\"2025-05-07T05:41:34+00:00\" \/>\n<meta property=\"og:image\" content=\"https:\/\/hotel-icastelli.com\/files\/2025\/03\/150x3.jpg\" \/>\n\t<meta property=\"og:image:width\" content=\"1024\" \/>\n\t<meta property=\"og:image:height\" content=\"273\" \/>\n\t<meta property=\"og:image:type\" content=\"image\/jpeg\" \/>\n<meta name=\"twitter:card\" content=\"summary_large_image\" \/>\n<meta name=\"twitter:label1\" content=\"Gesch\u00e4tzte Lesezeit\" \/>\n\t<meta name=\"twitter:data1\" content=\"1\u00a0Minute\" \/>\n<!-- \/ Yoast SEO plugin. -->","yoast_head_json":{"title":"Unesco - Weinbaulandschaften Langhe, Roero und Monferrato - Hotel in Centro Ad Alba - I Castelli","description":"Zum ersten Mal wird eine italienische Weinbaulandschaft, die piemontesischen Langhe Roero und Monferrato, vom UNESCO-Welterbekomitee als au\u00dfergew\u00f6hnlich","robots":{"index":"index","follow":"follow","max-snippet":"max-snippet:-1","max-image-preview":"max-image-preview:large","max-video-preview":"max-video-preview:-1"},"canonical":"https:\/\/hotel-icastelli.com\/de\/tourismus\/unesco-weinbaulandschaften-langhe-roero-und-monferrato\/","og_locale":"de_DE","og_type":"article","og_title":"Unesco - Weinbaulandschaften Langhe, Roero und Monferrato - Hotel in Centro Ad Alba - I Castelli","og_description":"Zum ersten Mal wird eine italienische Weinbaulandschaft, die piemontesischen Langhe Roero und Monferrato, vom UNESCO-Welterbekomitee als au\u00dfergew\u00f6hnlich","og_url":"https:\/\/hotel-icastelli.com\/de\/tourismus\/unesco-weinbaulandschaften-langhe-roero-und-monferrato\/","og_site_name":"I Castelli","article_modified_time":"2025-05-07T05:41:34+00:00","og_image":[{"width":1024,"height":273,"url":"https:\/\/hotel-icastelli.com\/files\/2025\/03\/150x3.jpg","type":"image\/jpeg"}],"twitter_card":"summary_large_image","twitter_misc":{"Gesch\u00e4tzte Lesezeit":"1\u00a0Minute"},"schema":{"@context":"https:\/\/schema.org","@graph":[{"@type":"WebPage","@id":"https:\/\/hotel-icastelli.com\/de\/tourismus\/unesco-weinbaulandschaften-langhe-roero-und-monferrato\/","url":"https:\/\/hotel-icastelli.com\/de\/tourismus\/unesco-weinbaulandschaften-langhe-roero-und-monferrato\/","name":"Unesco - Weinbaulandschaften Langhe, Roero und Monferrato - Hotel in Centro Ad Alba - I Castelli","isPartOf":{"@id":"https:\/\/hotel-icastelli.com\/#website"},"primaryImageOfPage":{"@id":"https:\/\/hotel-icastelli.com\/de\/tourismus\/unesco-weinbaulandschaften-langhe-roero-und-monferrato\/#primaryimage"},"image":{"@id":"https:\/\/hotel-icastelli.com\/de\/tourismus\/unesco-weinbaulandschaften-langhe-roero-und-monferrato\/#primaryimage"},"thumbnailUrl":"https:\/\/hotel-icastelli.com\/files\/2025\/03\/150x3.jpg","datePublished":"2013-08-28T07:18:59+00:00","dateModified":"2025-05-07T05:41:34+00:00","description":"Zum ersten Mal wird eine italienische Weinbaulandschaft, die piemontesischen Langhe Roero und Monferrato, vom UNESCO-Welterbekomitee als au\u00dfergew\u00f6hnlich","breadcrumb":{"@id":"https:\/\/hotel-icastelli.com\/de\/tourismus\/unesco-weinbaulandschaften-langhe-roero-und-monferrato\/#breadcrumb"},"inLanguage":"de","potentialAction":[{"@type":"ReadAction","target":["https:\/\/hotel-icastelli.com\/de\/tourismus\/unesco-weinbaulandschaften-langhe-roero-und-monferrato\/"]}]},{"@type":"ImageObject","inLanguage":"de","@id":"https:\/\/hotel-icastelli.com\/de\/tourismus\/unesco-weinbaulandschaften-langhe-roero-und-monferrato\/#primaryimage","url":"https:\/\/hotel-icastelli.com\/files\/2025\/03\/150x3.jpg","contentUrl":"https:\/\/hotel-icastelli.com\/files\/2025\/03\/150x3.jpg","width":1024,"height":273},{"@type":"BreadcrumbList","@id":"https:\/\/hotel-icastelli.com\/de\/tourismus\/unesco-weinbaulandschaften-langhe-roero-und-monferrato\/#breadcrumb","itemListElement":[{"@type":"ListItem","position":1,"name":"Home","item":"https:\/\/hotel-icastelli.com\/de\/"},{"@type":"ListItem","position":2,"name":"Tourismus","item":"https:\/\/hotel-icastelli.com\/de\/tourismus\/"},{"@type":"ListItem","position":3,"name":"Unesco &#8211; Weinbaulandschaften Langhe, Roero und Monferrato"}]},{"@type":"WebSite","@id":"https:\/\/hotel-icastelli.com\/#website","url":"https:\/\/hotel-icastelli.com\/","name":"I Castelli","description":"Hotel in Centro Ad Alba","publisher":{"@id":"https:\/\/hotel-icastelli.com\/#organization"},"potentialAction":[{"@type":"SearchAction","target":{"@type":"EntryPoint","urlTemplate":"https:\/\/hotel-icastelli.com\/?s={search_term_string}"},"query-input":{"@type":"PropertyValueSpecification","valueRequired":true,"valueName":"search_term_string"}}],"inLanguage":"de"},{"@type":"Organization","@id":"https:\/\/hotel-icastelli.com\/#organization","name":"I Castelli","url":"https:\/\/hotel-icastelli.com\/","logo":{"@type":"ImageObject","inLanguage":"de","@id":"https:\/\/hotel-icastelli.com\/#\/schema\/logo\/image\/","url":"","contentUrl":"","caption":"I Castelli"},"image":{"@id":"https:\/\/hotel-icastelli.com\/#\/schema\/logo\/image\/"}}]}},"acf":[],"_links":{"self":[{"href":"https:\/\/hotel-icastelli.com\/de\/wp-json\/wp\/v2\/pages\/5394","targetHints":{"allow":["GET"]}}],"collection":[{"href":"https:\/\/hotel-icastelli.com\/de\/wp-json\/wp\/v2\/pages"}],"about":[{"href":"https:\/\/hotel-icastelli.com\/de\/wp-json\/wp\/v2\/types\/page"}],"author":[{"embeddable":true,"href":"https:\/\/hotel-icastelli.com\/de\/wp-json\/wp\/v2\/users\/152"}],"replies":[{"embeddable":true,"href":"https:\/\/hotel-icastelli.com\/de\/wp-json\/wp\/v2\/comments?post=5394"}],"version-history":[{"count":0,"href":"https:\/\/hotel-icastelli.com\/de\/wp-json\/wp\/v2\/pages\/5394\/revisions"}],"up":[{"embeddable":true,"href":"https:\/\/hotel-icastelli.com\/de\/wp-json\/wp\/v2\/pages\/5084"}],"wp:featuredmedia":[{"embeddable":true,"href":"https:\/\/hotel-icastelli.com\/de\/wp-json\/wp\/v2\/media\/4074"}],"wp:attachment":[{"href":"https:\/\/hotel-icastelli.com\/de\/wp-json\/wp\/v2\/media?parent=5394"}],"curies":[{"name":"wp","href":"https:\/\/api.w.org\/{rel}","templated":true}]}}