{"id":4908,"date":"2025-03-14T12:04:02","date_gmt":"2025-03-14T11:04:02","guid":{"rendered":"https:\/\/hotel-icastelli.com\/chef-cuisinier\/"},"modified":"2025-11-12T15:24:18","modified_gmt":"2025-11-12T14:24:18","slug":"chef-cuisinier","status":"publish","type":"page","link":"https:\/\/hotel-icastelli.com\/fr\/restaurant\/chef-cuisinier\/","title":{"rendered":"Chef cuisinier"},"content":{"rendered":"\n<blockquote class=\"wp-block-quote\">\n<p>Il n&#8217;y a pas d&#8217;endroit au monde que j&#8217;aime plus que la cuisine.<\/p>\n\n\n\n<p>Peu importe l&#8217;endroit, peu importe l&#8217;apparence : tant qu&#8217;il s&#8217;agit d&#8217;une cuisine, d&#8217;un endroit o\u00f9 l&#8217;on fait la cuisine, \u00e7a me va. Si possible, je les pr\u00e9f\u00e8re fonctionnelles et habit\u00e9es. Peut-\u00eatre avec beaucoup de torchons propres et secs et des carreaux blancs \u00e9tincelants&#8221;.  <\/p>\n<cite><strong>Cuisine ~ par Banana Yoshimoto<\/strong><\/cite><\/blockquote>\n<section class=\"text-image text-image--text-is-left text-image--mt-default text-image--mb-default text-image--align-full text-image--no-background  __text-image text-image--image-mobile-bottom \">\n  <div class=\"text-image__inner text-image__inner--align-full text-image__inner--valign-default flex-columns\">\n    <div class=\"text-image__text text-image__text--is-left text-image__text--is-mobile-top flex-column flex-column--width-50\">\n              <div class=\"text-image__typography typography typography--text-is-left\">\n          \n\n<p>C&#8217;est ainsi que commence le livre de Banana Yoshimoto et c&#8217;est ainsi que commence ma vie dans la cuisine.<\/p>\n\n\n\n<p>Lorsque j&#8217;\u00e9tais enfant, je me souviens que <strong>tout ce que je faisais, je le faisais dans la cuisine<\/strong>, que ce soit pour jouer, faire mes devoirs ou lire un livre. Je me souviens aussi que je portais toujours mon pyjama dans la cuisine avant d&#8217;aller me coucher, parce que je le mettais pour me r\u00e9chauffer pr\u00e8s de la cuisini\u00e8re o\u00f9 il y avait toujours une casserole sur le dessus avec quelque chose de bon dedans. <\/p>\n\n\n\n<p>Au fil des ann\u00e9es, en voyant mes parents nous pr\u00e9parer des plats avec tant d&#8217;amour, je me suis rendu compte que la <strong>passion et l&#8217;amour de<\/strong> la cuisine grandissaient en moi, si bien qu&#8217;apr\u00e8s l&#8217;\u00e9cole secondaire, j&#8217;ai choisi l&#8217;<strong>\u00e9cole h\u00f4teli\u00e8re de Barolo<\/strong>.<\/p>\n\n\n\n<p>Apr\u00e8s avoir termin\u00e9 l&#8217;\u00e9cole, j&#8217;ai effectu\u00e9 des stages dans le <strong>Pi\u00e9mont <\/strong>pour voir si c&#8217;\u00e9tait ma voie. J&#8217;ai travaill\u00e9 \u00e0 <strong>Monforte d&#8217;Alba au Ristorante Giardino &#8216;da Felicin&#8217;<\/strong> et au Ristorante la Collina, puis \u00e0 la Cascina del Cornale \u00e0 Cornale, \u00e0 Orta au Ristorante Osteria dell&#8217;Antico Agnello et \u00e0 Piana Biglini au Ristorante La Paruzza.<\/p>\n\n\n        <\/div>\n          <\/div>\n    <div class=\"text-image__image-container text-image__image-container--is-right text-image__image-container--is-mobile-bottom flex-column flex-column--width-50\">\n              <div class=\"text-image__image text-image__image--is-right text-image__image--is-portrait text-image__image--style-is-default\">\n          <picture class=\"ratio__content\" alt=\"\" title=\"\" data-caption=\"\"> \n                    <source loading=\"lazy\" srcset=\"https:\/\/hotel-icastelli.com\/files\/2025\/02\/Ivano-900x1200.jpg\" media=\"(min-width: 574px)\" \/>\n\n                  <source loading=\"lazy\" srcset=\"https:\/\/hotel-icastelli.com\/files\/2025\/02\/Ivano-574x765.jpg\" \/>\n\n                    <img decoding=\"async\"  width=\"1335\" height=\"2000\" loading=\"lazy\" alt=\"Ivano\" title=\"Ivano\" data-caption=\"\" src=\"https:\/\/hotel-icastelli.com\/files\/2025\/02\/Ivano.jpg\" data-src=\"https:\/\/hotel-icastelli.com\/files\/2025\/02\/Ivano.jpg\"\/>\n\n            \n<\/picture>\n        <\/div>\n                  <\/div>\n  <\/div>\n<\/section><section class=\"text-gallery text-gallery--text-is-right text-gallery--mt-default text-gallery--mb-default text-gallery--align-full text-gallery--no-background text-gallery--align-full text-gallery--valign-center __gallery text-gallery--text-mobile-is-top \">\n   <div class=\"text-gallery__inner text-gallery__inner--align-full text-gallery__inner--valign-center flex-columns\">\n    <div class=\"text-gallery__text text-gallery__text--is-right text-gallery__text--is-mobile-top flex-column flex-column--width-50\">\n              <div class=\"text-gallery__typography typography typography--text-is-right\">\n                    \n\n<p>Finalement, j&#8217;ai r\u00e9alis\u00e9 que c&#8217;\u00e9tait la route que je voulais prendre et je l&#8217;ai prise, mais je ne suis qu&#8217;au d\u00e9but de mon voyage et qui sait o\u00f9 il me m\u00e8nera ?<\/p>\n\n\n\n<p>Je m&#8217;appelle <strong>Ivano Bertolotto<\/strong>, ma cuisine est bas\u00e9e sur la simplicit\u00e9 des go\u00fbts, la s\u00e9lection des produits et la fra\u00eecheur.<\/p>\n\n\n\n<p>J&#8217;aime pr\u00e9parer des <strong>plats traditionnels r\u00e9interpr\u00e9t\u00e9s de<\/strong> fa\u00e7on moderne et en cr\u00e9er de nouveaux qui expriment les saveurs et les ar\u00f4mes de la r\u00e9gion, en essayant de r\u00e9veiller des sensations et des souvenirs depuis longtemps endormis.<\/p>\n\n\n\n<p>La cuisine, c&#8217;est l&#8217;amour et le <strong>respect de la terre<\/strong>, de la saisonnalit\u00e9 des produits et des personnes qui mangent ce que vous pr\u00e9parez.<\/p>\n\n\n        <\/div>\n          <\/div>\n    <div class=\"text-gallery__gallery-container text-gallery__gallery-container--is-left flex-column flex-column--width-50\">\n      <div class=\"text-gallery__gallery text-gallery__gallery--is-left text-gallery__gallery--style-default\">\n        \n\n<figure class=\"wp-block-gallery has-nested-images columns-2 is-cropped wp-block-gallery-2\">\n<figure class=\"wp-block-image size-square_sm\"><img loading=\"lazy\" decoding=\"async\" width=\"350\" height=\"350\" data-id=\"4672\" src=\"https:\/\/hotel-icastelli.com\/files\/2025\/04\/c-350x350.jpg\" alt=\"\" class=\"wp-image-4672\" srcset=\"https:\/\/hotel-icastelli.com\/files\/2025\/04\/c-350x350.jpg 350w, https:\/\/hotel-icastelli.com\/files\/2025\/04\/c-150x150.jpg 150w, https:\/\/hotel-icastelli.com\/files\/2025\/04\/c-900x900.jpg 900w, https:\/\/hotel-icastelli.com\/files\/2025\/04\/c-600x600.jpg 600w\" sizes=\"auto, (max-width: 350px) 100vw, 350px\" \/><\/figure>\n\n\n\n<figure class=\"wp-block-image size-square_sm\"><img loading=\"lazy\" decoding=\"async\" width=\"350\" height=\"350\" data-id=\"4658\" src=\"https:\/\/hotel-icastelli.com\/files\/2025\/04\/b-350x350.jpg\" alt=\"\" class=\"wp-image-4658\" srcset=\"https:\/\/hotel-icastelli.com\/files\/2025\/04\/b-350x350.jpg 350w, https:\/\/hotel-icastelli.com\/files\/2025\/04\/b-150x150.jpg 150w, https:\/\/hotel-icastelli.com\/files\/2025\/04\/b-900x900.jpg 900w, https:\/\/hotel-icastelli.com\/files\/2025\/04\/b-600x600.jpg 600w\" sizes=\"auto, (max-width: 350px) 100vw, 350px\" \/><\/figure>\n\n\n\n<figure class=\"wp-block-image size-square_sm\"><img loading=\"lazy\" decoding=\"async\" width=\"350\" height=\"350\" data-id=\"4644\" src=\"https:\/\/hotel-icastelli.com\/files\/2025\/04\/1-350x350.jpg\" alt=\"\" class=\"wp-image-4644\" srcset=\"https:\/\/hotel-icastelli.com\/files\/2025\/04\/1-350x350.jpg 350w, https:\/\/hotel-icastelli.com\/files\/2025\/04\/1-150x150.jpg 150w, https:\/\/hotel-icastelli.com\/files\/2025\/04\/1-900x900.jpg 900w, https:\/\/hotel-icastelli.com\/files\/2025\/04\/1-600x600.jpg 600w\" sizes=\"auto, (max-width: 350px) 100vw, 350px\" \/><\/figure>\n\n\n\n<figure class=\"wp-block-image size-square_sm\"><img loading=\"lazy\" decoding=\"async\" width=\"350\" height=\"350\" data-id=\"4630\" src=\"https:\/\/hotel-icastelli.com\/files\/2025\/04\/f-350x350.jpg\" alt=\"\" class=\"wp-image-4630\" srcset=\"https:\/\/hotel-icastelli.com\/files\/2025\/04\/f-350x350.jpg 350w, https:\/\/hotel-icastelli.com\/files\/2025\/04\/f-150x150.jpg 150w, https:\/\/hotel-icastelli.com\/files\/2025\/04\/f-900x900.jpg 900w, https:\/\/hotel-icastelli.com\/files\/2025\/04\/f-600x600.jpg 600w\" sizes=\"auto, (max-width: 350px) 100vw, 350px\" \/><\/figure>\n<\/figure>\n\n\n      <\/div>\n          <\/div>\n  <\/div>\n<\/section><section class=\"grid grid--mt-default grid--mb-default grid--align-full grid--no-background  __grid is-style-first-big-3\">\n  <div class=\"grid__inner grid__inner--align-full\">\n        <ul class=\"grid__row grid__row--columns-3 grid__row--valign-top combos combos--columns-3\">\n              \n<div class=\"combo combo--3-cols combo--align-center combo--textalign-default combo--has-background has-dark-background-color combos__combo wp-elements-e14275b5e985276d8b576aa98eeec511\">\n      <div class=\"combo__bg combo__bg--position-default combo__bg--overlay-is-default \">\n      <picture class=\"ratio__content\" alt=\"\" title=\"\" data-caption=\"Kolor stitching | 35 pictures | Size: 8150 x 5933 | FOV: 138.73 x 100.98 ~ -16.65 | RMS: 2.55 | Lens: Standard | Projection: Spherical | Color: LDR |\"> \n                <source loading=\"lazy\" srcset=\"https:\/\/hotel-icastelli.com\/files\/2025\/02\/serale.jpg\" media=\"(min-width: 1400px)\" \/>\n\n              <source loading=\"lazy\" srcset=\"https:\/\/hotel-icastelli.com\/files\/2025\/02\/serale-1400x875.jpg\" media=\"(min-width: 574px)\" \/>\n\n              <source loading=\"lazy\" srcset=\"https:\/\/hotel-icastelli.com\/files\/2025\/02\/serale-574x765.jpg\" \/>\n\n                <img decoding=\"async\"  width=\"\" height=\"\" loading=\"lazy\" alt=\"serale\" title=\"serale\" data-caption=\"Kolor stitching | 35 pictures | Size: 8150 x 5933 | FOV: 138.73 x 100.98 ~ -16.65 | RMS: 2.55 | Lens: Standard | Projection: Spherical | Color: LDR |\" src=\"https:\/\/hotel-icastelli.com\/files\/2025\/02\/serale.jpg\" data-src=\"https:\/\/hotel-icastelli.com\/files\/2025\/02\/serale.jpg\"\/>\n\n        \n<\/picture>\n    <\/div>\n        <div class=\"combo__overlay combo__overlay--is-default combo__overlay--color-dark\"><\/div>\n    <div class=\"combo__inner combo__inner--text-align-default combo__inner--has-background combo__inner--has-dark-background-color wp-elements-e14275b5e985276d8b576aa98eeec511\">\n          <h4 class=\"combo__tagline\">\n        L&#8217;h\u00f4tel\n      <\/h4>\n              <h2 class=\"combo__title\">\n        Explorez les Langhe et le Roero\n      <\/h2>\n                  <div class=\"combo__description\">\n        \n\n<p>Point de rep\u00e8re dans le quartier, il se trouve \u00e0 quelques minutes de marche du c\u0153ur du centre historique d&#8217;Alba.<\/p>\n\n\n      <\/div>\n              <div class=\"combo__cta\">\n          <a href=\"https:\/\/hotel-icastelli.com\/fr\/hotels\/\" title=\"Explorer\" target=\"_self\" class=\"combo__button button button--combo\">\n            Explorer\n          <\/a>\n        <\/div>\n            <\/div>\n<\/div>\n\n<div class=\"combo combo--3-cols combo--align-center combo--textalign-default combo--has-background has-dark-background-color combos__combo wp-elements-2890d0514506edd8ba03bc46fba88ba7\">\n      <div class=\"combo__bg combo__bg--position-default combo__bg--overlay-is-default \">\n      <picture class=\"ratio__content\" alt=\"\" title=\"\" data-caption=\"\"> \n                <source loading=\"lazy\" srcset=\"https:\/\/hotel-icastelli.com\/files\/2025\/04\/d.jpg\" media=\"(min-width: 1400px)\" \/>\n\n              <source loading=\"lazy\" srcset=\"https:\/\/hotel-icastelli.com\/files\/2025\/04\/d-1400x875.jpg\" media=\"(min-width: 574px)\" \/>\n\n              <source loading=\"lazy\" srcset=\"https:\/\/hotel-icastelli.com\/files\/2025\/04\/d-574x765.jpg\" \/>\n\n                <img decoding=\"async\"  width=\"\" height=\"\" loading=\"lazy\" alt=\"d\" title=\"d\" data-caption=\"\" src=\"https:\/\/hotel-icastelli.com\/files\/2025\/04\/d.jpg\" data-src=\"https:\/\/hotel-icastelli.com\/files\/2025\/04\/d.jpg\"\/>\n\n        \n<\/picture>\n    <\/div>\n        <div class=\"combo__overlay combo__overlay--is-default combo__overlay--color-dark\"><\/div>\n    <div class=\"combo__inner combo__inner--text-align-default combo__inner--has-background combo__inner--has-dark-background-color wp-elements-2890d0514506edd8ba03bc46fba88ba7\">\n          <h4 class=\"combo__tagline\">\n        Le menu\n      <\/h4>\n              <h2 class=\"combo__title\">\n        Pour vous rendre gourmand\n      <\/h2>\n                  <div class=\"combo__description\">\n        \n\n<p>Dans un cadre confortable, vous pourrez d\u00e9guster des plats locaux traditionnels.<\/p>\n\n\n      <\/div>\n              <div class=\"combo__cta\">\n          <a href=\"https:\/\/hotel-icastelli.com\/fr\/restaurant\/menu\/\" title=\"Savourez\" target=\"_self\" class=\"combo__button button button--combo\">\n            Savourez\n          <\/a>\n        <\/div>\n            <\/div>\n<\/div>\n\n<div class=\"combo combo--3-cols combo--align-center combo--textalign-default combo--has-background has-dark-background-color combos__combo wp-elements-71c1d9483293db2856c30e5f0c87cf00\">\n      <div class=\"combo__bg combo__bg--position-default combo__bg--overlay-is-default \">\n      <picture class=\"ratio__content\" alt=\"\" title=\"\" data-caption=\"\"> \n                <source loading=\"lazy\" srcset=\"https:\/\/hotel-icastelli.com\/files\/2025\/03\/piatto_02.jpg\" media=\"(min-width: 1400px)\" \/>\n\n              <source loading=\"lazy\" srcset=\"https:\/\/hotel-icastelli.com\/files\/2025\/03\/piatto_02.jpg\" media=\"(min-width: 574px)\" \/>\n\n              <source loading=\"lazy\" srcset=\"https:\/\/hotel-icastelli.com\/files\/2025\/03\/piatto_02-574x440.jpg\" \/>\n\n                <img decoding=\"async\"  width=\"\" height=\"\" loading=\"lazy\" alt=\"piatto_02\" title=\"piatto_02\" data-caption=\"\" src=\"https:\/\/hotel-icastelli.com\/files\/2025\/03\/piatto_02.jpg\" data-src=\"https:\/\/hotel-icastelli.com\/files\/2025\/03\/piatto_02.jpg\"\/>\n\n        \n<\/picture>\n    <\/div>\n        <div class=\"combo__overlay combo__overlay--is-default combo__overlay--color-dark\"><\/div>\n    <div class=\"combo__inner combo__inner--text-align-default combo__inner--has-background combo__inner--has-dark-background-color wp-elements-71c1d9483293db2856c30e5f0c87cf00\">\n          <h4 class=\"combo__tagline\">\n        Liste des vins\n      <\/h4>\n              <h2 class=\"combo__title\">\n        Pour vous rendre joyeux\n      <\/h2>\n                  <div class=\"combo__description\">\n        \n\n<p>Une carte des vins s\u00e9lectionn\u00e9e qui met l&#8217;accent sur les petits producteurs du Pi\u00e9mont et sur les digressions nationales et \u00e9trang\u00e8res.<\/p>\n\n\n      <\/div>\n              <div class=\"combo__cta\">\n          <a href=\"https:\/\/hotel-icastelli.com\/files\/2025\/05\/2024.04_carta_vini_i_castelli.pdf\" title=\"D\u00e9couvrez\" target=\"_self\" class=\"combo__button button button--combo\">\n            D\u00e9couvrez\n          <\/a>\n        <\/div>\n            <\/div>\n<\/div>\n\n          <\/ul>\n      <\/div>\n<\/section>","protected":false},"excerpt":{"rendered":"<p>Il n&#8217;y a pas d&#8217;endroit au monde que j&#8217;aime plus que la cuisine. Peu importe l&#8217;endroit, peu importe l&#8217;apparence : tant qu&#8217;il s&#8217;agit d&#8217;une cuisine, d&#8217;un endroit o\u00f9 l&#8217;on fait la cuisine, \u00e7a me va. Si possible, je les pr\u00e9f\u00e8re fonctionnelles et habit\u00e9es. Peut-\u00eatre avec beaucoup de torchons propres et secs et des carreaux blancs [&hellip;]<\/p>\n","protected":false},"author":152,"featured_media":3988,"parent":5048,"menu_order":0,"comment_status":"closed","ping_status":"closed","template":"","meta":{"_acf_changed":false,"_monsterinsights_skip_tracking":false,"_monsterinsights_sitenote_active":false,"_monsterinsights_sitenote_note":"","_monsterinsights_sitenote_category":0,"footnotes":""},"class_list":["post-4908","page","type-page","status-publish","has-post-thumbnail","hentry"],"yoast_head":"<!-- This site is optimized with the Yoast SEO plugin v27.2 - https:\/\/yoast.com\/product\/yoast-seo-wordpress\/ -->\n<title>Chef cuisinier - Hotel in Centro Ad Alba - I Castelli<\/title>\n<meta name=\"description\" content=\"Il n&#039;y a pas d&#039;endroit au monde que j&#039;aime plus que la cuisine. Peu importe l&#039;endroit, peu importe l&#039;apparence : tant qu&#039;il s&#039;agit d&#039;une cuisine, d&#039;un\" \/>\n<meta name=\"robots\" content=\"index, follow, max-snippet:-1, max-image-preview:large, max-video-preview:-1\" \/>\n<link rel=\"canonical\" href=\"https:\/\/hotel-icastelli.com\/fr\/restaurant\/chef-cuisinier\/\" \/>\n<meta property=\"og:locale\" content=\"fr_FR\" \/>\n<meta property=\"og:type\" content=\"article\" \/>\n<meta property=\"og:title\" content=\"Chef cuisinier - Hotel in Centro Ad Alba - I Castelli\" \/>\n<meta property=\"og:description\" content=\"Il n&#039;y a pas d&#039;endroit au monde que j&#039;aime plus que la cuisine. Peu importe l&#039;endroit, peu importe l&#039;apparence : tant qu&#039;il s&#039;agit d&#039;une cuisine, d&#039;un\" \/>\n<meta property=\"og:url\" content=\"https:\/\/hotel-icastelli.com\/fr\/restaurant\/chef-cuisinier\/\" \/>\n<meta property=\"og:site_name\" content=\"I Castelli\" \/>\n<meta property=\"article:modified_time\" content=\"2025-11-12T14:24:18+00:00\" \/>\n<meta property=\"og:image\" content=\"https:\/\/hotel-icastelli.com\/files\/2025\/03\/ristorante_34.jpg\" \/>\n\t<meta property=\"og:image:width\" content=\"1300\" \/>\n\t<meta property=\"og:image:height\" content=\"556\" \/>\n\t<meta property=\"og:image:type\" content=\"image\/jpeg\" \/>\n<meta name=\"twitter:card\" content=\"summary_large_image\" \/>\n<meta name=\"twitter:label1\" content=\"Est. reading time\" \/>\n\t<meta name=\"twitter:data1\" content=\"2 minutes\" \/>\n<!-- \/ Yoast SEO plugin. -->","yoast_head_json":{"title":"Chef cuisinier - Hotel in Centro Ad Alba - I Castelli","description":"Il n'y a pas d'endroit au monde que j'aime plus que la cuisine. Peu importe l'endroit, peu importe l'apparence : tant qu'il s'agit d'une cuisine, d'un","robots":{"index":"index","follow":"follow","max-snippet":"max-snippet:-1","max-image-preview":"max-image-preview:large","max-video-preview":"max-video-preview:-1"},"canonical":"https:\/\/hotel-icastelli.com\/fr\/restaurant\/chef-cuisinier\/","og_locale":"fr_FR","og_type":"article","og_title":"Chef cuisinier - Hotel in Centro Ad Alba - I Castelli","og_description":"Il n'y a pas d'endroit au monde que j'aime plus que la cuisine. Peu importe l'endroit, peu importe l'apparence : tant qu'il s'agit d'une cuisine, d'un","og_url":"https:\/\/hotel-icastelli.com\/fr\/restaurant\/chef-cuisinier\/","og_site_name":"I Castelli","article_modified_time":"2025-11-12T14:24:18+00:00","og_image":[{"width":1300,"height":556,"url":"https:\/\/hotel-icastelli.com\/files\/2025\/03\/ristorante_34.jpg","type":"image\/jpeg"}],"twitter_card":"summary_large_image","twitter_misc":{"Est. reading time":"2 minutes"},"schema":{"@context":"https:\/\/schema.org","@graph":[{"@type":"WebPage","@id":"https:\/\/hotel-icastelli.com\/fr\/restaurant\/chef-cuisinier\/","url":"https:\/\/hotel-icastelli.com\/fr\/restaurant\/chef-cuisinier\/","name":"Chef cuisinier - Hotel in Centro Ad Alba - I Castelli","isPartOf":{"@id":"https:\/\/hotel-icastelli.com\/#website"},"primaryImageOfPage":{"@id":"https:\/\/hotel-icastelli.com\/fr\/restaurant\/chef-cuisinier\/#primaryimage"},"image":{"@id":"https:\/\/hotel-icastelli.com\/fr\/restaurant\/chef-cuisinier\/#primaryimage"},"thumbnailUrl":"https:\/\/hotel-icastelli.com\/files\/2025\/03\/ristorante_34.jpg","datePublished":"2025-03-14T11:04:02+00:00","dateModified":"2025-11-12T14:24:18+00:00","description":"Il n'y a pas d'endroit au monde que j'aime plus que la cuisine. Peu importe l'endroit, peu importe l'apparence : tant qu'il s'agit d'une cuisine, d'un","breadcrumb":{"@id":"https:\/\/hotel-icastelli.com\/fr\/restaurant\/chef-cuisinier\/#breadcrumb"},"inLanguage":"fr-FR","potentialAction":[{"@type":"ReadAction","target":["https:\/\/hotel-icastelli.com\/fr\/restaurant\/chef-cuisinier\/"]}]},{"@type":"ImageObject","inLanguage":"fr-FR","@id":"https:\/\/hotel-icastelli.com\/fr\/restaurant\/chef-cuisinier\/#primaryimage","url":"https:\/\/hotel-icastelli.com\/files\/2025\/03\/ristorante_34.jpg","contentUrl":"https:\/\/hotel-icastelli.com\/files\/2025\/03\/ristorante_34.jpg","width":1300,"height":556},{"@type":"BreadcrumbList","@id":"https:\/\/hotel-icastelli.com\/fr\/restaurant\/chef-cuisinier\/#breadcrumb","itemListElement":[{"@type":"ListItem","position":1,"name":"Home","item":"https:\/\/hotel-icastelli.com\/fr\/"},{"@type":"ListItem","position":2,"name":"Restaurant","item":"https:\/\/hotel-icastelli.com\/fr\/restaurant\/"},{"@type":"ListItem","position":3,"name":"Chef cuisinier"}]},{"@type":"WebSite","@id":"https:\/\/hotel-icastelli.com\/#website","url":"https:\/\/hotel-icastelli.com\/","name":"I Castelli","description":"Hotel in Centro Ad Alba","publisher":{"@id":"https:\/\/hotel-icastelli.com\/#organization"},"potentialAction":[{"@type":"SearchAction","target":{"@type":"EntryPoint","urlTemplate":"https:\/\/hotel-icastelli.com\/?s={search_term_string}"},"query-input":{"@type":"PropertyValueSpecification","valueRequired":true,"valueName":"search_term_string"}}],"inLanguage":"fr-FR"},{"@type":"Organization","@id":"https:\/\/hotel-icastelli.com\/#organization","name":"I Castelli","url":"https:\/\/hotel-icastelli.com\/","logo":{"@type":"ImageObject","inLanguage":"fr-FR","@id":"https:\/\/hotel-icastelli.com\/#\/schema\/logo\/image\/","url":"","contentUrl":"","caption":"I Castelli"},"image":{"@id":"https:\/\/hotel-icastelli.com\/#\/schema\/logo\/image\/"}}]}},"acf":[],"_links":{"self":[{"href":"https:\/\/hotel-icastelli.com\/fr\/wp-json\/wp\/v2\/pages\/4908","targetHints":{"allow":["GET"]}}],"collection":[{"href":"https:\/\/hotel-icastelli.com\/fr\/wp-json\/wp\/v2\/pages"}],"about":[{"href":"https:\/\/hotel-icastelli.com\/fr\/wp-json\/wp\/v2\/types\/page"}],"author":[{"embeddable":true,"href":"https:\/\/hotel-icastelli.com\/fr\/wp-json\/wp\/v2\/users\/152"}],"replies":[{"embeddable":true,"href":"https:\/\/hotel-icastelli.com\/fr\/wp-json\/wp\/v2\/comments?post=4908"}],"version-history":[{"count":0,"href":"https:\/\/hotel-icastelli.com\/fr\/wp-json\/wp\/v2\/pages\/4908\/revisions"}],"up":[{"embeddable":true,"href":"https:\/\/hotel-icastelli.com\/fr\/wp-json\/wp\/v2\/pages\/5048"}],"wp:featuredmedia":[{"embeddable":true,"href":"https:\/\/hotel-icastelli.com\/fr\/wp-json\/wp\/v2\/media\/3988"}],"wp:attachment":[{"href":"https:\/\/hotel-icastelli.com\/fr\/wp-json\/wp\/v2\/media?parent=4908"}],"curies":[{"name":"wp","href":"https:\/\/api.w.org\/{rel}","templated":true}]}}