{"id":4950,"date":"2025-03-14T11:24:16","date_gmt":"2025-03-14T10:24:16","guid":{"rendered":"https:\/\/hotel-icastelli.com\/gymnase\/"},"modified":"2025-11-12T15:19:39","modified_gmt":"2025-11-12T14:19:39","slug":"gymnase","status":"publish","type":"page","link":"https:\/\/hotel-icastelli.com\/fr\/hotels\/gymnase\/","title":{"rendered":"Gymnase"},"content":{"rendered":"\n<p>Dans notre salle de sport climatis\u00e9e de 30 m\u00e8tres carr\u00e9s avec lumi\u00e8re naturelle, nous mettons gratuitement \u00e0 votre disposition<br\/>trois tapis de course et d&#8217;autres machines pour<br\/>vous maintenir en forme ou pour \u00e9liminer les exc\u00e8s de boisson in\u00e9vitables lors de votre s\u00e9jour<br\/>dans le pays de la bonne ch\u00e8re et du vin.<\/p>\n<section class=\"grid grid--mt-default grid--mb-default grid--align-full grid--no-background  __grid is-style-first-big-3\">\n  <div class=\"grid__inner grid__inner--align-full\">\n        <ul class=\"grid__row grid__row--columns-3 grid__row--valign-top combos combos--columns-3\">\n              \n<div class=\"combo combo--3-cols combo--align-center combo--textalign-default combo--has-background has-dark-background-color combos__combo \">\n      <div class=\"combo__bg combo__bg--position-default combo__bg--overlay-is-default \">\n      <picture class=\"ratio__content\" alt=\"\" title=\"\" data-caption=\"\"> \n                <source loading=\"lazy\" srcset=\"https:\/\/hotel-icastelli.com\/files\/2025\/02\/Vitello-tonnato.jpg\" media=\"(min-width: 1400px)\" \/>\n\n              <source loading=\"lazy\" srcset=\"https:\/\/hotel-icastelli.com\/files\/2025\/02\/Vitello-tonnato-1335x875.jpg\" media=\"(min-width: 574px)\" \/>\n\n              <source loading=\"lazy\" srcset=\"https:\/\/hotel-icastelli.com\/files\/2025\/02\/Vitello-tonnato-574x765.jpg\" \/>\n\n                <img decoding=\"async\"  width=\"\" height=\"\" loading=\"lazy\" alt=\"Vitello tonnato\" title=\"Vitello tonnato\" data-caption=\"\" src=\"https:\/\/hotel-icastelli.com\/files\/2025\/02\/Vitello-tonnato.jpg\" data-src=\"https:\/\/hotel-icastelli.com\/files\/2025\/02\/Vitello-tonnato.jpg\"\/>\n\n        \n<\/picture>\n    <\/div>\n        <div class=\"combo__overlay combo__overlay--is-default combo__overlay--color-dark\"><\/div>\n    <div class=\"combo__inner combo__inner--text-align-default combo__inner--has-background combo__inner--has-dark-background-color \">\n          <h4 class=\"combo__tagline\">\n        Restaurant\n      <\/h4>\n              <h2 class=\"combo__title\">\n        Pour vous rendre curieux\n      <\/h2>\n                  <div class=\"combo__description\">\n        \n\n<p>D\u00eenez sur la terrasse panoramique et go\u00fbtez aux d\u00e9lices des Langhe.<\/p>\n\n\n      <\/div>\n              <div class=\"combo__cta\">\n          <a href=\"https:\/\/hotel-icastelli.com\/fr\/restaurant\/\" title=\"D\u00e9couvrez\" target=\"_self\" class=\"combo__button button button--combo\">\n            D\u00e9couvrez\n          <\/a>\n        <\/div>\n            <\/div>\n<\/div>\n\n<div class=\"combo combo--3-cols combo--align-center combo--textalign-default combo--has-background has-dark-background-color combos__combo \">\n      <div class=\"combo__bg combo__bg--position-default combo__bg--overlay-is-default \">\n      <picture class=\"ratio__content\" alt=\"\" title=\"\" data-caption=\"\"> \n                <source loading=\"lazy\" srcset=\"https:\/\/hotel-icastelli.com\/files\/2025\/04\/suite-castelli.jpeg\" media=\"(min-width: 1400px)\" \/>\n\n              <source loading=\"lazy\" srcset=\"https:\/\/hotel-icastelli.com\/files\/2025\/04\/suite-castelli-1400x875.jpeg\" media=\"(min-width: 574px)\" \/>\n\n              <source loading=\"lazy\" srcset=\"https:\/\/hotel-icastelli.com\/files\/2025\/04\/suite-castelli-574x765.jpeg\" \/>\n\n                <img decoding=\"async\"  width=\"\" height=\"\" loading=\"lazy\" alt=\"suite-castelli\" title=\"suite-castelli\" data-caption=\"\" src=\"https:\/\/hotel-icastelli.com\/files\/2025\/04\/suite-castelli.jpeg\" data-src=\"https:\/\/hotel-icastelli.com\/files\/2025\/04\/suite-castelli.jpeg\"\/>\n\n        \n<\/picture>\n    <\/div>\n        <div class=\"combo__overlay combo__overlay--is-default combo__overlay--color-dark\"><\/div>\n    <div class=\"combo__inner combo__inner--text-align-default combo__inner--has-background combo__inner--has-dark-background-color \">\n          <h4 class=\"combo__tagline\">\n        Chambres\n      <\/h4>\n              <h2 class=\"combo__title\">\n        Confort et \u00e9l\u00e9gance\n      <\/h2>\n                  <div class=\"combo__description\">\n        \n\n<p>Se reposer dans un lit confortable, spacieux et dot\u00e9 de tous les conforts.<\/p>\n\n\n      <\/div>\n              <div class=\"combo__cta\">\n          <a href=\"https:\/\/hotel-icastelli.com\/fr\/hotels\/chambres\/\" title=\"D\u00e9couvrez\" target=\"_self\" class=\"combo__button button button--combo\">\n            D\u00e9couvrez\n          <\/a>\n        <\/div>\n            <\/div>\n<\/div>\n\n<div class=\"combo combo--3-cols combo--align-center combo--textalign-default combo--has-background has-dark-background-color combos__combo \">\n      <div class=\"combo__bg combo__bg--position-default combo__bg--overlay-is-default \">\n      <picture class=\"ratio__content\" alt=\"\" title=\"\" data-caption=\"\"> \n                <source loading=\"lazy\" srcset=\"https:\/\/hotel-icastelli.com\/files\/2025\/02\/colazioni.jpg\" media=\"(min-width: 1400px)\" \/>\n\n              <source loading=\"lazy\" srcset=\"https:\/\/hotel-icastelli.com\/files\/2025\/02\/colazioni-1400x875.jpg\" media=\"(min-width: 574px)\" \/>\n\n              <source loading=\"lazy\" srcset=\"https:\/\/hotel-icastelli.com\/files\/2025\/02\/colazioni-574x765.jpg\" \/>\n\n                <img decoding=\"async\"  width=\"\" height=\"\" loading=\"lazy\" alt=\"colazioni\" title=\"colazioni\" data-caption=\"\" src=\"https:\/\/hotel-icastelli.com\/files\/2025\/02\/colazioni.jpg\" data-src=\"https:\/\/hotel-icastelli.com\/files\/2025\/02\/colazioni.jpg\"\/>\n\n        \n<\/picture>\n    <\/div>\n        <div class=\"combo__overlay combo__overlay--is-default combo__overlay--color-dark\"><\/div>\n    <div class=\"combo__inner combo__inner--text-align-default combo__inner--has-background combo__inner--has-dark-background-color \">\n          <h4 class=\"combo__tagline\">\n        Petits d\u00e9jeuners\n      <\/h4>\n              <h2 class=\"combo__title\">\n        Pour bien commencer la journ\u00e9e\n      <\/h2>\n                  <div class=\"combo__description\">\n        \n\n<p>Commencez la journ\u00e9e du bon pied avec un bon petit-d\u00e9jeuner et des produits adapt\u00e9s \u00e0 tous les besoins et \u00e0 toutes les intol\u00e9rances.<\/p>\n\n\n      <\/div>\n              <div class=\"combo__cta\">\n          <a href=\"https:\/\/hotel-icastelli.com\/fr\/hotels\/salle-de-petit-dejeuner\/\" title=\"D\u00e9couvrez\" target=\"_self\" class=\"combo__button button button--combo\">\n            D\u00e9couvrez\n          <\/a>\n        <\/div>\n            <\/div>\n<\/div>\n\n          <\/ul>\n      <\/div>\n<\/section>","protected":false},"excerpt":{"rendered":"<p>Dans notre salle de sport climatis\u00e9e de 30 m\u00e8tres carr\u00e9s avec lumi\u00e8re naturelle, nous mettons gratuitement \u00e0 votre dispositiontrois tapis de course et d&#8217;autres machines pourvous maintenir en forme ou pour \u00e9liminer les exc\u00e8s de boisson in\u00e9vitables lors de votre s\u00e9jourdans le pays de la bonne ch\u00e8re et du vin.<\/p>\n","protected":false},"author":152,"featured_media":4600,"parent":5136,"menu_order":0,"comment_status":"closed","ping_status":"closed","template":"","meta":{"_acf_changed":false,"_monsterinsights_skip_tracking":false,"_monsterinsights_sitenote_active":false,"_monsterinsights_sitenote_note":"","_monsterinsights_sitenote_category":0,"footnotes":""},"class_list":["post-4950","page","type-page","status-publish","has-post-thumbnail","hentry"],"yoast_head":"<!-- This site is optimized with the Yoast SEO plugin v27.2 - https:\/\/yoast.com\/product\/yoast-seo-wordpress\/ -->\n<title>Gymnase - Hotel in Centro Ad Alba - I Castelli<\/title>\n<meta name=\"description\" content=\"Dans notre salle de sport climatis\u00e9e de 30 m\u00e8tres carr\u00e9s avec lumi\u00e8re naturelle, nous mettons gratuitement \u00e0 votre dispositiontrois tapis de course et\" \/>\n<meta name=\"robots\" content=\"index, follow, max-snippet:-1, max-image-preview:large, max-video-preview:-1\" \/>\n<link rel=\"canonical\" href=\"https:\/\/hotel-icastelli.com\/fr\/hotels\/gymnase\/\" \/>\n<meta property=\"og:locale\" content=\"fr_FR\" \/>\n<meta property=\"og:type\" content=\"article\" \/>\n<meta property=\"og:title\" content=\"Gymnase - Hotel in Centro Ad Alba - I Castelli\" \/>\n<meta property=\"og:description\" content=\"Dans notre salle de sport climatis\u00e9e de 30 m\u00e8tres carr\u00e9s avec lumi\u00e8re naturelle, nous mettons gratuitement \u00e0 votre dispositiontrois tapis de course et\" \/>\n<meta property=\"og:url\" content=\"https:\/\/hotel-icastelli.com\/fr\/hotels\/gymnase\/\" \/>\n<meta property=\"og:site_name\" content=\"I Castelli\" \/>\n<meta property=\"article:modified_time\" content=\"2025-11-12T14:19:39+00:00\" \/>\n<meta property=\"og:image\" content=\"https:\/\/hotel-icastelli.com\/files\/2025\/03\/pal-1.jpg\" \/>\n\t<meta property=\"og:image:width\" content=\"2000\" \/>\n\t<meta property=\"og:image:height\" content=\"1500\" \/>\n\t<meta property=\"og:image:type\" content=\"image\/jpeg\" \/>\n<meta name=\"twitter:card\" content=\"summary_large_image\" \/>\n<meta name=\"twitter:label1\" content=\"Est. reading time\" \/>\n\t<meta name=\"twitter:data1\" content=\"1 minute\" \/>\n<!-- \/ Yoast SEO plugin. -->","yoast_head_json":{"title":"Gymnase - Hotel in Centro Ad Alba - I Castelli","description":"Dans notre salle de sport climatis\u00e9e de 30 m\u00e8tres carr\u00e9s avec lumi\u00e8re naturelle, nous mettons gratuitement \u00e0 votre dispositiontrois tapis de course et","robots":{"index":"index","follow":"follow","max-snippet":"max-snippet:-1","max-image-preview":"max-image-preview:large","max-video-preview":"max-video-preview:-1"},"canonical":"https:\/\/hotel-icastelli.com\/fr\/hotels\/gymnase\/","og_locale":"fr_FR","og_type":"article","og_title":"Gymnase - Hotel in Centro Ad Alba - I Castelli","og_description":"Dans notre salle de sport climatis\u00e9e de 30 m\u00e8tres carr\u00e9s avec lumi\u00e8re naturelle, nous mettons gratuitement \u00e0 votre dispositiontrois tapis de course et","og_url":"https:\/\/hotel-icastelli.com\/fr\/hotels\/gymnase\/","og_site_name":"I Castelli","article_modified_time":"2025-11-12T14:19:39+00:00","og_image":[{"width":2000,"height":1500,"url":"https:\/\/hotel-icastelli.com\/files\/2025\/03\/pal-1.jpg","type":"image\/jpeg"}],"twitter_card":"summary_large_image","twitter_misc":{"Est. reading time":"1 minute"},"schema":{"@context":"https:\/\/schema.org","@graph":[{"@type":"WebPage","@id":"https:\/\/hotel-icastelli.com\/fr\/hotels\/gymnase\/","url":"https:\/\/hotel-icastelli.com\/fr\/hotels\/gymnase\/","name":"Gymnase - Hotel in Centro Ad Alba - I Castelli","isPartOf":{"@id":"https:\/\/hotel-icastelli.com\/#website"},"primaryImageOfPage":{"@id":"https:\/\/hotel-icastelli.com\/fr\/hotels\/gymnase\/#primaryimage"},"image":{"@id":"https:\/\/hotel-icastelli.com\/fr\/hotels\/gymnase\/#primaryimage"},"thumbnailUrl":"https:\/\/hotel-icastelli.com\/files\/2025\/03\/pal-1.jpg","datePublished":"2025-03-14T10:24:16+00:00","dateModified":"2025-11-12T14:19:39+00:00","description":"Dans notre salle de sport climatis\u00e9e de 30 m\u00e8tres carr\u00e9s avec lumi\u00e8re naturelle, nous mettons gratuitement \u00e0 votre dispositiontrois tapis de course et","breadcrumb":{"@id":"https:\/\/hotel-icastelli.com\/fr\/hotels\/gymnase\/#breadcrumb"},"inLanguage":"fr-FR","potentialAction":[{"@type":"ReadAction","target":["https:\/\/hotel-icastelli.com\/fr\/hotels\/gymnase\/"]}]},{"@type":"ImageObject","inLanguage":"fr-FR","@id":"https:\/\/hotel-icastelli.com\/fr\/hotels\/gymnase\/#primaryimage","url":"https:\/\/hotel-icastelli.com\/files\/2025\/03\/pal-1.jpg","contentUrl":"https:\/\/hotel-icastelli.com\/files\/2025\/03\/pal-1.jpg","width":2000,"height":1500},{"@type":"BreadcrumbList","@id":"https:\/\/hotel-icastelli.com\/fr\/hotels\/gymnase\/#breadcrumb","itemListElement":[{"@type":"ListItem","position":1,"name":"Home","item":"https:\/\/hotel-icastelli.com\/fr\/"},{"@type":"ListItem","position":2,"name":"H\u00f4tels","item":"https:\/\/hotel-icastelli.com\/fr\/hotels\/"},{"@type":"ListItem","position":3,"name":"Gymnase"}]},{"@type":"WebSite","@id":"https:\/\/hotel-icastelli.com\/#website","url":"https:\/\/hotel-icastelli.com\/","name":"I Castelli","description":"Hotel in Centro Ad Alba","publisher":{"@id":"https:\/\/hotel-icastelli.com\/#organization"},"potentialAction":[{"@type":"SearchAction","target":{"@type":"EntryPoint","urlTemplate":"https:\/\/hotel-icastelli.com\/?s={search_term_string}"},"query-input":{"@type":"PropertyValueSpecification","valueRequired":true,"valueName":"search_term_string"}}],"inLanguage":"fr-FR"},{"@type":"Organization","@id":"https:\/\/hotel-icastelli.com\/#organization","name":"I Castelli","url":"https:\/\/hotel-icastelli.com\/","logo":{"@type":"ImageObject","inLanguage":"fr-FR","@id":"https:\/\/hotel-icastelli.com\/#\/schema\/logo\/image\/","url":"","contentUrl":"","caption":"I Castelli"},"image":{"@id":"https:\/\/hotel-icastelli.com\/#\/schema\/logo\/image\/"}}]}},"acf":[],"_links":{"self":[{"href":"https:\/\/hotel-icastelli.com\/fr\/wp-json\/wp\/v2\/pages\/4950","targetHints":{"allow":["GET"]}}],"collection":[{"href":"https:\/\/hotel-icastelli.com\/fr\/wp-json\/wp\/v2\/pages"}],"about":[{"href":"https:\/\/hotel-icastelli.com\/fr\/wp-json\/wp\/v2\/types\/page"}],"author":[{"embeddable":true,"href":"https:\/\/hotel-icastelli.com\/fr\/wp-json\/wp\/v2\/users\/152"}],"replies":[{"embeddable":true,"href":"https:\/\/hotel-icastelli.com\/fr\/wp-json\/wp\/v2\/comments?post=4950"}],"version-history":[{"count":0,"href":"https:\/\/hotel-icastelli.com\/fr\/wp-json\/wp\/v2\/pages\/4950\/revisions"}],"up":[{"embeddable":true,"href":"https:\/\/hotel-icastelli.com\/fr\/wp-json\/wp\/v2\/pages\/5136"}],"wp:featuredmedia":[{"embeddable":true,"href":"https:\/\/hotel-icastelli.com\/fr\/wp-json\/wp\/v2\/media\/4600"}],"wp:attachment":[{"href":"https:\/\/hotel-icastelli.com\/fr\/wp-json\/wp\/v2\/media?parent=4950"}],"curies":[{"name":"wp","href":"https:\/\/api.w.org\/{rel}","templated":true}]}}