{"id":4978,"date":"2025-03-14T11:06:47","date_gmt":"2025-03-14T10:06:47","guid":{"rendered":"https:\/\/hotel-icastelli.com\/salle-de-petit-dejeuner\/"},"modified":"2025-11-12T15:21:23","modified_gmt":"2025-11-12T14:21:23","slug":"salle-de-petit-dejeuner","status":"publish","type":"page","link":"https:\/\/hotel-icastelli.com\/fr\/hotels\/salle-de-petit-dejeuner\/","title":{"rendered":"Salle de petit-d\u00e9jeuner"},"content":{"rendered":"<section class=\"text-gallery text-gallery--text-is-left text-gallery--mt-default text-gallery--mb-default text-gallery--align-full text-gallery--no-background text-gallery--align-full text-gallery--valign-center __gallery text-gallery--text-mobile-is-top \">\n   <div class=\"text-gallery__inner text-gallery__inner--align-full text-gallery__inner--valign-center flex-columns\">\n    <div class=\"text-gallery__text text-gallery__text--is-left text-gallery__text--is-mobile-top flex-column flex-column--width-50\">\n              <div class=\"text-gallery__typography typography typography--text-is-left\">\n                    \n\n<p>Pour vous donner l&#8217;\u00e9nergie n\u00e9cessaire d\u00e8s le premier matin, nous vous proposons un copieux petit-d\u00e9jeuner buffet compos\u00e9 de diverses <strong>boissons chaudes<\/strong>, <strong>jus de fruits<\/strong>, <strong>croissants<\/strong>, <strong>c\u00e9r\u00e9ales<\/strong>, biscuits, pain, biscottes, confitures vari\u00e9es, <strong>charcuterie<\/strong>, <strong>fromages<\/strong>, <strong>\u0153ufs<\/strong>, yaourts et g\u00e2teaux faits maison.<\/p>\n\n\n\n<p>Commencer la journ\u00e9e du bon pied, m\u00eame en vacances, est tr\u00e8s important : encore plus s&#8217;il s&#8217;agit de <a href=\"https:\/\/hotel-icastelli.com\/fr\/tourisme\/\">vacances dans les Langhe<\/a>, o\u00f9 les possibilit\u00e9s d&#8217;excursions dans la beaut\u00e9 du <strong>paysage<\/strong> ou de promenades \u00e0 la recherche de truffes ne manquent pas.<\/p>\n\n\n\n<p>Du sucr\u00e9 ou du sal\u00e9, <strong>selon votre go\u00fbt<\/strong>, mais surtout de la<strong> gourmandise et de l&#8217;abondance<\/strong> dans un petit-d\u00e9jeuner qui ne vous laissera certainement pas insatisfait, offrant des produits frais et authentiques, avec des saveurs qui rendent le r\u00e9veil plus doux et vous pr\u00e9parent mieux \u00e0 une journ\u00e9e pleine d&#8217;\u00e9nergie.<\/p>\n\n\n        <\/div>\n          <\/div>\n    <div class=\"text-gallery__gallery-container text-gallery__gallery-container--is-right flex-column flex-column--width-50\">\n      <div class=\"text-gallery__gallery text-gallery__gallery--is-right text-gallery__gallery--style-default\">\n        \n\n<figure class=\"wp-block-gallery has-nested-images columns-2 is-cropped wp-block-gallery-2\">\n<figure class=\"wp-block-image size-square_sm\"><a href=\"https:\/\/hotel-icastelli.com\/files\/2025\/04\/031-350x350.jpeg\"><img loading=\"lazy\" decoding=\"async\" width=\"350\" height=\"350\" data-id=\"4764\" src=\"https:\/\/hotel-icastelli.com\/files\/2025\/04\/031-350x350.jpeg\" alt=\"\" class=\"wp-image-4764\" srcset=\"https:\/\/hotel-icastelli.com\/files\/2025\/04\/031-350x350.jpeg 350w, https:\/\/hotel-icastelli.com\/files\/2025\/04\/031-150x150.jpeg 150w, https:\/\/hotel-icastelli.com\/files\/2025\/04\/031-900x900.jpeg 900w, https:\/\/hotel-icastelli.com\/files\/2025\/04\/031-600x600.jpeg 600w\" sizes=\"auto, (max-width: 350px) 100vw, 350px\" \/><\/a><\/figure>\n\n\n\n<figure class=\"wp-block-image size-square_sm\"><a href=\"https:\/\/hotel-icastelli.com\/files\/2025\/04\/colazioni-350x350.jpeg\"><img loading=\"lazy\" decoding=\"async\" width=\"350\" height=\"350\" data-id=\"4750\" src=\"https:\/\/hotel-icastelli.com\/files\/2025\/04\/colazioni-350x350.jpeg\" alt=\"\" class=\"wp-image-4750\" srcset=\"https:\/\/hotel-icastelli.com\/files\/2025\/04\/colazioni-350x350.jpeg 350w, https:\/\/hotel-icastelli.com\/files\/2025\/04\/colazioni-150x150.jpeg 150w, https:\/\/hotel-icastelli.com\/files\/2025\/04\/colazioni-900x900.jpeg 900w, https:\/\/hotel-icastelli.com\/files\/2025\/04\/colazioni-600x600.jpeg 600w\" sizes=\"auto, (max-width: 350px) 100vw, 350px\" \/><\/a><\/figure>\n\n\n\n<figure class=\"wp-block-image size-square_sm\"><a href=\"https:\/\/hotel-icastelli.com\/files\/2025\/04\/049-350x350.jpeg\"><img loading=\"lazy\" decoding=\"async\" width=\"350\" height=\"350\" data-id=\"4792\" src=\"https:\/\/hotel-icastelli.com\/files\/2025\/04\/049-350x350.jpeg\" alt=\"\" class=\"wp-image-4792\" srcset=\"https:\/\/hotel-icastelli.com\/files\/2025\/04\/049-350x350.jpeg 350w, https:\/\/hotel-icastelli.com\/files\/2025\/04\/049-150x150.jpeg 150w, https:\/\/hotel-icastelli.com\/files\/2025\/04\/049-900x900.jpeg 900w, https:\/\/hotel-icastelli.com\/files\/2025\/04\/049-600x600.jpeg 600w\" sizes=\"auto, (max-width: 350px) 100vw, 350px\" \/><\/a><\/figure>\n\n\n\n<figure class=\"wp-block-image size-square_sm\"><a href=\"https:\/\/hotel-icastelli.com\/files\/2025\/04\/colazioni-2-350x350.jpeg\"><img loading=\"lazy\" decoding=\"async\" width=\"350\" height=\"350\" data-id=\"4836\" src=\"https:\/\/hotel-icastelli.com\/files\/2025\/04\/colazioni-2-350x350.jpeg\" alt=\"\" class=\"wp-image-4836\" srcset=\"https:\/\/hotel-icastelli.com\/files\/2025\/04\/colazioni-2-350x350.jpeg 350w, https:\/\/hotel-icastelli.com\/files\/2025\/04\/colazioni-2-150x150.jpeg 150w, https:\/\/hotel-icastelli.com\/files\/2025\/04\/colazioni-2-900x900.jpeg 900w, https:\/\/hotel-icastelli.com\/files\/2025\/04\/colazioni-2-600x600.jpeg 600w\" sizes=\"auto, (max-width: 350px) 100vw, 350px\" \/><\/a><\/figure>\n<\/figure>\n\n\n      <\/div>\n          <\/div>\n  <\/div>\n<\/section><section class=\"grid grid--mt-default grid--mb-default grid--align-full grid--no-background  __grid is-style-first-big-3\">\n  <div class=\"grid__inner grid__inner--align-full\">\n        <ul class=\"grid__row grid__row--columns-3 grid__row--valign-top combos combos--columns-3\">\n              \n<div class=\"combo combo--3-cols combo--align-center combo--textalign-default combo--has-background has-dark-background-color combos__combo \">\n      <div class=\"combo__bg combo__bg--position-default combo__bg--overlay-is-default \">\n      <picture class=\"ratio__content\" alt=\"\" title=\"\" data-caption=\"\"> \n                <source loading=\"lazy\" srcset=\"https:\/\/hotel-icastelli.com\/files\/2025\/04\/d.jpg\" media=\"(min-width: 1400px)\" \/>\n\n              <source loading=\"lazy\" srcset=\"https:\/\/hotel-icastelli.com\/files\/2025\/04\/d-1400x875.jpg\" media=\"(min-width: 574px)\" \/>\n\n              <source loading=\"lazy\" srcset=\"https:\/\/hotel-icastelli.com\/files\/2025\/04\/d-574x765.jpg\" \/>\n\n                <img decoding=\"async\"  width=\"\" height=\"\" loading=\"lazy\" alt=\"d\" title=\"d\" data-caption=\"\" src=\"https:\/\/hotel-icastelli.com\/files\/2025\/04\/d.jpg\" data-src=\"https:\/\/hotel-icastelli.com\/files\/2025\/04\/d.jpg\"\/>\n\n        \n<\/picture>\n    <\/div>\n        <div class=\"combo__overlay combo__overlay--is-default combo__overlay--color-dark\"><\/div>\n    <div class=\"combo__inner combo__inner--text-align-default combo__inner--has-background combo__inner--has-dark-background-color \">\n          <h4 class=\"combo__tagline\">\n        Restaurant\n      <\/h4>\n              <h2 class=\"combo__title\">\n        Pour vous rendre curieux\n      <\/h2>\n                  <div class=\"combo__description\">\n        \n\n<p>D\u00eenez sur la terrasse panoramique et go\u00fbtez aux d\u00e9lices des Langhe.<\/p>\n\n\n      <\/div>\n              <div class=\"combo__cta\">\n          <a href=\"https:\/\/hotel-icastelli.com\/fr\/restaurant\/\" title=\"D\u00e9couvrez\" target=\"_self\" class=\"combo__button button button--combo\">\n            D\u00e9couvrez\n          <\/a>\n        <\/div>\n            <\/div>\n<\/div>\n\n<div class=\"combo combo--3-cols combo--align-center combo--textalign-default combo--has-background has-dark-background-color combos__combo \">\n      <div class=\"combo__bg combo__bg--position-default combo__bg--overlay-is-default \">\n      <picture class=\"ratio__content\" alt=\"\" title=\"\" data-caption=\"\"> \n                <source loading=\"lazy\" srcset=\"https:\/\/hotel-icastelli.com\/files\/2025\/04\/suite-castelli.jpeg\" media=\"(min-width: 1400px)\" \/>\n\n              <source loading=\"lazy\" srcset=\"https:\/\/hotel-icastelli.com\/files\/2025\/04\/suite-castelli-1400x875.jpeg\" media=\"(min-width: 574px)\" \/>\n\n              <source loading=\"lazy\" srcset=\"https:\/\/hotel-icastelli.com\/files\/2025\/04\/suite-castelli-574x765.jpeg\" \/>\n\n                <img decoding=\"async\"  width=\"\" height=\"\" loading=\"lazy\" alt=\"suite-castelli\" title=\"suite-castelli\" data-caption=\"\" src=\"https:\/\/hotel-icastelli.com\/files\/2025\/04\/suite-castelli.jpeg\" data-src=\"https:\/\/hotel-icastelli.com\/files\/2025\/04\/suite-castelli.jpeg\"\/>\n\n        \n<\/picture>\n    <\/div>\n        <div class=\"combo__overlay combo__overlay--is-default combo__overlay--color-dark\"><\/div>\n    <div class=\"combo__inner combo__inner--text-align-default combo__inner--has-background combo__inner--has-dark-background-color \">\n          <h4 class=\"combo__tagline\">\n        Chambres\n      <\/h4>\n              <h2 class=\"combo__title\">\n        Confort et \u00e9l\u00e9gance\n      <\/h2>\n                  <div class=\"combo__description\">\n        \n\n<p>Se reposer dans un lit confortable, spacieux et dot\u00e9 de tous les conforts.<\/p>\n\n\n      <\/div>\n              <div class=\"combo__cta\">\n          <a href=\"\" title=\"D\u00e9couvrez\" target=\"_self\" class=\"combo__button button button--combo\">\n            D\u00e9couvrez\n          <\/a>\n        <\/div>\n            <\/div>\n<\/div>\n\n<div class=\"combo combo--3-cols combo--align-center combo--textalign-default combo--has-background has-dark-background-color combos__combo \">\n      <div class=\"combo__bg combo__bg--position-default combo__bg--overlay-is-default \">\n      <picture class=\"ratio__content\" alt=\"\" title=\"\" data-caption=\"\"> \n                <source loading=\"lazy\" srcset=\"http:\/\/castelli.langhe.test\/wp-content\/uploads\/sites\/32\/2025\/02\/camera-02.jpg\" media=\"(min-width: 1400px)\" \/>\n\n              <source loading=\"lazy\" srcset=\"http:\/\/castelli.langhe.test\/wp-content\/uploads\/sites\/32\/2025\/02\/camera-02-1400x875.jpg\" media=\"(min-width: 574px)\" \/>\n\n              <source loading=\"lazy\" srcset=\"http:\/\/castelli.langhe.test\/wp-content\/uploads\/sites\/32\/2025\/02\/camera-02-574x765.jpg\" \/>\n\n                <img decoding=\"async\"  width=\"\" height=\"\" loading=\"lazy\" alt=\"camera-02\" title=\"camera-02\" data-caption=\"\" src=\"http:\/\/castelli.langhe.test\/wp-content\/uploads\/sites\/32\/2025\/02\/camera-02.jpg\" data-src=\"http:\/\/castelli.langhe.test\/wp-content\/uploads\/sites\/32\/2025\/02\/camera-02.jpg\"\/>\n\n        \n<\/picture>\n    <\/div>\n        <div class=\"combo__overlay combo__overlay--is-default combo__overlay--color-dark\"><\/div>\n    <div class=\"combo__inner combo__inner--text-align-default combo__inner--has-background combo__inner--has-dark-background-color \">\n          <h4 class=\"combo__tagline\">\n        Gymnase\n      <\/h4>\n              <h2 class=\"combo__title\">\n        Gardez votre rythme\n      <\/h2>\n                  <div class=\"combo__description\">\n        \n\n<p>M\u00eame en vacances ou en voyage d&#8217;affaires, ne renoncez pas \u00e0 vos habitudes sportives.<\/p>\n\n\n      <\/div>\n              <div class=\"combo__cta\">\n          <a href=\"https:\/\/hotel-icastelli.com\/fr\/hotels\/gymnase\/\" title=\"D\u00e9couvrez\" target=\"_self\" class=\"combo__button button button--combo\">\n            D\u00e9couvrez\n          <\/a>\n        <\/div>\n            <\/div>\n<\/div>\n\n          <\/ul>\n      <\/div>\n<\/section>","protected":false},"excerpt":{"rendered":"","protected":false},"author":152,"featured_media":3736,"parent":5136,"menu_order":0,"comment_status":"closed","ping_status":"closed","template":"","meta":{"_acf_changed":false,"_monsterinsights_skip_tracking":false,"_monsterinsights_sitenote_active":false,"_monsterinsights_sitenote_note":"","_monsterinsights_sitenote_category":0,"footnotes":""},"class_list":["post-4978","page","type-page","status-publish","has-post-thumbnail","hentry"],"yoast_head":"<!-- This site is optimized with the Yoast SEO plugin v27.2 - https:\/\/yoast.com\/product\/yoast-seo-wordpress\/ -->\n<title>Salle de petit-d\u00e9jeuner - Hotel in Centro Ad Alba - I Castelli<\/title>\n<meta name=\"description\" content=\"Pour vous donner l&#039;\u00e9nergie n\u00e9cessaire d\u00e8s le premier matin, nous vous proposons un copieux petit-d\u00e9jeuner buffet compos\u00e9 de diverses boissons chaudes, jus\" \/>\n<meta name=\"robots\" content=\"index, follow, max-snippet:-1, max-image-preview:large, max-video-preview:-1\" \/>\n<link rel=\"canonical\" href=\"https:\/\/hotel-icastelli.com\/fr\/hotels\/salle-de-petit-dejeuner\/\" \/>\n<meta property=\"og:locale\" content=\"fr_FR\" \/>\n<meta property=\"og:type\" content=\"article\" \/>\n<meta property=\"og:title\" content=\"Salle de petit-d\u00e9jeuner - Hotel in Centro Ad Alba - I Castelli\" \/>\n<meta property=\"og:description\" content=\"Pour vous donner l&#039;\u00e9nergie n\u00e9cessaire d\u00e8s le premier matin, nous vous proposons un copieux petit-d\u00e9jeuner buffet compos\u00e9 de diverses boissons chaudes, jus\" \/>\n<meta property=\"og:url\" content=\"https:\/\/hotel-icastelli.com\/fr\/hotels\/salle-de-petit-dejeuner\/\" \/>\n<meta property=\"og:site_name\" content=\"I Castelli\" \/>\n<meta property=\"article:modified_time\" content=\"2025-11-12T14:21:23+00:00\" \/>\n<meta property=\"og:image\" content=\"https:\/\/hotel-icastelli.com\/files\/2025\/02\/colazioni.jpg\" \/>\n\t<meta property=\"og:image:width\" content=\"2000\" \/>\n\t<meta property=\"og:image:height\" content=\"1742\" \/>\n\t<meta property=\"og:image:type\" content=\"image\/jpeg\" \/>\n<meta name=\"twitter:card\" content=\"summary_large_image\" \/>\n<meta name=\"twitter:label1\" content=\"Est. reading time\" \/>\n\t<meta name=\"twitter:data1\" content=\"1 minute\" \/>\n<!-- \/ Yoast SEO plugin. -->","yoast_head_json":{"title":"Salle de petit-d\u00e9jeuner - Hotel in Centro Ad Alba - I Castelli","description":"Pour vous donner l'\u00e9nergie n\u00e9cessaire d\u00e8s le premier matin, nous vous proposons un copieux petit-d\u00e9jeuner buffet compos\u00e9 de diverses boissons chaudes, jus","robots":{"index":"index","follow":"follow","max-snippet":"max-snippet:-1","max-image-preview":"max-image-preview:large","max-video-preview":"max-video-preview:-1"},"canonical":"https:\/\/hotel-icastelli.com\/fr\/hotels\/salle-de-petit-dejeuner\/","og_locale":"fr_FR","og_type":"article","og_title":"Salle de petit-d\u00e9jeuner - Hotel in Centro Ad Alba - I Castelli","og_description":"Pour vous donner l'\u00e9nergie n\u00e9cessaire d\u00e8s le premier matin, nous vous proposons un copieux petit-d\u00e9jeuner buffet compos\u00e9 de diverses boissons chaudes, jus","og_url":"https:\/\/hotel-icastelli.com\/fr\/hotels\/salle-de-petit-dejeuner\/","og_site_name":"I Castelli","article_modified_time":"2025-11-12T14:21:23+00:00","og_image":[{"width":2000,"height":1742,"url":"https:\/\/hotel-icastelli.com\/files\/2025\/02\/colazioni.jpg","type":"image\/jpeg"}],"twitter_card":"summary_large_image","twitter_misc":{"Est. reading time":"1 minute"},"schema":{"@context":"https:\/\/schema.org","@graph":[{"@type":"WebPage","@id":"https:\/\/hotel-icastelli.com\/fr\/hotels\/salle-de-petit-dejeuner\/","url":"https:\/\/hotel-icastelli.com\/fr\/hotels\/salle-de-petit-dejeuner\/","name":"Salle de petit-d\u00e9jeuner - Hotel in Centro Ad Alba - I Castelli","isPartOf":{"@id":"https:\/\/hotel-icastelli.com\/#website"},"primaryImageOfPage":{"@id":"https:\/\/hotel-icastelli.com\/fr\/hotels\/salle-de-petit-dejeuner\/#primaryimage"},"image":{"@id":"https:\/\/hotel-icastelli.com\/fr\/hotels\/salle-de-petit-dejeuner\/#primaryimage"},"thumbnailUrl":"https:\/\/hotel-icastelli.com\/files\/2025\/02\/colazioni.jpg","datePublished":"2025-03-14T10:06:47+00:00","dateModified":"2025-11-12T14:21:23+00:00","description":"Pour vous donner l'\u00e9nergie n\u00e9cessaire d\u00e8s le premier matin, nous vous proposons un copieux petit-d\u00e9jeuner buffet compos\u00e9 de diverses boissons chaudes, jus","breadcrumb":{"@id":"https:\/\/hotel-icastelli.com\/fr\/hotels\/salle-de-petit-dejeuner\/#breadcrumb"},"inLanguage":"fr-FR","potentialAction":[{"@type":"ReadAction","target":["https:\/\/hotel-icastelli.com\/fr\/hotels\/salle-de-petit-dejeuner\/"]}]},{"@type":"ImageObject","inLanguage":"fr-FR","@id":"https:\/\/hotel-icastelli.com\/fr\/hotels\/salle-de-petit-dejeuner\/#primaryimage","url":"https:\/\/hotel-icastelli.com\/files\/2025\/02\/colazioni.jpg","contentUrl":"https:\/\/hotel-icastelli.com\/files\/2025\/02\/colazioni.jpg","width":2000,"height":1742},{"@type":"BreadcrumbList","@id":"https:\/\/hotel-icastelli.com\/fr\/hotels\/salle-de-petit-dejeuner\/#breadcrumb","itemListElement":[{"@type":"ListItem","position":1,"name":"Home","item":"https:\/\/hotel-icastelli.com\/fr\/"},{"@type":"ListItem","position":2,"name":"H\u00f4tels","item":"https:\/\/hotel-icastelli.com\/fr\/hotels\/"},{"@type":"ListItem","position":3,"name":"Salle de petit-d\u00e9jeuner"}]},{"@type":"WebSite","@id":"https:\/\/hotel-icastelli.com\/#website","url":"https:\/\/hotel-icastelli.com\/","name":"I Castelli","description":"Hotel in Centro Ad Alba","publisher":{"@id":"https:\/\/hotel-icastelli.com\/#organization"},"potentialAction":[{"@type":"SearchAction","target":{"@type":"EntryPoint","urlTemplate":"https:\/\/hotel-icastelli.com\/?s={search_term_string}"},"query-input":{"@type":"PropertyValueSpecification","valueRequired":true,"valueName":"search_term_string"}}],"inLanguage":"fr-FR"},{"@type":"Organization","@id":"https:\/\/hotel-icastelli.com\/#organization","name":"I Castelli","url":"https:\/\/hotel-icastelli.com\/","logo":{"@type":"ImageObject","inLanguage":"fr-FR","@id":"https:\/\/hotel-icastelli.com\/#\/schema\/logo\/image\/","url":"","contentUrl":"","caption":"I Castelli"},"image":{"@id":"https:\/\/hotel-icastelli.com\/#\/schema\/logo\/image\/"}}]}},"acf":[],"_links":{"self":[{"href":"https:\/\/hotel-icastelli.com\/fr\/wp-json\/wp\/v2\/pages\/4978","targetHints":{"allow":["GET"]}}],"collection":[{"href":"https:\/\/hotel-icastelli.com\/fr\/wp-json\/wp\/v2\/pages"}],"about":[{"href":"https:\/\/hotel-icastelli.com\/fr\/wp-json\/wp\/v2\/types\/page"}],"author":[{"embeddable":true,"href":"https:\/\/hotel-icastelli.com\/fr\/wp-json\/wp\/v2\/users\/152"}],"replies":[{"embeddable":true,"href":"https:\/\/hotel-icastelli.com\/fr\/wp-json\/wp\/v2\/comments?post=4978"}],"version-history":[{"count":0,"href":"https:\/\/hotel-icastelli.com\/fr\/wp-json\/wp\/v2\/pages\/4978\/revisions"}],"up":[{"embeddable":true,"href":"https:\/\/hotel-icastelli.com\/fr\/wp-json\/wp\/v2\/pages\/5136"}],"wp:featuredmedia":[{"embeddable":true,"href":"https:\/\/hotel-icastelli.com\/fr\/wp-json\/wp\/v2\/media\/3736"}],"wp:attachment":[{"href":"https:\/\/hotel-icastelli.com\/fr\/wp-json\/wp\/v2\/media?parent=4978"}],"curies":[{"name":"wp","href":"https:\/\/api.w.org\/{rel}","templated":true}]}}