{"id":5030,"date":"2025-02-20T10:53:17","date_gmt":"2025-02-20T09:53:17","guid":{"rendered":"https:\/\/hotel-icastelli.com\/reunion\/"},"modified":"2025-11-12T15:22:06","modified_gmt":"2025-11-12T14:22:06","slug":"reunion","status":"publish","type":"page","link":"https:\/\/hotel-icastelli.com\/fr\/reunion\/","title":{"rendered":"R\u00e9union"},"content":{"rendered":"\n<p>Cadre id\u00e9al pour les r\u00e9unions et les \u00e9v\u00e9nements, l&#8217;Hotel i Castelli dispose de salles de r\u00e9union spacieuses, \u00e9quip\u00e9es pour accueillir de mani\u00e8re professionnelle et efficace tous les types d&#8217;\u00e9v\u00e9nements, de 10 \u00e0 120 personnes. Toutes les salles sont accessibles aux personnes handicap\u00e9es. Syst\u00e8me wi-fi ultra-rapide. <\/p>\n\n<p>Toutes les salles de conf\u00e9rence sont dot\u00e9es d&#8217;un sol en lampadaire.<\/p>\n<section class=\"post-grid post-grid--mt-default post-grid--mb-default post-grid--1-col post-grid--type-room post-grid--teaser-card post-grid--no-background typography__post-grid \">\n  <div class=\"post-grid__inner\">\n                  <ul class=\"post-grid__row post-grid__row--type-room post-grid__row--teaser-card\">\n                        <li class=\"room-card\">\n  <div class=\"room-card__image room-card__image--is-image\">\n          <picture class=\"ratio__content\" alt=\"sala-conferenze\" title=\"sala-conferenze\" src=\"https:\/\/hotel-icastelli.com\/files\/2025\/03\/sala-conferenze.jpg\" data-caption=\"\">\n\n                <source srcset=\"https:\/\/hotel-icastelli.com\/files\/2025\/03\/sala-conferenze-900x563.jpg\" media=\"(min-width: 574px)\" \/>\n\n              <source srcset=\"https:\/\/hotel-icastelli.com\/files\/2025\/03\/sala-conferenze-550x344.jpg\" \/>\n\n                  <img loading=\"lazy\" decoding=\"async\" width=\"2000\" height=\"1102\" alt=\"sala-conferenze\" title=\"sala-conferenze\" data-caption=\"\" src=\"https:\/\/hotel-icastelli.com\/files\/2025\/03\/sala-conferenze.jpg\" data-src=\"https:\/\/hotel-icastelli.com\/files\/2025\/03\/sala-conferenze.jpg\"\/>\n\n        \n<\/picture>\n      <\/div>\n  <div class=\"room-card__texts has-black-background-color\">\n    <h3 class=\"room-card__title h4\">\n      Salle de la cath\u00e9drale\n    <\/h3>\n    <p class=\"room-card__subtitle p-big\">\n      \u00e9quip\u00e9 d&#8217;un syst\u00e8me d&#8217;\u00e9change d&#8217;air contr\u00f4l\u00e9, d&#8217;un projecteur, de microphones et d&#8217;un syst\u00e8me de sonorisation\n    <\/p>\n    <p class=\"room-card__amenities\">\n              <span class=\"room-card__amenity p-small\">\n          WIFI\n        <\/span>\n              <span class=\"room-card__amenity p-small\">\n          Aria condizionata\n        <\/span>\n          <\/p>\n    <p class=\"room-card__footer wp-block-buttons\">\n      <span data-activate=\"#room-5714\" class=\"room-card__details js-activate p-big\">\n        Details &#8250;  \n      <\/span>\n              <a rel=\"nofollow\" target=\"_blank\" href=\"https:\/\/hotel-icastelli.com\/files\/2025\/03\/Planimetrie-sale.pdf\" class=\"room-card__book wp-block-button__link button\">\n          Download Planimetria\n        <\/a>\n          <\/p>\n    <div id=\"room-5714\" class=\"room-card__modal is-not-active\">\n      <span class=\"room-card__close p-big js-activate\" data-activate=\"#room-5714\">\n        x\n      <\/span>\n      <div class=\"room-card__content typography has-black-background-color\">\n        \n      <\/div>\n    <\/div>\n      <\/div>\n<\/li>\n\n\n\n                  <li class=\"room-card\">\n  <div class=\"room-card__image room-card__image--is-image\">\n          <picture class=\"ratio__content\" alt=\"sala palio..\" title=\"sala palio..\" src=\"https:\/\/hotel-icastelli.com\/files\/2025\/03\/sala-palio.jpeg\" data-caption=\"\">\n\n                <source srcset=\"https:\/\/hotel-icastelli.com\/files\/2025\/03\/sala-palio-900x563.jpeg\" media=\"(min-width: 574px)\" \/>\n\n              <source srcset=\"https:\/\/hotel-icastelli.com\/files\/2025\/03\/sala-palio-550x344.jpeg\" \/>\n\n                  <img loading=\"lazy\" decoding=\"async\" width=\"2000\" height=\"1333\" alt=\"sala palio..\" title=\"sala palio..\" data-caption=\"\" src=\"https:\/\/hotel-icastelli.com\/files\/2025\/03\/sala-palio.jpeg\" data-src=\"https:\/\/hotel-icastelli.com\/files\/2025\/03\/sala-palio.jpeg\"\/>\n\n        \n<\/picture>\n      <\/div>\n  <div class=\"room-card__texts has-black-background-color\">\n    <h3 class=\"room-card__title h4\">\n      Salle du Palio\n    <\/h3>\n    <p class=\"room-card__subtitle p-big\">\n      \n    <\/p>\n    <p class=\"room-card__amenities\">\n              <span class=\"room-card__amenity p-small\">\n          WIFI\n        <\/span>\n              <span class=\"room-card__amenity p-small\">\n          Aria condizionata\n        <\/span>\n          <\/p>\n    <p class=\"room-card__footer wp-block-buttons\">\n      <span data-activate=\"#room-5726\" class=\"room-card__details js-activate p-big\">\n        Details &#8250;  \n      <\/span>\n              <a rel=\"nofollow\" target=\"_blank\" href=\"https:\/\/hotel-icastelli.com\/files\/2025\/03\/Planimetrie-sale.pdf\" class=\"room-card__book wp-block-button__link button\">\n          Download Planimetria\n        <\/a>\n          <\/p>\n    <div id=\"room-5726\" class=\"room-card__modal is-not-active\">\n      <span class=\"room-card__close p-big js-activate\" data-activate=\"#room-5726\">\n        x\n      <\/span>\n      <div class=\"room-card__content typography has-black-background-color\">\n        \n      <\/div>\n    <\/div>\n      <\/div>\n<\/li>\n\n\n\n                  <li class=\"room-card\">\n  <div class=\"room-card__image room-card__image--is-image\">\n          <picture class=\"ratio__content\" alt=\"sala langhe.\" title=\"sala langhe.\" src=\"https:\/\/hotel-icastelli.com\/files\/2025\/03\/sala-langhe.jpeg\" data-caption=\"\">\n\n                <source srcset=\"https:\/\/hotel-icastelli.com\/files\/2025\/03\/sala-langhe-900x563.jpeg\" media=\"(min-width: 574px)\" \/>\n\n              <source srcset=\"https:\/\/hotel-icastelli.com\/files\/2025\/03\/sala-langhe-550x344.jpeg\" \/>\n\n                  <img loading=\"lazy\" decoding=\"async\" width=\"2000\" height=\"1333\" alt=\"sala langhe.\" title=\"sala langhe.\" data-caption=\"\" src=\"https:\/\/hotel-icastelli.com\/files\/2025\/03\/sala-langhe.jpeg\" data-src=\"https:\/\/hotel-icastelli.com\/files\/2025\/03\/sala-langhe.jpeg\"\/>\n\n        \n<\/picture>\n      <\/div>\n  <div class=\"room-card__texts has-black-background-color\">\n    <h3 class=\"room-card__title h4\">\n      Salle Langhe\n    <\/h3>\n    <p class=\"room-card__subtitle p-big\">\n      \n    <\/p>\n    <p class=\"room-card__amenities\">\n              <span class=\"room-card__amenity p-small\">\n          WIFI\n        <\/span>\n              <span class=\"room-card__amenity p-small\">\n          Aria condizionata\n        <\/span>\n          <\/p>\n    <p class=\"room-card__footer wp-block-buttons\">\n      <span data-activate=\"#room-5768\" class=\"room-card__details js-activate p-big\">\n        Details &#8250;  \n      <\/span>\n              <a rel=\"nofollow\" target=\"_blank\" href=\"https:\/\/hotel-icastelli.com\/files\/2025\/03\/Planimetrie-sale.pdf\" class=\"room-card__book wp-block-button__link button\">\n          Download Planimetria\n        <\/a>\n          <\/p>\n    <div id=\"room-5768\" class=\"room-card__modal is-not-active\">\n      <span class=\"room-card__close p-big js-activate\" data-activate=\"#room-5768\">\n        x\n      <\/span>\n      <div class=\"room-card__content typography has-black-background-color\">\n        \n      <\/div>\n    <\/div>\n      <\/div>\n<\/li>\n\n\n\n                  <\/ul>\n               \n  <\/div>\n<\/section>\n","protected":false},"excerpt":{"rendered":"<p>Cadre id\u00e9al pour les r\u00e9unions et les \u00e9v\u00e9nements, l&#8217;Hotel i Castelli dispose de salles de r\u00e9union spacieuses, \u00e9quip\u00e9es pour accueillir de mani\u00e8re professionnelle et efficace tous les types d&#8217;\u00e9v\u00e9nements, de 10 \u00e0 120 personnes. Toutes les salles sont accessibles aux personnes handicap\u00e9es. Syst\u00e8me wi-fi ultra-rapide. Toutes les salles de conf\u00e9rence sont dot\u00e9es d&#8217;un sol en [&hellip;]<\/p>\n","protected":false},"author":152,"featured_media":3844,"parent":0,"menu_order":0,"comment_status":"closed","ping_status":"closed","template":"","meta":{"_acf_changed":false,"_monsterinsights_skip_tracking":false,"_monsterinsights_sitenote_active":false,"_monsterinsights_sitenote_note":"","_monsterinsights_sitenote_category":0,"footnotes":""},"class_list":["post-5030","page","type-page","status-publish","has-post-thumbnail","hentry"],"yoast_head":"<!-- This site is optimized with the Yoast SEO plugin v27.2 - https:\/\/yoast.com\/product\/yoast-seo-wordpress\/ -->\n<title>R\u00e9union - Hotel in Centro Ad Alba - I Castelli<\/title>\n<meta name=\"description\" content=\"Cadre id\u00e9al pour les r\u00e9unions et les \u00e9v\u00e9nements, l&#039;Hotel i Castelli dispose de salles de r\u00e9union spacieuses, \u00e9quip\u00e9es pour accueillir de mani\u00e8re\" \/>\n<meta name=\"robots\" content=\"index, follow, max-snippet:-1, max-image-preview:large, max-video-preview:-1\" \/>\n<link rel=\"canonical\" href=\"https:\/\/hotel-icastelli.com\/fr\/reunion\/\" \/>\n<meta property=\"og:locale\" content=\"fr_FR\" \/>\n<meta property=\"og:type\" content=\"article\" \/>\n<meta property=\"og:title\" content=\"R\u00e9union - Hotel in Centro Ad Alba - I Castelli\" \/>\n<meta property=\"og:description\" content=\"Cadre id\u00e9al pour les r\u00e9unions et les \u00e9v\u00e9nements, l&#039;Hotel i Castelli dispose de salles de r\u00e9union spacieuses, \u00e9quip\u00e9es pour accueillir de mani\u00e8re\" \/>\n<meta property=\"og:url\" content=\"https:\/\/hotel-icastelli.com\/fr\/reunion\/\" \/>\n<meta property=\"og:site_name\" content=\"I Castelli\" \/>\n<meta property=\"article:modified_time\" content=\"2025-11-12T14:22:06+00:00\" \/>\n<meta property=\"og:image\" content=\"https:\/\/hotel-icastelli.com\/files\/2025\/03\/sala-conferenze.jpg\" \/>\n\t<meta property=\"og:image:width\" content=\"2000\" \/>\n\t<meta property=\"og:image:height\" content=\"1102\" \/>\n\t<meta property=\"og:image:type\" content=\"image\/jpeg\" \/>\n<meta name=\"twitter:card\" content=\"summary_large_image\" \/>\n<!-- \/ Yoast SEO plugin. -->","yoast_head_json":{"title":"R\u00e9union - Hotel in Centro Ad Alba - I Castelli","description":"Cadre id\u00e9al pour les r\u00e9unions et les \u00e9v\u00e9nements, l'Hotel i Castelli dispose de salles de r\u00e9union spacieuses, \u00e9quip\u00e9es pour accueillir de mani\u00e8re","robots":{"index":"index","follow":"follow","max-snippet":"max-snippet:-1","max-image-preview":"max-image-preview:large","max-video-preview":"max-video-preview:-1"},"canonical":"https:\/\/hotel-icastelli.com\/fr\/reunion\/","og_locale":"fr_FR","og_type":"article","og_title":"R\u00e9union - Hotel in Centro Ad Alba - I Castelli","og_description":"Cadre id\u00e9al pour les r\u00e9unions et les \u00e9v\u00e9nements, l'Hotel i Castelli dispose de salles de r\u00e9union spacieuses, \u00e9quip\u00e9es pour accueillir de mani\u00e8re","og_url":"https:\/\/hotel-icastelli.com\/fr\/reunion\/","og_site_name":"I Castelli","article_modified_time":"2025-11-12T14:22:06+00:00","og_image":[{"width":2000,"height":1102,"url":"https:\/\/hotel-icastelli.com\/files\/2025\/03\/sala-conferenze.jpg","type":"image\/jpeg"}],"twitter_card":"summary_large_image","schema":{"@context":"https:\/\/schema.org","@graph":[{"@type":"WebPage","@id":"https:\/\/hotel-icastelli.com\/fr\/reunion\/","url":"https:\/\/hotel-icastelli.com\/fr\/reunion\/","name":"R\u00e9union - Hotel in Centro Ad Alba - I Castelli","isPartOf":{"@id":"https:\/\/hotel-icastelli.com\/#website"},"primaryImageOfPage":{"@id":"https:\/\/hotel-icastelli.com\/fr\/reunion\/#primaryimage"},"image":{"@id":"https:\/\/hotel-icastelli.com\/fr\/reunion\/#primaryimage"},"thumbnailUrl":"https:\/\/hotel-icastelli.com\/files\/2025\/03\/sala-conferenze.jpg","datePublished":"2025-02-20T09:53:17+00:00","dateModified":"2025-11-12T14:22:06+00:00","description":"Cadre id\u00e9al pour les r\u00e9unions et les \u00e9v\u00e9nements, l'Hotel i Castelli dispose de salles de r\u00e9union spacieuses, \u00e9quip\u00e9es pour accueillir de mani\u00e8re","breadcrumb":{"@id":"https:\/\/hotel-icastelli.com\/fr\/reunion\/#breadcrumb"},"inLanguage":"fr-FR","potentialAction":[{"@type":"ReadAction","target":["https:\/\/hotel-icastelli.com\/fr\/reunion\/"]}]},{"@type":"ImageObject","inLanguage":"fr-FR","@id":"https:\/\/hotel-icastelli.com\/fr\/reunion\/#primaryimage","url":"https:\/\/hotel-icastelli.com\/files\/2025\/03\/sala-conferenze.jpg","contentUrl":"https:\/\/hotel-icastelli.com\/files\/2025\/03\/sala-conferenze.jpg","width":2000,"height":1102},{"@type":"BreadcrumbList","@id":"https:\/\/hotel-icastelli.com\/fr\/reunion\/#breadcrumb","itemListElement":[{"@type":"ListItem","position":1,"name":"Home","item":"https:\/\/hotel-icastelli.com\/fr\/"},{"@type":"ListItem","position":2,"name":"R\u00e9union"}]},{"@type":"WebSite","@id":"https:\/\/hotel-icastelli.com\/#website","url":"https:\/\/hotel-icastelli.com\/","name":"I Castelli","description":"Hotel in Centro Ad Alba","publisher":{"@id":"https:\/\/hotel-icastelli.com\/#organization"},"potentialAction":[{"@type":"SearchAction","target":{"@type":"EntryPoint","urlTemplate":"https:\/\/hotel-icastelli.com\/?s={search_term_string}"},"query-input":{"@type":"PropertyValueSpecification","valueRequired":true,"valueName":"search_term_string"}}],"inLanguage":"fr-FR"},{"@type":"Organization","@id":"https:\/\/hotel-icastelli.com\/#organization","name":"I Castelli","url":"https:\/\/hotel-icastelli.com\/","logo":{"@type":"ImageObject","inLanguage":"fr-FR","@id":"https:\/\/hotel-icastelli.com\/#\/schema\/logo\/image\/","url":"","contentUrl":"","caption":"I Castelli"},"image":{"@id":"https:\/\/hotel-icastelli.com\/#\/schema\/logo\/image\/"}}]}},"acf":[],"_links":{"self":[{"href":"https:\/\/hotel-icastelli.com\/fr\/wp-json\/wp\/v2\/pages\/5030","targetHints":{"allow":["GET"]}}],"collection":[{"href":"https:\/\/hotel-icastelli.com\/fr\/wp-json\/wp\/v2\/pages"}],"about":[{"href":"https:\/\/hotel-icastelli.com\/fr\/wp-json\/wp\/v2\/types\/page"}],"author":[{"embeddable":true,"href":"https:\/\/hotel-icastelli.com\/fr\/wp-json\/wp\/v2\/users\/152"}],"replies":[{"embeddable":true,"href":"https:\/\/hotel-icastelli.com\/fr\/wp-json\/wp\/v2\/comments?post=5030"}],"version-history":[{"count":0,"href":"https:\/\/hotel-icastelli.com\/fr\/wp-json\/wp\/v2\/pages\/5030\/revisions"}],"wp:featuredmedia":[{"embeddable":true,"href":"https:\/\/hotel-icastelli.com\/fr\/wp-json\/wp\/v2\/media\/3844"}],"wp:attachment":[{"href":"https:\/\/hotel-icastelli.com\/fr\/wp-json\/wp\/v2\/media?parent=5030"}],"curies":[{"name":"wp","href":"https:\/\/api.w.org\/{rel}","templated":true}]}}