{"id":5048,"date":"2025-02-20T10:53:08","date_gmt":"2025-02-20T09:53:08","guid":{"rendered":"https:\/\/hotel-icastelli.com\/restaurant\/"},"modified":"2025-11-12T15:24:20","modified_gmt":"2025-11-12T14:24:20","slug":"restaurant","status":"publish","type":"page","link":"https:\/\/hotel-icastelli.com\/fr\/restaurant\/","title":{"rendered":"Restaurant"},"content":{"rendered":"<section class=\"text-gallery text-gallery--text-is-left text-gallery--mt-default text-gallery--mb-default text-gallery--align-full text-gallery--no-background text-gallery--align-full text-gallery--valign-bottom __gallery text-gallery--text-mobile-is-top \">\n   <div class=\"text-gallery__inner text-gallery__inner--align-full text-gallery__inner--valign-bottom flex-columns\">\n    <div class=\"text-gallery__text text-gallery__text--is-left text-gallery__text--is-mobile-top flex-column flex-column--width-50\">\n              <div class=\"text-gallery__typography typography typography--text-is-left\">\n                    \n<div class=\"title-block title-block--mt-default title-block--align-center title-block--mb-default title-block--text-align-default title-block--is-style-none typography__title-block\">\n      <h3 class=\"title-block__tagline\">\n      Pour le d\u00eener\n    <\/h3>\n        <h2 class=\"title-block__title title-block__title--not-main\">\n      Vivez une exp\u00e9rience unique\n    <\/h2>\n    <\/div>\n\n\n<p>Le nouveau restaurant I Castelli, situ\u00e9 sur la terrasse de l&#8217;h\u00f4tel \u00e0 une hauteur de 20 m\u00e8tres, propose une <strong>cuisine pi\u00e9montaise traditionnelle \u00e9labor\u00e9e de fa\u00e7on moderne.<\/strong><\/p>\n\n\n\n<p>En automne, tous les plats typiques sont \u00e0 base de truffes d&#8217;Alba rigoureusement blanches (<strong><a href=\"https:\/\/hotel-icastelli.com\/fr\/restaurant\/menu\/\">lisez le menu<\/a><\/strong>). La <strong><a href=\"https:\/\/hotel-icastelli.com\/files\/2024\/04\/2024.04_carta_vini_i_castelli.pdf\" target=\"_blank\" rel=\"noreferrer noopener\">carte des vins<\/a><\/strong>vous r\u00e9servera d&#8217;authentiques surprises. <\/p>\n\n\n\n<p>Le restaurant est situ\u00e9 sur la <strong>terrasse panoramique<\/strong> o\u00f9 il est \u00e9galement possible d&#8217;organiser des ap\u00e9ritifs, des \u00e9v\u00e9nements et de vivre des moments magiques sous les \u00e9toiles.<\/p>\n\n\n\n<p>Un <strong>d\u00e9jeuner d&#8217;affaires<\/strong>, ou m\u00eame une simple halte le long de l&#8217;itin\u00e9raire des Langhe et du Roero, vaut certainement la peine de s&#8217;arr\u00eater au<strong> restaurant \u00ab\u00a0I Castelli&#8221;<\/strong> pour savourer la meilleure cuisine locale.<\/p>\n\n\n\n<p>Nous pouvons \u00e9galement <strong>organiser des d\u00e9jeuners-buffets et des d\u00e9jeuners d&#8217;affaires<\/strong> lors de r\u00e9unions.<\/p>\n\n\n        <\/div>\n          <\/div>\n    <div class=\"text-gallery__gallery-container text-gallery__gallery-container--is-right flex-column flex-column--width-50\">\n      <div class=\"text-gallery__gallery text-gallery__gallery--is-right text-gallery__gallery--style-default\">\n        \n\n<figure class=\"wp-block-gallery has-nested-images columns-default is-cropped wp-block-gallery-2\">\n<figure class=\"wp-block-image size-portrait_sm\"><img loading=\"lazy\" decoding=\"async\" width=\"350\" height=\"466\" data-id=\"4658\" src=\"https:\/\/hotel-icastelli.com\/files\/2025\/04\/b-350x466.jpg\" alt=\"\" class=\"wp-image-4658\" srcset=\"https:\/\/hotel-icastelli.com\/files\/2025\/04\/b-350x466.jpg 350w, https:\/\/hotel-icastelli.com\/files\/2025\/04\/b-900x1200.jpg 900w, https:\/\/hotel-icastelli.com\/files\/2025\/04\/b-574x765.jpg 574w\" sizes=\"auto, (max-width: 350px) 100vw, 350px\" \/><\/figure>\n\n\n\n<figure class=\"wp-block-image size-portrait_sm\"><img loading=\"lazy\" decoding=\"async\" width=\"350\" height=\"466\" data-id=\"4672\" src=\"https:\/\/hotel-icastelli.com\/files\/2025\/04\/c-350x466.jpg\" alt=\"\" class=\"wp-image-4672\" srcset=\"https:\/\/hotel-icastelli.com\/files\/2025\/04\/c-350x466.jpg 350w, https:\/\/hotel-icastelli.com\/files\/2025\/04\/c-900x1200.jpg 900w, https:\/\/hotel-icastelli.com\/files\/2025\/04\/c-574x765.jpg 574w\" sizes=\"auto, (max-width: 350px) 100vw, 350px\" \/><\/figure>\n\n\n\n<figure class=\"wp-block-image size-portrait_sm\"><img loading=\"lazy\" decoding=\"async\" width=\"350\" height=\"466\" data-id=\"4644\" src=\"https:\/\/hotel-icastelli.com\/files\/2025\/04\/1-350x466.jpg\" alt=\"\" class=\"wp-image-4644\" srcset=\"https:\/\/hotel-icastelli.com\/files\/2025\/04\/1-350x466.jpg 350w, https:\/\/hotel-icastelli.com\/files\/2025\/04\/1-900x1200.jpg 900w, https:\/\/hotel-icastelli.com\/files\/2025\/04\/1-574x765.jpg 574w\" sizes=\"auto, (max-width: 350px) 100vw, 350px\" \/><\/figure>\n\n\n\n<figure class=\"wp-block-image size-portrait_sm\"><img loading=\"lazy\" decoding=\"async\" width=\"350\" height=\"466\" data-id=\"4616\" src=\"https:\/\/hotel-icastelli.com\/files\/2025\/04\/e-350x466.jpg\" alt=\"\" class=\"wp-image-4616\" srcset=\"https:\/\/hotel-icastelli.com\/files\/2025\/04\/e-350x466.jpg 350w, https:\/\/hotel-icastelli.com\/files\/2025\/04\/e-900x1200.jpg 900w, https:\/\/hotel-icastelli.com\/files\/2025\/04\/e-574x765.jpg 574w\" sizes=\"auto, (max-width: 350px) 100vw, 350px\" \/><\/figure>\n\n\n\n<figure class=\"wp-block-image size-portrait_sm\"><img loading=\"lazy\" decoding=\"async\" width=\"350\" height=\"466\" data-id=\"46\" src=\"https:\/\/hotel-icastelli.com\/files\/2025\/02\/piatto_02-350x466.jpg\" alt=\"\" class=\"wp-image-46\" srcset=\"https:\/\/hotel-icastelli.com\/files\/2025\/02\/piatto_02-350x466.jpg 350w, https:\/\/hotel-icastelli.com\/files\/2025\/02\/piatto_02-574x765.jpg 574w\" sizes=\"auto, (max-width: 350px) 100vw, 350px\" \/><\/figure>\n<\/figure>\n\n\n      <\/div>\n          <\/div>\n  <\/div>\n<\/section>\n<figure class=\"wp-block-embed alignwide is-type-video is-provider-youtube wp-block-embed-youtube wp-embed-aspect-16-9 wp-has-aspect-ratio\"><div class=\"wp-block-embed__wrapper\">\n<iframe loading=\"lazy\" title=\"Hotel I Castelli  Alba   Il ristorante\" width=\"500\" height=\"281\" src=\"https:\/\/www.youtube.com\/embed\/e76ausbV5bo?feature=oembed\" frameborder=\"0\" allow=\"accelerometer; autoplay; clipboard-write; encrypted-media; gyroscope; picture-in-picture; web-share\" referrerpolicy=\"strict-origin-when-cross-origin\" allowfullscreen><\/iframe>\n<\/div><\/figure>\n<section class=\"text-gallery text-gallery--text-is-right text-gallery--mt-default text-gallery--mb-default text-gallery--align-full text-gallery--no-background text-gallery--align-full text-gallery--valign-bottom __gallery text-gallery--text-mobile-is-top \">\n   <div class=\"text-gallery__inner text-gallery__inner--align-full text-gallery__inner--valign-bottom flex-columns\">\n    <div class=\"text-gallery__text text-gallery__text--is-right text-gallery__text--is-mobile-top flex-column flex-column--width-50\">\n              <div class=\"text-gallery__typography typography typography--text-is-right\">\n                    \n\n<h3 class=\"wp-block-heading\">Le restaurant sur la terrasse<\/h3>\n\n\n\n<p>Si vous aimez go\u00fbter avec les yeux, vous ne pouvez pas manquer le nouveau restaurant I Castelli sur les toits d&#8217;Alba. Un espace unique, avec un panorama incroyable, o\u00f9 vous pourrez savourer l&#8217;excellence de l&#8217;art culinaire des Langhe.<strong><a href=\"https:\/\/hotel-icastelli.com\/fr\/restaurant\/menu\/\">l&#8217;art culinaire des Langhe<\/a><\/strong> et d\u00e9guster les <strong><a href=\"https:\/\/hotel-icastelli.com\/files\/2024\/04\/2024.04_carta_vini_i_castelli.pdf\" target=\"_blank\" rel=\"noreferrer noopener\">vins<\/a> <\/strong>les plus prestigieux qui ont rendu le Pi\u00e9mont c\u00e9l\u00e8bre dans le monde entier. <\/p>\n\n\n\n<p>Le studio de design <strong><a href=\"http:\/\/www.archicura.it\/\" target=\"_blank\" rel=\"noreferrer noopener\">Archicura<\/a> <\/strong>a construit un <strong>cube de verre et de mat\u00e9riaux naturels pour vous offrir une exp\u00e9rience sensorielle unique<\/strong>. Les panneaux de bois qui descendent du plafond vous rappelleront le mouvement des rang\u00e9es de vignes dans les vignobles, dans un jeu doux et sinueux qui vous mettra en contact avec la nature qui vous entoure. <\/p>\n\n\n\n<p>Le jour, vous pouvez voir les collines et les tours ; la nuit, les Langhe s&#8217;illuminent.<\/p>\n\n\n\n<h3 class=\"wp-block-heading\">A 20 m\u00e8tres du sol, un restaurant suspendu vous attend.<\/h3>\n\n\n        <\/div>\n          <\/div>\n    <div class=\"text-gallery__gallery-container text-gallery__gallery-container--is-left flex-column flex-column--width-50\">\n      <div class=\"text-gallery__gallery text-gallery__gallery--is-left text-gallery__gallery--style-default\">\n        \n\n<figure class=\"wp-block-gallery has-nested-images columns-default is-cropped wp-block-gallery-4\">\n<figure class=\"wp-block-image size-portrait_sm\"><img loading=\"lazy\" decoding=\"async\" width=\"350\" height=\"466\" data-id=\"4630\" src=\"https:\/\/hotel-icastelli.com\/files\/2025\/04\/f-350x466.jpg\" alt=\"\" class=\"wp-image-4630\" srcset=\"https:\/\/hotel-icastelli.com\/files\/2025\/04\/f-350x466.jpg 350w, https:\/\/hotel-icastelli.com\/files\/2025\/04\/f-900x1200.jpg 900w, https:\/\/hotel-icastelli.com\/files\/2025\/04\/f-574x765.jpg 574w\" sizes=\"auto, (max-width: 350px) 100vw, 350px\" \/><\/figure>\n\n\n\n<figure class=\"wp-block-image size-portrait_sm\"><img loading=\"lazy\" decoding=\"async\" width=\"350\" height=\"466\" data-id=\"156\" src=\"https:\/\/hotel-icastelli.com\/files\/2025\/03\/ristorante_animata02-350x466.jpg\" alt=\"\" class=\"wp-image-156\"\/><\/figure>\n\n\n\n<figure class=\"wp-block-image size-portrait_sm\"><img loading=\"lazy\" decoding=\"async\" width=\"350\" height=\"466\" data-id=\"158\" src=\"https:\/\/hotel-icastelli.com\/files\/2025\/03\/I-Castelli-8-350x466.jpg\" alt=\"\" class=\"wp-image-158\"\/><\/figure>\n\n\n\n<figure class=\"wp-block-image size-portrait_sm\"><img loading=\"lazy\" decoding=\"async\" width=\"350\" height=\"440\" data-id=\"160\" src=\"https:\/\/hotel-icastelli.com\/files\/2025\/03\/tramonto-350x440.jpg\" alt=\"\" class=\"wp-image-160\"\/><\/figure>\n\n\n\n<figure class=\"wp-block-image size-portrait_sm\"><img loading=\"lazy\" decoding=\"async\" width=\"350\" height=\"466\" data-id=\"162\" src=\"https:\/\/hotel-icastelli.com\/files\/2025\/03\/ristorante_34-350x466.jpg\" alt=\"\" class=\"wp-image-162\"\/><\/figure>\n<\/figure>\n\n\n      <\/div>\n          <\/div>\n  <\/div>\n<\/section><section class=\"grid grid--mt-default grid--mb-default grid--align-full grid--no-background  __grid is-style-first-big-3\">\n  <div class=\"grid__inner grid__inner--align-full\">\n        <ul class=\"grid__row grid__row--columns-3 grid__row--valign-top combos combos--columns-3\">\n              \n<div class=\"combo combo--3-cols combo--align-center combo--textalign-default combo--has-background has-dark-background-color combos__combo \">\n      <div class=\"combo__bg combo__bg--position-default combo__bg--overlay-is-default \">\n      <picture class=\"ratio__content\" alt=\"\" title=\"\" data-caption=\"\"> \n                <source loading=\"lazy\" srcset=\"https:\/\/hotel-icastelli.com\/files\/2025\/02\/Ivano-1.jpg\" media=\"(min-width: 1400px)\" \/>\n\n              <source loading=\"lazy\" srcset=\"https:\/\/hotel-icastelli.com\/files\/2025\/02\/Ivano-1-1000x875.jpg\" media=\"(min-width: 574px)\" \/>\n\n              <source loading=\"lazy\" srcset=\"https:\/\/hotel-icastelli.com\/files\/2025\/02\/Ivano-1-574x765.jpg\" \/>\n\n                <img decoding=\"async\"  width=\"\" height=\"\" loading=\"lazy\" alt=\"Ivano\" title=\"Ivano\" data-caption=\"\" src=\"https:\/\/hotel-icastelli.com\/files\/2025\/02\/Ivano-1.jpg\" data-src=\"https:\/\/hotel-icastelli.com\/files\/2025\/02\/Ivano-1.jpg\"\/>\n\n        \n<\/picture>\n    <\/div>\n        <div class=\"combo__overlay combo__overlay--is-default combo__overlay--color-dark\"><\/div>\n    <div class=\"combo__inner combo__inner--text-align-default combo__inner--has-background combo__inner--has-dark-background-color \">\n          <h4 class=\"combo__tagline\">\n        Le chef\n      <\/h4>\n              <h2 class=\"combo__title\">\n        Pour vous ramener\n      <\/h2>\n                  <div class=\"combo__description\">\n        \n\n<p>Ma cuisine est bas\u00e9e sur des produits de saison qui sont pr\u00e9par\u00e9s avec soin et respectent la nature.<\/p>\n\n\n      <\/div>\n              <div class=\"combo__cta\">\n          <a href=\"https:\/\/hotel-icastelli.com\/fr\/restaurant\/chef-cuisinier\/\" title=\"Rencontrer\" target=\"_self\" class=\"combo__button button button--combo\">\n            Rencontrer\n          <\/a>\n        <\/div>\n            <\/div>\n<\/div>\n\n<div class=\"combo combo--3-cols combo--align-center combo--textalign-default combo--has-background has-dark-background-color combos__combo \">\n      <div class=\"combo__bg combo__bg--position-default combo__bg--overlay-is-default \">\n      <picture class=\"ratio__content\" alt=\"\" title=\"\" data-caption=\"\"> \n                <source loading=\"lazy\" srcset=\"https:\/\/hotel-icastelli.com\/files\/2025\/04\/d.jpg\" media=\"(min-width: 1400px)\" \/>\n\n              <source loading=\"lazy\" srcset=\"https:\/\/hotel-icastelli.com\/files\/2025\/04\/d-1400x875.jpg\" media=\"(min-width: 574px)\" \/>\n\n              <source loading=\"lazy\" srcset=\"https:\/\/hotel-icastelli.com\/files\/2025\/04\/d-574x765.jpg\" \/>\n\n                <img decoding=\"async\"  width=\"\" height=\"\" loading=\"lazy\" alt=\"d\" title=\"d\" data-caption=\"\" src=\"https:\/\/hotel-icastelli.com\/files\/2025\/04\/d.jpg\" data-src=\"https:\/\/hotel-icastelli.com\/files\/2025\/04\/d.jpg\"\/>\n\n        \n<\/picture>\n    <\/div>\n        <div class=\"combo__overlay combo__overlay--is-default combo__overlay--color-dark\"><\/div>\n    <div class=\"combo__inner combo__inner--text-align-default combo__inner--has-background combo__inner--has-dark-background-color \">\n          <h4 class=\"combo__tagline\">\n        Le menu\n      <\/h4>\n              <h2 class=\"combo__title\">\n        Pour vous rendre gourmand\n      <\/h2>\n                  <div class=\"combo__description\">\n        \n\n<p>Dans un cadre confortable, vous pourrez d\u00e9guster des plats locaux traditionnels.<\/p>\n\n\n      <\/div>\n              <div class=\"combo__cta\">\n          <a href=\"https:\/\/hotel-icastelli.com\/fr\/restaurant\/menu\/\" title=\"Savourez\" target=\"_self\" class=\"combo__button button button--combo\">\n            Savourez\n          <\/a>\n        <\/div>\n            <\/div>\n<\/div>\n\n<div class=\"combo combo--3-cols combo--align-center combo--textalign-default combo--has-background has-dark-background-color combos__combo wp-elements-331f701a7c53dd0ae79878168bc067b9\">\n      <div class=\"combo__bg combo__bg--position-default combo__bg--overlay-is-default \">\n      <picture class=\"ratio__content\" alt=\"\" title=\"\" data-caption=\"\"> \n                <source loading=\"lazy\" srcset=\"https:\/\/hotel-icastelli.com\/files\/2025\/03\/piatto_02.jpg\" media=\"(min-width: 1400px)\" \/>\n\n              <source loading=\"lazy\" srcset=\"https:\/\/hotel-icastelli.com\/files\/2025\/03\/piatto_02.jpg\" media=\"(min-width: 574px)\" \/>\n\n              <source loading=\"lazy\" srcset=\"https:\/\/hotel-icastelli.com\/files\/2025\/03\/piatto_02-574x440.jpg\" \/>\n\n                <img decoding=\"async\"  width=\"\" height=\"\" loading=\"lazy\" alt=\"piatto_02\" title=\"piatto_02\" data-caption=\"\" src=\"https:\/\/hotel-icastelli.com\/files\/2025\/03\/piatto_02.jpg\" data-src=\"https:\/\/hotel-icastelli.com\/files\/2025\/03\/piatto_02.jpg\"\/>\n\n        \n<\/picture>\n    <\/div>\n        <div class=\"combo__overlay combo__overlay--is-default combo__overlay--color-dark\"><\/div>\n    <div class=\"combo__inner combo__inner--text-align-default combo__inner--has-background combo__inner--has-dark-background-color wp-elements-331f701a7c53dd0ae79878168bc067b9\">\n          <h4 class=\"combo__tagline\">\n        Liste des vins\n      <\/h4>\n              <h2 class=\"combo__title\">\n        Pour vous rendre joyeux\n      <\/h2>\n                  <div class=\"combo__description\">\n        \n\n<p>Une carte des vins s\u00e9lectionn\u00e9e qui met l&#8217;accent sur les petits producteurs du Pi\u00e9mont et sur les digressions nationales et \u00e9trang\u00e8res.<\/p>\n\n\n      <\/div>\n              <div class=\"combo__cta\">\n          <a href=\"https:\/\/hotel-icastelli.com\/files\/2025\/05\/2024.04_carta_vini_i_castelli.pdf\" title=\"D\u00e9couvrez\" target=\"_self\" class=\"combo__button button button--combo\">\n            D\u00e9couvrez\n          <\/a>\n        <\/div>\n            <\/div>\n<\/div>\n\n          <\/ul>\n      <\/div>\n<\/section>","protected":false},"excerpt":{"rendered":"","protected":false},"author":152,"featured_media":3760,"parent":0,"menu_order":0,"comment_status":"closed","ping_status":"closed","template":"","meta":{"_acf_changed":false,"_monsterinsights_skip_tracking":false,"_monsterinsights_sitenote_active":false,"_monsterinsights_sitenote_note":"","_monsterinsights_sitenote_category":0,"footnotes":""},"class_list":["post-5048","page","type-page","status-publish","has-post-thumbnail","hentry"],"yoast_head":"<!-- This site is optimized with the Yoast SEO plugin v27.2 - https:\/\/yoast.com\/product\/yoast-seo-wordpress\/ -->\n<title>Restaurant - Hotel in Centro Ad Alba - I Castelli<\/title>\n<meta name=\"description\" content=\"Le nouveau restaurant I Castelli, situ\u00e9 sur la terrasse de l&#039;h\u00f4tel \u00e0 une hauteur de 20 m\u00e8tres, propose une cuisine pi\u00e9montaise traditionnelle \u00e9labor\u00e9e de\" \/>\n<meta name=\"robots\" content=\"index, follow, max-snippet:-1, max-image-preview:large, max-video-preview:-1\" \/>\n<link rel=\"canonical\" href=\"https:\/\/hotel-icastelli.com\/fr\/restaurant\/\" \/>\n<meta property=\"og:locale\" content=\"fr_FR\" \/>\n<meta property=\"og:type\" content=\"article\" \/>\n<meta property=\"og:title\" content=\"Restaurant - Hotel in Centro Ad Alba - I Castelli\" \/>\n<meta property=\"og:description\" content=\"Le nouveau restaurant I Castelli, situ\u00e9 sur la terrasse de l&#039;h\u00f4tel \u00e0 une hauteur de 20 m\u00e8tres, propose une cuisine pi\u00e9montaise traditionnelle \u00e9labor\u00e9e de\" \/>\n<meta property=\"og:url\" content=\"https:\/\/hotel-icastelli.com\/fr\/restaurant\/\" \/>\n<meta property=\"og:site_name\" content=\"I Castelli\" \/>\n<meta property=\"article:modified_time\" content=\"2025-11-12T14:24:20+00:00\" \/>\n<meta property=\"og:image\" content=\"https:\/\/hotel-icastelli.com\/files\/2025\/02\/ristorante_cubo.jpg\" \/>\n\t<meta property=\"og:image:width\" content=\"2000\" \/>\n\t<meta property=\"og:image:height\" content=\"857\" \/>\n\t<meta property=\"og:image:type\" content=\"image\/jpeg\" \/>\n<meta name=\"twitter:card\" content=\"summary_large_image\" \/>\n<meta name=\"twitter:label1\" content=\"Est. reading time\" \/>\n\t<meta name=\"twitter:data1\" content=\"2 minutes\" \/>\n<!-- \/ Yoast SEO plugin. -->","yoast_head_json":{"title":"Restaurant - Hotel in Centro Ad Alba - I Castelli","description":"Le nouveau restaurant I Castelli, situ\u00e9 sur la terrasse de l'h\u00f4tel \u00e0 une hauteur de 20 m\u00e8tres, propose une cuisine pi\u00e9montaise traditionnelle \u00e9labor\u00e9e de","robots":{"index":"index","follow":"follow","max-snippet":"max-snippet:-1","max-image-preview":"max-image-preview:large","max-video-preview":"max-video-preview:-1"},"canonical":"https:\/\/hotel-icastelli.com\/fr\/restaurant\/","og_locale":"fr_FR","og_type":"article","og_title":"Restaurant - Hotel in Centro Ad Alba - I Castelli","og_description":"Le nouveau restaurant I Castelli, situ\u00e9 sur la terrasse de l'h\u00f4tel \u00e0 une hauteur de 20 m\u00e8tres, propose une cuisine pi\u00e9montaise traditionnelle \u00e9labor\u00e9e de","og_url":"https:\/\/hotel-icastelli.com\/fr\/restaurant\/","og_site_name":"I Castelli","article_modified_time":"2025-11-12T14:24:20+00:00","og_image":[{"width":2000,"height":857,"url":"https:\/\/hotel-icastelli.com\/files\/2025\/02\/ristorante_cubo.jpg","type":"image\/jpeg"}],"twitter_card":"summary_large_image","twitter_misc":{"Est. reading time":"2 minutes"},"schema":{"@context":"https:\/\/schema.org","@graph":[{"@type":"WebPage","@id":"https:\/\/hotel-icastelli.com\/fr\/restaurant\/","url":"https:\/\/hotel-icastelli.com\/fr\/restaurant\/","name":"Restaurant - Hotel in Centro Ad Alba - I Castelli","isPartOf":{"@id":"https:\/\/hotel-icastelli.com\/#website"},"primaryImageOfPage":{"@id":"https:\/\/hotel-icastelli.com\/fr\/restaurant\/#primaryimage"},"image":{"@id":"https:\/\/hotel-icastelli.com\/fr\/restaurant\/#primaryimage"},"thumbnailUrl":"https:\/\/hotel-icastelli.com\/files\/2025\/02\/ristorante_cubo.jpg","datePublished":"2025-02-20T09:53:08+00:00","dateModified":"2025-11-12T14:24:20+00:00","description":"Le nouveau restaurant I Castelli, situ\u00e9 sur la terrasse de l'h\u00f4tel \u00e0 une hauteur de 20 m\u00e8tres, propose une cuisine pi\u00e9montaise traditionnelle \u00e9labor\u00e9e de","breadcrumb":{"@id":"https:\/\/hotel-icastelli.com\/fr\/restaurant\/#breadcrumb"},"inLanguage":"fr-FR","potentialAction":[{"@type":"ReadAction","target":["https:\/\/hotel-icastelli.com\/fr\/restaurant\/"]}]},{"@type":"ImageObject","inLanguage":"fr-FR","@id":"https:\/\/hotel-icastelli.com\/fr\/restaurant\/#primaryimage","url":"https:\/\/hotel-icastelli.com\/files\/2025\/02\/ristorante_cubo.jpg","contentUrl":"https:\/\/hotel-icastelli.com\/files\/2025\/02\/ristorante_cubo.jpg","width":2000,"height":857,"caption":"Stitched Panorama"},{"@type":"BreadcrumbList","@id":"https:\/\/hotel-icastelli.com\/fr\/restaurant\/#breadcrumb","itemListElement":[{"@type":"ListItem","position":1,"name":"Home","item":"https:\/\/hotel-icastelli.com\/fr\/"},{"@type":"ListItem","position":2,"name":"Restaurant"}]},{"@type":"WebSite","@id":"https:\/\/hotel-icastelli.com\/#website","url":"https:\/\/hotel-icastelli.com\/","name":"I Castelli","description":"Hotel in Centro Ad Alba","publisher":{"@id":"https:\/\/hotel-icastelli.com\/#organization"},"potentialAction":[{"@type":"SearchAction","target":{"@type":"EntryPoint","urlTemplate":"https:\/\/hotel-icastelli.com\/?s={search_term_string}"},"query-input":{"@type":"PropertyValueSpecification","valueRequired":true,"valueName":"search_term_string"}}],"inLanguage":"fr-FR"},{"@type":"Organization","@id":"https:\/\/hotel-icastelli.com\/#organization","name":"I Castelli","url":"https:\/\/hotel-icastelli.com\/","logo":{"@type":"ImageObject","inLanguage":"fr-FR","@id":"https:\/\/hotel-icastelli.com\/#\/schema\/logo\/image\/","url":"","contentUrl":"","caption":"I Castelli"},"image":{"@id":"https:\/\/hotel-icastelli.com\/#\/schema\/logo\/image\/"}}]}},"acf":[],"_links":{"self":[{"href":"https:\/\/hotel-icastelli.com\/fr\/wp-json\/wp\/v2\/pages\/5048","targetHints":{"allow":["GET"]}}],"collection":[{"href":"https:\/\/hotel-icastelli.com\/fr\/wp-json\/wp\/v2\/pages"}],"about":[{"href":"https:\/\/hotel-icastelli.com\/fr\/wp-json\/wp\/v2\/types\/page"}],"author":[{"embeddable":true,"href":"https:\/\/hotel-icastelli.com\/fr\/wp-json\/wp\/v2\/users\/152"}],"replies":[{"embeddable":true,"href":"https:\/\/hotel-icastelli.com\/fr\/wp-json\/wp\/v2\/comments?post=5048"}],"version-history":[{"count":0,"href":"https:\/\/hotel-icastelli.com\/fr\/wp-json\/wp\/v2\/pages\/5048\/revisions"}],"wp:featuredmedia":[{"embeddable":true,"href":"https:\/\/hotel-icastelli.com\/fr\/wp-json\/wp\/v2\/media\/3760"}],"wp:attachment":[{"href":"https:\/\/hotel-icastelli.com\/fr\/wp-json\/wp\/v2\/media?parent=5048"}],"curies":[{"name":"wp","href":"https:\/\/api.w.org\/{rel}","templated":true}]}}