{"id":5174,"date":"2013-08-28T09:27:19","date_gmt":"2013-08-28T07:27:19","guid":{"rendered":"https:\/\/hotel-icastelli.com\/tourisme\/les-10-1-choses-a-ne-pas-manquer-dans-les-langhe\/"},"modified":"2025-05-07T07:40:05","modified_gmt":"2025-05-07T05:40:05","slug":"les-10-1-choses-a-ne-pas-manquer-dans-les-langhe","status":"publish","type":"page","link":"https:\/\/hotel-icastelli.com\/fr\/tourisme\/les-10-1-choses-a-ne-pas-manquer-dans-les-langhe\/","title":{"rendered":"Les 10 +1 choses \u00e0 ne pas manquer dans les Langhe !"},"content":{"rendered":"\n<p>En plus des informations que vous trouverez dans cette section sur le tourisme, nous avons pens\u00e9 vous pr\u00e9senter notre d\u00e9calogue des <strong>\u00ab\u00a010 choses \u00e0 ne pas manquer&#8221; dans les Langhe<\/strong>&#8230;<\/p>\n\n<ul class=\"wp-block-list\">\n<li>La <a href=\"https:\/\/langhe.net\/sight\/cappella-barolo\/\" target=\"_blank\" rel=\"noreferrer noopener\">chapelle Barolo<\/a> de La Morra par David Tramiett et Sol LeWitt<\/li>\n\n\n\n<li>Le mus\u00e9e du vin <a href=\"http:\/\/www.wimubarolo.it\/\" target=\"_blank\" rel=\"noreferrer noopener\">WiMu<\/a><\/li>\n\n\n\n<li>Visite des caves des Langhe et du Roero<\/li>\n\n\n\n<li>Le <a href=\"http:\/\/www.castellogrinzane.com\/\" target=\"_blank\" rel=\"noreferrer noopener\">ch\u00e2teau de<\/a> Grinzane Cavour<\/li>\n\n\n\n<li>Le<a href=\"https:\/\/langhe.net\/sight\/il-mercato-del-sabato-alba\/\" target=\"_blank\" rel=\"noreferrer noopener\"> march\u00e9 du samedi matin \u00e0 Alba<\/a> <\/li>\n\n\n\n<li>Le belv\u00e9d\u00e8re de La Morra<\/li>\n\n\n\n<li>D\u00e9couvrez les Langhe sur deux roues, essayez le <a href=\"https:\/\/www.albawaytour.com\/\" target=\"_blank\" rel=\"noreferrer noopener\">Segway<\/a><\/li>\n\n\n\n<li>Promenade dans le centre historique d&#8217;<a href=\"https:\/\/langhe.net\/paese\/alba-piemonte\/\" target=\"_blank\" rel=\"noreferrer noopener\">Alba<\/a><\/li>\n\n\n\n<li>Coucher de soleil sur Alba vu depuis la route d&#8217;Altavilla (accessible \u00e0 pied !)<\/li>\n\n\n\n<li>La <a href=\"https:\/\/langhe.net\/guide\/ricerca-tartufo-bianco-alba\/\" target=\"_blank\" rel=\"noreferrer noopener\">recherche simul\u00e9e de la<\/a> <a href=\"https:\/\/hotel-icastelli.com\/turismo\/fiera-internazionale-del-tartufo-bianco-dalba\/\">truffe blanche d&#8217;Alba<\/a><\/li>\n\n\n\n<li>D\u00e9couvrir et visiter les merveilles des paysages viticoles des Langhe, du Roero et du Monferrato, d\u00e9sormais inscrits au <a href=\"https:\/\/hotel-icastelli.com\/turismo\/unesco-paesaggi-vitivinicoli\/\">patrimoine mondial de l&#8217;UNESCO.<\/a><\/li>\n<\/ul>\n\n<h3 class=\"wp-block-heading\">Autres exp\u00e9riences int\u00e9ressantes<\/h3>\n\n<ul class=\"wp-block-list\">\n<li><a href=\"https:\/\/www.langhe-experience.it\/it\/visite-in-cantina-wine-tours\/174-canelli-e-le-cattedrali-sotterranee-patrimonio-unesco.html\" target=\"_blank\" rel=\"noreferrer noopener nofollow\">Cath\u00e9drales souterraines<\/a><\/li>\n\n\n\n<li><a href=\"https:\/\/www.langhe-experience.it\/it\/authentic-experiences-langhe-monferrato-roero\/655-vespa-tour-la-dolce-vita-tra-le-colline-delle-langhe.html\">Tour en Vespa<\/a><\/li>\n<\/ul>\n\n<p><\/p>\n\n<p><\/p>\n","protected":false},"excerpt":{"rendered":"<p>En plus des informations que vous trouverez dans cette section sur le tourisme, nous avons pens\u00e9 vous pr\u00e9senter notre d\u00e9calogue des \u00ab\u00a010 choses \u00e0 ne pas manquer&#8221; dans les Langhe&#8230; Autres exp\u00e9riences int\u00e9ressantes<\/p>\n","protected":false},"author":152,"featured_media":4228,"parent":5094,"menu_order":2,"comment_status":"open","ping_status":"closed","template":"","meta":{"_acf_changed":false,"_monsterinsights_skip_tracking":false,"_monsterinsights_sitenote_active":false,"_monsterinsights_sitenote_note":"","_monsterinsights_sitenote_category":0,"footnotes":""},"class_list":["post-5174","page","type-page","status-publish","has-post-thumbnail","hentry"],"yoast_head":"<!-- This site is optimized with the Yoast SEO plugin v27.2 - https:\/\/yoast.com\/product\/yoast-seo-wordpress\/ -->\n<title>Les 10 +1 choses \u00e0 ne pas manquer dans les Langhe ! - Hotel in Centro Ad Alba - I Castelli<\/title>\n<meta name=\"description\" content=\"En plus des informations que vous trouverez dans cette section sur le tourisme, nous avons pens\u00e9 vous pr\u00e9senter notre d\u00e9calogue des &quot;10 choses \u00e0 ne pas\" \/>\n<meta name=\"robots\" content=\"index, follow, max-snippet:-1, max-image-preview:large, max-video-preview:-1\" \/>\n<link rel=\"canonical\" href=\"https:\/\/hotel-icastelli.com\/fr\/tourisme\/les-10-1-choses-a-ne-pas-manquer-dans-les-langhe\/\" \/>\n<meta property=\"og:locale\" content=\"fr_FR\" \/>\n<meta property=\"og:type\" content=\"article\" \/>\n<meta property=\"og:title\" content=\"Les 10 +1 choses \u00e0 ne pas manquer dans les Langhe ! - Hotel in Centro Ad Alba - I Castelli\" \/>\n<meta property=\"og:description\" content=\"En plus des informations que vous trouverez dans cette section sur le tourisme, nous avons pens\u00e9 vous pr\u00e9senter notre d\u00e9calogue des &quot;10 choses \u00e0 ne pas\" \/>\n<meta property=\"og:url\" content=\"https:\/\/hotel-icastelli.com\/fr\/tourisme\/les-10-1-choses-a-ne-pas-manquer-dans-les-langhe\/\" \/>\n<meta property=\"og:site_name\" content=\"I Castelli\" \/>\n<meta property=\"article:modified_time\" content=\"2025-05-07T05:40:05+00:00\" \/>\n<meta property=\"og:image\" content=\"https:\/\/hotel-icastelli.com\/files\/2025\/03\/Untitled-6.jpg\" \/>\n\t<meta property=\"og:image:width\" content=\"1024\" \/>\n\t<meta property=\"og:image:height\" content=\"205\" \/>\n\t<meta property=\"og:image:type\" content=\"image\/jpeg\" \/>\n<meta name=\"twitter:card\" content=\"summary_large_image\" \/>\n<meta name=\"twitter:label1\" content=\"Est. reading time\" \/>\n\t<meta name=\"twitter:data1\" content=\"1 minute\" \/>\n<!-- \/ Yoast SEO plugin. -->","yoast_head_json":{"title":"Les 10 +1 choses \u00e0 ne pas manquer dans les Langhe ! - Hotel in Centro Ad Alba - I Castelli","description":"En plus des informations que vous trouverez dans cette section sur le tourisme, nous avons pens\u00e9 vous pr\u00e9senter notre d\u00e9calogue des \"10 choses \u00e0 ne pas","robots":{"index":"index","follow":"follow","max-snippet":"max-snippet:-1","max-image-preview":"max-image-preview:large","max-video-preview":"max-video-preview:-1"},"canonical":"https:\/\/hotel-icastelli.com\/fr\/tourisme\/les-10-1-choses-a-ne-pas-manquer-dans-les-langhe\/","og_locale":"fr_FR","og_type":"article","og_title":"Les 10 +1 choses \u00e0 ne pas manquer dans les Langhe ! - Hotel in Centro Ad Alba - I Castelli","og_description":"En plus des informations que vous trouverez dans cette section sur le tourisme, nous avons pens\u00e9 vous pr\u00e9senter notre d\u00e9calogue des \"10 choses \u00e0 ne pas","og_url":"https:\/\/hotel-icastelli.com\/fr\/tourisme\/les-10-1-choses-a-ne-pas-manquer-dans-les-langhe\/","og_site_name":"I Castelli","article_modified_time":"2025-05-07T05:40:05+00:00","og_image":[{"width":1024,"height":205,"url":"https:\/\/hotel-icastelli.com\/files\/2025\/03\/Untitled-6.jpg","type":"image\/jpeg"}],"twitter_card":"summary_large_image","twitter_misc":{"Est. reading time":"1 minute"},"schema":{"@context":"https:\/\/schema.org","@graph":[{"@type":"WebPage","@id":"https:\/\/hotel-icastelli.com\/fr\/tourisme\/les-10-1-choses-a-ne-pas-manquer-dans-les-langhe\/","url":"https:\/\/hotel-icastelli.com\/fr\/tourisme\/les-10-1-choses-a-ne-pas-manquer-dans-les-langhe\/","name":"Les 10 +1 choses \u00e0 ne pas manquer dans les Langhe ! - Hotel in Centro Ad Alba - I Castelli","isPartOf":{"@id":"https:\/\/hotel-icastelli.com\/#website"},"primaryImageOfPage":{"@id":"https:\/\/hotel-icastelli.com\/fr\/tourisme\/les-10-1-choses-a-ne-pas-manquer-dans-les-langhe\/#primaryimage"},"image":{"@id":"https:\/\/hotel-icastelli.com\/fr\/tourisme\/les-10-1-choses-a-ne-pas-manquer-dans-les-langhe\/#primaryimage"},"thumbnailUrl":"https:\/\/hotel-icastelli.com\/files\/2025\/03\/Untitled-6.jpg","datePublished":"2013-08-28T07:27:19+00:00","dateModified":"2025-05-07T05:40:05+00:00","description":"En plus des informations que vous trouverez dans cette section sur le tourisme, nous avons pens\u00e9 vous pr\u00e9senter notre d\u00e9calogue des \"10 choses \u00e0 ne pas","breadcrumb":{"@id":"https:\/\/hotel-icastelli.com\/fr\/tourisme\/les-10-1-choses-a-ne-pas-manquer-dans-les-langhe\/#breadcrumb"},"inLanguage":"fr-FR","potentialAction":[{"@type":"ReadAction","target":["https:\/\/hotel-icastelli.com\/fr\/tourisme\/les-10-1-choses-a-ne-pas-manquer-dans-les-langhe\/"]}]},{"@type":"ImageObject","inLanguage":"fr-FR","@id":"https:\/\/hotel-icastelli.com\/fr\/tourisme\/les-10-1-choses-a-ne-pas-manquer-dans-les-langhe\/#primaryimage","url":"https:\/\/hotel-icastelli.com\/files\/2025\/03\/Untitled-6.jpg","contentUrl":"https:\/\/hotel-icastelli.com\/files\/2025\/03\/Untitled-6.jpg","width":1024,"height":205},{"@type":"BreadcrumbList","@id":"https:\/\/hotel-icastelli.com\/fr\/tourisme\/les-10-1-choses-a-ne-pas-manquer-dans-les-langhe\/#breadcrumb","itemListElement":[{"@type":"ListItem","position":1,"name":"Home","item":"https:\/\/hotel-icastelli.com\/fr\/"},{"@type":"ListItem","position":2,"name":"Tourisme","item":"https:\/\/hotel-icastelli.com\/fr\/tourisme\/"},{"@type":"ListItem","position":3,"name":"Les 10 +1 choses \u00e0 ne pas manquer dans les Langhe !"}]},{"@type":"WebSite","@id":"https:\/\/hotel-icastelli.com\/#website","url":"https:\/\/hotel-icastelli.com\/","name":"I Castelli","description":"Hotel in Centro Ad Alba","publisher":{"@id":"https:\/\/hotel-icastelli.com\/#organization"},"potentialAction":[{"@type":"SearchAction","target":{"@type":"EntryPoint","urlTemplate":"https:\/\/hotel-icastelli.com\/?s={search_term_string}"},"query-input":{"@type":"PropertyValueSpecification","valueRequired":true,"valueName":"search_term_string"}}],"inLanguage":"fr-FR"},{"@type":"Organization","@id":"https:\/\/hotel-icastelli.com\/#organization","name":"I Castelli","url":"https:\/\/hotel-icastelli.com\/","logo":{"@type":"ImageObject","inLanguage":"fr-FR","@id":"https:\/\/hotel-icastelli.com\/#\/schema\/logo\/image\/","url":"","contentUrl":"","caption":"I Castelli"},"image":{"@id":"https:\/\/hotel-icastelli.com\/#\/schema\/logo\/image\/"}}]}},"acf":[],"_links":{"self":[{"href":"https:\/\/hotel-icastelli.com\/fr\/wp-json\/wp\/v2\/pages\/5174","targetHints":{"allow":["GET"]}}],"collection":[{"href":"https:\/\/hotel-icastelli.com\/fr\/wp-json\/wp\/v2\/pages"}],"about":[{"href":"https:\/\/hotel-icastelli.com\/fr\/wp-json\/wp\/v2\/types\/page"}],"author":[{"embeddable":true,"href":"https:\/\/hotel-icastelli.com\/fr\/wp-json\/wp\/v2\/users\/152"}],"replies":[{"embeddable":true,"href":"https:\/\/hotel-icastelli.com\/fr\/wp-json\/wp\/v2\/comments?post=5174"}],"version-history":[{"count":0,"href":"https:\/\/hotel-icastelli.com\/fr\/wp-json\/wp\/v2\/pages\/5174\/revisions"}],"up":[{"embeddable":true,"href":"https:\/\/hotel-icastelli.com\/fr\/wp-json\/wp\/v2\/pages\/5094"}],"wp:featuredmedia":[{"embeddable":true,"href":"https:\/\/hotel-icastelli.com\/fr\/wp-json\/wp\/v2\/media\/4228"}],"wp:attachment":[{"href":"https:\/\/hotel-icastelli.com\/fr\/wp-json\/wp\/v2\/media?parent=5174"}],"curies":[{"name":"wp","href":"https:\/\/api.w.org\/{rel}","templated":true}]}}