{"id":5230,"date":"2013-08-28T09:19:56","date_gmt":"2013-08-28T07:19:56","guid":{"rendered":"https:\/\/hotel-icastelli.com\/tourisme\/chateaux-des-langhe\/"},"modified":"2025-05-15T15:16:40","modified_gmt":"2025-05-15T13:16:40","slug":"chateaux-des-langhe","status":"publish","type":"page","link":"https:\/\/hotel-icastelli.com\/fr\/tourisme\/chateaux-des-langhe\/","title":{"rendered":"Ch\u00e2teaux des Langhe"},"content":{"rendered":"\n<p>Les ch\u00e2teaux qui s&#8217;\u00e9l\u00e8vent dans la r\u00e9gion <strong>des Langhe<\/strong> et du <strong>Roero <\/strong>constituent l&#8217;un des \u00e9l\u00e9ments caract\u00e9ristiques et distinctifs du paysage. Situ\u00e9s au sommet des collines qui accueillent les villages du <strong>Bas-Pi\u00e9mont<\/strong>, les ch\u00e2teaux contribuent depuis des si\u00e8cles \u00e0 l&#8217;image et \u00e0 l&#8217;identit\u00e9 de chaque commune et de l&#8217;ensemble du territoire. <\/p>\n\n<p>Certaines d&#8217;entre elles pr\u00e9sentent un <strong>excellent style architectural<\/strong> et des int\u00e9rieurs dot\u00e9s d&#8217;un mobilier original de belle facture, \u00e0 tel point qu&#8217;elles constituent des exemples frappants d&#8217;un point de vue historique et artistique. Ils sont donc des symboles de l&#8217;<strong>histoire des communaut\u00e9s locales<\/strong>, des t\u00e9moins de l&#8217;architecture et de l&#8217;art depuis le Moyen \u00c2ge. <\/p>\n\n<p>Les ch\u00e2teaux des Langhe et du Roero, visit\u00e9s chaque ann\u00e9e par des <strong>dizaines de milliers de touristes italiens et \u00e9trangers<\/strong>, constituent une \u00e9tape incontournable pour d\u00e9couvrir et vivre la r\u00e9gion.<\/p>\n\n<p>\u00c0 30 km, le <a href=\"http:\/\/polomusealepiemonte.beniculturali.it\/index.php\/musei-e-luoghi-della-cultura\/castello-di-racconigi\/visita-il-castello-di-racconigi\/\" target=\"_blank\" rel=\"noreferrer noopener\">ch\u00e2teau de Racconigi<\/a> est l&#8217;exemple le plus \u00e9clatant de la grandeur de la <strong>maison royale de Savoie<\/strong>; son parc a \u00e9t\u00e9 \u00e9lu le plus beau d&#8217;Italie en 2010.<\/p>\n\n<p>Ch\u00e2teaux<\/p>\n\n<ul class=\"wp-block-list\">\n<li>Ch\u00e2teau de Barolo<\/li>\n\n\n\n<li>Ch\u00e2teau de Grinzane Cavour<\/li>\n\n\n\n<li>Ch\u00e2teau de Serralunga d&#8217;alba<\/li>\n\n\n\n<li>Ch\u00e2teau de Govone<\/li>\n\n\n\n<li>Ch\u00e2teau de Benevello<\/li>\n\n\n\n<li>Ch\u00e2teau de Magliano Alfieri<\/li>\n\n\n\n<li>Ch\u00e2teau de la mangue<\/li>\n\n\n\n<li>Ch\u00e2teau de Monticello d&#8217;alba<\/li>\n\n\n\n<li>Ch\u00e2teau de Monesiglio<\/li>\n\n\n\n<li>Ch\u00e2teau de Pralormo<\/li>\n\n\n\n<li>Ch\u00e2teau de Roddi<\/li>\n\n\n\n<li>Ch\u00e2teau de Prunetto<\/li>\n\n\n\n<li>Ch\u00e2teau de Saliceto<\/li>\n<\/ul>\n","protected":false},"excerpt":{"rendered":"<p>Les ch\u00e2teaux qui s&#8217;\u00e9l\u00e8vent dans la r\u00e9gion des Langhe et du Roero constituent l&#8217;un des \u00e9l\u00e9ments caract\u00e9ristiques et distinctifs du paysage. Situ\u00e9s au sommet des collines qui accueillent les villages du Bas-Pi\u00e9mont, les ch\u00e2teaux contribuent depuis des si\u00e8cles \u00e0 l&#8217;image et \u00e0 l&#8217;identit\u00e9 de chaque commune et de l&#8217;ensemble du territoire. Certaines d&#8217;entre elles pr\u00e9sentent [&hellip;]<\/p>\n","protected":false},"author":152,"featured_media":4240,"parent":5094,"menu_order":3,"comment_status":"open","ping_status":"closed","template":"","meta":{"_acf_changed":false,"_monsterinsights_skip_tracking":false,"_monsterinsights_sitenote_active":false,"_monsterinsights_sitenote_note":"","_monsterinsights_sitenote_category":0,"footnotes":""},"class_list":["post-5230","page","type-page","status-publish","has-post-thumbnail","hentry"],"yoast_head":"<!-- This site is optimized with the Yoast SEO plugin v27.2 - https:\/\/yoast.com\/product\/yoast-seo-wordpress\/ -->\n<title>Ch\u00e2teaux des Langhe - Hotel in Centro Ad Alba - I Castelli<\/title>\n<meta name=\"description\" content=\"Les ch\u00e2teaux qui s&#039;\u00e9l\u00e8vent dans la r\u00e9gion des Langhe et du Roero constituent l&#039;un des \u00e9l\u00e9ments caract\u00e9ristiques et distinctifs du paysage. Situ\u00e9s au\" \/>\n<meta name=\"robots\" content=\"index, follow, max-snippet:-1, max-image-preview:large, max-video-preview:-1\" \/>\n<link rel=\"canonical\" href=\"https:\/\/hotel-icastelli.com\/fr\/tourisme\/chateaux-des-langhe\/\" \/>\n<meta property=\"og:locale\" content=\"fr_FR\" \/>\n<meta property=\"og:type\" content=\"article\" \/>\n<meta property=\"og:title\" content=\"Ch\u00e2teaux des Langhe - Hotel in Centro Ad Alba - I Castelli\" \/>\n<meta property=\"og:description\" content=\"Les ch\u00e2teaux qui s&#039;\u00e9l\u00e8vent dans la r\u00e9gion des Langhe et du Roero constituent l&#039;un des \u00e9l\u00e9ments caract\u00e9ristiques et distinctifs du paysage. Situ\u00e9s au\" \/>\n<meta property=\"og:url\" content=\"https:\/\/hotel-icastelli.com\/fr\/tourisme\/chateaux-des-langhe\/\" \/>\n<meta property=\"og:site_name\" content=\"I Castelli\" \/>\n<meta property=\"article:modified_time\" content=\"2025-05-15T13:16:40+00:00\" \/>\n<meta property=\"og:image\" content=\"https:\/\/hotel-icastelli.com\/files\/2025\/03\/40x170-2.jpg\" \/>\n\t<meta property=\"og:image:width\" content=\"1024\" \/>\n\t<meta property=\"og:image:height\" content=\"241\" \/>\n\t<meta property=\"og:image:type\" content=\"image\/jpeg\" \/>\n<meta name=\"twitter:card\" content=\"summary_large_image\" \/>\n<meta name=\"twitter:label1\" content=\"Est. reading time\" \/>\n\t<meta name=\"twitter:data1\" content=\"1 minute\" \/>\n<!-- \/ Yoast SEO plugin. -->","yoast_head_json":{"title":"Ch\u00e2teaux des Langhe - Hotel in Centro Ad Alba - I Castelli","description":"Les ch\u00e2teaux qui s'\u00e9l\u00e8vent dans la r\u00e9gion des Langhe et du Roero constituent l'un des \u00e9l\u00e9ments caract\u00e9ristiques et distinctifs du paysage. Situ\u00e9s au","robots":{"index":"index","follow":"follow","max-snippet":"max-snippet:-1","max-image-preview":"max-image-preview:large","max-video-preview":"max-video-preview:-1"},"canonical":"https:\/\/hotel-icastelli.com\/fr\/tourisme\/chateaux-des-langhe\/","og_locale":"fr_FR","og_type":"article","og_title":"Ch\u00e2teaux des Langhe - Hotel in Centro Ad Alba - I Castelli","og_description":"Les ch\u00e2teaux qui s'\u00e9l\u00e8vent dans la r\u00e9gion des Langhe et du Roero constituent l'un des \u00e9l\u00e9ments caract\u00e9ristiques et distinctifs du paysage. Situ\u00e9s au","og_url":"https:\/\/hotel-icastelli.com\/fr\/tourisme\/chateaux-des-langhe\/","og_site_name":"I Castelli","article_modified_time":"2025-05-15T13:16:40+00:00","og_image":[{"width":1024,"height":241,"url":"https:\/\/hotel-icastelli.com\/files\/2025\/03\/40x170-2.jpg","type":"image\/jpeg"}],"twitter_card":"summary_large_image","twitter_misc":{"Est. reading time":"1 minute"},"schema":{"@context":"https:\/\/schema.org","@graph":[{"@type":"WebPage","@id":"https:\/\/hotel-icastelli.com\/fr\/tourisme\/chateaux-des-langhe\/","url":"https:\/\/hotel-icastelli.com\/fr\/tourisme\/chateaux-des-langhe\/","name":"Ch\u00e2teaux des Langhe - Hotel in Centro Ad Alba - I Castelli","isPartOf":{"@id":"https:\/\/hotel-icastelli.com\/#website"},"primaryImageOfPage":{"@id":"https:\/\/hotel-icastelli.com\/fr\/tourisme\/chateaux-des-langhe\/#primaryimage"},"image":{"@id":"https:\/\/hotel-icastelli.com\/fr\/tourisme\/chateaux-des-langhe\/#primaryimage"},"thumbnailUrl":"https:\/\/hotel-icastelli.com\/files\/2025\/03\/40x170-2.jpg","datePublished":"2013-08-28T07:19:56+00:00","dateModified":"2025-05-15T13:16:40+00:00","description":"Les ch\u00e2teaux qui s'\u00e9l\u00e8vent dans la r\u00e9gion des Langhe et du Roero constituent l'un des \u00e9l\u00e9ments caract\u00e9ristiques et distinctifs du paysage. Situ\u00e9s au","breadcrumb":{"@id":"https:\/\/hotel-icastelli.com\/fr\/tourisme\/chateaux-des-langhe\/#breadcrumb"},"inLanguage":"fr-FR","potentialAction":[{"@type":"ReadAction","target":["https:\/\/hotel-icastelli.com\/fr\/tourisme\/chateaux-des-langhe\/"]}]},{"@type":"ImageObject","inLanguage":"fr-FR","@id":"https:\/\/hotel-icastelli.com\/fr\/tourisme\/chateaux-des-langhe\/#primaryimage","url":"https:\/\/hotel-icastelli.com\/files\/2025\/03\/40x170-2.jpg","contentUrl":"https:\/\/hotel-icastelli.com\/files\/2025\/03\/40x170-2.jpg","width":1024,"height":241},{"@type":"BreadcrumbList","@id":"https:\/\/hotel-icastelli.com\/fr\/tourisme\/chateaux-des-langhe\/#breadcrumb","itemListElement":[{"@type":"ListItem","position":1,"name":"Home","item":"https:\/\/hotel-icastelli.com\/fr\/"},{"@type":"ListItem","position":2,"name":"Tourisme","item":"https:\/\/hotel-icastelli.com\/fr\/tourisme\/"},{"@type":"ListItem","position":3,"name":"Ch\u00e2teaux des Langhe"}]},{"@type":"WebSite","@id":"https:\/\/hotel-icastelli.com\/#website","url":"https:\/\/hotel-icastelli.com\/","name":"I Castelli","description":"Hotel in Centro Ad Alba","publisher":{"@id":"https:\/\/hotel-icastelli.com\/#organization"},"potentialAction":[{"@type":"SearchAction","target":{"@type":"EntryPoint","urlTemplate":"https:\/\/hotel-icastelli.com\/?s={search_term_string}"},"query-input":{"@type":"PropertyValueSpecification","valueRequired":true,"valueName":"search_term_string"}}],"inLanguage":"fr-FR"},{"@type":"Organization","@id":"https:\/\/hotel-icastelli.com\/#organization","name":"I Castelli","url":"https:\/\/hotel-icastelli.com\/","logo":{"@type":"ImageObject","inLanguage":"fr-FR","@id":"https:\/\/hotel-icastelli.com\/#\/schema\/logo\/image\/","url":"","contentUrl":"","caption":"I Castelli"},"image":{"@id":"https:\/\/hotel-icastelli.com\/#\/schema\/logo\/image\/"}}]}},"acf":[],"_links":{"self":[{"href":"https:\/\/hotel-icastelli.com\/fr\/wp-json\/wp\/v2\/pages\/5230","targetHints":{"allow":["GET"]}}],"collection":[{"href":"https:\/\/hotel-icastelli.com\/fr\/wp-json\/wp\/v2\/pages"}],"about":[{"href":"https:\/\/hotel-icastelli.com\/fr\/wp-json\/wp\/v2\/types\/page"}],"author":[{"embeddable":true,"href":"https:\/\/hotel-icastelli.com\/fr\/wp-json\/wp\/v2\/users\/152"}],"replies":[{"embeddable":true,"href":"https:\/\/hotel-icastelli.com\/fr\/wp-json\/wp\/v2\/comments?post=5230"}],"version-history":[{"count":0,"href":"https:\/\/hotel-icastelli.com\/fr\/wp-json\/wp\/v2\/pages\/5230\/revisions"}],"up":[{"embeddable":true,"href":"https:\/\/hotel-icastelli.com\/fr\/wp-json\/wp\/v2\/pages\/5094"}],"wp:featuredmedia":[{"embeddable":true,"href":"https:\/\/hotel-icastelli.com\/fr\/wp-json\/wp\/v2\/media\/4240"}],"wp:attachment":[{"href":"https:\/\/hotel-icastelli.com\/fr\/wp-json\/wp\/v2\/media?parent=5230"}],"curies":[{"name":"wp","href":"https:\/\/api.w.org\/{rel}","templated":true}]}}