{"id":5236,"date":"2013-08-28T09:20:49","date_gmt":"2013-08-28T07:20:49","guid":{"rendered":"https:\/\/hotel-icastelli.com\/tourisme\/musee-du-vin-wi-mu-a-barolo\/"},"modified":"2025-05-07T07:40:29","modified_gmt":"2025-05-07T05:40:29","slug":"musee-du-vin-wi-mu-a-barolo","status":"publish","type":"page","link":"https:\/\/hotel-icastelli.com\/fr\/tourisme\/musee-du-vin-wi-mu-a-barolo\/","title":{"rendered":"Mus\u00e9e du vin Wi-Mu \u00e0 Barolo"},"content":{"rendered":"\n<p>Le <a href=\"http:\/\/wimubarolo.it\" target=\"_blank\" rel=\"noreferrer noopener\">mus\u00e9e du vin<\/a> <strong>WIMU<\/strong> est install\u00e9 dans le ch\u00e2teau du marquis Falletti di Barolo.<\/p>\n\n<p>La toile de fond architecturale, le <strong>ch\u00e2teau Falletti<\/strong>, permet d&#8217;appr\u00e9cier pleinement la culture du vin.  <\/p>\n\n<p>Sensible \u00e0 l&#8217;attrait des bouteilles de qualit\u00e9, l&#8217;amateur de vin veut conna\u00eetre son histoire, apprendre ses techniques de production, comprendre les caract\u00e9ristiques de son territoire&#8230; et pour cela, il est aussi pr\u00eat \u00e0 voyager. Devenir oenotouriste. <\/p>\n\n<p>Pour l&#8217;accompagner dans ce voyage, <strong>Fran\u00e7ois Confino<\/strong>, cr\u00e9ateur et conservateur du mus\u00e9e, a imagin\u00e9 un parcours qui m\u00eale les dimensions scientifiques et po\u00e9tiques, guidant le visiteur \u00e0 la d\u00e9couverte de cette r\u00e9alit\u00e9.  <\/p>\n\n<p>La visite est structur\u00e9e comme une <strong>descente dans les profondeurs de la culture du vin<\/strong>: la suggestion de plonger dans les myst\u00e8res et les mythes du fruit de Bacchus correspond \u00e0 la sensation physique d&#8217;atteindre le c\u0153ur du ch\u00e2teau Falletti, en suivant le parcours de la visite du troisi\u00e8me \u00e9tage aux niveaux semi-enterr\u00e9s.  <\/p>\n\n<p>Des id\u00e9es simples qui se poursuivent, se d\u00e9m\u00ealent l&#8217;une apr\u00e8s l&#8217;autre et s&#8217;int\u00e8grent dans une<strong>exp\u00e9rience multisensorielle<\/strong>.  <\/p>\n\n<p>Jeux de lumi\u00e8re, fresques et r\u00e9cits, <strong>panneaux multim\u00e9dias<\/strong> et <strong>d\u00e9gustations dans le magasin de vin<\/strong> feront de votre visite une exp\u00e9rience inoubliable.<\/p>\n","protected":false},"excerpt":{"rendered":"<p>Le mus\u00e9e du vin WIMU est install\u00e9 dans le ch\u00e2teau du marquis Falletti di Barolo. La toile de fond architecturale, le ch\u00e2teau Falletti, permet d&#8217;appr\u00e9cier pleinement la culture du vin. Sensible \u00e0 l&#8217;attrait des bouteilles de qualit\u00e9, l&#8217;amateur de vin veut conna\u00eetre son histoire, apprendre ses techniques de production, comprendre les caract\u00e9ristiques de son territoire&#8230; [&hellip;]<\/p>\n","protected":false},"author":152,"featured_media":4252,"parent":5094,"menu_order":4,"comment_status":"open","ping_status":"closed","template":"","meta":{"_acf_changed":false,"_monsterinsights_skip_tracking":false,"_monsterinsights_sitenote_active":false,"_monsterinsights_sitenote_note":"","_monsterinsights_sitenote_category":0,"footnotes":""},"class_list":["post-5236","page","type-page","status-publish","has-post-thumbnail","hentry"],"yoast_head":"<!-- This site is optimized with the Yoast SEO plugin v27.2 - https:\/\/yoast.com\/product\/yoast-seo-wordpress\/ -->\n<title>Mus\u00e9e du vin Wi-Mu \u00e0 Barolo - Hotel in Centro Ad Alba - I Castelli<\/title>\n<meta name=\"description\" content=\"Le mus\u00e9e du vin WIMU est install\u00e9 dans le ch\u00e2teau du marquis Falletti di Barolo. La toile de fond architecturale, le ch\u00e2teau Falletti, permet d&#039;appr\u00e9cier\" \/>\n<meta name=\"robots\" content=\"index, follow, max-snippet:-1, max-image-preview:large, max-video-preview:-1\" \/>\n<link rel=\"canonical\" href=\"https:\/\/hotel-icastelli.com\/fr\/tourisme\/musee-du-vin-wi-mu-a-barolo\/\" \/>\n<meta property=\"og:locale\" content=\"fr_FR\" \/>\n<meta property=\"og:type\" content=\"article\" \/>\n<meta property=\"og:title\" content=\"Mus\u00e9e du vin Wi-Mu \u00e0 Barolo - Hotel in Centro Ad Alba - I Castelli\" \/>\n<meta property=\"og:description\" content=\"Le mus\u00e9e du vin WIMU est install\u00e9 dans le ch\u00e2teau du marquis Falletti di Barolo. La toile de fond architecturale, le ch\u00e2teau Falletti, permet d&#039;appr\u00e9cier\" \/>\n<meta property=\"og:url\" content=\"https:\/\/hotel-icastelli.com\/fr\/tourisme\/musee-du-vin-wi-mu-a-barolo\/\" \/>\n<meta property=\"og:site_name\" content=\"I Castelli\" \/>\n<meta property=\"article:modified_time\" content=\"2025-05-07T05:40:29+00:00\" \/>\n<meta property=\"og:image\" content=\"https:\/\/hotel-icastelli.com\/files\/2025\/03\/wimu.jpg\" \/>\n\t<meta property=\"og:image:width\" content=\"550\" \/>\n\t<meta property=\"og:image:height\" content=\"308\" \/>\n\t<meta property=\"og:image:type\" content=\"image\/jpeg\" \/>\n<meta name=\"twitter:card\" content=\"summary_large_image\" \/>\n<meta name=\"twitter:label1\" content=\"Est. reading time\" \/>\n\t<meta name=\"twitter:data1\" content=\"1 minute\" \/>\n<!-- \/ Yoast SEO plugin. -->","yoast_head_json":{"title":"Mus\u00e9e du vin Wi-Mu \u00e0 Barolo - Hotel in Centro Ad Alba - I Castelli","description":"Le mus\u00e9e du vin WIMU est install\u00e9 dans le ch\u00e2teau du marquis Falletti di Barolo. La toile de fond architecturale, le ch\u00e2teau Falletti, permet d'appr\u00e9cier","robots":{"index":"index","follow":"follow","max-snippet":"max-snippet:-1","max-image-preview":"max-image-preview:large","max-video-preview":"max-video-preview:-1"},"canonical":"https:\/\/hotel-icastelli.com\/fr\/tourisme\/musee-du-vin-wi-mu-a-barolo\/","og_locale":"fr_FR","og_type":"article","og_title":"Mus\u00e9e du vin Wi-Mu \u00e0 Barolo - Hotel in Centro Ad Alba - I Castelli","og_description":"Le mus\u00e9e du vin WIMU est install\u00e9 dans le ch\u00e2teau du marquis Falletti di Barolo. La toile de fond architecturale, le ch\u00e2teau Falletti, permet d'appr\u00e9cier","og_url":"https:\/\/hotel-icastelli.com\/fr\/tourisme\/musee-du-vin-wi-mu-a-barolo\/","og_site_name":"I Castelli","article_modified_time":"2025-05-07T05:40:29+00:00","og_image":[{"width":550,"height":308,"url":"https:\/\/hotel-icastelli.com\/files\/2025\/03\/wimu.jpg","type":"image\/jpeg"}],"twitter_card":"summary_large_image","twitter_misc":{"Est. reading time":"1 minute"},"schema":{"@context":"https:\/\/schema.org","@graph":[{"@type":"WebPage","@id":"https:\/\/hotel-icastelli.com\/fr\/tourisme\/musee-du-vin-wi-mu-a-barolo\/","url":"https:\/\/hotel-icastelli.com\/fr\/tourisme\/musee-du-vin-wi-mu-a-barolo\/","name":"Mus\u00e9e du vin Wi-Mu \u00e0 Barolo - Hotel in Centro Ad Alba - I Castelli","isPartOf":{"@id":"https:\/\/hotel-icastelli.com\/#website"},"primaryImageOfPage":{"@id":"https:\/\/hotel-icastelli.com\/fr\/tourisme\/musee-du-vin-wi-mu-a-barolo\/#primaryimage"},"image":{"@id":"https:\/\/hotel-icastelli.com\/fr\/tourisme\/musee-du-vin-wi-mu-a-barolo\/#primaryimage"},"thumbnailUrl":"https:\/\/hotel-icastelli.com\/files\/2025\/03\/wimu.jpg","datePublished":"2013-08-28T07:20:49+00:00","dateModified":"2025-05-07T05:40:29+00:00","description":"Le mus\u00e9e du vin WIMU est install\u00e9 dans le ch\u00e2teau du marquis Falletti di Barolo. La toile de fond architecturale, le ch\u00e2teau Falletti, permet d'appr\u00e9cier","breadcrumb":{"@id":"https:\/\/hotel-icastelli.com\/fr\/tourisme\/musee-du-vin-wi-mu-a-barolo\/#breadcrumb"},"inLanguage":"fr-FR","potentialAction":[{"@type":"ReadAction","target":["https:\/\/hotel-icastelli.com\/fr\/tourisme\/musee-du-vin-wi-mu-a-barolo\/"]}]},{"@type":"ImageObject","inLanguage":"fr-FR","@id":"https:\/\/hotel-icastelli.com\/fr\/tourisme\/musee-du-vin-wi-mu-a-barolo\/#primaryimage","url":"https:\/\/hotel-icastelli.com\/files\/2025\/03\/wimu.jpg","contentUrl":"https:\/\/hotel-icastelli.com\/files\/2025\/03\/wimu.jpg","width":550,"height":308},{"@type":"BreadcrumbList","@id":"https:\/\/hotel-icastelli.com\/fr\/tourisme\/musee-du-vin-wi-mu-a-barolo\/#breadcrumb","itemListElement":[{"@type":"ListItem","position":1,"name":"Home","item":"https:\/\/hotel-icastelli.com\/fr\/"},{"@type":"ListItem","position":2,"name":"Tourisme","item":"https:\/\/hotel-icastelli.com\/fr\/tourisme\/"},{"@type":"ListItem","position":3,"name":"Mus\u00e9e du vin Wi-Mu \u00e0 Barolo"}]},{"@type":"WebSite","@id":"https:\/\/hotel-icastelli.com\/#website","url":"https:\/\/hotel-icastelli.com\/","name":"I Castelli","description":"Hotel in Centro Ad Alba","publisher":{"@id":"https:\/\/hotel-icastelli.com\/#organization"},"potentialAction":[{"@type":"SearchAction","target":{"@type":"EntryPoint","urlTemplate":"https:\/\/hotel-icastelli.com\/?s={search_term_string}"},"query-input":{"@type":"PropertyValueSpecification","valueRequired":true,"valueName":"search_term_string"}}],"inLanguage":"fr-FR"},{"@type":"Organization","@id":"https:\/\/hotel-icastelli.com\/#organization","name":"I Castelli","url":"https:\/\/hotel-icastelli.com\/","logo":{"@type":"ImageObject","inLanguage":"fr-FR","@id":"https:\/\/hotel-icastelli.com\/#\/schema\/logo\/image\/","url":"","contentUrl":"","caption":"I Castelli"},"image":{"@id":"https:\/\/hotel-icastelli.com\/#\/schema\/logo\/image\/"}}]}},"acf":[],"_links":{"self":[{"href":"https:\/\/hotel-icastelli.com\/fr\/wp-json\/wp\/v2\/pages\/5236","targetHints":{"allow":["GET"]}}],"collection":[{"href":"https:\/\/hotel-icastelli.com\/fr\/wp-json\/wp\/v2\/pages"}],"about":[{"href":"https:\/\/hotel-icastelli.com\/fr\/wp-json\/wp\/v2\/types\/page"}],"author":[{"embeddable":true,"href":"https:\/\/hotel-icastelli.com\/fr\/wp-json\/wp\/v2\/users\/152"}],"replies":[{"embeddable":true,"href":"https:\/\/hotel-icastelli.com\/fr\/wp-json\/wp\/v2\/comments?post=5236"}],"version-history":[{"count":0,"href":"https:\/\/hotel-icastelli.com\/fr\/wp-json\/wp\/v2\/pages\/5236\/revisions"}],"up":[{"embeddable":true,"href":"https:\/\/hotel-icastelli.com\/fr\/wp-json\/wp\/v2\/pages\/5094"}],"wp:featuredmedia":[{"embeddable":true,"href":"https:\/\/hotel-icastelli.com\/fr\/wp-json\/wp\/v2\/media\/4252"}],"wp:attachment":[{"href":"https:\/\/hotel-icastelli.com\/fr\/wp-json\/wp\/v2\/media?parent=5236"}],"curies":[{"name":"wp","href":"https:\/\/api.w.org\/{rel}","templated":true}]}}