{"id":5292,"date":"2013-08-28T09:23:40","date_gmt":"2013-08-28T07:23:40","guid":{"rendered":"https:\/\/hotel-icastelli.com\/tourisme\/turin\/"},"modified":"2025-05-15T15:17:37","modified_gmt":"2025-05-15T13:17:37","slug":"turin","status":"publish","type":"page","link":"https:\/\/hotel-icastelli.com\/fr\/tourisme\/turin\/","title":{"rendered":"Turin"},"content":{"rendered":"\n<p>\u00c0 environ une heure de route, <strong>Turin<\/strong> vaut vraiment la peine d&#8217;\u00eatre visit\u00e9e, car la <strong>premi\u00e8re capitale de l&#8217;Italie<\/strong> a c\u00e9l\u00e9br\u00e9 le 150e anniversaire de l&#8217;unification de l&#8217;Italie en 2011 et a accueilli les <strong>Jeux olympiques d&#8217;hiver de<\/strong> 2006.<\/p>\n\n<p>Si vous visitez Turin pour la premi\u00e8re fois, une visite de la vieille ville s&#8217;impose. Vous pouvez commencer par le <strong>Palazzo Madama<\/strong>, le <strong>Teatro Regio<\/strong>, le <strong>Palais <\/strong> royal (palais royal de la famille de Savoie jusqu&#8217;en 1865), l&#8217;<strong>Armurerie royale<\/strong> et le<strong> Mus\u00e9e du Risorgimento<\/strong> avec les originaux des parlements du XIXe si\u00e8cle. <\/p>\n\n<p>Non loin de l\u00e0, le long du P\u00f4, se trouve le <strong>Castello del Valentino<\/strong>, avec sa g\u00e9om\u00e9trie raffin\u00e9e de style fran\u00e7ais, entour\u00e9 du parc du m\u00eame nom.  <\/p>\n\n<p>Pour avoir la meilleure vue sur la ville et les montagnes environnantes, rien de tel que de monter au sommet de la <strong>Mole Antonelliana<\/strong>, \u00e0 bord de l&#8217;ascenseur panoramique aux parois transparentes qui abrite \u00e9galement le <strong>mus\u00e9e du cin\u00e9ma<\/strong>.  <\/p>\n\n<p>Cet \u00e9l\u00e9gant b\u00e2timent est en quelque sorte le symbole de la ville. Avec ses 167,5 m\u00e8tres de hauteur, il est le deuxi\u00e8me plus haut b\u00e2timent d&#8217;Italie.   <\/p>\n\n<p>Sur le plan culturel, une visite au <strong>mus\u00e9e \u00e9gyptien<\/strong> s&#8217;impose, ainsi qu&#8217;au <strong>mus\u00e9e MAO d&#8217;art oriental<\/strong>, ouvert en 2009 dans le Palazzo Mazzonis.<\/p>\n\n<p>\u00c0 quelques kilom\u00e8tres de l\u00e0 se trouve la <strong>Venaria Reale<\/strong>, class\u00e9e au <strong>patrimoine mondial de l&#8217;<\/strong>UNESCO, au centre du circuit des r\u00e9sidences royales du Pi\u00e9mont.<\/p>\n\n<figure class=\"wp-block-gallery has-nested-images columns-4 is-cropped wp-block-gallery-1\">\n<figure class=\"wp-block-image size-thumbnail\"><a href=\"https:\/\/hotel-icastelli.com\/files\/2025\/03\/porta-palatina-150x150.jpg\"><img loading=\"lazy\" decoding=\"async\" width=\"150\" height=\"150\" data-id=\"3544\" src=\"https:\/\/hotel-icastelli.com\/files\/2025\/03\/porta-palatina-150x150.jpg\" alt=\"\" class=\"wp-image-3544\" srcset=\"https:\/\/hotel-icastelli.com\/files\/2025\/03\/porta-palatina-150x150.jpg 150w, https:\/\/hotel-icastelli.com\/files\/2025\/03\/porta-palatina-600x600.jpg 600w, https:\/\/hotel-icastelli.com\/files\/2025\/03\/porta-palatina-350x350.jpg 350w\" sizes=\"auto, (max-width: 150px) 100vw, 150px\" \/><\/a><\/figure>\n\n\n\n<figure class=\"wp-block-image size-thumbnail\"><a href=\"https:\/\/hotel-icastelli.com\/files\/2025\/03\/torino-150x150.jpg\"><img loading=\"lazy\" decoding=\"async\" width=\"150\" height=\"150\" data-id=\"3546\" src=\"https:\/\/hotel-icastelli.com\/files\/2025\/03\/torino-150x150.jpg\" alt=\"\" class=\"wp-image-3546\" srcset=\"https:\/\/hotel-icastelli.com\/files\/2025\/03\/torino-150x150.jpg 150w, https:\/\/hotel-icastelli.com\/files\/2025\/03\/torino-600x600.jpg 600w, https:\/\/hotel-icastelli.com\/files\/2025\/03\/torino-350x350.jpg 350w\" sizes=\"auto, (max-width: 150px) 100vw, 150px\" \/><\/a><\/figure>\n\n\n\n<figure class=\"wp-block-image size-thumbnail\"><a href=\"https:\/\/hotel-icastelli.com\/files\/2025\/03\/reggia-venaria-reale-150x150.jpg\"><img loading=\"lazy\" decoding=\"async\" width=\"150\" height=\"150\" data-id=\"3542\" src=\"https:\/\/hotel-icastelli.com\/files\/2025\/03\/reggia-venaria-reale-150x150.jpg\" alt=\"\" class=\"wp-image-3542\" srcset=\"https:\/\/hotel-icastelli.com\/files\/2025\/03\/reggia-venaria-reale-150x150.jpg 150w, https:\/\/hotel-icastelli.com\/files\/2025\/03\/reggia-venaria-reale-350x350.jpg 350w\" sizes=\"auto, (max-width: 150px) 100vw, 150px\" \/><\/a><\/figure>\n\n\n\n<figure class=\"wp-block-image size-thumbnail\"><a href=\"https:\/\/hotel-icastelli.com\/files\/2025\/03\/museo-egizio-150x150.jpg\"><img loading=\"lazy\" decoding=\"async\" width=\"150\" height=\"150\" data-id=\"3540\" src=\"https:\/\/hotel-icastelli.com\/files\/2025\/03\/museo-egizio-150x150.jpg\" alt=\"\" class=\"wp-image-3540\" srcset=\"https:\/\/hotel-icastelli.com\/files\/2025\/03\/museo-egizio-150x150.jpg 150w, https:\/\/hotel-icastelli.com\/files\/2025\/03\/museo-egizio-350x350.jpg 350w\" sizes=\"auto, (max-width: 150px) 100vw, 150px\" \/><\/a><\/figure>\n\n\n\n<figure class=\"wp-block-image size-thumbnail\"><a href=\"https:\/\/hotel-icastelli.com\/files\/2025\/03\/luci-dartista-150x150.jpg\"><img loading=\"lazy\" decoding=\"async\" width=\"150\" height=\"150\" data-id=\"3534\" src=\"https:\/\/hotel-icastelli.com\/files\/2025\/03\/luci-dartista-150x150.jpg\" alt=\"\" class=\"wp-image-3534\" srcset=\"https:\/\/hotel-icastelli.com\/files\/2025\/03\/luci-dartista-150x150.jpg 150w, https:\/\/hotel-icastelli.com\/files\/2025\/03\/luci-dartista-350x350.jpg 350w\" sizes=\"auto, (max-width: 150px) 100vw, 150px\" \/><\/a><\/figure>\n\n\n\n<figure class=\"wp-block-image size-thumbnail\"><a href=\"https:\/\/hotel-icastelli.com\/files\/2025\/03\/museo-del-cinema-150x150.jpg\"><img loading=\"lazy\" decoding=\"async\" width=\"150\" height=\"150\" data-id=\"3536\" src=\"https:\/\/hotel-icastelli.com\/files\/2025\/03\/museo-del-cinema-150x150.jpg\" alt=\"\" class=\"wp-image-3536\" srcset=\"https:\/\/hotel-icastelli.com\/files\/2025\/03\/museo-del-cinema-150x150.jpg 150w, https:\/\/hotel-icastelli.com\/files\/2025\/03\/museo-del-cinema-600x600.jpg 600w, https:\/\/hotel-icastelli.com\/files\/2025\/03\/museo-del-cinema-350x350.jpg 350w\" sizes=\"auto, (max-width: 150px) 100vw, 150px\" \/><\/a><\/figure>\n\n\n\n<figure class=\"wp-block-image size-thumbnail\"><a href=\"https:\/\/hotel-icastelli.com\/files\/2025\/03\/piazza-castello-150x150.jpg\"><img loading=\"lazy\" decoding=\"async\" width=\"150\" height=\"150\" data-id=\"3538\" src=\"https:\/\/hotel-icastelli.com\/files\/2025\/03\/piazza-castello-150x150.jpg\" alt=\"\" class=\"wp-image-3538\" srcset=\"https:\/\/hotel-icastelli.com\/files\/2025\/03\/piazza-castello-150x150.jpg 150w, https:\/\/hotel-icastelli.com\/files\/2025\/03\/piazza-castello-350x350.jpg 350w\" sizes=\"auto, (max-width: 150px) 100vw, 150px\" \/><\/a><\/figure>\n\n\n\n<figure class=\"wp-block-image size-thumbnail\"><a href=\"https:\/\/hotel-icastelli.com\/files\/2025\/03\/piazza-San-Carlo-150x150.jpg\"><img loading=\"lazy\" decoding=\"async\" width=\"150\" height=\"150\" data-id=\"3532\" src=\"https:\/\/hotel-icastelli.com\/files\/2025\/03\/piazza-San-Carlo-150x150.jpg\" alt=\"\" class=\"wp-image-3532\" srcset=\"https:\/\/hotel-icastelli.com\/files\/2025\/03\/piazza-San-Carlo-150x150.jpg 150w, https:\/\/hotel-icastelli.com\/files\/2025\/03\/piazza-San-Carlo-350x350.jpg 350w\" sizes=\"auto, (max-width: 150px) 100vw, 150px\" \/><\/a><\/figure>\n<\/figure>\n","protected":false},"excerpt":{"rendered":"<p>\u00c0 environ une heure de route, Turin vaut vraiment la peine d&#8217;\u00eatre visit\u00e9e, car la premi\u00e8re capitale de l&#8217;Italie a c\u00e9l\u00e9br\u00e9 le 150e anniversaire de l&#8217;unification de l&#8217;Italie en 2011 et a accueilli les Jeux olympiques d&#8217;hiver de 2006. Si vous visitez Turin pour la premi\u00e8re fois, une visite de la vieille ville s&#8217;impose. Vous [&hellip;]<\/p>\n","protected":false},"author":152,"featured_media":4288,"parent":5094,"menu_order":6,"comment_status":"open","ping_status":"closed","template":"","meta":{"_acf_changed":false,"_monsterinsights_skip_tracking":false,"_monsterinsights_sitenote_active":false,"_monsterinsights_sitenote_note":"","_monsterinsights_sitenote_category":0,"footnotes":""},"class_list":["post-5292","page","type-page","status-publish","has-post-thumbnail","hentry"],"yoast_head":"<!-- This site is optimized with the Yoast SEO plugin v27.2 - https:\/\/yoast.com\/product\/yoast-seo-wordpress\/ -->\n<title>Turin - Hotel in Centro Ad Alba - I Castelli<\/title>\n<meta name=\"description\" content=\"\u00c0 environ une heure de route, Turin vaut vraiment la peine d&#039;\u00eatre visit\u00e9e, car la premi\u00e8re capitale de l&#039;Italie a c\u00e9l\u00e9br\u00e9 le 150e anniversaire de\" \/>\n<meta name=\"robots\" content=\"index, follow, max-snippet:-1, max-image-preview:large, max-video-preview:-1\" \/>\n<link rel=\"canonical\" href=\"https:\/\/hotel-icastelli.com\/fr\/tourisme\/turin\/\" \/>\n<meta property=\"og:locale\" content=\"fr_FR\" \/>\n<meta property=\"og:type\" content=\"article\" \/>\n<meta property=\"og:title\" content=\"Turin - Hotel in Centro Ad Alba - I Castelli\" \/>\n<meta property=\"og:description\" content=\"\u00c0 environ une heure de route, Turin vaut vraiment la peine d&#039;\u00eatre visit\u00e9e, car la premi\u00e8re capitale de l&#039;Italie a c\u00e9l\u00e9br\u00e9 le 150e anniversaire de\" \/>\n<meta property=\"og:url\" content=\"https:\/\/hotel-icastelli.com\/fr\/tourisme\/turin\/\" \/>\n<meta property=\"og:site_name\" content=\"I Castelli\" \/>\n<meta property=\"article:modified_time\" content=\"2025-05-15T13:17:37+00:00\" \/>\n<meta property=\"og:image\" content=\"https:\/\/hotel-icastelli.com\/files\/2025\/03\/piazza-San-Carlo.jpg\" \/>\n\t<meta property=\"og:image:width\" content=\"1000\" \/>\n\t<meta property=\"og:image:height\" content=\"504\" \/>\n\t<meta property=\"og:image:type\" content=\"image\/jpeg\" \/>\n<meta name=\"twitter:card\" content=\"summary_large_image\" \/>\n<meta name=\"twitter:label1\" content=\"Est. reading time\" \/>\n\t<meta name=\"twitter:data1\" content=\"1 minute\" \/>\n<!-- \/ Yoast SEO plugin. -->","yoast_head_json":{"title":"Turin - Hotel in Centro Ad Alba - I Castelli","description":"\u00c0 environ une heure de route, Turin vaut vraiment la peine d'\u00eatre visit\u00e9e, car la premi\u00e8re capitale de l'Italie a c\u00e9l\u00e9br\u00e9 le 150e anniversaire de","robots":{"index":"index","follow":"follow","max-snippet":"max-snippet:-1","max-image-preview":"max-image-preview:large","max-video-preview":"max-video-preview:-1"},"canonical":"https:\/\/hotel-icastelli.com\/fr\/tourisme\/turin\/","og_locale":"fr_FR","og_type":"article","og_title":"Turin - Hotel in Centro Ad Alba - I Castelli","og_description":"\u00c0 environ une heure de route, Turin vaut vraiment la peine d'\u00eatre visit\u00e9e, car la premi\u00e8re capitale de l'Italie a c\u00e9l\u00e9br\u00e9 le 150e anniversaire de","og_url":"https:\/\/hotel-icastelli.com\/fr\/tourisme\/turin\/","og_site_name":"I Castelli","article_modified_time":"2025-05-15T13:17:37+00:00","og_image":[{"width":1000,"height":504,"url":"https:\/\/hotel-icastelli.com\/files\/2025\/03\/piazza-San-Carlo.jpg","type":"image\/jpeg"}],"twitter_card":"summary_large_image","twitter_misc":{"Est. reading time":"1 minute"},"schema":{"@context":"https:\/\/schema.org","@graph":[{"@type":"WebPage","@id":"https:\/\/hotel-icastelli.com\/fr\/tourisme\/turin\/","url":"https:\/\/hotel-icastelli.com\/fr\/tourisme\/turin\/","name":"Turin - Hotel in Centro Ad Alba - I Castelli","isPartOf":{"@id":"https:\/\/hotel-icastelli.com\/#website"},"primaryImageOfPage":{"@id":"https:\/\/hotel-icastelli.com\/fr\/tourisme\/turin\/#primaryimage"},"image":{"@id":"https:\/\/hotel-icastelli.com\/fr\/tourisme\/turin\/#primaryimage"},"thumbnailUrl":"https:\/\/hotel-icastelli.com\/files\/2025\/03\/piazza-San-Carlo.jpg","datePublished":"2013-08-28T07:23:40+00:00","dateModified":"2025-05-15T13:17:37+00:00","description":"\u00c0 environ une heure de route, Turin vaut vraiment la peine d'\u00eatre visit\u00e9e, car la premi\u00e8re capitale de l'Italie a c\u00e9l\u00e9br\u00e9 le 150e anniversaire de","breadcrumb":{"@id":"https:\/\/hotel-icastelli.com\/fr\/tourisme\/turin\/#breadcrumb"},"inLanguage":"fr-FR","potentialAction":[{"@type":"ReadAction","target":["https:\/\/hotel-icastelli.com\/fr\/tourisme\/turin\/"]}]},{"@type":"ImageObject","inLanguage":"fr-FR","@id":"https:\/\/hotel-icastelli.com\/fr\/tourisme\/turin\/#primaryimage","url":"https:\/\/hotel-icastelli.com\/files\/2025\/03\/piazza-San-Carlo.jpg","contentUrl":"https:\/\/hotel-icastelli.com\/files\/2025\/03\/piazza-San-Carlo.jpg","width":1000,"height":504},{"@type":"BreadcrumbList","@id":"https:\/\/hotel-icastelli.com\/fr\/tourisme\/turin\/#breadcrumb","itemListElement":[{"@type":"ListItem","position":1,"name":"Home","item":"https:\/\/hotel-icastelli.com\/fr\/"},{"@type":"ListItem","position":2,"name":"Tourisme","item":"https:\/\/hotel-icastelli.com\/fr\/tourisme\/"},{"@type":"ListItem","position":3,"name":"Turin"}]},{"@type":"WebSite","@id":"https:\/\/hotel-icastelli.com\/#website","url":"https:\/\/hotel-icastelli.com\/","name":"I Castelli","description":"Hotel in Centro Ad Alba","publisher":{"@id":"https:\/\/hotel-icastelli.com\/#organization"},"potentialAction":[{"@type":"SearchAction","target":{"@type":"EntryPoint","urlTemplate":"https:\/\/hotel-icastelli.com\/?s={search_term_string}"},"query-input":{"@type":"PropertyValueSpecification","valueRequired":true,"valueName":"search_term_string"}}],"inLanguage":"fr-FR"},{"@type":"Organization","@id":"https:\/\/hotel-icastelli.com\/#organization","name":"I Castelli","url":"https:\/\/hotel-icastelli.com\/","logo":{"@type":"ImageObject","inLanguage":"fr-FR","@id":"https:\/\/hotel-icastelli.com\/#\/schema\/logo\/image\/","url":"","contentUrl":"","caption":"I Castelli"},"image":{"@id":"https:\/\/hotel-icastelli.com\/#\/schema\/logo\/image\/"}}]}},"acf":[],"_links":{"self":[{"href":"https:\/\/hotel-icastelli.com\/fr\/wp-json\/wp\/v2\/pages\/5292","targetHints":{"allow":["GET"]}}],"collection":[{"href":"https:\/\/hotel-icastelli.com\/fr\/wp-json\/wp\/v2\/pages"}],"about":[{"href":"https:\/\/hotel-icastelli.com\/fr\/wp-json\/wp\/v2\/types\/page"}],"author":[{"embeddable":true,"href":"https:\/\/hotel-icastelli.com\/fr\/wp-json\/wp\/v2\/users\/152"}],"replies":[{"embeddable":true,"href":"https:\/\/hotel-icastelli.com\/fr\/wp-json\/wp\/v2\/comments?post=5292"}],"version-history":[{"count":0,"href":"https:\/\/hotel-icastelli.com\/fr\/wp-json\/wp\/v2\/pages\/5292\/revisions"}],"up":[{"embeddable":true,"href":"https:\/\/hotel-icastelli.com\/fr\/wp-json\/wp\/v2\/pages\/5094"}],"wp:featuredmedia":[{"embeddable":true,"href":"https:\/\/hotel-icastelli.com\/fr\/wp-json\/wp\/v2\/media\/4288"}],"wp:attachment":[{"href":"https:\/\/hotel-icastelli.com\/fr\/wp-json\/wp\/v2\/media?parent=5292"}],"curies":[{"name":"wp","href":"https:\/\/api.w.org\/{rel}","templated":true}]}}