{"id":5326,"date":"2013-08-28T09:26:15","date_gmt":"2013-08-28T07:26:15","guid":{"rendered":"https:\/\/hotel-icastelli.com\/tourisme\/golf-dans-les-langhe\/"},"modified":"2025-05-15T15:15:35","modified_gmt":"2025-05-15T13:15:35","slug":"golf-dans-les-langhe","status":"publish","type":"page","link":"https:\/\/hotel-icastelli.com\/fr\/tourisme\/golf-dans-les-langhe\/","title":{"rendered":"Golf dans les Langhe"},"content":{"rendered":"\n<p>\u00c0 quelques minutes de l&#8217;h\u00f4tel, vous pourrez vivre une exp\u00e9rience inoubliable en pratiquant votre <strong>sport<\/strong> favori sur un terrain entour\u00e9 des vignobles qui ont rendu les Langhe c\u00e9l\u00e8bres dans le monde entier.  <\/p>\n\n<p>Les raisons de choisir le <strong>Pi\u00e9mont<\/strong> comme destination pour des voyages de golf sont nombreuses : plus de 40 clubs r\u00e9partis dans toute la r\u00e9gion, dont cinq figurent parmi les 10 meilleurs d&#8217;Italie.<\/p>\n\n<h4 class=\"wp-block-heading\">Golf Club Cherasco<\/h4>\n\n<p>Via Fraschetta, 8 &#8211; 12062 &#8211; Cherasco<br\/>Tel : +39.0172.489772<br\/><a href=\"http:\/\/www.golfcherasco.com\/\" target=\"_blank\" rel=\"noreferrer noopener nofollow\">www.golfcherasco.com<\/a><br\/>e-mail : <a href=\"mailto:info@golfcherasco.com\">info@golfcherasco.com<\/a><\/p>\n\n<h4 class=\"wp-block-heading\">La Mandria Golf A.S.D.  <\/h4>\n\n<p>Via Alcide de Gasperi snc, \u00e0 Druento (TO).<br\/>+39 011 9846111<br\/><a href=\"https:\/\/www.lamandriagolfdruento.it\" target=\"_blank\" rel=\"noreferrer noopener nofollow\">www.lamandriagolfdruento.it<\/a><br\/>Adresse \u00e9lectronique : <a href=\"mailto:info@lamandriagolfdruento.it\">info@lamandriagolfdruento.it<\/a><\/p>\n\n<h4 class=\"wp-block-heading\">Golf Club La Margherita S.S.D. a r.l<\/h4>\n\n<p>S.P. 134 Carmagnola &#8211; Pralormo, nr. 3<br\/>10046 Poirino (TO)<br\/>Tel. : 011 979 5113<br\/><a href=\"https:\/\/www.golfclublamargherita.it\" target=\"_blank\" rel=\"noreferrer noopener nofollow\">www.golfclublamargherita.it<\/a><br\/><a href=\"mailto:segreteria@golfclublamargherita.it\">segreteria@golfclublamargherita.it<\/a><\/p>\n\n<p><em> <\/em><\/p>\n","protected":false},"excerpt":{"rendered":"<p>\u00c0 quelques minutes de l&#8217;h\u00f4tel, vous pourrez vivre une exp\u00e9rience inoubliable en pratiquant votre sport favori sur un terrain entour\u00e9 des vignobles qui ont rendu les Langhe c\u00e9l\u00e8bres dans le monde entier. Les raisons de choisir le Pi\u00e9mont comme destination pour des voyages de golf sont nombreuses : plus de 40 clubs r\u00e9partis dans toute [&hellip;]<\/p>\n","protected":false},"author":152,"featured_media":4528,"parent":5094,"menu_order":9,"comment_status":"open","ping_status":"closed","template":"","meta":{"_acf_changed":false,"_monsterinsights_skip_tracking":false,"_monsterinsights_sitenote_active":false,"_monsterinsights_sitenote_note":"","_monsterinsights_sitenote_category":0,"footnotes":""},"class_list":["post-5326","page","type-page","status-publish","has-post-thumbnail","hentry"],"yoast_head":"<!-- This site is optimized with the Yoast SEO plugin v27.2 - https:\/\/yoast.com\/product\/yoast-seo-wordpress\/ -->\n<title>Golf dans les Langhe - Hotel in Centro Ad Alba - I Castelli<\/title>\n<meta name=\"description\" content=\"\u00c0 quelques minutes de l&#039;h\u00f4tel, vous pourrez vivre une exp\u00e9rience inoubliable en pratiquant votre sport favori sur un terrain entour\u00e9 des vignobles qui ont\" \/>\n<meta name=\"robots\" content=\"index, follow, max-snippet:-1, max-image-preview:large, max-video-preview:-1\" \/>\n<link rel=\"canonical\" href=\"https:\/\/hotel-icastelli.com\/fr\/tourisme\/golf-dans-les-langhe\/\" \/>\n<meta property=\"og:locale\" content=\"fr_FR\" \/>\n<meta property=\"og:type\" content=\"article\" \/>\n<meta property=\"og:title\" content=\"Golf dans les Langhe - Hotel in Centro Ad Alba - I Castelli\" \/>\n<meta property=\"og:description\" content=\"\u00c0 quelques minutes de l&#039;h\u00f4tel, vous pourrez vivre une exp\u00e9rience inoubliable en pratiquant votre sport favori sur un terrain entour\u00e9 des vignobles qui ont\" \/>\n<meta property=\"og:url\" content=\"https:\/\/hotel-icastelli.com\/fr\/tourisme\/golf-dans-les-langhe\/\" \/>\n<meta property=\"og:site_name\" content=\"I Castelli\" \/>\n<meta property=\"article:modified_time\" content=\"2025-05-15T13:15:35+00:00\" \/>\n<meta property=\"og:image\" content=\"https:\/\/hotel-icastelli.com\/files\/2025\/03\/oriz-golf.jpg\" \/>\n\t<meta property=\"og:image:width\" content=\"841\" \/>\n\t<meta property=\"og:image:height\" content=\"361\" \/>\n\t<meta property=\"og:image:type\" content=\"image\/jpeg\" \/>\n<meta name=\"twitter:card\" content=\"summary_large_image\" \/>\n<meta name=\"twitter:label1\" content=\"Est. reading time\" \/>\n\t<meta name=\"twitter:data1\" content=\"1 minute\" \/>\n<!-- \/ Yoast SEO plugin. -->","yoast_head_json":{"title":"Golf dans les Langhe - Hotel in Centro Ad Alba - I Castelli","description":"\u00c0 quelques minutes de l'h\u00f4tel, vous pourrez vivre une exp\u00e9rience inoubliable en pratiquant votre sport favori sur un terrain entour\u00e9 des vignobles qui ont","robots":{"index":"index","follow":"follow","max-snippet":"max-snippet:-1","max-image-preview":"max-image-preview:large","max-video-preview":"max-video-preview:-1"},"canonical":"https:\/\/hotel-icastelli.com\/fr\/tourisme\/golf-dans-les-langhe\/","og_locale":"fr_FR","og_type":"article","og_title":"Golf dans les Langhe - Hotel in Centro Ad Alba - I Castelli","og_description":"\u00c0 quelques minutes de l'h\u00f4tel, vous pourrez vivre une exp\u00e9rience inoubliable en pratiquant votre sport favori sur un terrain entour\u00e9 des vignobles qui ont","og_url":"https:\/\/hotel-icastelli.com\/fr\/tourisme\/golf-dans-les-langhe\/","og_site_name":"I Castelli","article_modified_time":"2025-05-15T13:15:35+00:00","og_image":[{"width":841,"height":361,"url":"https:\/\/hotel-icastelli.com\/files\/2025\/03\/oriz-golf.jpg","type":"image\/jpeg"}],"twitter_card":"summary_large_image","twitter_misc":{"Est. reading time":"1 minute"},"schema":{"@context":"https:\/\/schema.org","@graph":[{"@type":"WebPage","@id":"https:\/\/hotel-icastelli.com\/fr\/tourisme\/golf-dans-les-langhe\/","url":"https:\/\/hotel-icastelli.com\/fr\/tourisme\/golf-dans-les-langhe\/","name":"Golf dans les Langhe - Hotel in Centro Ad Alba - I Castelli","isPartOf":{"@id":"https:\/\/hotel-icastelli.com\/#website"},"primaryImageOfPage":{"@id":"https:\/\/hotel-icastelli.com\/fr\/tourisme\/golf-dans-les-langhe\/#primaryimage"},"image":{"@id":"https:\/\/hotel-icastelli.com\/fr\/tourisme\/golf-dans-les-langhe\/#primaryimage"},"thumbnailUrl":"https:\/\/hotel-icastelli.com\/files\/2025\/03\/oriz-golf.jpg","datePublished":"2013-08-28T07:26:15+00:00","dateModified":"2025-05-15T13:15:35+00:00","description":"\u00c0 quelques minutes de l'h\u00f4tel, vous pourrez vivre une exp\u00e9rience inoubliable en pratiquant votre sport favori sur un terrain entour\u00e9 des vignobles qui ont","breadcrumb":{"@id":"https:\/\/hotel-icastelli.com\/fr\/tourisme\/golf-dans-les-langhe\/#breadcrumb"},"inLanguage":"fr-FR","potentialAction":[{"@type":"ReadAction","target":["https:\/\/hotel-icastelli.com\/fr\/tourisme\/golf-dans-les-langhe\/"]}]},{"@type":"ImageObject","inLanguage":"fr-FR","@id":"https:\/\/hotel-icastelli.com\/fr\/tourisme\/golf-dans-les-langhe\/#primaryimage","url":"https:\/\/hotel-icastelli.com\/files\/2025\/03\/oriz-golf.jpg","contentUrl":"https:\/\/hotel-icastelli.com\/files\/2025\/03\/oriz-golf.jpg","width":841,"height":361},{"@type":"BreadcrumbList","@id":"https:\/\/hotel-icastelli.com\/fr\/tourisme\/golf-dans-les-langhe\/#breadcrumb","itemListElement":[{"@type":"ListItem","position":1,"name":"Home","item":"https:\/\/hotel-icastelli.com\/fr\/"},{"@type":"ListItem","position":2,"name":"Tourisme","item":"https:\/\/hotel-icastelli.com\/fr\/tourisme\/"},{"@type":"ListItem","position":3,"name":"Golf dans les Langhe"}]},{"@type":"WebSite","@id":"https:\/\/hotel-icastelli.com\/#website","url":"https:\/\/hotel-icastelli.com\/","name":"I Castelli","description":"Hotel in Centro Ad Alba","publisher":{"@id":"https:\/\/hotel-icastelli.com\/#organization"},"potentialAction":[{"@type":"SearchAction","target":{"@type":"EntryPoint","urlTemplate":"https:\/\/hotel-icastelli.com\/?s={search_term_string}"},"query-input":{"@type":"PropertyValueSpecification","valueRequired":true,"valueName":"search_term_string"}}],"inLanguage":"fr-FR"},{"@type":"Organization","@id":"https:\/\/hotel-icastelli.com\/#organization","name":"I Castelli","url":"https:\/\/hotel-icastelli.com\/","logo":{"@type":"ImageObject","inLanguage":"fr-FR","@id":"https:\/\/hotel-icastelli.com\/#\/schema\/logo\/image\/","url":"","contentUrl":"","caption":"I Castelli"},"image":{"@id":"https:\/\/hotel-icastelli.com\/#\/schema\/logo\/image\/"}}]}},"acf":[],"_links":{"self":[{"href":"https:\/\/hotel-icastelli.com\/fr\/wp-json\/wp\/v2\/pages\/5326","targetHints":{"allow":["GET"]}}],"collection":[{"href":"https:\/\/hotel-icastelli.com\/fr\/wp-json\/wp\/v2\/pages"}],"about":[{"href":"https:\/\/hotel-icastelli.com\/fr\/wp-json\/wp\/v2\/types\/page"}],"author":[{"embeddable":true,"href":"https:\/\/hotel-icastelli.com\/fr\/wp-json\/wp\/v2\/users\/152"}],"replies":[{"embeddable":true,"href":"https:\/\/hotel-icastelli.com\/fr\/wp-json\/wp\/v2\/comments?post=5326"}],"version-history":[{"count":0,"href":"https:\/\/hotel-icastelli.com\/fr\/wp-json\/wp\/v2\/pages\/5326\/revisions"}],"up":[{"embeddable":true,"href":"https:\/\/hotel-icastelli.com\/fr\/wp-json\/wp\/v2\/pages\/5094"}],"wp:featuredmedia":[{"embeddable":true,"href":"https:\/\/hotel-icastelli.com\/fr\/wp-json\/wp\/v2\/media\/4528"}],"wp:attachment":[{"href":"https:\/\/hotel-icastelli.com\/fr\/wp-json\/wp\/v2\/media?parent=5326"}],"curies":[{"name":"wp","href":"https:\/\/api.w.org\/{rel}","templated":true}]}}