{"id":5328,"date":"2013-08-28T09:24:51","date_gmt":"2013-08-28T07:24:51","guid":{"rendered":"https:\/\/hotel-icastelli.com\/tourisme\/vtt-et-trekking-a-alba-langhe-et-roero\/"},"modified":"2025-05-15T15:14:29","modified_gmt":"2025-05-15T13:14:29","slug":"vtt-et-trekking-a-alba-langhe-et-roero","status":"publish","type":"page","link":"https:\/\/hotel-icastelli.com\/fr\/tourisme\/vtt-et-trekking-a-alba-langhe-et-roero\/","title":{"rendered":"VTT et trekking \u00e0 Alba, Langhe et Roero"},"content":{"rendered":"\n<p>La <strong>beaut\u00e9 des paysages<\/strong> peut \u00e9galement \u00eatre appr\u00e9ci\u00e9e en faisant du <strong>sport<\/strong>; il existe d&#8217;innombrables endroits o\u00f9 vous pouvez vous promener et sentir les senteurs de la nature.<\/p>\n\n<ul class=\"wp-block-list\">\n<li><strong>Trekking \u00e0 Barbaresco<\/strong> D&#8217;Alba \u00e0 Neive, le long du Tanaro, parmi les c\u00e9l\u00e8bres crus de Barbaresco.<\/li>\n\n\n\n<li><strong>Trekking \u00e0 Barolo<\/strong> A travers le jardin des vignobles, \u00e0 la conqu\u00eate des ch\u00e2teaux de Barolo.<\/li>\n\n\n\n<li><strong>Randonn\u00e9e dans les Rocche del Roero <\/strong>De Bra \u00e0 Cisterna d&#8217;Asti, parmi les p\u00eaches, le miel et l&#8217;Arneis<\/li>\n\n\n\n<li><strong>Grande Travers\u00e9e des Langhe<\/strong> Parmi les fiefs des marquis Del Carretto, entre terrasses et tours de guet<\/li>\n\n\n\n<li><strong>Randonn\u00e9e dans les Sorgenti del Belbo<\/strong> Dans les \u00ab\u00a0Posti della Malora&#8221; de Beppe Fenoglio, entre les noiseraies de l&#8217;Alta Langa et les fromageries de Murazzano, le long du cours non contamin\u00e9 du Belbo&#8230;<\/li>\n<\/ul>\n\n<p>La <strong>s\u00e9r\u00e9nit\u00e9 de la nature<\/strong> de ces terres et le rythme de la vie rurale vous transporteront dans une dimension \u00e0 la fois nouvelle et ancienne.  <\/p>\n\n<p>Vous conna\u00eetrez ainsi la <strong>v\u00e9ritable essence de ces territoires<\/strong>, unis par un grand pass\u00e9 et des \u00e9v\u00e9nements historiques m\u00e9morables, une histoire que vous lirez sur les pierres des tours, des ch\u00e2teaux et des \u00e9glises de campagne.  <\/p>\n\n<p>Vous admirerez une succession de petits villages perch\u00e9s sur de <strong>belles cr\u00eates<\/strong>, un monde de silence et des paysages passionnants.<\/p>\n\n<p><strong><strong>Liens vers les itin\u00e9raires de trekking<\/strong> <\/strong><br\/><a href=\"https:\/\/www.visitlmr.it\/it\/cosa-fare\/itinerari\/outdoor\/trekking\">https:\/\/www.visitlmr.it\/it\/cosa-fare\/itinerari\/outdoor\/trekking<\/a><\/p>\n\n<p><strong>Liens vers les itin\u00e9raires cyclables<\/strong><br\/><a href=\"https:\/\/www.visitlmr.it\/it\/cosa-fare\/itinerari\/outdoor\/bici-da-strada\" target=\"_blank\" rel=\"noreferrer noopener sponsored nofollow\">https:\/\/www.visitlmr.it\/it\/cosa-fare\/itinerari\/outdoor\/bici-da-strada<\/a><\/p>\n\n<figure class=\"wp-block-gallery has-nested-images columns-4 is-cropped wp-block-gallery-1\">\n<figure class=\"wp-block-image size-thumbnail\"><a href=\"https:\/\/hotel-icastelli.com\/files\/2025\/03\/Untitled-10-1-150x150.jpg\"><img loading=\"lazy\" decoding=\"async\" width=\"150\" height=\"150\" data-id=\"3560\" src=\"https:\/\/hotel-icastelli.com\/files\/2025\/03\/Untitled-10-1-150x150.jpg\" alt=\"\" class=\"wp-image-3560\"\/><\/a><\/figure>\n\n\n\n<figure class=\"wp-block-image size-thumbnail\"><a href=\"https:\/\/hotel-icastelli.com\/files\/2025\/03\/3327036690_dec1c66592_o-150x150.jpg\"><img loading=\"lazy\" decoding=\"async\" width=\"150\" height=\"150\" data-id=\"3568\" src=\"https:\/\/hotel-icastelli.com\/files\/2025\/03\/3327036690_dec1c66592_o-150x150.jpg\" alt=\"\" class=\"wp-image-3568\" srcset=\"https:\/\/hotel-icastelli.com\/files\/2025\/03\/3327036690_dec1c66592_o-150x150.jpg 150w, https:\/\/hotel-icastelli.com\/files\/2025\/03\/3327036690_dec1c66592_o-600x600.jpg 600w, https:\/\/hotel-icastelli.com\/files\/2025\/03\/3327036690_dec1c66592_o-350x350.jpg 350w\" sizes=\"auto, (max-width: 150px) 100vw, 150px\" \/><\/a><\/figure>\n\n\n\n<figure class=\"wp-block-image size-thumbnail\"><a href=\"https:\/\/hotel-icastelli.com\/files\/2025\/03\/bicilanghe-1-150x150.jpg\"><img loading=\"lazy\" decoding=\"async\" width=\"150\" height=\"150\" data-id=\"3566\" src=\"https:\/\/hotel-icastelli.com\/files\/2025\/03\/bicilanghe-1-150x150.jpg\" alt=\"\" class=\"wp-image-3566\"\/><\/a><\/figure>\n\n\n\n<figure class=\"wp-block-image size-thumbnail\"><a href=\"https:\/\/hotel-icastelli.com\/files\/2025\/03\/DSCN3695-150-150x150.jpg\"><img loading=\"lazy\" decoding=\"async\" width=\"150\" height=\"150\" data-id=\"3564\" src=\"https:\/\/hotel-icastelli.com\/files\/2025\/03\/DSCN3695-150-150x150.jpg\" alt=\"\" class=\"wp-image-3564\"\/><\/a><\/figure>\n\n\n\n<figure class=\"wp-block-image size-thumbnail\"><a href=\"https:\/\/hotel-icastelli.com\/files\/2025\/03\/striscia2-150x150.jpg\"><img loading=\"lazy\" decoding=\"async\" width=\"150\" height=\"150\" data-id=\"3512\" src=\"https:\/\/hotel-icastelli.com\/files\/2025\/03\/striscia2-150x150.jpg\" alt=\"\" class=\"wp-image-3512\"\/><\/a><\/figure>\n\n\n\n<figure class=\"wp-block-image size-thumbnail\"><a href=\"https:\/\/hotel-icastelli.com\/files\/2025\/03\/pano1-e1332185559172-150x150.jpg\"><img loading=\"lazy\" decoding=\"async\" width=\"150\" height=\"150\" data-id=\"3558\" src=\"https:\/\/hotel-icastelli.com\/files\/2025\/03\/pano1-e1332185559172-150x150.jpg\" alt=\"\" class=\"wp-image-3558\"\/><\/a><\/figure>\n\n\n\n<figure class=\"wp-block-image size-thumbnail\"><a href=\"https:\/\/hotel-icastelli.com\/files\/2025\/03\/Untitled-6-1-150x150.jpg\"><img loading=\"lazy\" decoding=\"async\" width=\"150\" height=\"150\" data-id=\"3562\" src=\"https:\/\/hotel-icastelli.com\/files\/2025\/03\/Untitled-6-1-150x150.jpg\" alt=\"\" class=\"wp-image-3562\"\/><\/a><\/figure>\n\n\n\n<figure class=\"wp-block-image size-thumbnail\"><a href=\"https:\/\/hotel-icastelli.com\/files\/2025\/03\/150x2-1-150x150.jpg\"><img loading=\"lazy\" decoding=\"async\" width=\"150\" height=\"150\" data-id=\"3570\" src=\"https:\/\/hotel-icastelli.com\/files\/2025\/03\/150x2-1-150x150.jpg\" alt=\"\" class=\"wp-image-3570\"\/><\/a><\/figure>\n<\/figure>\n","protected":false},"excerpt":{"rendered":"<p>La beaut\u00e9 des paysages peut \u00e9galement \u00eatre appr\u00e9ci\u00e9e en faisant du sport; il existe d&#8217;innombrables endroits o\u00f9 vous pouvez vous promener et sentir les senteurs de la nature. La s\u00e9r\u00e9nit\u00e9 de la nature de ces terres et le rythme de la vie rurale vous transporteront dans une dimension \u00e0 la fois nouvelle et ancienne. Vous [&hellip;]<\/p>\n","protected":false},"author":152,"featured_media":4204,"parent":5094,"menu_order":8,"comment_status":"open","ping_status":"closed","template":"","meta":{"_acf_changed":false,"_monsterinsights_skip_tracking":false,"_monsterinsights_sitenote_active":false,"_monsterinsights_sitenote_note":"","_monsterinsights_sitenote_category":0,"footnotes":""},"class_list":["post-5328","page","type-page","status-publish","has-post-thumbnail","hentry"],"yoast_head":"<!-- This site is optimized with the Yoast SEO plugin v27.2 - https:\/\/yoast.com\/product\/yoast-seo-wordpress\/ -->\n<title>VTT et trekking \u00e0 Alba, Langhe et Roero - Hotel in Centro Ad Alba - I Castelli<\/title>\n<meta name=\"description\" content=\"La beaut\u00e9 des paysages peut \u00e9galement \u00eatre appr\u00e9ci\u00e9e en faisant du sport; il existe d&#039;innombrables endroits o\u00f9 vous pouvez vous promener et sentir les\" \/>\n<meta name=\"robots\" content=\"index, follow, max-snippet:-1, max-image-preview:large, max-video-preview:-1\" \/>\n<link rel=\"canonical\" href=\"https:\/\/hotel-icastelli.com\/fr\/tourisme\/vtt-et-trekking-a-alba-langhe-et-roero\/\" \/>\n<meta property=\"og:locale\" content=\"fr_FR\" \/>\n<meta property=\"og:type\" content=\"article\" \/>\n<meta property=\"og:title\" content=\"VTT et trekking \u00e0 Alba, Langhe et Roero - Hotel in Centro Ad Alba - I Castelli\" \/>\n<meta property=\"og:description\" content=\"La beaut\u00e9 des paysages peut \u00e9galement \u00eatre appr\u00e9ci\u00e9e en faisant du sport; il existe d&#039;innombrables endroits o\u00f9 vous pouvez vous promener et sentir les\" \/>\n<meta property=\"og:url\" content=\"https:\/\/hotel-icastelli.com\/fr\/tourisme\/vtt-et-trekking-a-alba-langhe-et-roero\/\" \/>\n<meta property=\"og:site_name\" content=\"I Castelli\" \/>\n<meta property=\"article:modified_time\" content=\"2025-05-15T13:14:29+00:00\" \/>\n<meta property=\"og:image\" content=\"https:\/\/hotel-icastelli.com\/files\/2025\/03\/150x1.jpg\" \/>\n\t<meta property=\"og:image:width\" content=\"1024\" \/>\n\t<meta property=\"og:image:height\" content=\"273\" \/>\n\t<meta property=\"og:image:type\" content=\"image\/jpeg\" \/>\n<meta name=\"twitter:card\" content=\"summary_large_image\" \/>\n<meta name=\"twitter:label1\" content=\"Est. reading time\" \/>\n\t<meta name=\"twitter:data1\" content=\"1 minute\" \/>\n<!-- \/ Yoast SEO plugin. -->","yoast_head_json":{"title":"VTT et trekking \u00e0 Alba, Langhe et Roero - Hotel in Centro Ad Alba - I Castelli","description":"La beaut\u00e9 des paysages peut \u00e9galement \u00eatre appr\u00e9ci\u00e9e en faisant du sport; il existe d'innombrables endroits o\u00f9 vous pouvez vous promener et sentir les","robots":{"index":"index","follow":"follow","max-snippet":"max-snippet:-1","max-image-preview":"max-image-preview:large","max-video-preview":"max-video-preview:-1"},"canonical":"https:\/\/hotel-icastelli.com\/fr\/tourisme\/vtt-et-trekking-a-alba-langhe-et-roero\/","og_locale":"fr_FR","og_type":"article","og_title":"VTT et trekking \u00e0 Alba, Langhe et Roero - Hotel in Centro Ad Alba - I Castelli","og_description":"La beaut\u00e9 des paysages peut \u00e9galement \u00eatre appr\u00e9ci\u00e9e en faisant du sport; il existe d'innombrables endroits o\u00f9 vous pouvez vous promener et sentir les","og_url":"https:\/\/hotel-icastelli.com\/fr\/tourisme\/vtt-et-trekking-a-alba-langhe-et-roero\/","og_site_name":"I Castelli","article_modified_time":"2025-05-15T13:14:29+00:00","og_image":[{"width":1024,"height":273,"url":"https:\/\/hotel-icastelli.com\/files\/2025\/03\/150x1.jpg","type":"image\/jpeg"}],"twitter_card":"summary_large_image","twitter_misc":{"Est. reading time":"1 minute"},"schema":{"@context":"https:\/\/schema.org","@graph":[{"@type":"WebPage","@id":"https:\/\/hotel-icastelli.com\/fr\/tourisme\/vtt-et-trekking-a-alba-langhe-et-roero\/","url":"https:\/\/hotel-icastelli.com\/fr\/tourisme\/vtt-et-trekking-a-alba-langhe-et-roero\/","name":"VTT et trekking \u00e0 Alba, Langhe et Roero - Hotel in Centro Ad Alba - I Castelli","isPartOf":{"@id":"https:\/\/hotel-icastelli.com\/#website"},"primaryImageOfPage":{"@id":"https:\/\/hotel-icastelli.com\/fr\/tourisme\/vtt-et-trekking-a-alba-langhe-et-roero\/#primaryimage"},"image":{"@id":"https:\/\/hotel-icastelli.com\/fr\/tourisme\/vtt-et-trekking-a-alba-langhe-et-roero\/#primaryimage"},"thumbnailUrl":"https:\/\/hotel-icastelli.com\/files\/2025\/03\/150x1.jpg","datePublished":"2013-08-28T07:24:51+00:00","dateModified":"2025-05-15T13:14:29+00:00","description":"La beaut\u00e9 des paysages peut \u00e9galement \u00eatre appr\u00e9ci\u00e9e en faisant du sport; il existe d'innombrables endroits o\u00f9 vous pouvez vous promener et sentir les","breadcrumb":{"@id":"https:\/\/hotel-icastelli.com\/fr\/tourisme\/vtt-et-trekking-a-alba-langhe-et-roero\/#breadcrumb"},"inLanguage":"fr-FR","potentialAction":[{"@type":"ReadAction","target":["https:\/\/hotel-icastelli.com\/fr\/tourisme\/vtt-et-trekking-a-alba-langhe-et-roero\/"]}]},{"@type":"ImageObject","inLanguage":"fr-FR","@id":"https:\/\/hotel-icastelli.com\/fr\/tourisme\/vtt-et-trekking-a-alba-langhe-et-roero\/#primaryimage","url":"https:\/\/hotel-icastelli.com\/files\/2025\/03\/150x1.jpg","contentUrl":"https:\/\/hotel-icastelli.com\/files\/2025\/03\/150x1.jpg","width":1024,"height":273},{"@type":"BreadcrumbList","@id":"https:\/\/hotel-icastelli.com\/fr\/tourisme\/vtt-et-trekking-a-alba-langhe-et-roero\/#breadcrumb","itemListElement":[{"@type":"ListItem","position":1,"name":"Home","item":"https:\/\/hotel-icastelli.com\/fr\/"},{"@type":"ListItem","position":2,"name":"Tourisme","item":"https:\/\/hotel-icastelli.com\/fr\/tourisme\/"},{"@type":"ListItem","position":3,"name":"VTT et trekking \u00e0 Alba, Langhe et Roero"}]},{"@type":"WebSite","@id":"https:\/\/hotel-icastelli.com\/#website","url":"https:\/\/hotel-icastelli.com\/","name":"I Castelli","description":"Hotel in Centro Ad Alba","publisher":{"@id":"https:\/\/hotel-icastelli.com\/#organization"},"potentialAction":[{"@type":"SearchAction","target":{"@type":"EntryPoint","urlTemplate":"https:\/\/hotel-icastelli.com\/?s={search_term_string}"},"query-input":{"@type":"PropertyValueSpecification","valueRequired":true,"valueName":"search_term_string"}}],"inLanguage":"fr-FR"},{"@type":"Organization","@id":"https:\/\/hotel-icastelli.com\/#organization","name":"I Castelli","url":"https:\/\/hotel-icastelli.com\/","logo":{"@type":"ImageObject","inLanguage":"fr-FR","@id":"https:\/\/hotel-icastelli.com\/#\/schema\/logo\/image\/","url":"","contentUrl":"","caption":"I Castelli"},"image":{"@id":"https:\/\/hotel-icastelli.com\/#\/schema\/logo\/image\/"}}]}},"acf":[],"_links":{"self":[{"href":"https:\/\/hotel-icastelli.com\/fr\/wp-json\/wp\/v2\/pages\/5328","targetHints":{"allow":["GET"]}}],"collection":[{"href":"https:\/\/hotel-icastelli.com\/fr\/wp-json\/wp\/v2\/pages"}],"about":[{"href":"https:\/\/hotel-icastelli.com\/fr\/wp-json\/wp\/v2\/types\/page"}],"author":[{"embeddable":true,"href":"https:\/\/hotel-icastelli.com\/fr\/wp-json\/wp\/v2\/users\/152"}],"replies":[{"embeddable":true,"href":"https:\/\/hotel-icastelli.com\/fr\/wp-json\/wp\/v2\/comments?post=5328"}],"version-history":[{"count":0,"href":"https:\/\/hotel-icastelli.com\/fr\/wp-json\/wp\/v2\/pages\/5328\/revisions"}],"up":[{"embeddable":true,"href":"https:\/\/hotel-icastelli.com\/fr\/wp-json\/wp\/v2\/pages\/5094"}],"wp:featuredmedia":[{"embeddable":true,"href":"https:\/\/hotel-icastelli.com\/fr\/wp-json\/wp\/v2\/media\/4204"}],"wp:attachment":[{"href":"https:\/\/hotel-icastelli.com\/fr\/wp-json\/wp\/v2\/media?parent=5328"}],"curies":[{"name":"wp","href":"https:\/\/api.w.org\/{rel}","templated":true}]}}