{"id":5360,"date":"2025-02-20T10:48:28","date_gmt":"2025-02-20T09:48:28","guid":{"rendered":"https:\/\/hotel-icastelli.com\/accueil\/"},"modified":"2025-11-12T12:09:42","modified_gmt":"2025-11-12T11:09:42","slug":"accueil","status":"publish","type":"page","link":"https:\/\/hotel-icastelli.com\/fr\/","title":{"rendered":"Accueil"},"content":{"rendered":"<section class=\"text-image text-image--text-is-left text-image--mt-default text-image--mb-default text-image--align-full text-image--no-background  __text-image text-image--image-mobile-bottom \">\n  <div class=\"text-image__inner text-image__inner--align-full text-image__inner--valign-default flex-columns\">\n    <div class=\"text-image__text text-image__text--is-left text-image__text--is-mobile-top flex-column flex-column--width-50\">\n              <div class=\"text-image__typography typography typography--text-is-left\">\n          \n<div class=\"title-block title-block--mt-default title-block--align-center title-block--mb-default title-block--text-align-default title-block--is-style-none typography__title-block\">\n      <h3 class=\"title-block__tagline\">\n      L&#8217;h\u00f4tel\n    <\/h3>\n        <h2 class=\"title-block__title title-block__title--not-main\">\n      Nous nous r\u00e9jouissons de vous rencontrer dans les Langhe et le Roero.\n    <\/h2>\n    <\/div>\n\n\n<p><br\/>Ouvert en 1996, il a fait l&#8217;objet d&#8217;innovations constantes au fil des ans pour r\u00e9pondre \u00e0 l&#8217;\u00e9volution des besoins des clients.<\/p>\n\n\n\n<p>Au fil des ans, une modernisation continue a \u00e9t\u00e9 effectu\u00e9e pour r\u00e9pondre aux besoins changeants des clients et pour rendre votre s\u00e9jour unique.<\/p>\n\n\n\n<p>Situ\u00e9 \u00e0 <strong>800 m\u00e8tres de la Piazza Duomo<\/strong>, le salon de la ville, dans une position strat\u00e9gique pour visiter les Langhe et le Roero.<\/p>\n\n\n\n<div class=\"wp-block-buttons\">\n<div class=\"wp-block-button\"><a class=\"wp-block-button__link wp-element-button\" href=\"https:\/\/hotel-icastelli.com\/fr\/hotels\/\">D\u00e9couvrez l&#8217;h\u00f4tel<\/a><\/div>\n<\/div>\n\n\n        <\/div>\n          <\/div>\n    <div class=\"text-image__image-container text-image__image-container--is-right text-image__image-container--is-mobile-bottom flex-column flex-column--width-50\">\n              <div class=\"text-image__image text-image__image--is-right text-image__image--is-square text-image__image--style-is-default\">\n          <picture class=\"ratio__content\"> \n                    <source loading=\"lazy\" srcset=\"https:\/\/hotel-icastelli.com\/files\/2025\/03\/200-900x900.jpeg\" media=\"(min-width: 574px)\" \/>\n\n                  <source loading=\"lazy\" srcset=\"https:\/\/hotel-icastelli.com\/files\/2025\/03\/200-600x600.jpeg\" \/>\n\n                    <img decoding=\"async\"  width=\"2000\" height=\"1333\" loading=\"lazy\" alt=\"200\" title=\"200\" data-caption=\"\" src=\"https:\/\/hotel-icastelli.com\/files\/2025\/03\/200.jpeg\" data-src=\"https:\/\/hotel-icastelli.com\/files\/2025\/03\/200.jpeg\"\/>\n\n            \n<\/picture>\n        <\/div>\n                  <\/div>\n  <\/div>\n<\/section>\n<figure class=\"wp-block-embed alignwide is-type-video is-provider-youtube wp-block-embed-youtube wp-embed-aspect-16-9 wp-has-aspect-ratio\"><div class=\"wp-block-embed__wrapper\">\n<iframe loading=\"lazy\" title=\"Hotel i Castelli - La Hall\" width=\"500\" height=\"281\" src=\"https:\/\/www.youtube.com\/embed\/iBpOZjDK44M?feature=oembed\" frameborder=\"0\" allow=\"accelerometer; autoplay; clipboard-write; encrypted-media; gyroscope; picture-in-picture; web-share\" referrerpolicy=\"strict-origin-when-cross-origin\" allowfullscreen><\/iframe>\n<\/div><\/figure>\n<section class=\"grid grid--mt-default grid--mb-default grid--align-full grid--no-background  __grid is-style-first-big-3\">\n  <div class=\"grid__inner grid__inner--align-full\">\n        <ul class=\"grid__row grid__row--columns-3 grid__row--valign-top combos combos--columns-3\">\n              \n<div class=\"combo combo--3-cols combo--align-center combo--textalign-default combo--has-background has-dark-background-color combos__combo wp-elements-f4a93fdc363bc87d520fddaa3a805878\">\n      <div class=\"combo__bg combo__bg--position-default combo__bg--overlay-is-default \">\n      <picture class=\"ratio__content\"> \n                <source loading=\"lazy\" srcset=\"https:\/\/hotel-icastelli.com\/files\/2025\/02\/matrimoniale.jpg\" media=\"(min-width: 1400px)\" \/>\n\n              <source loading=\"lazy\" srcset=\"https:\/\/hotel-icastelli.com\/files\/2025\/02\/matrimoniale-1400x875.jpg\" media=\"(min-width: 574px)\" \/>\n\n              <source loading=\"lazy\" srcset=\"https:\/\/hotel-icastelli.com\/files\/2025\/02\/matrimoniale-574x765.jpg\" \/>\n\n                <img decoding=\"async\"  width=\"\" height=\"\" loading=\"lazy\" alt=\"matrimoniale\" title=\"matrimoniale\" data-caption=\"Kolor stitching | 32 pictures | Size: 10444 x 6137 | FOV: 106.76 x 73.44 ~ -14.00 | RMS: 4.49 | Lens: Standard | Projection: Planar | Color: LDR |\" src=\"https:\/\/hotel-icastelli.com\/files\/2025\/02\/matrimoniale.jpg\" data-src=\"https:\/\/hotel-icastelli.com\/files\/2025\/02\/matrimoniale.jpg\"\/>\n\n        \n<\/picture>\n    <\/div>\n        <div class=\"combo__overlay combo__overlay--is-default combo__overlay--color-dark\"><\/div>\n    <div class=\"combo__inner combo__inner--text-align-default combo__inner--has-background combo__inner--has-dark-background-color wp-elements-f4a93fdc363bc87d520fddaa3a805878\">\n          <h4 class=\"combo__tagline\">\n        Chambres\n      <\/h4>\n              <h2 class=\"combo__title\">\n        D\u00e9tente et repos\n      <\/h2>\n                  <div class=\"combo__description\">\n        \n\n<p>Les chambres classiques et les suites se caract\u00e9risent par leur confort et leur fonctionnalit\u00e9.<\/p>\n\n\n      <\/div>\n              <div class=\"combo__cta\">\n          <a href=\"https:\/\/hotel-icastelli.com\/fr\/hotels\/chambres\/\" title=\"D\u00e9couvrez\" target=\"_self\" class=\"combo__button button button--combo\">\n            D\u00e9couvrez\n          <\/a>\n        <\/div>\n            <\/div>\n<\/div>\n\n<div class=\"combo combo--3-cols combo--align-center combo--textalign-default combo--has-background has-dark-background-color combos__combo wp-elements-dcab9bb016a62859d3f156f7a2bee281\">\n      <div class=\"combo__bg combo__bg--position-default combo__bg--overlay-is-default \">\n      <picture class=\"ratio__content\"> \n                <source loading=\"lazy\" srcset=\"https:\/\/hotel-icastelli.com\/files\/2025\/02\/colazioni.jpg\" media=\"(min-width: 1400px)\" \/>\n\n              <source loading=\"lazy\" srcset=\"https:\/\/hotel-icastelli.com\/files\/2025\/02\/colazioni-1400x875.jpg\" media=\"(min-width: 574px)\" \/>\n\n              <source loading=\"lazy\" srcset=\"https:\/\/hotel-icastelli.com\/files\/2025\/02\/colazioni-574x765.jpg\" \/>\n\n                <img decoding=\"async\"  width=\"\" height=\"\" loading=\"lazy\" alt=\"colazioni\" title=\"colazioni\" data-caption=\"\" src=\"https:\/\/hotel-icastelli.com\/files\/2025\/02\/colazioni.jpg\" data-src=\"https:\/\/hotel-icastelli.com\/files\/2025\/02\/colazioni.jpg\"\/>\n\n        \n<\/picture>\n    <\/div>\n        <div class=\"combo__overlay combo__overlay--is-default combo__overlay--color-dark\"><\/div>\n    <div class=\"combo__inner combo__inner--text-align-default combo__inner--has-background combo__inner--has-dark-background-color wp-elements-dcab9bb016a62859d3f156f7a2bee281\">\n          <h4 class=\"combo__tagline\">\n        Petits d\u00e9jeuners\n      <\/h4>\n              <h2 class=\"combo__title\">\n        Pour commencer la journ\u00e9e\n      <\/h2>\n                  <div class=\"combo__description\">\n        \n\n<p>Commencez la journ\u00e9e en beaut\u00e9 avec un bon petit-d\u00e9jeuner compos\u00e9 de produits adapt\u00e9s \u00e0 tous les besoins et \u00e0 toutes les intol\u00e9rances.<\/p>\n\n\n      <\/div>\n              <div class=\"combo__cta\">\n          <a href=\"https:\/\/hotel-icastelli.com\/fr\/hotels\/salle-de-petit-dejeuner\/\" title=\"D\u00e9couvrez\" target=\"_self\" class=\"combo__button button button--combo\">\n            D\u00e9couvrez\n          <\/a>\n        <\/div>\n            <\/div>\n<\/div>\n\n<div class=\"combo combo--3-cols combo--align-center combo--textalign-default combo--has-background has-dark-background-color combos__combo wp-elements-79e95e1891745a309473c30ff29d737d\">\n      <div class=\"combo__bg combo__bg--position-default combo__bg--overlay-is-default \">\n      <picture class=\"ratio__content\"> \n                <source loading=\"lazy\" srcset=\"https:\/\/hotel-icastelli.com\/files\/2025\/03\/pal-1.jpg\" media=\"(min-width: 1400px)\" \/>\n\n              <source loading=\"lazy\" srcset=\"https:\/\/hotel-icastelli.com\/files\/2025\/03\/pal-1-1400x875.jpg\" media=\"(min-width: 574px)\" \/>\n\n              <source loading=\"lazy\" srcset=\"https:\/\/hotel-icastelli.com\/files\/2025\/03\/pal-1-574x765.jpg\" \/>\n\n                <img decoding=\"async\"  width=\"\" height=\"\" loading=\"lazy\" alt=\"pal 1\" title=\"pal 1\" data-caption=\"\" src=\"https:\/\/hotel-icastelli.com\/files\/2025\/03\/pal-1.jpg\" data-src=\"https:\/\/hotel-icastelli.com\/files\/2025\/03\/pal-1.jpg\"\/>\n\n        \n<\/picture>\n    <\/div>\n        <div class=\"combo__overlay combo__overlay--is-default combo__overlay--color-dark\"><\/div>\n    <div class=\"combo__inner combo__inner--text-align-default combo__inner--has-background combo__inner--has-dark-background-color wp-elements-79e95e1891745a309473c30ff29d737d\">\n          <h4 class=\"combo__tagline\">\n        Gymnase\n      <\/h4>\n              <h2 class=\"combo__title\">\n        Gardez votre rythme\n      <\/h2>\n                  <div class=\"combo__description\">\n        \n\n<p>M\u00eame en vacances ou en voyage d&#8217;affaires, ne renoncez pas \u00e0 vos habitudes sportives.<\/p>\n\n\n      <\/div>\n              <div class=\"combo__cta\">\n          <a href=\"https:\/\/hotel-icastelli.com\/fr\/hotels\/gymnase\/\" title=\"D\u00e9couvrez\" target=\"_self\" class=\"combo__button button button--combo\">\n            D\u00e9couvrez\n          <\/a>\n        <\/div>\n            <\/div>\n<\/div>\n\n          <\/ul>\n      <\/div>\n<\/section><section class=\"text-image text-image--text-is-right text-image--mt-default text-image--mb-default text-image--align-full text-image--no-background  __text-image text-image--image-mobile-bottom \">\n  <div class=\"text-image__inner text-image__inner--align-full text-image__inner--valign-default flex-columns\">\n    <div class=\"text-image__text text-image__text--is-right text-image__text--is-mobile-top flex-column flex-column--width-50\">\n              <div class=\"text-image__typography typography typography--text-is-right\">\n          \n<div class=\"title-block title-block--mt-default title-block--align-center title-block--mb-default title-block--text-align-default title-block--is-style-none typography__title-block\">\n      <h3 class=\"title-block__tagline\">\n      Le restaurant\n    <\/h3>\n        <h2 class=\"title-block__title title-block__title--not-main\">\n      Pour vous rendre curieux\n    <\/h2>\n    <\/div>\n\n\n<p>Le <a href=\"https:\/\/hotel-icastelli.com\/fr\/restaurant\/\">Restaurant I Castelli<\/a>, situ\u00e9 \u00e0 <strong>20 m\u00e8tres au-dessus du niveau de la mer sur la terrasse panoramique de notre h\u00f4tel<\/strong>, dans une ambiance qui met les h\u00f4tes \u00e0 l&#8217;aise, propose une cuisine li\u00e9e aux valeurs traditionnelles, savamment combin\u00e9e \u00e0 la recherche des meilleures mati\u00e8res premi\u00e8res, accompagn\u00e9e d&#8217;une <a href=\"https:\/\/hotel-icastelli.com\/fr\/restaurant\/liste-des-vins\/\" target=\"_blank\" rel=\"noreferrer noopener\">carte des vins<\/a> bien fournie, avec une s\u00e9lection soign\u00e9e des meilleurs producteurs \u00e9mergents, sans oublier les <em>vignerons<\/em> qui ont rendu Barolo et Barbaresco c\u00e9l\u00e8bres dans le monde entier.<\/p>\n\n\n\n<div class=\"wp-block-buttons\">\n<div class=\"wp-block-button\"><a class=\"wp-block-button__link wp-element-button\" href=\"https:\/\/hotel-icastelli.com\/fr\/restaurant\/\">Savourez<\/a><\/div>\n<\/div>\n\n\n        <\/div>\n          <\/div>\n    <div class=\"text-image__image-container text-image__image-container--is-left text-image__image-container--is-mobile-bottom flex-column flex-column--width-50\">\n              <div class=\"text-image__image text-image__image--is-left text-image__image--is-square text-image__image--style-is-default\">\n          <picture class=\"ratio__content\"> \n                    <source loading=\"lazy\" srcset=\"https:\/\/hotel-icastelli.com\/files\/2025\/02\/ristorante_cubo-900x857.jpg\" media=\"(min-width: 574px)\" \/>\n\n                  <source loading=\"lazy\" srcset=\"https:\/\/hotel-icastelli.com\/files\/2025\/02\/ristorante_cubo-600x600.jpg\" \/>\n\n                    <img decoding=\"async\"  width=\"2000\" height=\"857\" loading=\"lazy\" alt=\"Stitched Panorama\" title=\"Stitched Panorama\" data-caption=\"\" src=\"https:\/\/hotel-icastelli.com\/files\/2025\/02\/ristorante_cubo.jpg\" data-src=\"https:\/\/hotel-icastelli.com\/files\/2025\/02\/ristorante_cubo.jpg\"\/>\n\n            \n<\/picture>\n        <\/div>\n                  <\/div>\n  <\/div>\n<\/section><section class=\"grid grid--mt-default grid--mb-default grid--align-full grid--no-background  __grid is-style-first-big-3\">\n  <div class=\"grid__inner grid__inner--align-full\">\n        <ul class=\"grid__row grid__row--columns-3 grid__row--valign-top combos combos--columns-3\">\n              \n<div class=\"combo combo--3-cols combo--align-center combo--textalign-default combo--has-background has-dark-background-color combos__combo wp-elements-481fb9e3fb4c5dc9adc355874460b3f5\">\n      <div class=\"combo__bg combo__bg--position-default combo__bg--overlay-is-default \">\n      <picture class=\"ratio__content\"> \n                <source loading=\"lazy\" srcset=\"https:\/\/hotel-icastelli.com\/files\/2025\/04\/c.jpg\" media=\"(min-width: 1400px)\" \/>\n\n              <source loading=\"lazy\" srcset=\"https:\/\/hotel-icastelli.com\/files\/2025\/04\/c-1400x875.jpg\" media=\"(min-width: 574px)\" \/>\n\n              <source loading=\"lazy\" srcset=\"https:\/\/hotel-icastelli.com\/files\/2025\/04\/c-574x765.jpg\" \/>\n\n                <img decoding=\"async\"  width=\"\" height=\"\" loading=\"lazy\" alt=\"c\" title=\"c\" data-caption=\"\" src=\"https:\/\/hotel-icastelli.com\/files\/2025\/04\/c.jpg\" data-src=\"https:\/\/hotel-icastelli.com\/files\/2025\/04\/c.jpg\"\/>\n\n        \n<\/picture>\n    <\/div>\n        <div class=\"combo__overlay combo__overlay--is-default combo__overlay--color-dark\"><\/div>\n    <div class=\"combo__inner combo__inner--text-align-default combo__inner--has-background combo__inner--has-dark-background-color wp-elements-481fb9e3fb4c5dc9adc355874460b3f5\">\n          <h4 class=\"combo__tagline\">\n        Menu\n      <\/h4>\n              <h2 class=\"combo__title\">\n        Pour vous rendre gourmand\n      <\/h2>\n                  <div class=\"combo__description\">\n        \n\n<p>Dans un cadre confortable, vous pourrez d\u00e9guster des plats locaux traditionnels.<\/p>\n\n\n      <\/div>\n              <div class=\"combo__cta\">\n          <a href=\"https:\/\/hotel-icastelli.com\/fr\/restaurant\/menu\/\" title=\"D\u00e9couvrez\" target=\"_self\" class=\"combo__button button button--combo\">\n            D\u00e9couvrez\n          <\/a>\n        <\/div>\n            <\/div>\n<\/div>\n\n<div class=\"combo combo--3-cols combo--align-center combo--textalign-default combo--has-background has-dark-background-color combos__combo wp-elements-84053d213287eaf9452dc9e79d9ffc5d\">\n      <div class=\"combo__bg combo__bg--position-default combo__bg--overlay-is-default \">\n      <picture class=\"ratio__content\"> \n                <source loading=\"lazy\" srcset=\"https:\/\/hotel-icastelli.com\/files\/2025\/02\/Ivano-1.jpg\" media=\"(min-width: 1400px)\" \/>\n\n              <source loading=\"lazy\" srcset=\"https:\/\/hotel-icastelli.com\/files\/2025\/02\/Ivano-1-1000x875.jpg\" media=\"(min-width: 574px)\" \/>\n\n              <source loading=\"lazy\" srcset=\"https:\/\/hotel-icastelli.com\/files\/2025\/02\/Ivano-1-574x765.jpg\" \/>\n\n                <img decoding=\"async\"  width=\"\" height=\"\" loading=\"lazy\" alt=\"Ivano\" title=\"Ivano\" data-caption=\"\" src=\"https:\/\/hotel-icastelli.com\/files\/2025\/02\/Ivano-1.jpg\" data-src=\"https:\/\/hotel-icastelli.com\/files\/2025\/02\/Ivano-1.jpg\"\/>\n\n        \n<\/picture>\n    <\/div>\n        <div class=\"combo__overlay combo__overlay--is-default combo__overlay--color-dark\"><\/div>\n    <div class=\"combo__inner combo__inner--text-align-default combo__inner--has-background combo__inner--has-dark-background-color wp-elements-84053d213287eaf9452dc9e79d9ffc5d\">\n          <h4 class=\"combo__tagline\">\n        Chef cuisinier\n      <\/h4>\n              <h2 class=\"combo__title\">\n        Pour vous ramener\n      <\/h2>\n                  <div class=\"combo__description\">\n        \n\n<p>Ma cuisine est bas\u00e9e sur des produits de saison qui sont pr\u00e9par\u00e9s avec soin et respectent la nature.<\/p>\n\n\n      <\/div>\n              <div class=\"combo__cta\">\n          <a href=\"https:\/\/hotel-icastelli.com\/fr\/restaurant\/chef-cuisinier\/\" title=\"D\u00e9couvrez\" target=\"_self\" class=\"combo__button button button--combo\">\n            D\u00e9couvrez\n          <\/a>\n        <\/div>\n            <\/div>\n<\/div>\n\n<div class=\"combo combo--3-cols combo--align-center combo--textalign-default combo--has-background has-dark-background-color combos__combo wp-elements-81e8825868a08b8f7bb65642b2c0c4c8\">\n      <div class=\"combo__bg combo__bg--position-default combo__bg--overlay-is-default \">\n      <picture class=\"ratio__content\"> \n                <source loading=\"lazy\" srcset=\"https:\/\/hotel-icastelli.com\/files\/2025\/02\/piatto_02.jpg\" media=\"(min-width: 1400px)\" \/>\n\n              <source loading=\"lazy\" srcset=\"https:\/\/hotel-icastelli.com\/files\/2025\/02\/piatto_02-1400x875.jpg\" media=\"(min-width: 574px)\" \/>\n\n              <source loading=\"lazy\" srcset=\"https:\/\/hotel-icastelli.com\/files\/2025\/02\/piatto_02-574x765.jpg\" \/>\n\n                <img decoding=\"async\"  width=\"\" height=\"\" loading=\"lazy\" alt=\"piatto_02\" title=\"piatto_02\" data-caption=\"\" src=\"https:\/\/hotel-icastelli.com\/files\/2025\/02\/piatto_02.jpg\" data-src=\"https:\/\/hotel-icastelli.com\/files\/2025\/02\/piatto_02.jpg\"\/>\n\n        \n<\/picture>\n    <\/div>\n        <div class=\"combo__overlay combo__overlay--is-default combo__overlay--color-dark\"><\/div>\n    <div class=\"combo__inner combo__inner--text-align-default combo__inner--has-background combo__inner--has-dark-background-color wp-elements-81e8825868a08b8f7bb65642b2c0c4c8\">\n          <h4 class=\"combo__tagline\">\n        Liste des vins\n      <\/h4>\n              <h2 class=\"combo__title\">\n        Pour vous rendre joyeux\n      <\/h2>\n                  <div class=\"combo__description\">\n        \n\n<p>Une carte des vins s\u00e9lectionn\u00e9e qui met l&#8217;accent sur les petits producteurs du Pi\u00e9mont et sur les digressions nationales et \u00e9trang\u00e8res.<\/p>\n\n\n      <\/div>\n              <div class=\"combo__cta\">\n          <a href=\"https:\/\/hotel-icastelli.com\/files\/2025\/05\/2024.04_carta_vini_i_castelli.pdf\" title=\"D\u00e9couvrez\" target=\"_self\" class=\"combo__button button button--combo\">\n            D\u00e9couvrez\n          <\/a>\n        <\/div>\n            <\/div>\n<\/div>\n\n          <\/ul>\n      <\/div>\n<\/section><div class=\"title-block title-block--mt-default title-block--align-center title-block--mb-default title-block--text-align-left title-block--is-style-none typography__title-block\">\n      <h3 class=\"title-block__tagline\">\n      Tourisme\n    <\/h3>\n        <h2 class=\"title-block__title title-block__title--not-main\">\n      Un territoire \u00e0 d\u00e9couvrir\n    <\/h2>\n        <div class=\"title-block__description\">\n      Profitez de l&#8217;offre touristique in\u00e9gal\u00e9e des Langhe, du Roero et du Monferrato : vignobles et d\u00e9gustations, ch\u00e2teaux et sentiers naturels !\n    <\/div>\n  <\/div>\n<div class=\"wp-block-buttons is-content-justification-center\">\n<div class=\"wp-block-button\"><a class=\"wp-block-button__link wp-element-button\" href=\"https:\/\/hotel-icastelli.com\/fr\/tourisme\/\">En savoir plus<\/a><\/div>\n<\/div>\n","protected":false},"excerpt":{"rendered":"","protected":false},"author":152,"featured_media":3700,"parent":0,"menu_order":0,"comment_status":"closed","ping_status":"closed","template":"","meta":{"_acf_changed":false,"_monsterinsights_skip_tracking":false,"_monsterinsights_sitenote_active":false,"_monsterinsights_sitenote_note":"","_monsterinsights_sitenote_category":0,"footnotes":""},"class_list":["post-5360","page","type-page","status-publish","has-post-thumbnail","hentry"],"yoast_head":"<!-- This site is optimized with the Yoast SEO plugin v27.2 - https:\/\/yoast.com\/product\/yoast-seo-wordpress\/ -->\n<title>Hotel I Castelli in Alba - Un s\u00e9jour au c\u0153ur des Langhe<\/title>\n<meta name=\"description\" content=\"Cet h\u00f4tel r\u00e9cemment r\u00e9nov\u00e9 se trouve dans le centre d&#039;Alba, \u00e0 800 m\u00e8tres de la place centrale Piazza Duomo. Avec restaurant panoramique.\" \/>\n<meta name=\"robots\" content=\"index, follow, max-snippet:-1, max-image-preview:large, max-video-preview:-1\" \/>\n<link rel=\"canonical\" href=\"https:\/\/hotel-icastelli.com\/fr\/\" \/>\n<meta property=\"og:locale\" content=\"fr_FR\" \/>\n<meta property=\"og:type\" content=\"article\" \/>\n<meta property=\"og:title\" content=\"Hotel I Castelli in Alba - Un s\u00e9jour au c\u0153ur des Langhe\" \/>\n<meta property=\"og:description\" content=\"Cet h\u00f4tel r\u00e9cemment r\u00e9nov\u00e9 se trouve dans le centre d&#039;Alba, \u00e0 800 m\u00e8tres de la place centrale Piazza Duomo. Avec restaurant panoramique.\" \/>\n<meta property=\"og:url\" content=\"https:\/\/hotel-icastelli.com\/fr\/\" \/>\n<meta property=\"og:site_name\" content=\"I Castelli\" \/>\n<meta property=\"article:modified_time\" content=\"2025-11-12T11:09:42+00:00\" \/>\n<meta property=\"og:image\" content=\"https:\/\/hotel-icastelli.com\/files\/2025\/02\/serale.jpg\" \/>\n\t<meta property=\"og:image:width\" content=\"2000\" \/>\n\t<meta property=\"og:image:height\" content=\"1415\" \/>\n\t<meta property=\"og:image:type\" content=\"image\/jpeg\" \/>\n<meta name=\"twitter:card\" content=\"summary_large_image\" \/>\n<meta name=\"twitter:label1\" content=\"Est. reading time\" \/>\n\t<meta name=\"twitter:data1\" content=\"1 minute\" \/>\n<!-- \/ Yoast SEO plugin. -->","yoast_head_json":{"title":"Hotel I Castelli in Alba - Un s\u00e9jour au c\u0153ur des Langhe","description":"Cet h\u00f4tel r\u00e9cemment r\u00e9nov\u00e9 se trouve dans le centre d'Alba, \u00e0 800 m\u00e8tres de la place centrale Piazza Duomo. Avec restaurant panoramique.","robots":{"index":"index","follow":"follow","max-snippet":"max-snippet:-1","max-image-preview":"max-image-preview:large","max-video-preview":"max-video-preview:-1"},"canonical":"https:\/\/hotel-icastelli.com\/fr\/","og_locale":"fr_FR","og_type":"article","og_title":"Hotel I Castelli in Alba - Un s\u00e9jour au c\u0153ur des Langhe","og_description":"Cet h\u00f4tel r\u00e9cemment r\u00e9nov\u00e9 se trouve dans le centre d'Alba, \u00e0 800 m\u00e8tres de la place centrale Piazza Duomo. Avec restaurant panoramique.","og_url":"https:\/\/hotel-icastelli.com\/fr\/","og_site_name":"I Castelli","article_modified_time":"2025-11-12T11:09:42+00:00","og_image":[{"width":2000,"height":1415,"url":"https:\/\/hotel-icastelli.com\/files\/2025\/02\/serale.jpg","type":"image\/jpeg"}],"twitter_card":"summary_large_image","twitter_misc":{"Est. reading time":"1 minute"},"schema":{"@context":"https:\/\/schema.org","@graph":[{"@type":"WebPage","@id":"https:\/\/hotel-icastelli.com\/fr\/","url":"https:\/\/hotel-icastelli.com\/fr\/","name":"Hotel I Castelli in Alba - Un s\u00e9jour au c\u0153ur des Langhe","isPartOf":{"@id":"https:\/\/hotel-icastelli.com\/#website"},"primaryImageOfPage":{"@id":"https:\/\/hotel-icastelli.com\/fr\/#primaryimage"},"image":{"@id":"https:\/\/hotel-icastelli.com\/fr\/#primaryimage"},"thumbnailUrl":"https:\/\/hotel-icastelli.com\/files\/2025\/02\/serale.jpg","datePublished":"2025-02-20T09:48:28+00:00","dateModified":"2025-11-12T11:09:42+00:00","description":"Cet h\u00f4tel r\u00e9cemment r\u00e9nov\u00e9 se trouve dans le centre d'Alba, \u00e0 800 m\u00e8tres de la place centrale Piazza Duomo. Avec restaurant panoramique.","breadcrumb":{"@id":"https:\/\/hotel-icastelli.com\/fr\/#breadcrumb"},"inLanguage":"fr-FR","potentialAction":[{"@type":"ReadAction","target":["https:\/\/hotel-icastelli.com\/fr\/"]}]},{"@type":"ImageObject","inLanguage":"fr-FR","@id":"https:\/\/hotel-icastelli.com\/fr\/#primaryimage","url":"https:\/\/hotel-icastelli.com\/files\/2025\/02\/serale.jpg","contentUrl":"https:\/\/hotel-icastelli.com\/files\/2025\/02\/serale.jpg","width":2000,"height":1415,"caption":"Kolor stitching | 35 pictures | Size: 8150 x 5933 | FOV: 138.73 x 100.98 ~ -16.65 | RMS: 2.55 | Lens: Standard | Projection: Spherical | Color: LDR |"},{"@type":"BreadcrumbList","@id":"https:\/\/hotel-icastelli.com\/fr\/#breadcrumb","itemListElement":[{"@type":"ListItem","position":1,"name":"Home","item":"https:\/\/hotel-icastelli.com\/fr\/"},{"@type":"ListItem","position":2,"name":"Accueil"}]},{"@type":"WebSite","@id":"https:\/\/hotel-icastelli.com\/#website","url":"https:\/\/hotel-icastelli.com\/","name":"I Castelli","description":"Hotel in Centro Ad Alba","publisher":{"@id":"https:\/\/hotel-icastelli.com\/#organization"},"potentialAction":[{"@type":"SearchAction","target":{"@type":"EntryPoint","urlTemplate":"https:\/\/hotel-icastelli.com\/?s={search_term_string}"},"query-input":{"@type":"PropertyValueSpecification","valueRequired":true,"valueName":"search_term_string"}}],"inLanguage":"fr-FR"},{"@type":"Organization","@id":"https:\/\/hotel-icastelli.com\/#organization","name":"I Castelli","url":"https:\/\/hotel-icastelli.com\/","logo":{"@type":"ImageObject","inLanguage":"fr-FR","@id":"https:\/\/hotel-icastelli.com\/#\/schema\/logo\/image\/","url":"","contentUrl":"","caption":"I Castelli"},"image":{"@id":"https:\/\/hotel-icastelli.com\/#\/schema\/logo\/image\/"}}]}},"acf":[],"_links":{"self":[{"href":"https:\/\/hotel-icastelli.com\/fr\/wp-json\/wp\/v2\/pages\/5360","targetHints":{"allow":["GET"]}}],"collection":[{"href":"https:\/\/hotel-icastelli.com\/fr\/wp-json\/wp\/v2\/pages"}],"about":[{"href":"https:\/\/hotel-icastelli.com\/fr\/wp-json\/wp\/v2\/types\/page"}],"author":[{"embeddable":true,"href":"https:\/\/hotel-icastelli.com\/fr\/wp-json\/wp\/v2\/users\/152"}],"replies":[{"embeddable":true,"href":"https:\/\/hotel-icastelli.com\/fr\/wp-json\/wp\/v2\/comments?post=5360"}],"version-history":[{"count":0,"href":"https:\/\/hotel-icastelli.com\/fr\/wp-json\/wp\/v2\/pages\/5360\/revisions"}],"wp:featuredmedia":[{"embeddable":true,"href":"https:\/\/hotel-icastelli.com\/fr\/wp-json\/wp\/v2\/media\/3700"}],"wp:attachment":[{"href":"https:\/\/hotel-icastelli.com\/fr\/wp-json\/wp\/v2\/media?parent=5360"}],"curies":[{"name":"wp","href":"https:\/\/api.w.org\/{rel}","templated":true}]}}