{"id":5398,"date":"2013-08-28T09:18:59","date_gmt":"2013-08-28T07:18:59","guid":{"rendered":"https:\/\/hotel-icastelli.com\/tourisme\/unesco-paysages-viticoles-langhe-roero-et-monferrato\/"},"modified":"2025-05-07T07:41:34","modified_gmt":"2025-05-07T05:41:34","slug":"unesco-paysages-viticoles-langhe-roero-et-monferrato","status":"publish","type":"page","link":"https:\/\/hotel-icastelli.com\/fr\/tourisme\/unesco-paysages-viticoles-langhe-roero-et-monferrato\/","title":{"rendered":"Unesco &#8211; Paysages viticoles Langhe, Roero et Monferrato"},"content":{"rendered":"\n<p>Pour la premi\u00e8re fois, un paysage viticole italien, les Langhe Roero et Monferrato pi\u00e9montais, est reconnu comme ayant une valeur exceptionnelle par le <a href=\"http:\/\/paesaggivitivinicoliunesco.it\/\">Comit\u00e9 du patrimoine mondial de l&#8217;UNESCO<\/a> et inscrit sur la Liste du patrimoine mondial.<\/p>\n\n<p>Le m\u00e9rite en revient d&#8217;abord \u00e0 la<strong> grande beaut\u00e9<\/strong> de nos territoires, mais aussi \u00e0 tous ceux qui, depuis des g\u00e9n\u00e9rations, travaillent ces terres avec respect, fiert\u00e9 et passion.<\/p>\n\n<p>La motivation dit que <strong>ces paysages <\/strong> <\/p>\n\n<blockquote class=\"wp-block-quote\">\n<p>sont un t\u00e9moignage vivant exceptionnel de la tradition historique de la culture de la vigne, des processus de vinification, d&#8217;un contexte social et rural et d&#8217;un tissu \u00e9conomique bas\u00e9 sur la culture du vin.<\/p>\n<\/blockquote>\n\n<p>Les vignobles des Langhe-Roero et du Monferrato sont \u00e9galement un <strong>exemple exceptionnel de l&#8217;interaction de l&#8217;homme avec son environnement naturel<\/strong>: gr\u00e2ce \u00e0 une longue et constante \u00e9volution des techniques et des connaissances en mati\u00e8re de viticulture, la meilleure adaptation possible des vignes aux caract\u00e9ristiques du sol et du climat a \u00e9t\u00e9 r\u00e9alis\u00e9e, au point de devenir une r\u00e9f\u00e9rence internationale.<\/p>\n\n<p>Nous ne pouvons qu&#8217;\u00eatre fiers de cette reconnaissance et des termes dans lesquels elle a \u00e9t\u00e9 exprim\u00e9e.<\/p>\n\n<p><strong>Vous pourrez admirer les villages viticoles<\/strong>, d\u00e9sormais inscrits au patrimoine mondial de l&#8217;Unesco, <strong>depuis notre terrasse panoramique <\/strong>en sirotant un verre de Barbaresco ou en d\u00eenant dans notre <a href=\"https:\/\/hotel-icastelli.com\/fr\/restaurant\/\" target=\"_blank\" rel=\"noreferrer noopener\">restaurant<\/a>.<\/p>\n\n<h2 class=\"wp-block-heading\">Zones s\u00e9lectionn\u00e9es<\/h2>\n\n<figure class=\"wp-block-gallery has-nested-images columns-3 is-cropped wp-block-gallery-1\">\n<figure class=\"wp-block-image size-portrait_sm\"><a href=\"https:\/\/hotel-icastelli.com\/files\/2025\/03\/Web_map_italy1-350x466.jpg\"><img loading=\"lazy\" decoding=\"async\" width=\"350\" height=\"466\" data-id=\"3486\" src=\"https:\/\/hotel-icastelli.com\/files\/2025\/03\/Web_map_italy1-350x466.jpg\" alt=\"\" class=\"wp-image-3486\" srcset=\"https:\/\/hotel-icastelli.com\/files\/2025\/03\/Web_map_italy1-350x466.jpg 350w, https:\/\/hotel-icastelli.com\/files\/2025\/03\/Web_map_italy1-574x765.jpg 574w\" sizes=\"auto, (max-width: 350px) 100vw, 350px\" \/><\/a><\/figure>\n\n\n\n<figure class=\"wp-block-image size-portrait_sm\"><a href=\"https:\/\/hotel-icastelli.com\/files\/2025\/03\/Web_map_roads1-350x466.jpg\"><img loading=\"lazy\" decoding=\"async\" width=\"350\" height=\"466\" data-id=\"3488\" src=\"https:\/\/hotel-icastelli.com\/files\/2025\/03\/Web_map_roads1-350x466.jpg\" alt=\"\" class=\"wp-image-3488\" srcset=\"https:\/\/hotel-icastelli.com\/files\/2025\/03\/Web_map_roads1-350x466.jpg 350w, https:\/\/hotel-icastelli.com\/files\/2025\/03\/Web_map_roads1-574x765.jpg 574w\" sizes=\"auto, (max-width: 350px) 100vw, 350px\" \/><\/a><\/figure>\n\n\n\n<figure class=\"wp-block-image size-portrait_sm\"><a href=\"https:\/\/hotel-icastelli.com\/files\/2025\/03\/Web_map_zones1-350x466.jpg\"><img loading=\"lazy\" decoding=\"async\" width=\"350\" height=\"466\" data-id=\"3490\" src=\"https:\/\/hotel-icastelli.com\/files\/2025\/03\/Web_map_zones1-350x466.jpg\" alt=\"\" class=\"wp-image-3490\"\/><\/a><\/figure>\n<\/figure>\n\n<p>L&#8217;ensemble des <strong>zones s\u00e9lectionn\u00e9es<\/strong> couvre une superficie d&#8217;environ 76 000 hectares et concerne <strong>plus de 100 territoires municipaux<\/strong>. Au sein de ces zones, les six composantes mentionn\u00e9es sont, de mani\u00e8re plus d\u00e9taill\u00e9e : <\/p>\n\n<p class=\"has-text-align-center\"><span style=\"text-align: center;\">Langa de Barolo<\/span><br\/><span style=\"text-align: center;\">Collines de Barbaresco<\/span><br\/><span style=\"text-align: center;\">Ch\u00e2teau de Grinzane Cavour<\/span><br\/><span style=\"text-align: center;\">Canelli et Asti Spumante<\/span><br\/><span style=\"text-align: center;\">Nizza Monferrato et le Barbera<\/span><br\/><span style=\"text-align: center;\">Monferrato de l&#8217;Infernot<\/span><\/p>\n\n<p>Les sites italiens inscrits par l&#8217;Unesco sur la liste du patrimoine mondial sont au nombre de 50, le premier ayant \u00e9t\u00e9 inscrit en 79. Voir <a title=\"Visitez le site de l'Unesco\" href=\"http:\/\/whc.unesco.org\/en\/list\/1390\" target=\"_blank\" rel=\"noopener\">www.unesco.org<\/a> pour la liste compl\u00e8te. <\/p>\n\n<p>\u00a0<\/p>\n\n<figure class=\"wp-block-gallery has-nested-images columns-4 is-cropped wp-block-gallery-2\">\n<figure class=\"wp-block-image size-thumbnail\"><a href=\"https:\/\/hotel-icastelli.com\/files\/2025\/03\/vigna-150x150.jpg\"><img loading=\"lazy\" decoding=\"async\" width=\"150\" height=\"150\" data-id=\"3492\" src=\"https:\/\/hotel-icastelli.com\/files\/2025\/03\/vigna-150x150.jpg\" alt=\"\" class=\"wp-image-3492\" srcset=\"https:\/\/hotel-icastelli.com\/files\/2025\/03\/vigna-150x150.jpg 150w, https:\/\/hotel-icastelli.com\/files\/2025\/03\/vigna-600x600.jpg 600w, https:\/\/hotel-icastelli.com\/files\/2025\/03\/vigna-350x350.jpg 350w\" sizes=\"auto, (max-width: 150px) 100vw, 150px\" \/><\/a><\/figure>\n\n\n\n<figure class=\"wp-block-image size-thumbnail\"><a href=\"https:\/\/hotel-icastelli.com\/files\/2025\/03\/150x2-150x150.jpg\"><img loading=\"lazy\" decoding=\"async\" width=\"150\" height=\"150\" data-id=\"3494\" src=\"https:\/\/hotel-icastelli.com\/files\/2025\/03\/150x2-150x150.jpg\" alt=\"\" class=\"wp-image-3494\"\/><\/a><\/figure>\n\n\n\n<figure class=\"wp-block-image size-thumbnail\"><a href=\"https:\/\/hotel-icastelli.com\/files\/2025\/03\/150x3-150x150.jpg\"><img loading=\"lazy\" decoding=\"async\" width=\"150\" height=\"150\" data-id=\"3496\" src=\"https:\/\/hotel-icastelli.com\/files\/2025\/03\/150x3-150x150.jpg\" alt=\"\" class=\"wp-image-3496\"\/><\/a><\/figure>\n\n\n\n<figure class=\"wp-block-image size-thumbnail\"><a href=\"https:\/\/hotel-icastelli.com\/files\/2025\/03\/alba-150x150.jpg\"><img loading=\"lazy\" decoding=\"async\" width=\"150\" height=\"150\" data-id=\"3498\" src=\"https:\/\/hotel-icastelli.com\/files\/2025\/03\/alba-150x150.jpg\" alt=\"\" class=\"wp-image-3498\"\/><\/a><\/figure>\n\n\n\n<figure class=\"wp-block-image size-thumbnail\"><a href=\"https:\/\/hotel-icastelli.com\/files\/2025\/03\/Fotolia_9529780_XL-150x150.jpg\"><img loading=\"lazy\" decoding=\"async\" width=\"150\" height=\"150\" data-id=\"3500\" src=\"https:\/\/hotel-icastelli.com\/files\/2025\/03\/Fotolia_9529780_XL-150x150.jpg\" alt=\"\" class=\"wp-image-3500\" srcset=\"https:\/\/hotel-icastelli.com\/files\/2025\/03\/Fotolia_9529780_XL-150x150.jpg 150w, https:\/\/hotel-icastelli.com\/files\/2025\/03\/Fotolia_9529780_XL-600x600.jpg 600w, https:\/\/hotel-icastelli.com\/files\/2025\/03\/Fotolia_9529780_XL-350x350.jpg 350w\" sizes=\"auto, (max-width: 150px) 100vw, 150px\" \/><\/a><\/figure>\n\n\n\n<figure class=\"wp-block-image size-thumbnail\"><a href=\"https:\/\/hotel-icastelli.com\/files\/2025\/03\/bicilanghe-150x150.jpg\"><img loading=\"lazy\" decoding=\"async\" width=\"150\" height=\"150\" data-id=\"3502\" src=\"https:\/\/hotel-icastelli.com\/files\/2025\/03\/bicilanghe-150x150.jpg\" alt=\"\" class=\"wp-image-3502\"\/><\/a><\/figure>\n\n\n\n<figure class=\"wp-block-image size-thumbnail\"><a href=\"https:\/\/hotel-icastelli.com\/files\/2025\/03\/langhe1-150x150.jpg\"><img loading=\"lazy\" decoding=\"async\" width=\"150\" height=\"150\" data-id=\"3504\" src=\"https:\/\/hotel-icastelli.com\/files\/2025\/03\/langhe1-150x150.jpg\" alt=\"\" class=\"wp-image-3504\" srcset=\"https:\/\/hotel-icastelli.com\/files\/2025\/03\/langhe1-150x150.jpg 150w, https:\/\/hotel-icastelli.com\/files\/2025\/03\/langhe1-350x350.jpg 350w\" sizes=\"auto, (max-width: 150px) 100vw, 150px\" \/><\/a><\/figure>\n\n\n\n<figure class=\"wp-block-image size-thumbnail\"><a href=\"https:\/\/hotel-icastelli.com\/files\/2025\/03\/ORIZZONTE-BARBARESCO-2-150x150.jpg\"><img loading=\"lazy\" decoding=\"async\" width=\"150\" height=\"150\" data-id=\"3506\" src=\"https:\/\/hotel-icastelli.com\/files\/2025\/03\/ORIZZONTE-BARBARESCO-2-150x150.jpg\" alt=\"\" class=\"wp-image-3506\"\/><\/a><\/figure>\n<\/figure>\n","protected":false},"excerpt":{"rendered":"<p>Pour la premi\u00e8re fois, un paysage viticole italien, les Langhe Roero et Monferrato pi\u00e9montais, est reconnu comme ayant une valeur exceptionnelle par le Comit\u00e9 du patrimoine mondial de l&#8217;UNESCO et inscrit sur la Liste du patrimoine mondial. Le m\u00e9rite en revient d&#8217;abord \u00e0 la grande beaut\u00e9 de nos territoires, mais aussi \u00e0 tous ceux qui, [&hellip;]<\/p>\n","protected":false},"author":152,"featured_media":4072,"parent":5094,"menu_order":0,"comment_status":"open","ping_status":"closed","template":"","meta":{"_acf_changed":false,"_monsterinsights_skip_tracking":false,"_monsterinsights_sitenote_active":false,"_monsterinsights_sitenote_note":"","_monsterinsights_sitenote_category":0,"footnotes":""},"class_list":["post-5398","page","type-page","status-publish","has-post-thumbnail","hentry"],"yoast_head":"<!-- This site is optimized with the Yoast SEO plugin v27.2 - https:\/\/yoast.com\/product\/yoast-seo-wordpress\/ -->\n<title>Unesco - Paysages viticoles Langhe, Roero et Monferrato - Hotel in Centro Ad Alba - I Castelli<\/title>\n<meta name=\"description\" content=\"Pour la premi\u00e8re fois, un paysage viticole italien, les Langhe Roero et Monferrato pi\u00e9montais, est reconnu comme ayant une valeur exceptionnelle par le\" \/>\n<meta name=\"robots\" content=\"index, follow, max-snippet:-1, max-image-preview:large, max-video-preview:-1\" \/>\n<link rel=\"canonical\" href=\"https:\/\/hotel-icastelli.com\/fr\/tourisme\/unesco-paysages-viticoles-langhe-roero-et-monferrato\/\" \/>\n<meta property=\"og:locale\" content=\"fr_FR\" \/>\n<meta property=\"og:type\" content=\"article\" \/>\n<meta property=\"og:title\" content=\"Unesco - Paysages viticoles Langhe, Roero et Monferrato - Hotel in Centro Ad Alba - I Castelli\" \/>\n<meta property=\"og:description\" content=\"Pour la premi\u00e8re fois, un paysage viticole italien, les Langhe Roero et Monferrato pi\u00e9montais, est reconnu comme ayant une valeur exceptionnelle par le\" \/>\n<meta property=\"og:url\" content=\"https:\/\/hotel-icastelli.com\/fr\/tourisme\/unesco-paysages-viticoles-langhe-roero-et-monferrato\/\" \/>\n<meta property=\"og:site_name\" content=\"I Castelli\" \/>\n<meta property=\"article:modified_time\" content=\"2025-05-07T05:41:34+00:00\" \/>\n<meta property=\"og:image\" content=\"https:\/\/hotel-icastelli.com\/files\/2025\/03\/150x3.jpg\" \/>\n\t<meta property=\"og:image:width\" content=\"1024\" \/>\n\t<meta property=\"og:image:height\" content=\"273\" \/>\n\t<meta property=\"og:image:type\" content=\"image\/jpeg\" \/>\n<meta name=\"twitter:card\" content=\"summary_large_image\" \/>\n<meta name=\"twitter:label1\" content=\"Est. reading time\" \/>\n\t<meta name=\"twitter:data1\" content=\"2 minutes\" \/>\n<!-- \/ Yoast SEO plugin. -->","yoast_head_json":{"title":"Unesco - Paysages viticoles Langhe, Roero et Monferrato - Hotel in Centro Ad Alba - I Castelli","description":"Pour la premi\u00e8re fois, un paysage viticole italien, les Langhe Roero et Monferrato pi\u00e9montais, est reconnu comme ayant une valeur exceptionnelle par le","robots":{"index":"index","follow":"follow","max-snippet":"max-snippet:-1","max-image-preview":"max-image-preview:large","max-video-preview":"max-video-preview:-1"},"canonical":"https:\/\/hotel-icastelli.com\/fr\/tourisme\/unesco-paysages-viticoles-langhe-roero-et-monferrato\/","og_locale":"fr_FR","og_type":"article","og_title":"Unesco - Paysages viticoles Langhe, Roero et Monferrato - Hotel in Centro Ad Alba - I Castelli","og_description":"Pour la premi\u00e8re fois, un paysage viticole italien, les Langhe Roero et Monferrato pi\u00e9montais, est reconnu comme ayant une valeur exceptionnelle par le","og_url":"https:\/\/hotel-icastelli.com\/fr\/tourisme\/unesco-paysages-viticoles-langhe-roero-et-monferrato\/","og_site_name":"I Castelli","article_modified_time":"2025-05-07T05:41:34+00:00","og_image":[{"width":1024,"height":273,"url":"https:\/\/hotel-icastelli.com\/files\/2025\/03\/150x3.jpg","type":"image\/jpeg"}],"twitter_card":"summary_large_image","twitter_misc":{"Est. reading time":"2 minutes"},"schema":{"@context":"https:\/\/schema.org","@graph":[{"@type":"WebPage","@id":"https:\/\/hotel-icastelli.com\/fr\/tourisme\/unesco-paysages-viticoles-langhe-roero-et-monferrato\/","url":"https:\/\/hotel-icastelli.com\/fr\/tourisme\/unesco-paysages-viticoles-langhe-roero-et-monferrato\/","name":"Unesco - Paysages viticoles Langhe, Roero et Monferrato - Hotel in Centro Ad Alba - I Castelli","isPartOf":{"@id":"https:\/\/hotel-icastelli.com\/#website"},"primaryImageOfPage":{"@id":"https:\/\/hotel-icastelli.com\/fr\/tourisme\/unesco-paysages-viticoles-langhe-roero-et-monferrato\/#primaryimage"},"image":{"@id":"https:\/\/hotel-icastelli.com\/fr\/tourisme\/unesco-paysages-viticoles-langhe-roero-et-monferrato\/#primaryimage"},"thumbnailUrl":"https:\/\/hotel-icastelli.com\/files\/2025\/03\/150x3.jpg","datePublished":"2013-08-28T07:18:59+00:00","dateModified":"2025-05-07T05:41:34+00:00","description":"Pour la premi\u00e8re fois, un paysage viticole italien, les Langhe Roero et Monferrato pi\u00e9montais, est reconnu comme ayant une valeur exceptionnelle par le","breadcrumb":{"@id":"https:\/\/hotel-icastelli.com\/fr\/tourisme\/unesco-paysages-viticoles-langhe-roero-et-monferrato\/#breadcrumb"},"inLanguage":"fr-FR","potentialAction":[{"@type":"ReadAction","target":["https:\/\/hotel-icastelli.com\/fr\/tourisme\/unesco-paysages-viticoles-langhe-roero-et-monferrato\/"]}]},{"@type":"ImageObject","inLanguage":"fr-FR","@id":"https:\/\/hotel-icastelli.com\/fr\/tourisme\/unesco-paysages-viticoles-langhe-roero-et-monferrato\/#primaryimage","url":"https:\/\/hotel-icastelli.com\/files\/2025\/03\/150x3.jpg","contentUrl":"https:\/\/hotel-icastelli.com\/files\/2025\/03\/150x3.jpg","width":1024,"height":273},{"@type":"BreadcrumbList","@id":"https:\/\/hotel-icastelli.com\/fr\/tourisme\/unesco-paysages-viticoles-langhe-roero-et-monferrato\/#breadcrumb","itemListElement":[{"@type":"ListItem","position":1,"name":"Home","item":"https:\/\/hotel-icastelli.com\/fr\/"},{"@type":"ListItem","position":2,"name":"Tourisme","item":"https:\/\/hotel-icastelli.com\/fr\/tourisme\/"},{"@type":"ListItem","position":3,"name":"Unesco &#8211; Paysages viticoles Langhe, Roero et Monferrato"}]},{"@type":"WebSite","@id":"https:\/\/hotel-icastelli.com\/#website","url":"https:\/\/hotel-icastelli.com\/","name":"I Castelli","description":"Hotel in Centro Ad Alba","publisher":{"@id":"https:\/\/hotel-icastelli.com\/#organization"},"potentialAction":[{"@type":"SearchAction","target":{"@type":"EntryPoint","urlTemplate":"https:\/\/hotel-icastelli.com\/?s={search_term_string}"},"query-input":{"@type":"PropertyValueSpecification","valueRequired":true,"valueName":"search_term_string"}}],"inLanguage":"fr-FR"},{"@type":"Organization","@id":"https:\/\/hotel-icastelli.com\/#organization","name":"I Castelli","url":"https:\/\/hotel-icastelli.com\/","logo":{"@type":"ImageObject","inLanguage":"fr-FR","@id":"https:\/\/hotel-icastelli.com\/#\/schema\/logo\/image\/","url":"","contentUrl":"","caption":"I Castelli"},"image":{"@id":"https:\/\/hotel-icastelli.com\/#\/schema\/logo\/image\/"}}]}},"acf":[],"_links":{"self":[{"href":"https:\/\/hotel-icastelli.com\/fr\/wp-json\/wp\/v2\/pages\/5398","targetHints":{"allow":["GET"]}}],"collection":[{"href":"https:\/\/hotel-icastelli.com\/fr\/wp-json\/wp\/v2\/pages"}],"about":[{"href":"https:\/\/hotel-icastelli.com\/fr\/wp-json\/wp\/v2\/types\/page"}],"author":[{"embeddable":true,"href":"https:\/\/hotel-icastelli.com\/fr\/wp-json\/wp\/v2\/users\/152"}],"replies":[{"embeddable":true,"href":"https:\/\/hotel-icastelli.com\/fr\/wp-json\/wp\/v2\/comments?post=5398"}],"version-history":[{"count":0,"href":"https:\/\/hotel-icastelli.com\/fr\/wp-json\/wp\/v2\/pages\/5398\/revisions"}],"up":[{"embeddable":true,"href":"https:\/\/hotel-icastelli.com\/fr\/wp-json\/wp\/v2\/pages\/5094"}],"wp:featuredmedia":[{"embeddable":true,"href":"https:\/\/hotel-icastelli.com\/fr\/wp-json\/wp\/v2\/media\/4072"}],"wp:attachment":[{"href":"https:\/\/hotel-icastelli.com\/fr\/wp-json\/wp\/v2\/media?parent=5398"}],"curies":[{"name":"wp","href":"https:\/\/api.w.org\/{rel}","templated":true}]}}