{"id":4938,"date":"2025-03-14T11:24:16","date_gmt":"2025-03-14T10:24:16","guid":{"rendered":"https:\/\/hotel-icastelli.com\/ginasio\/"},"modified":"2025-11-12T15:19:51","modified_gmt":"2025-11-12T14:19:51","slug":"ginasio","status":"publish","type":"page","link":"https:\/\/hotel-icastelli.com\/pt-br\/hoteis\/ginasio\/","title":{"rendered":"Gin\u00e1sio"},"content":{"rendered":"\n<p>Em nossa academia de gin\u00e1stica de 30 metros quadrados, com ar-condicionado e luz natural, temos \u00e0 sua disposi\u00e7\u00e3o<br\/>gratuitamente tr\u00eas esteiras e outros aparelhos para<br\/>manter voc\u00ea em forma ou para trabalhar os excessos de bebida, inevit\u00e1veis durante sua<br\/>estadia na terra da boa comida e do vinho.<\/p>\n<section class=\"grid grid--mt-default grid--mb-default grid--align-full grid--no-background  __grid is-style-first-big-3\">\n  <div class=\"grid__inner grid__inner--align-full\">\n        <ul class=\"grid__row grid__row--columns-3 grid__row--valign-top combos combos--columns-3\">\n              \n<div class=\"combo combo--3-cols combo--align-center combo--textalign-default combo--has-background has-dark-background-color combos__combo \">\n      <div class=\"combo__bg combo__bg--position-default combo__bg--overlay-is-default \">\n      <picture class=\"ratio__content\" alt=\"\" title=\"\" data-caption=\"\"> \n                <source loading=\"lazy\" srcset=\"https:\/\/hotel-icastelli.com\/files\/2025\/02\/Vitello-tonnato.jpg\" media=\"(min-width: 1400px)\" \/>\n\n              <source loading=\"lazy\" srcset=\"https:\/\/hotel-icastelli.com\/files\/2025\/02\/Vitello-tonnato-1335x875.jpg\" media=\"(min-width: 574px)\" \/>\n\n              <source loading=\"lazy\" srcset=\"https:\/\/hotel-icastelli.com\/files\/2025\/02\/Vitello-tonnato-574x765.jpg\" \/>\n\n                <img decoding=\"async\"  width=\"\" height=\"\" loading=\"lazy\" alt=\"Vitello tonnato\" title=\"Vitello tonnato\" data-caption=\"\" src=\"https:\/\/hotel-icastelli.com\/files\/2025\/02\/Vitello-tonnato.jpg\" data-src=\"https:\/\/hotel-icastelli.com\/files\/2025\/02\/Vitello-tonnato.jpg\"\/>\n\n        \n<\/picture>\n    <\/div>\n        <div class=\"combo__overlay combo__overlay--is-default combo__overlay--color-dark\"><\/div>\n    <div class=\"combo__inner combo__inner--text-align-default combo__inner--has-background combo__inner--has-dark-background-color \">\n          <h4 class=\"combo__tagline\">\n        Restaurante\n      <\/h4>\n              <h2 class=\"combo__title\">\n        Para deixar voc\u00ea curioso\n      <\/h2>\n                  <div class=\"combo__description\">\n        \n\n<p>Jante no terra\u00e7o panor\u00e2mico e saboreie as iguarias de Langhe.<\/p>\n\n\n      <\/div>\n              <div class=\"combo__cta\">\n          <a href=\"https:\/\/hotel-icastelli.com\/pt-br\/restaurante\/\" title=\"Descobrir\" target=\"_self\" class=\"combo__button button button--combo\">\n            Descobrir\n          <\/a>\n        <\/div>\n            <\/div>\n<\/div>\n\n<div class=\"combo combo--3-cols combo--align-center combo--textalign-default combo--has-background has-dark-background-color combos__combo \">\n      <div class=\"combo__bg combo__bg--position-default combo__bg--overlay-is-default \">\n      <picture class=\"ratio__content\" alt=\"\" title=\"\" data-caption=\"\"> \n                <source loading=\"lazy\" srcset=\"https:\/\/hotel-icastelli.com\/files\/2025\/04\/suite-castelli.jpeg\" media=\"(min-width: 1400px)\" \/>\n\n              <source loading=\"lazy\" srcset=\"https:\/\/hotel-icastelli.com\/files\/2025\/04\/suite-castelli-1400x875.jpeg\" media=\"(min-width: 574px)\" \/>\n\n              <source loading=\"lazy\" srcset=\"https:\/\/hotel-icastelli.com\/files\/2025\/04\/suite-castelli-574x765.jpeg\" \/>\n\n                <img decoding=\"async\"  width=\"\" height=\"\" loading=\"lazy\" alt=\"suite-castelli\" title=\"suite-castelli\" data-caption=\"\" src=\"https:\/\/hotel-icastelli.com\/files\/2025\/04\/suite-castelli.jpeg\" data-src=\"https:\/\/hotel-icastelli.com\/files\/2025\/04\/suite-castelli.jpeg\"\/>\n\n        \n<\/picture>\n    <\/div>\n        <div class=\"combo__overlay combo__overlay--is-default combo__overlay--color-dark\"><\/div>\n    <div class=\"combo__inner combo__inner--text-align-default combo__inner--has-background combo__inner--has-dark-background-color \">\n          <h4 class=\"combo__tagline\">\n        Quartos\n      <\/h4>\n              <h2 class=\"combo__title\">\n        Conforto e eleg\u00e2ncia\n      <\/h2>\n                  <div class=\"combo__description\">\n        \n\n<p>Descansar em uma cama confort\u00e1vel, espa\u00e7osa e com todos os confortos<\/p>\n\n\n      <\/div>\n              <div class=\"combo__cta\">\n          <a href=\"https:\/\/hotel-icastelli.com\/pt-br\/hoteis\/quartos\/\" title=\"Descobrir\" target=\"_self\" class=\"combo__button button button--combo\">\n            Descobrir\n          <\/a>\n        <\/div>\n            <\/div>\n<\/div>\n\n<div class=\"combo combo--3-cols combo--align-center combo--textalign-default combo--has-background has-dark-background-color combos__combo \">\n      <div class=\"combo__bg combo__bg--position-default combo__bg--overlay-is-default \">\n      <picture class=\"ratio__content\" alt=\"\" title=\"\" data-caption=\"\"> \n                <source loading=\"lazy\" srcset=\"https:\/\/hotel-icastelli.com\/files\/2025\/02\/colazioni.jpg\" media=\"(min-width: 1400px)\" \/>\n\n              <source loading=\"lazy\" srcset=\"https:\/\/hotel-icastelli.com\/files\/2025\/02\/colazioni-1400x875.jpg\" media=\"(min-width: 574px)\" \/>\n\n              <source loading=\"lazy\" srcset=\"https:\/\/hotel-icastelli.com\/files\/2025\/02\/colazioni-574x765.jpg\" \/>\n\n                <img decoding=\"async\"  width=\"\" height=\"\" loading=\"lazy\" alt=\"colazioni\" title=\"colazioni\" data-caption=\"\" src=\"https:\/\/hotel-icastelli.com\/files\/2025\/02\/colazioni.jpg\" data-src=\"https:\/\/hotel-icastelli.com\/files\/2025\/02\/colazioni.jpg\"\/>\n\n        \n<\/picture>\n    <\/div>\n        <div class=\"combo__overlay combo__overlay--is-default combo__overlay--color-dark\"><\/div>\n    <div class=\"combo__inner combo__inner--text-align-default combo__inner--has-background combo__inner--has-dark-background-color \">\n          <h4 class=\"combo__tagline\">\n        Caf\u00e9 da manh\u00e3\n      <\/h4>\n              <h2 class=\"combo__title\">\n        Para um bom come\u00e7o de dia\n      <\/h2>\n                  <div class=\"combo__description\">\n        \n\n<p>Come\u00e7ar bem o dia com um bom caf\u00e9 da manh\u00e3 e produtos para todas as necessidades e intoler\u00e2ncias<\/p>\n\n\n      <\/div>\n              <div class=\"combo__cta\">\n          <a href=\"https:\/\/hotel-icastelli.com\/pt-br\/hoteis\/sala-de-cafe-da-manha\/\" title=\"Descobrir\" target=\"_self\" class=\"combo__button button button--combo\">\n            Descobrir\n          <\/a>\n        <\/div>\n            <\/div>\n<\/div>\n\n          <\/ul>\n      <\/div>\n<\/section>","protected":false},"excerpt":{"rendered":"<p>Em nossa academia de gin\u00e1stica de 30 metros quadrados, com ar-condicionado e luz natural, temos \u00e0 sua disposi\u00e7\u00e3ogratuitamente tr\u00eas esteiras e outros aparelhos paramanter voc\u00ea em forma ou para trabalhar os excessos de bebida, inevit\u00e1veis durante suaestadia na terra da boa comida e do vinho.<\/p>\n","protected":false},"author":152,"featured_media":4606,"parent":5140,"menu_order":0,"comment_status":"closed","ping_status":"closed","template":"","meta":{"_acf_changed":false,"_monsterinsights_skip_tracking":false,"_monsterinsights_sitenote_active":false,"_monsterinsights_sitenote_note":"","_monsterinsights_sitenote_category":0,"footnotes":""},"class_list":["post-4938","page","type-page","status-publish","has-post-thumbnail","hentry"],"yoast_head":"<!-- This site is optimized with the Yoast SEO plugin v27.2 - https:\/\/yoast.com\/product\/yoast-seo-wordpress\/ -->\n<title>Gin\u00e1sio - Hotel in Centro Ad Alba - I Castelli<\/title>\n<meta name=\"description\" content=\"Em nossa academia de gin\u00e1stica de 30 metros quadrados, com ar-condicionado e luz natural, temos \u00e0 sua disposi\u00e7\u00e3ogratuitamente tr\u00eas esteiras e outros\" \/>\n<meta name=\"robots\" content=\"index, follow, max-snippet:-1, max-image-preview:large, max-video-preview:-1\" \/>\n<link rel=\"canonical\" href=\"https:\/\/hotel-icastelli.com\/pt-br\/hoteis\/ginasio\/\" \/>\n<meta property=\"og:locale\" content=\"pt_BR\" \/>\n<meta property=\"og:type\" content=\"article\" \/>\n<meta property=\"og:title\" content=\"Gin\u00e1sio - Hotel in Centro Ad Alba - I Castelli\" \/>\n<meta property=\"og:description\" content=\"Em nossa academia de gin\u00e1stica de 30 metros quadrados, com ar-condicionado e luz natural, temos \u00e0 sua disposi\u00e7\u00e3ogratuitamente tr\u00eas esteiras e outros\" \/>\n<meta property=\"og:url\" content=\"https:\/\/hotel-icastelli.com\/pt-br\/hoteis\/ginasio\/\" \/>\n<meta property=\"og:site_name\" content=\"I Castelli\" \/>\n<meta property=\"article:modified_time\" content=\"2025-11-12T14:19:51+00:00\" \/>\n<meta property=\"og:image\" content=\"https:\/\/hotel-icastelli.com\/files\/2025\/03\/pal-1.jpg\" \/>\n\t<meta property=\"og:image:width\" content=\"2000\" \/>\n\t<meta property=\"og:image:height\" content=\"1500\" \/>\n\t<meta property=\"og:image:type\" content=\"image\/jpeg\" \/>\n<meta name=\"twitter:card\" content=\"summary_large_image\" \/>\n<!-- \/ Yoast SEO plugin. -->","yoast_head_json":{"title":"Gin\u00e1sio - Hotel in Centro Ad Alba - I Castelli","description":"Em nossa academia de gin\u00e1stica de 30 metros quadrados, com ar-condicionado e luz natural, temos \u00e0 sua disposi\u00e7\u00e3ogratuitamente tr\u00eas esteiras e outros","robots":{"index":"index","follow":"follow","max-snippet":"max-snippet:-1","max-image-preview":"max-image-preview:large","max-video-preview":"max-video-preview:-1"},"canonical":"https:\/\/hotel-icastelli.com\/pt-br\/hoteis\/ginasio\/","og_locale":"pt_BR","og_type":"article","og_title":"Gin\u00e1sio - Hotel in Centro Ad Alba - I Castelli","og_description":"Em nossa academia de gin\u00e1stica de 30 metros quadrados, com ar-condicionado e luz natural, temos \u00e0 sua disposi\u00e7\u00e3ogratuitamente tr\u00eas esteiras e outros","og_url":"https:\/\/hotel-icastelli.com\/pt-br\/hoteis\/ginasio\/","og_site_name":"I Castelli","article_modified_time":"2025-11-12T14:19:51+00:00","og_image":[{"width":2000,"height":1500,"url":"https:\/\/hotel-icastelli.com\/files\/2025\/03\/pal-1.jpg","type":"image\/jpeg"}],"twitter_card":"summary_large_image","schema":{"@context":"https:\/\/schema.org","@graph":[{"@type":"WebPage","@id":"https:\/\/hotel-icastelli.com\/pt-br\/hoteis\/ginasio\/","url":"https:\/\/hotel-icastelli.com\/pt-br\/hoteis\/ginasio\/","name":"Gin\u00e1sio - Hotel in Centro Ad Alba - I Castelli","isPartOf":{"@id":"https:\/\/hotel-icastelli.com\/#website"},"primaryImageOfPage":{"@id":"https:\/\/hotel-icastelli.com\/pt-br\/hoteis\/ginasio\/#primaryimage"},"image":{"@id":"https:\/\/hotel-icastelli.com\/pt-br\/hoteis\/ginasio\/#primaryimage"},"thumbnailUrl":"https:\/\/hotel-icastelli.com\/files\/2025\/03\/pal-1.jpg","datePublished":"2025-03-14T10:24:16+00:00","dateModified":"2025-11-12T14:19:51+00:00","description":"Em nossa academia de gin\u00e1stica de 30 metros quadrados, com ar-condicionado e luz natural, temos \u00e0 sua disposi\u00e7\u00e3ogratuitamente tr\u00eas esteiras e outros","breadcrumb":{"@id":"https:\/\/hotel-icastelli.com\/pt-br\/hoteis\/ginasio\/#breadcrumb"},"inLanguage":"pt-BR","potentialAction":[{"@type":"ReadAction","target":["https:\/\/hotel-icastelli.com\/pt-br\/hoteis\/ginasio\/"]}]},{"@type":"ImageObject","inLanguage":"pt-BR","@id":"https:\/\/hotel-icastelli.com\/pt-br\/hoteis\/ginasio\/#primaryimage","url":"https:\/\/hotel-icastelli.com\/files\/2025\/03\/pal-1.jpg","contentUrl":"https:\/\/hotel-icastelli.com\/files\/2025\/03\/pal-1.jpg","width":2000,"height":1500},{"@type":"BreadcrumbList","@id":"https:\/\/hotel-icastelli.com\/pt-br\/hoteis\/ginasio\/#breadcrumb","itemListElement":[{"@type":"ListItem","position":1,"name":"Home","item":"https:\/\/hotel-icastelli.com\/pt-br\/"},{"@type":"ListItem","position":2,"name":"Hot\u00e9is","item":"https:\/\/hotel-icastelli.com\/pt-br\/hoteis\/"},{"@type":"ListItem","position":3,"name":"Gin\u00e1sio"}]},{"@type":"WebSite","@id":"https:\/\/hotel-icastelli.com\/#website","url":"https:\/\/hotel-icastelli.com\/","name":"I Castelli","description":"Hotel in Centro Ad Alba","publisher":{"@id":"https:\/\/hotel-icastelli.com\/#organization"},"potentialAction":[{"@type":"SearchAction","target":{"@type":"EntryPoint","urlTemplate":"https:\/\/hotel-icastelli.com\/?s={search_term_string}"},"query-input":{"@type":"PropertyValueSpecification","valueRequired":true,"valueName":"search_term_string"}}],"inLanguage":"pt-BR"},{"@type":"Organization","@id":"https:\/\/hotel-icastelli.com\/#organization","name":"I Castelli","url":"https:\/\/hotel-icastelli.com\/","logo":{"@type":"ImageObject","inLanguage":"pt-BR","@id":"https:\/\/hotel-icastelli.com\/#\/schema\/logo\/image\/","url":"","contentUrl":"","caption":"I Castelli"},"image":{"@id":"https:\/\/hotel-icastelli.com\/#\/schema\/logo\/image\/"}}]}},"acf":[],"_links":{"self":[{"href":"https:\/\/hotel-icastelli.com\/pt-br\/wp-json\/wp\/v2\/pages\/4938","targetHints":{"allow":["GET"]}}],"collection":[{"href":"https:\/\/hotel-icastelli.com\/pt-br\/wp-json\/wp\/v2\/pages"}],"about":[{"href":"https:\/\/hotel-icastelli.com\/pt-br\/wp-json\/wp\/v2\/types\/page"}],"author":[{"embeddable":true,"href":"https:\/\/hotel-icastelli.com\/pt-br\/wp-json\/wp\/v2\/users\/152"}],"replies":[{"embeddable":true,"href":"https:\/\/hotel-icastelli.com\/pt-br\/wp-json\/wp\/v2\/comments?post=4938"}],"version-history":[{"count":0,"href":"https:\/\/hotel-icastelli.com\/pt-br\/wp-json\/wp\/v2\/pages\/4938\/revisions"}],"up":[{"embeddable":true,"href":"https:\/\/hotel-icastelli.com\/pt-br\/wp-json\/wp\/v2\/pages\/5140"}],"wp:featuredmedia":[{"embeddable":true,"href":"https:\/\/hotel-icastelli.com\/pt-br\/wp-json\/wp\/v2\/media\/4606"}],"wp:attachment":[{"href":"https:\/\/hotel-icastelli.com\/pt-br\/wp-json\/wp\/v2\/media?parent=4938"}],"curies":[{"name":"wp","href":"https:\/\/api.w.org\/{rel}","templated":true}]}}