{"id":4960,"date":"2025-03-14T11:06:47","date_gmt":"2025-03-14T10:06:47","guid":{"rendered":"https:\/\/hotel-icastelli.com\/sala-de-cafe-da-manha\/"},"modified":"2025-11-12T15:21:35","modified_gmt":"2025-11-12T14:21:35","slug":"sala-de-cafe-da-manha","status":"publish","type":"page","link":"https:\/\/hotel-icastelli.com\/pt-br\/hoteis\/sala-de-cafe-da-manha\/","title":{"rendered":"Sala de caf\u00e9 da manh\u00e3"},"content":{"rendered":"<section class=\"text-gallery text-gallery--text-is-left text-gallery--mt-default text-gallery--mb-default text-gallery--align-full text-gallery--no-background text-gallery--align-full text-gallery--valign-center __gallery text-gallery--text-mobile-is-top \">\n   <div class=\"text-gallery__inner text-gallery__inner--align-full text-gallery__inner--valign-center flex-columns\">\n    <div class=\"text-gallery__text text-gallery__text--is-left text-gallery__text--is-mobile-top flex-column flex-column--width-50\">\n              <div class=\"text-gallery__typography typography typography--text-is-left\">\n                    \n\n<p>Para que voc\u00ea tenha a energia certa desde a primeira manh\u00e3, oferecemos um farto buf\u00ea de caf\u00e9 da manh\u00e3 com v\u00e1rias <strong>bebidas quentes<\/strong>, <strong>sucos de frutas<\/strong>, <strong>croissants<\/strong>, <strong>cereais<\/strong>, biscoitos, p\u00e3es, tostas, geleias variadas, <strong>frios<\/strong>, <strong>queijos<\/strong>, <strong>ovos<\/strong>, iogurte e bolos caseiros.<\/p>\n\n\n\n<p>Come\u00e7ar o dia com o p\u00e9 direito, mesmo quando voc\u00ea est\u00e1 de f\u00e9rias, \u00e9 muito importante: ainda mais se voc\u00ea estiver de <a href=\"https:\/\/hotel-icastelli.com\/pt-br\/turismo\/\">f\u00e9rias em Langhe<\/a>, onde n\u00e3o faltam oportunidades para excurs\u00f5es em meio \u00e0 beleza da <strong>paisagem<\/strong> ou caminhadas em busca de trufas.<\/p>\n\n\n\n<p>Doce ou salgado, <strong>de acordo com o seu gosto<\/strong>, mas acima de tudo<strong> bondade e abund\u00e2ncia<\/strong> em um caf\u00e9 da manh\u00e3 que certamente n\u00e3o deixar\u00e1 voc\u00ea insatisfeito, oferecendo produtos frescos e genu\u00ednos, com sabores que tornam o despertar mais doce e preparam melhor voc\u00ea para um dia cheio de energia.<\/p>\n\n\n        <\/div>\n          <\/div>\n    <div class=\"text-gallery__gallery-container text-gallery__gallery-container--is-right flex-column flex-column--width-50\">\n      <div class=\"text-gallery__gallery text-gallery__gallery--is-right text-gallery__gallery--style-default\">\n        \n\n<figure class=\"wp-block-gallery has-nested-images columns-2 is-cropped wp-block-gallery-2\">\n<figure class=\"wp-block-image size-square_sm\"><a href=\"https:\/\/hotel-icastelli.com\/files\/2025\/04\/031-350x350.jpeg\"><img loading=\"lazy\" decoding=\"async\" width=\"350\" height=\"350\" data-id=\"4764\" src=\"https:\/\/hotel-icastelli.com\/files\/2025\/04\/031-350x350.jpeg\" alt=\"\" class=\"wp-image-4764\" srcset=\"https:\/\/hotel-icastelli.com\/files\/2025\/04\/031-350x350.jpeg 350w, https:\/\/hotel-icastelli.com\/files\/2025\/04\/031-150x150.jpeg 150w, https:\/\/hotel-icastelli.com\/files\/2025\/04\/031-900x900.jpeg 900w, https:\/\/hotel-icastelli.com\/files\/2025\/04\/031-600x600.jpeg 600w\" sizes=\"auto, (max-width: 350px) 100vw, 350px\" \/><\/a><\/figure>\n\n\n\n<figure class=\"wp-block-image size-square_sm\"><a href=\"https:\/\/hotel-icastelli.com\/files\/2025\/04\/colazioni-350x350.jpeg\"><img loading=\"lazy\" decoding=\"async\" width=\"350\" height=\"350\" data-id=\"4750\" src=\"https:\/\/hotel-icastelli.com\/files\/2025\/04\/colazioni-350x350.jpeg\" alt=\"\" class=\"wp-image-4750\" srcset=\"https:\/\/hotel-icastelli.com\/files\/2025\/04\/colazioni-350x350.jpeg 350w, https:\/\/hotel-icastelli.com\/files\/2025\/04\/colazioni-150x150.jpeg 150w, https:\/\/hotel-icastelli.com\/files\/2025\/04\/colazioni-900x900.jpeg 900w, https:\/\/hotel-icastelli.com\/files\/2025\/04\/colazioni-600x600.jpeg 600w\" sizes=\"auto, (max-width: 350px) 100vw, 350px\" \/><\/a><\/figure>\n\n\n\n<figure class=\"wp-block-image size-square_sm\"><a href=\"https:\/\/hotel-icastelli.com\/files\/2025\/04\/049-350x350.jpeg\"><img loading=\"lazy\" decoding=\"async\" width=\"350\" height=\"350\" data-id=\"4792\" src=\"https:\/\/hotel-icastelli.com\/files\/2025\/04\/049-350x350.jpeg\" alt=\"\" class=\"wp-image-4792\" srcset=\"https:\/\/hotel-icastelli.com\/files\/2025\/04\/049-350x350.jpeg 350w, https:\/\/hotel-icastelli.com\/files\/2025\/04\/049-150x150.jpeg 150w, https:\/\/hotel-icastelli.com\/files\/2025\/04\/049-900x900.jpeg 900w, https:\/\/hotel-icastelli.com\/files\/2025\/04\/049-600x600.jpeg 600w\" sizes=\"auto, (max-width: 350px) 100vw, 350px\" \/><\/a><\/figure>\n\n\n\n<figure class=\"wp-block-image size-square_sm\"><a href=\"https:\/\/hotel-icastelli.com\/files\/2025\/04\/colazioni-2-350x350.jpeg\"><img loading=\"lazy\" decoding=\"async\" width=\"350\" height=\"350\" data-id=\"4836\" src=\"https:\/\/hotel-icastelli.com\/files\/2025\/04\/colazioni-2-350x350.jpeg\" alt=\"\" class=\"wp-image-4836\" srcset=\"https:\/\/hotel-icastelli.com\/files\/2025\/04\/colazioni-2-350x350.jpeg 350w, https:\/\/hotel-icastelli.com\/files\/2025\/04\/colazioni-2-150x150.jpeg 150w, https:\/\/hotel-icastelli.com\/files\/2025\/04\/colazioni-2-900x900.jpeg 900w, https:\/\/hotel-icastelli.com\/files\/2025\/04\/colazioni-2-600x600.jpeg 600w\" sizes=\"auto, (max-width: 350px) 100vw, 350px\" \/><\/a><\/figure>\n<\/figure>\n\n\n      <\/div>\n          <\/div>\n  <\/div>\n<\/section><section class=\"grid grid--mt-default grid--mb-default grid--align-full grid--no-background  __grid is-style-first-big-3\">\n  <div class=\"grid__inner grid__inner--align-full\">\n        <ul class=\"grid__row grid__row--columns-3 grid__row--valign-top combos combos--columns-3\">\n              \n<div class=\"combo combo--3-cols combo--align-center combo--textalign-default combo--has-background has-dark-background-color combos__combo \">\n      <div class=\"combo__bg combo__bg--position-default combo__bg--overlay-is-default \">\n      <picture class=\"ratio__content\" alt=\"\" title=\"\" data-caption=\"\"> \n                <source loading=\"lazy\" srcset=\"https:\/\/hotel-icastelli.com\/files\/2025\/04\/d.jpg\" media=\"(min-width: 1400px)\" \/>\n\n              <source loading=\"lazy\" srcset=\"https:\/\/hotel-icastelli.com\/files\/2025\/04\/d-1400x875.jpg\" media=\"(min-width: 574px)\" \/>\n\n              <source loading=\"lazy\" srcset=\"https:\/\/hotel-icastelli.com\/files\/2025\/04\/d-574x765.jpg\" \/>\n\n                <img decoding=\"async\"  width=\"\" height=\"\" loading=\"lazy\" alt=\"d\" title=\"d\" data-caption=\"\" src=\"https:\/\/hotel-icastelli.com\/files\/2025\/04\/d.jpg\" data-src=\"https:\/\/hotel-icastelli.com\/files\/2025\/04\/d.jpg\"\/>\n\n        \n<\/picture>\n    <\/div>\n        <div class=\"combo__overlay combo__overlay--is-default combo__overlay--color-dark\"><\/div>\n    <div class=\"combo__inner combo__inner--text-align-default combo__inner--has-background combo__inner--has-dark-background-color \">\n          <h4 class=\"combo__tagline\">\n        Restaurante\n      <\/h4>\n              <h2 class=\"combo__title\">\n        Para deixar voc\u00ea curioso\n      <\/h2>\n                  <div class=\"combo__description\">\n        \n\n<p>Jante no terra\u00e7o panor\u00e2mico e saboreie as iguarias de Langhe.<\/p>\n\n\n      <\/div>\n              <div class=\"combo__cta\">\n          <a href=\"https:\/\/hotel-icastelli.com\/pt-br\/restaurante\/\" title=\"Descobrir\" target=\"_self\" class=\"combo__button button button--combo\">\n            Descobrir\n          <\/a>\n        <\/div>\n            <\/div>\n<\/div>\n\n<div class=\"combo combo--3-cols combo--align-center combo--textalign-default combo--has-background has-dark-background-color combos__combo \">\n      <div class=\"combo__bg combo__bg--position-default combo__bg--overlay-is-default \">\n      <picture class=\"ratio__content\" alt=\"\" title=\"\" data-caption=\"\"> \n                <source loading=\"lazy\" srcset=\"https:\/\/hotel-icastelli.com\/files\/2025\/04\/suite-castelli.jpeg\" media=\"(min-width: 1400px)\" \/>\n\n              <source loading=\"lazy\" srcset=\"https:\/\/hotel-icastelli.com\/files\/2025\/04\/suite-castelli-1400x875.jpeg\" media=\"(min-width: 574px)\" \/>\n\n              <source loading=\"lazy\" srcset=\"https:\/\/hotel-icastelli.com\/files\/2025\/04\/suite-castelli-574x765.jpeg\" \/>\n\n                <img decoding=\"async\"  width=\"\" height=\"\" loading=\"lazy\" alt=\"suite-castelli\" title=\"suite-castelli\" data-caption=\"\" src=\"https:\/\/hotel-icastelli.com\/files\/2025\/04\/suite-castelli.jpeg\" data-src=\"https:\/\/hotel-icastelli.com\/files\/2025\/04\/suite-castelli.jpeg\"\/>\n\n        \n<\/picture>\n    <\/div>\n        <div class=\"combo__overlay combo__overlay--is-default combo__overlay--color-dark\"><\/div>\n    <div class=\"combo__inner combo__inner--text-align-default combo__inner--has-background combo__inner--has-dark-background-color \">\n          <h4 class=\"combo__tagline\">\n        Quartos\n      <\/h4>\n              <h2 class=\"combo__title\">\n        Conforto e eleg\u00e2ncia\n      <\/h2>\n                  <div class=\"combo__description\">\n        \n\n<p>Descansar em uma cama confort\u00e1vel, espa\u00e7osa e com todos os confortos<\/p>\n\n\n      <\/div>\n              <div class=\"combo__cta\">\n          <a href=\"\" title=\"Descobrir\" target=\"_self\" class=\"combo__button button button--combo\">\n            Descobrir\n          <\/a>\n        <\/div>\n            <\/div>\n<\/div>\n\n<div class=\"combo combo--3-cols combo--align-center combo--textalign-default combo--has-background has-dark-background-color combos__combo \">\n      <div class=\"combo__bg combo__bg--position-default combo__bg--overlay-is-default \">\n      <picture class=\"ratio__content\" alt=\"\" title=\"\" data-caption=\"\"> \n                <source loading=\"lazy\" srcset=\"http:\/\/castelli.langhe.test\/wp-content\/uploads\/sites\/32\/2025\/02\/camera-02.jpg\" media=\"(min-width: 1400px)\" \/>\n\n              <source loading=\"lazy\" srcset=\"http:\/\/castelli.langhe.test\/wp-content\/uploads\/sites\/32\/2025\/02\/camera-02-1400x875.jpg\" media=\"(min-width: 574px)\" \/>\n\n              <source loading=\"lazy\" srcset=\"http:\/\/castelli.langhe.test\/wp-content\/uploads\/sites\/32\/2025\/02\/camera-02-574x765.jpg\" \/>\n\n                <img decoding=\"async\"  width=\"\" height=\"\" loading=\"lazy\" alt=\"camera-02\" title=\"camera-02\" data-caption=\"\" src=\"http:\/\/castelli.langhe.test\/wp-content\/uploads\/sites\/32\/2025\/02\/camera-02.jpg\" data-src=\"http:\/\/castelli.langhe.test\/wp-content\/uploads\/sites\/32\/2025\/02\/camera-02.jpg\"\/>\n\n        \n<\/picture>\n    <\/div>\n        <div class=\"combo__overlay combo__overlay--is-default combo__overlay--color-dark\"><\/div>\n    <div class=\"combo__inner combo__inner--text-align-default combo__inner--has-background combo__inner--has-dark-background-color \">\n          <h4 class=\"combo__tagline\">\n        Gin\u00e1sio\n      <\/h4>\n              <h2 class=\"combo__title\">\n        Mantenha seu ritmo\n      <\/h2>\n                  <div class=\"combo__description\">\n        \n\n<p>Mesmo durante as f\u00e9rias ou em uma viagem de neg\u00f3cios, n\u00e3o abandone seus h\u00e1bitos esportivos.<\/p>\n\n\n      <\/div>\n              <div class=\"combo__cta\">\n          <a href=\"https:\/\/hotel-icastelli.com\/pt-br\/hoteis\/ginasio\/\" title=\"Descobrir\" target=\"_self\" class=\"combo__button button button--combo\">\n            Descobrir\n          <\/a>\n        <\/div>\n            <\/div>\n<\/div>\n\n          <\/ul>\n      <\/div>\n<\/section>","protected":false},"excerpt":{"rendered":"","protected":false},"author":152,"featured_media":3742,"parent":5140,"menu_order":0,"comment_status":"closed","ping_status":"closed","template":"","meta":{"_acf_changed":false,"_monsterinsights_skip_tracking":false,"_monsterinsights_sitenote_active":false,"_monsterinsights_sitenote_note":"","_monsterinsights_sitenote_category":0,"footnotes":""},"class_list":["post-4960","page","type-page","status-publish","has-post-thumbnail","hentry"],"yoast_head":"<!-- This site is optimized with the Yoast SEO plugin v27.2 - https:\/\/yoast.com\/product\/yoast-seo-wordpress\/ -->\n<title>Sala de caf\u00e9 da manh\u00e3 - Hotel in Centro Ad Alba - I Castelli<\/title>\n<meta name=\"description\" content=\"Para que voc\u00ea tenha a energia certa desde a primeira manh\u00e3, oferecemos um farto buf\u00ea de caf\u00e9 da manh\u00e3 com v\u00e1rias bebidas quentes, sucos de frutas,\" \/>\n<meta name=\"robots\" content=\"index, follow, max-snippet:-1, max-image-preview:large, max-video-preview:-1\" \/>\n<link rel=\"canonical\" href=\"https:\/\/hotel-icastelli.com\/pt-br\/hoteis\/sala-de-cafe-da-manha\/\" \/>\n<meta property=\"og:locale\" content=\"pt_BR\" \/>\n<meta property=\"og:type\" content=\"article\" \/>\n<meta property=\"og:title\" content=\"Sala de caf\u00e9 da manh\u00e3 - Hotel in Centro Ad Alba - I Castelli\" \/>\n<meta property=\"og:description\" content=\"Para que voc\u00ea tenha a energia certa desde a primeira manh\u00e3, oferecemos um farto buf\u00ea de caf\u00e9 da manh\u00e3 com v\u00e1rias bebidas quentes, sucos de frutas,\" \/>\n<meta property=\"og:url\" content=\"https:\/\/hotel-icastelli.com\/pt-br\/hoteis\/sala-de-cafe-da-manha\/\" \/>\n<meta property=\"og:site_name\" content=\"I Castelli\" \/>\n<meta property=\"article:modified_time\" content=\"2025-11-12T14:21:35+00:00\" \/>\n<meta property=\"og:image\" content=\"https:\/\/hotel-icastelli.com\/files\/2025\/02\/colazioni.jpg\" \/>\n\t<meta property=\"og:image:width\" content=\"2000\" \/>\n\t<meta property=\"og:image:height\" content=\"1742\" \/>\n\t<meta property=\"og:image:type\" content=\"image\/jpeg\" \/>\n<meta name=\"twitter:card\" content=\"summary_large_image\" \/>\n<meta name=\"twitter:label1\" content=\"Est. reading time\" \/>\n\t<meta name=\"twitter:data1\" content=\"1 minute\" \/>\n<!-- \/ Yoast SEO plugin. -->","yoast_head_json":{"title":"Sala de caf\u00e9 da manh\u00e3 - Hotel in Centro Ad Alba - I Castelli","description":"Para que voc\u00ea tenha a energia certa desde a primeira manh\u00e3, oferecemos um farto buf\u00ea de caf\u00e9 da manh\u00e3 com v\u00e1rias bebidas quentes, sucos de frutas,","robots":{"index":"index","follow":"follow","max-snippet":"max-snippet:-1","max-image-preview":"max-image-preview:large","max-video-preview":"max-video-preview:-1"},"canonical":"https:\/\/hotel-icastelli.com\/pt-br\/hoteis\/sala-de-cafe-da-manha\/","og_locale":"pt_BR","og_type":"article","og_title":"Sala de caf\u00e9 da manh\u00e3 - Hotel in Centro Ad Alba - I Castelli","og_description":"Para que voc\u00ea tenha a energia certa desde a primeira manh\u00e3, oferecemos um farto buf\u00ea de caf\u00e9 da manh\u00e3 com v\u00e1rias bebidas quentes, sucos de frutas,","og_url":"https:\/\/hotel-icastelli.com\/pt-br\/hoteis\/sala-de-cafe-da-manha\/","og_site_name":"I Castelli","article_modified_time":"2025-11-12T14:21:35+00:00","og_image":[{"width":2000,"height":1742,"url":"https:\/\/hotel-icastelli.com\/files\/2025\/02\/colazioni.jpg","type":"image\/jpeg"}],"twitter_card":"summary_large_image","twitter_misc":{"Est. reading time":"1 minute"},"schema":{"@context":"https:\/\/schema.org","@graph":[{"@type":"WebPage","@id":"https:\/\/hotel-icastelli.com\/pt-br\/hoteis\/sala-de-cafe-da-manha\/","url":"https:\/\/hotel-icastelli.com\/pt-br\/hoteis\/sala-de-cafe-da-manha\/","name":"Sala de caf\u00e9 da manh\u00e3 - Hotel in Centro Ad Alba - I Castelli","isPartOf":{"@id":"https:\/\/hotel-icastelli.com\/#website"},"primaryImageOfPage":{"@id":"https:\/\/hotel-icastelli.com\/pt-br\/hoteis\/sala-de-cafe-da-manha\/#primaryimage"},"image":{"@id":"https:\/\/hotel-icastelli.com\/pt-br\/hoteis\/sala-de-cafe-da-manha\/#primaryimage"},"thumbnailUrl":"https:\/\/hotel-icastelli.com\/files\/2025\/02\/colazioni.jpg","datePublished":"2025-03-14T10:06:47+00:00","dateModified":"2025-11-12T14:21:35+00:00","description":"Para que voc\u00ea tenha a energia certa desde a primeira manh\u00e3, oferecemos um farto buf\u00ea de caf\u00e9 da manh\u00e3 com v\u00e1rias bebidas quentes, sucos de frutas,","breadcrumb":{"@id":"https:\/\/hotel-icastelli.com\/pt-br\/hoteis\/sala-de-cafe-da-manha\/#breadcrumb"},"inLanguage":"pt-BR","potentialAction":[{"@type":"ReadAction","target":["https:\/\/hotel-icastelli.com\/pt-br\/hoteis\/sala-de-cafe-da-manha\/"]}]},{"@type":"ImageObject","inLanguage":"pt-BR","@id":"https:\/\/hotel-icastelli.com\/pt-br\/hoteis\/sala-de-cafe-da-manha\/#primaryimage","url":"https:\/\/hotel-icastelli.com\/files\/2025\/02\/colazioni.jpg","contentUrl":"https:\/\/hotel-icastelli.com\/files\/2025\/02\/colazioni.jpg","width":2000,"height":1742},{"@type":"BreadcrumbList","@id":"https:\/\/hotel-icastelli.com\/pt-br\/hoteis\/sala-de-cafe-da-manha\/#breadcrumb","itemListElement":[{"@type":"ListItem","position":1,"name":"Home","item":"https:\/\/hotel-icastelli.com\/pt-br\/"},{"@type":"ListItem","position":2,"name":"Hot\u00e9is","item":"https:\/\/hotel-icastelli.com\/pt-br\/hoteis\/"},{"@type":"ListItem","position":3,"name":"Sala de caf\u00e9 da manh\u00e3"}]},{"@type":"WebSite","@id":"https:\/\/hotel-icastelli.com\/#website","url":"https:\/\/hotel-icastelli.com\/","name":"I Castelli","description":"Hotel in Centro Ad Alba","publisher":{"@id":"https:\/\/hotel-icastelli.com\/#organization"},"potentialAction":[{"@type":"SearchAction","target":{"@type":"EntryPoint","urlTemplate":"https:\/\/hotel-icastelli.com\/?s={search_term_string}"},"query-input":{"@type":"PropertyValueSpecification","valueRequired":true,"valueName":"search_term_string"}}],"inLanguage":"pt-BR"},{"@type":"Organization","@id":"https:\/\/hotel-icastelli.com\/#organization","name":"I Castelli","url":"https:\/\/hotel-icastelli.com\/","logo":{"@type":"ImageObject","inLanguage":"pt-BR","@id":"https:\/\/hotel-icastelli.com\/#\/schema\/logo\/image\/","url":"","contentUrl":"","caption":"I Castelli"},"image":{"@id":"https:\/\/hotel-icastelli.com\/#\/schema\/logo\/image\/"}}]}},"acf":[],"_links":{"self":[{"href":"https:\/\/hotel-icastelli.com\/pt-br\/wp-json\/wp\/v2\/pages\/4960","targetHints":{"allow":["GET"]}}],"collection":[{"href":"https:\/\/hotel-icastelli.com\/pt-br\/wp-json\/wp\/v2\/pages"}],"about":[{"href":"https:\/\/hotel-icastelli.com\/pt-br\/wp-json\/wp\/v2\/types\/page"}],"author":[{"embeddable":true,"href":"https:\/\/hotel-icastelli.com\/pt-br\/wp-json\/wp\/v2\/users\/152"}],"replies":[{"embeddable":true,"href":"https:\/\/hotel-icastelli.com\/pt-br\/wp-json\/wp\/v2\/comments?post=4960"}],"version-history":[{"count":0,"href":"https:\/\/hotel-icastelli.com\/pt-br\/wp-json\/wp\/v2\/pages\/4960\/revisions"}],"up":[{"embeddable":true,"href":"https:\/\/hotel-icastelli.com\/pt-br\/wp-json\/wp\/v2\/pages\/5140"}],"wp:featuredmedia":[{"embeddable":true,"href":"https:\/\/hotel-icastelli.com\/pt-br\/wp-json\/wp\/v2\/media\/3742"}],"wp:attachment":[{"href":"https:\/\/hotel-icastelli.com\/pt-br\/wp-json\/wp\/v2\/media?parent=4960"}],"curies":[{"name":"wp","href":"https:\/\/api.w.org\/{rel}","templated":true}]}}