{"id":5028,"date":"2025-02-20T10:53:17","date_gmt":"2025-02-20T09:53:17","guid":{"rendered":"https:\/\/hotel-icastelli.com\/reuniao\/"},"modified":"2025-11-12T15:22:06","modified_gmt":"2025-11-12T14:22:06","slug":"reuniao","status":"publish","type":"page","link":"https:\/\/hotel-icastelli.com\/pt-br\/reuniao\/","title":{"rendered":"Reuni\u00e3o"},"content":{"rendered":"\n<p>Um cen\u00e1rio ideal para reuni\u00f5es e eventos, o Hotel i Castelli tem salas de reuni\u00f5es espa\u00e7osas, equipadas para acomodar com profissionalismo e efici\u00eancia todos os tipos de eventos, de 10 a 120 pessoas. Todas as salas s\u00e3o acess\u00edveis a deficientes f\u00edsicos. Sistema wi-fi ultrarr\u00e1pido. <\/p>\n\n<p>Todas as salas de confer\u00eancia t\u00eam piso de lamparquet.<\/p>\n<section class=\"post-grid post-grid--mt-default post-grid--mb-default post-grid--1-col post-grid--type-room post-grid--teaser-card post-grid--no-background typography__post-grid \">\n  <div class=\"post-grid__inner\">\n                  <ul class=\"post-grid__row post-grid__row--type-room post-grid__row--teaser-card\">\n                        <li class=\"room-card\">\n  <div class=\"room-card__image room-card__image--is-image\">\n          <picture class=\"ratio__content\" alt=\"sala palio..\" title=\"sala palio..\" src=\"https:\/\/hotel-icastelli.com\/files\/2025\/03\/sala-palio.jpeg\" data-caption=\"\">\n\n                <source srcset=\"https:\/\/hotel-icastelli.com\/files\/2025\/03\/sala-palio-900x563.jpeg\" media=\"(min-width: 574px)\" \/>\n\n              <source srcset=\"https:\/\/hotel-icastelli.com\/files\/2025\/03\/sala-palio-550x344.jpeg\" \/>\n\n                  <img loading=\"lazy\" decoding=\"async\" width=\"2000\" height=\"1333\" alt=\"sala palio..\" title=\"sala palio..\" data-caption=\"\" src=\"https:\/\/hotel-icastelli.com\/files\/2025\/03\/sala-palio.jpeg\" data-src=\"https:\/\/hotel-icastelli.com\/files\/2025\/03\/sala-palio.jpeg\"\/>\n\n        \n<\/picture>\n      <\/div>\n  <div class=\"room-card__texts has-black-background-color\">\n    <h3 class=\"room-card__title h4\">\n      Palio Hall\n    <\/h3>\n    <p class=\"room-card__subtitle p-big\">\n      \n    <\/p>\n    <p class=\"room-card__amenities\">\n              <span class=\"room-card__amenity p-small\">\n          WIFI\n        <\/span>\n              <span class=\"room-card__amenity p-small\">\n          Aria condizionata\n        <\/span>\n          <\/p>\n    <p class=\"room-card__footer wp-block-buttons\">\n      <span data-activate=\"#room-5746\" class=\"room-card__details js-activate p-big\">\n        Details &#8250;  \n      <\/span>\n              <a rel=\"nofollow\" target=\"_blank\" href=\"https:\/\/hotel-icastelli.com\/files\/2025\/03\/Planimetrie-sale.pdf\" class=\"room-card__book wp-block-button__link button\">\n          Download Planimetria\n        <\/a>\n          <\/p>\n    <div id=\"room-5746\" class=\"room-card__modal is-not-active\">\n      <span class=\"room-card__close p-big js-activate\" data-activate=\"#room-5746\">\n        x\n      <\/span>\n      <div class=\"room-card__content typography has-black-background-color\">\n        \n      <\/div>\n    <\/div>\n      <\/div>\n<\/li>\n\n\n\n                  <li class=\"room-card\">\n  <div class=\"room-card__image room-card__image--is-image\">\n          <picture class=\"ratio__content\" alt=\"sala-conferenze\" title=\"sala-conferenze\" src=\"https:\/\/hotel-icastelli.com\/files\/2025\/03\/sala-conferenze.jpg\" data-caption=\"\">\n\n                <source srcset=\"https:\/\/hotel-icastelli.com\/files\/2025\/03\/sala-conferenze-900x563.jpg\" media=\"(min-width: 574px)\" \/>\n\n              <source srcset=\"https:\/\/hotel-icastelli.com\/files\/2025\/03\/sala-conferenze-550x344.jpg\" \/>\n\n                  <img loading=\"lazy\" decoding=\"async\" width=\"2000\" height=\"1102\" alt=\"sala-conferenze\" title=\"sala-conferenze\" data-caption=\"\" src=\"https:\/\/hotel-icastelli.com\/files\/2025\/03\/sala-conferenze.jpg\" data-src=\"https:\/\/hotel-icastelli.com\/files\/2025\/03\/sala-conferenze.jpg\"\/>\n\n        \n<\/picture>\n      <\/div>\n  <div class=\"room-card__texts has-black-background-color\">\n    <h3 class=\"room-card__title h4\">\n      Sal\u00e3o da Catedral\n    <\/h3>\n    <p class=\"room-card__subtitle p-big\">\n      equipado com troca de ar controlada, projetor, microfones e sistema de som\n    <\/p>\n    <p class=\"room-card__amenities\">\n              <span class=\"room-card__amenity p-small\">\n          WIFI\n        <\/span>\n              <span class=\"room-card__amenity p-small\">\n          Aria condizionata\n        <\/span>\n          <\/p>\n    <p class=\"room-card__footer wp-block-buttons\">\n      <span data-activate=\"#room-5706\" class=\"room-card__details js-activate p-big\">\n        Details &#8250;  \n      <\/span>\n              <a rel=\"nofollow\" target=\"_blank\" href=\"https:\/\/hotel-icastelli.com\/files\/2025\/03\/Planimetrie-sale.pdf\" class=\"room-card__book wp-block-button__link button\">\n          Download Planimetria\n        <\/a>\n          <\/p>\n    <div id=\"room-5706\" class=\"room-card__modal is-not-active\">\n      <span class=\"room-card__close p-big js-activate\" data-activate=\"#room-5706\">\n        x\n      <\/span>\n      <div class=\"room-card__content typography has-black-background-color\">\n        \n      <\/div>\n    <\/div>\n      <\/div>\n<\/li>\n\n\n\n                  <li class=\"room-card\">\n  <div class=\"room-card__image room-card__image--is-image\">\n          <picture class=\"ratio__content\" alt=\"sala langhe.\" title=\"sala langhe.\" src=\"https:\/\/hotel-icastelli.com\/files\/2025\/03\/sala-langhe.jpeg\" data-caption=\"\">\n\n                <source srcset=\"https:\/\/hotel-icastelli.com\/files\/2025\/03\/sala-langhe-900x563.jpeg\" media=\"(min-width: 574px)\" \/>\n\n              <source srcset=\"https:\/\/hotel-icastelli.com\/files\/2025\/03\/sala-langhe-550x344.jpeg\" \/>\n\n                  <img loading=\"lazy\" decoding=\"async\" width=\"2000\" height=\"1333\" alt=\"sala langhe.\" title=\"sala langhe.\" data-caption=\"\" src=\"https:\/\/hotel-icastelli.com\/files\/2025\/03\/sala-langhe.jpeg\" data-src=\"https:\/\/hotel-icastelli.com\/files\/2025\/03\/sala-langhe.jpeg\"\/>\n\n        \n<\/picture>\n      <\/div>\n  <div class=\"room-card__texts has-black-background-color\">\n    <h3 class=\"room-card__title h4\">\n      Sal\u00e3o Langhe\n    <\/h3>\n    <p class=\"room-card__subtitle p-big\">\n      \n    <\/p>\n    <p class=\"room-card__amenities\">\n              <span class=\"room-card__amenity p-small\">\n          WIFI\n        <\/span>\n              <span class=\"room-card__amenity p-small\">\n          Aria condizionata\n        <\/span>\n          <\/p>\n    <p class=\"room-card__footer wp-block-buttons\">\n      <span data-activate=\"#room-5760\" class=\"room-card__details js-activate p-big\">\n        Details &#8250;  \n      <\/span>\n              <a rel=\"nofollow\" target=\"_blank\" href=\"https:\/\/hotel-icastelli.com\/files\/2025\/03\/Planimetrie-sale.pdf\" class=\"room-card__book wp-block-button__link button\">\n          Download Planimetria\n        <\/a>\n          <\/p>\n    <div id=\"room-5760\" class=\"room-card__modal is-not-active\">\n      <span class=\"room-card__close p-big js-activate\" data-activate=\"#room-5760\">\n        x\n      <\/span>\n      <div class=\"room-card__content typography has-black-background-color\">\n        \n      <\/div>\n    <\/div>\n      <\/div>\n<\/li>\n\n\n\n                  <\/ul>\n               \n  <\/div>\n<\/section>\n","protected":false},"excerpt":{"rendered":"<p>Um cen\u00e1rio ideal para reuni\u00f5es e eventos, o Hotel i Castelli tem salas de reuni\u00f5es espa\u00e7osas, equipadas para acomodar com profissionalismo e efici\u00eancia todos os tipos de eventos, de 10 a 120 pessoas. Todas as salas s\u00e3o acess\u00edveis a deficientes f\u00edsicos. Sistema wi-fi ultrarr\u00e1pido. Todas as salas de confer\u00eancia t\u00eam piso de lamparquet.<\/p>\n","protected":false},"author":152,"featured_media":3850,"parent":0,"menu_order":0,"comment_status":"closed","ping_status":"closed","template":"","meta":{"_acf_changed":false,"_monsterinsights_skip_tracking":false,"_monsterinsights_sitenote_active":false,"_monsterinsights_sitenote_note":"","_monsterinsights_sitenote_category":0,"footnotes":""},"class_list":["post-5028","page","type-page","status-publish","has-post-thumbnail","hentry"],"yoast_head":"<!-- This site is optimized with the Yoast SEO plugin v27.2 - https:\/\/yoast.com\/product\/yoast-seo-wordpress\/ -->\n<title>Reuni\u00e3o - Hotel in Centro Ad Alba - I Castelli<\/title>\n<meta name=\"description\" content=\"Um cen\u00e1rio ideal para reuni\u00f5es e eventos, o Hotel i Castelli tem salas de reuni\u00f5es espa\u00e7osas, equipadas para acomodar com profissionalismo e efici\u00eancia\" \/>\n<meta name=\"robots\" content=\"index, follow, max-snippet:-1, max-image-preview:large, max-video-preview:-1\" \/>\n<link rel=\"canonical\" href=\"https:\/\/hotel-icastelli.com\/pt-br\/reuniao\/\" \/>\n<meta property=\"og:locale\" content=\"pt_BR\" \/>\n<meta property=\"og:type\" content=\"article\" \/>\n<meta property=\"og:title\" content=\"Reuni\u00e3o - Hotel in Centro Ad Alba - I Castelli\" \/>\n<meta property=\"og:description\" content=\"Um cen\u00e1rio ideal para reuni\u00f5es e eventos, o Hotel i Castelli tem salas de reuni\u00f5es espa\u00e7osas, equipadas para acomodar com profissionalismo e efici\u00eancia\" \/>\n<meta property=\"og:url\" content=\"https:\/\/hotel-icastelli.com\/pt-br\/reuniao\/\" \/>\n<meta property=\"og:site_name\" content=\"I Castelli\" \/>\n<meta property=\"article:modified_time\" content=\"2025-11-12T14:22:06+00:00\" \/>\n<meta property=\"og:image\" content=\"https:\/\/hotel-icastelli.com\/files\/2025\/03\/sala-conferenze.jpg\" \/>\n\t<meta property=\"og:image:width\" content=\"2000\" \/>\n\t<meta property=\"og:image:height\" content=\"1102\" \/>\n\t<meta property=\"og:image:type\" content=\"image\/jpeg\" \/>\n<meta name=\"twitter:card\" content=\"summary_large_image\" \/>\n<!-- \/ Yoast SEO plugin. -->","yoast_head_json":{"title":"Reuni\u00e3o - Hotel in Centro Ad Alba - I Castelli","description":"Um cen\u00e1rio ideal para reuni\u00f5es e eventos, o Hotel i Castelli tem salas de reuni\u00f5es espa\u00e7osas, equipadas para acomodar com profissionalismo e efici\u00eancia","robots":{"index":"index","follow":"follow","max-snippet":"max-snippet:-1","max-image-preview":"max-image-preview:large","max-video-preview":"max-video-preview:-1"},"canonical":"https:\/\/hotel-icastelli.com\/pt-br\/reuniao\/","og_locale":"pt_BR","og_type":"article","og_title":"Reuni\u00e3o - Hotel in Centro Ad Alba - I Castelli","og_description":"Um cen\u00e1rio ideal para reuni\u00f5es e eventos, o Hotel i Castelli tem salas de reuni\u00f5es espa\u00e7osas, equipadas para acomodar com profissionalismo e efici\u00eancia","og_url":"https:\/\/hotel-icastelli.com\/pt-br\/reuniao\/","og_site_name":"I Castelli","article_modified_time":"2025-11-12T14:22:06+00:00","og_image":[{"width":2000,"height":1102,"url":"https:\/\/hotel-icastelli.com\/files\/2025\/03\/sala-conferenze.jpg","type":"image\/jpeg"}],"twitter_card":"summary_large_image","schema":{"@context":"https:\/\/schema.org","@graph":[{"@type":"WebPage","@id":"https:\/\/hotel-icastelli.com\/pt-br\/reuniao\/","url":"https:\/\/hotel-icastelli.com\/pt-br\/reuniao\/","name":"Reuni\u00e3o - Hotel in Centro Ad Alba - I Castelli","isPartOf":{"@id":"https:\/\/hotel-icastelli.com\/#website"},"primaryImageOfPage":{"@id":"https:\/\/hotel-icastelli.com\/pt-br\/reuniao\/#primaryimage"},"image":{"@id":"https:\/\/hotel-icastelli.com\/pt-br\/reuniao\/#primaryimage"},"thumbnailUrl":"https:\/\/hotel-icastelli.com\/files\/2025\/03\/sala-conferenze.jpg","datePublished":"2025-02-20T09:53:17+00:00","dateModified":"2025-11-12T14:22:06+00:00","description":"Um cen\u00e1rio ideal para reuni\u00f5es e eventos, o Hotel i Castelli tem salas de reuni\u00f5es espa\u00e7osas, equipadas para acomodar com profissionalismo e efici\u00eancia","breadcrumb":{"@id":"https:\/\/hotel-icastelli.com\/pt-br\/reuniao\/#breadcrumb"},"inLanguage":"pt-BR","potentialAction":[{"@type":"ReadAction","target":["https:\/\/hotel-icastelli.com\/pt-br\/reuniao\/"]}]},{"@type":"ImageObject","inLanguage":"pt-BR","@id":"https:\/\/hotel-icastelli.com\/pt-br\/reuniao\/#primaryimage","url":"https:\/\/hotel-icastelli.com\/files\/2025\/03\/sala-conferenze.jpg","contentUrl":"https:\/\/hotel-icastelli.com\/files\/2025\/03\/sala-conferenze.jpg","width":2000,"height":1102},{"@type":"BreadcrumbList","@id":"https:\/\/hotel-icastelli.com\/pt-br\/reuniao\/#breadcrumb","itemListElement":[{"@type":"ListItem","position":1,"name":"Home","item":"https:\/\/hotel-icastelli.com\/pt-br\/"},{"@type":"ListItem","position":2,"name":"Reuni\u00e3o"}]},{"@type":"WebSite","@id":"https:\/\/hotel-icastelli.com\/#website","url":"https:\/\/hotel-icastelli.com\/","name":"I Castelli","description":"Hotel in Centro Ad Alba","publisher":{"@id":"https:\/\/hotel-icastelli.com\/#organization"},"potentialAction":[{"@type":"SearchAction","target":{"@type":"EntryPoint","urlTemplate":"https:\/\/hotel-icastelli.com\/?s={search_term_string}"},"query-input":{"@type":"PropertyValueSpecification","valueRequired":true,"valueName":"search_term_string"}}],"inLanguage":"pt-BR"},{"@type":"Organization","@id":"https:\/\/hotel-icastelli.com\/#organization","name":"I Castelli","url":"https:\/\/hotel-icastelli.com\/","logo":{"@type":"ImageObject","inLanguage":"pt-BR","@id":"https:\/\/hotel-icastelli.com\/#\/schema\/logo\/image\/","url":"","contentUrl":"","caption":"I Castelli"},"image":{"@id":"https:\/\/hotel-icastelli.com\/#\/schema\/logo\/image\/"}}]}},"acf":[],"_links":{"self":[{"href":"https:\/\/hotel-icastelli.com\/pt-br\/wp-json\/wp\/v2\/pages\/5028","targetHints":{"allow":["GET"]}}],"collection":[{"href":"https:\/\/hotel-icastelli.com\/pt-br\/wp-json\/wp\/v2\/pages"}],"about":[{"href":"https:\/\/hotel-icastelli.com\/pt-br\/wp-json\/wp\/v2\/types\/page"}],"author":[{"embeddable":true,"href":"https:\/\/hotel-icastelli.com\/pt-br\/wp-json\/wp\/v2\/users\/152"}],"replies":[{"embeddable":true,"href":"https:\/\/hotel-icastelli.com\/pt-br\/wp-json\/wp\/v2\/comments?post=5028"}],"version-history":[{"count":0,"href":"https:\/\/hotel-icastelli.com\/pt-br\/wp-json\/wp\/v2\/pages\/5028\/revisions"}],"wp:featuredmedia":[{"embeddable":true,"href":"https:\/\/hotel-icastelli.com\/pt-br\/wp-json\/wp\/v2\/media\/3850"}],"wp:attachment":[{"href":"https:\/\/hotel-icastelli.com\/pt-br\/wp-json\/wp\/v2\/media?parent=5028"}],"curies":[{"name":"wp","href":"https:\/\/api.w.org\/{rel}","templated":true}]}}