{"id":5086,"date":"2025-02-20T10:53:08","date_gmt":"2025-02-20T09:53:08","guid":{"rendered":"https:\/\/hotel-icastelli.com\/restaurante\/"},"modified":"2025-11-12T15:24:20","modified_gmt":"2025-11-12T14:24:20","slug":"restaurante","status":"publish","type":"page","link":"https:\/\/hotel-icastelli.com\/pt-br\/restaurante\/","title":{"rendered":"Restaurante"},"content":{"rendered":"<section class=\"text-gallery text-gallery--text-is-left text-gallery--mt-default text-gallery--mb-default text-gallery--align-full text-gallery--no-background text-gallery--align-full text-gallery--valign-bottom __gallery text-gallery--text-mobile-is-top \">\n   <div class=\"text-gallery__inner text-gallery__inner--align-full text-gallery__inner--valign-bottom flex-columns\">\n    <div class=\"text-gallery__text text-gallery__text--is-left text-gallery__text--is-mobile-top flex-column flex-column--width-50\">\n              <div class=\"text-gallery__typography typography typography--text-is-left\">\n                    \n<div class=\"title-block title-block--mt-default title-block--align-center title-block--mb-default title-block--text-align-default title-block--is-style-none typography__title-block\">\n      <h3 class=\"title-block__tagline\">\n      Para o jantar\n    <\/h3>\n        <h2 class=\"title-block__title title-block__title--not-main\">\n      Viva uma experi\u00eancia \u00fanica\n    <\/h2>\n    <\/div>\n\n\n<p>O novo Restaurante I Castelli, agora localizado no terra\u00e7o do hotel a uma altura de 20 metros, oferece <strong>a tradicional culin\u00e1ria piemontesa elaborada em um estilo moderno<\/strong>.<\/p>\n\n\n\n<p>Na temporada de outono, todos os pratos t\u00edpicos s\u00e3o baseados em trufas brancas de Alba (<strong><a href=\"https:\/\/hotel-icastelli.com\/pt-br\/restaurante\/menu\/\">leia o menu<\/a><\/strong>). A <strong><a href=\"https:\/\/hotel-icastelli.com\/files\/2024\/04\/2024.04_carta_vini_i_castelli.pdf\" target=\"_blank\" rel=\"noreferrer noopener\">carta de vinhos<\/a><\/strong>reservar\u00e1 a voc\u00ea surpresas aut\u00eanticas. <\/p>\n\n\n\n<p>O restaurante est\u00e1 localizado no <strong>terra\u00e7o panor\u00e2mico<\/strong>, onde tamb\u00e9m \u00e9 poss\u00edvel organizar aperitivos, eventos e vivenciar momentos m\u00e1gicos sob as estrelas.<\/p>\n\n\n\n<p>Um <strong>almo\u00e7o de neg\u00f3cios<\/strong>, ou mesmo uma simples parada ao longo do itiner\u00e1rio de Langhe e Roero, certamente vale uma parada no<strong> restaurante &#8220;I Castelli&#8221;<\/strong> para saborear a melhor culin\u00e1ria local.<\/p>\n\n\n\n<p>Tamb\u00e9m podemos <strong>organizar buf\u00eas de almo\u00e7o e almo\u00e7os de neg\u00f3cios<\/strong> durante as reuni\u00f5es.<\/p>\n\n\n        <\/div>\n          <\/div>\n    <div class=\"text-gallery__gallery-container text-gallery__gallery-container--is-right flex-column flex-column--width-50\">\n      <div class=\"text-gallery__gallery text-gallery__gallery--is-right text-gallery__gallery--style-default\">\n        \n\n<figure class=\"wp-block-gallery has-nested-images columns-default is-cropped wp-block-gallery-2\">\n<figure class=\"wp-block-image size-portrait_sm\"><img loading=\"lazy\" decoding=\"async\" width=\"350\" height=\"466\" data-id=\"4658\" src=\"https:\/\/hotel-icastelli.com\/files\/2025\/04\/b-350x466.jpg\" alt=\"\" class=\"wp-image-4658\" srcset=\"https:\/\/hotel-icastelli.com\/files\/2025\/04\/b-350x466.jpg 350w, https:\/\/hotel-icastelli.com\/files\/2025\/04\/b-900x1200.jpg 900w, https:\/\/hotel-icastelli.com\/files\/2025\/04\/b-574x765.jpg 574w\" sizes=\"auto, (max-width: 350px) 100vw, 350px\" \/><\/figure>\n\n\n\n<figure class=\"wp-block-image size-portrait_sm\"><img loading=\"lazy\" decoding=\"async\" width=\"350\" height=\"466\" data-id=\"4672\" src=\"https:\/\/hotel-icastelli.com\/files\/2025\/04\/c-350x466.jpg\" alt=\"\" class=\"wp-image-4672\" srcset=\"https:\/\/hotel-icastelli.com\/files\/2025\/04\/c-350x466.jpg 350w, https:\/\/hotel-icastelli.com\/files\/2025\/04\/c-900x1200.jpg 900w, https:\/\/hotel-icastelli.com\/files\/2025\/04\/c-574x765.jpg 574w\" sizes=\"auto, (max-width: 350px) 100vw, 350px\" \/><\/figure>\n\n\n\n<figure class=\"wp-block-image size-portrait_sm\"><img loading=\"lazy\" decoding=\"async\" width=\"350\" height=\"466\" data-id=\"4644\" src=\"https:\/\/hotel-icastelli.com\/files\/2025\/04\/1-350x466.jpg\" alt=\"\" class=\"wp-image-4644\" srcset=\"https:\/\/hotel-icastelli.com\/files\/2025\/04\/1-350x466.jpg 350w, https:\/\/hotel-icastelli.com\/files\/2025\/04\/1-900x1200.jpg 900w, https:\/\/hotel-icastelli.com\/files\/2025\/04\/1-574x765.jpg 574w\" sizes=\"auto, (max-width: 350px) 100vw, 350px\" \/><\/figure>\n\n\n\n<figure class=\"wp-block-image size-portrait_sm\"><img loading=\"lazy\" decoding=\"async\" width=\"350\" height=\"466\" data-id=\"4616\" src=\"https:\/\/hotel-icastelli.com\/files\/2025\/04\/e-350x466.jpg\" alt=\"\" class=\"wp-image-4616\" srcset=\"https:\/\/hotel-icastelli.com\/files\/2025\/04\/e-350x466.jpg 350w, https:\/\/hotel-icastelli.com\/files\/2025\/04\/e-900x1200.jpg 900w, https:\/\/hotel-icastelli.com\/files\/2025\/04\/e-574x765.jpg 574w\" sizes=\"auto, (max-width: 350px) 100vw, 350px\" \/><\/figure>\n\n\n\n<figure class=\"wp-block-image size-portrait_sm\"><img loading=\"lazy\" decoding=\"async\" width=\"350\" height=\"466\" data-id=\"46\" src=\"https:\/\/hotel-icastelli.com\/files\/2025\/02\/piatto_02-350x466.jpg\" alt=\"\" class=\"wp-image-46\" srcset=\"https:\/\/hotel-icastelli.com\/files\/2025\/02\/piatto_02-350x466.jpg 350w, https:\/\/hotel-icastelli.com\/files\/2025\/02\/piatto_02-574x765.jpg 574w\" sizes=\"auto, (max-width: 350px) 100vw, 350px\" \/><\/figure>\n<\/figure>\n\n\n      <\/div>\n          <\/div>\n  <\/div>\n<\/section>\n<figure class=\"wp-block-embed alignwide is-type-video is-provider-youtube wp-block-embed-youtube wp-embed-aspect-16-9 wp-has-aspect-ratio\"><div class=\"wp-block-embed__wrapper\">\n<iframe loading=\"lazy\" title=\"Hotel I Castelli  Alba   Il ristorante\" width=\"500\" height=\"281\" src=\"https:\/\/www.youtube.com\/embed\/e76ausbV5bo?feature=oembed\" frameborder=\"0\" allow=\"accelerometer; autoplay; clipboard-write; encrypted-media; gyroscope; picture-in-picture; web-share\" referrerpolicy=\"strict-origin-when-cross-origin\" allowfullscreen><\/iframe>\n<\/div><\/figure>\n<section class=\"text-gallery text-gallery--text-is-right text-gallery--mt-default text-gallery--mb-default text-gallery--align-full text-gallery--no-background text-gallery--align-full text-gallery--valign-bottom __gallery text-gallery--text-mobile-is-top \">\n   <div class=\"text-gallery__inner text-gallery__inner--align-full text-gallery__inner--valign-bottom flex-columns\">\n    <div class=\"text-gallery__text text-gallery__text--is-right text-gallery__text--is-mobile-top flex-column flex-column--width-50\">\n              <div class=\"text-gallery__typography typography typography--text-is-right\">\n                    \n\n<h3 class=\"wp-block-heading\">O restaurante no terra\u00e7o<\/h3>\n\n\n\n<p>Se voc\u00ea gosta de saborear com os olhos, n\u00e3o pode perder o novo restaurante I Castelli nos telhados de Alba. Um espa\u00e7o \u00fanico, com um panorama incr\u00edvel, onde voc\u00ea pode saborear a excel\u00eancia da<strong><a href=\"https:\/\/hotel-icastelli.com\/pt-br\/restaurante\/menu\/\">arte culin\u00e1ria de Langhe<\/a><\/strong> e saborear os <strong><a href=\"https:\/\/hotel-icastelli.com\/files\/2024\/04\/2024.04_carta_vini_i_castelli.pdf\" target=\"_blank\" rel=\"noreferrer noopener\">vinhos<\/a> <\/strong>voc\u00ea pode saborear a excel\u00eancia da arte culin\u00e1ria do Langhe e provar os vinhos mais prestigiados que tornaram o Piemonte famoso em todo o mundo. <\/p>\n\n\n\n<p>O est\u00fadio de design <strong><a href=\"http:\/\/www.archicura.it\/\" target=\"_blank\" rel=\"noreferrer noopener\">Archicura<\/a> <\/strong>construiu um <strong>cubo de vidro e materiais naturais para oferecer a voc\u00ea uma experi\u00eancia sensorial \u00fanica<\/strong>. Os pain\u00e9is de madeira que descem do teto lembrar\u00e3o o movimento das fileiras de videiras nos vinhedos, em um jogo suave e sinuoso que o colocar\u00e1 em contato com a natureza que o cerca. <\/p>\n\n\n\n<p>Durante o dia, voc\u00ea pode ver as colinas e as torres; \u00e0 noite, o Langhe \u00e9 iluminado.<\/p>\n\n\n\n<h3 class=\"wp-block-heading\">Vinte metros acima do solo, h\u00e1 um restaurante suspenso esperando por voc\u00ea.<\/h3>\n\n\n        <\/div>\n          <\/div>\n    <div class=\"text-gallery__gallery-container text-gallery__gallery-container--is-left flex-column flex-column--width-50\">\n      <div class=\"text-gallery__gallery text-gallery__gallery--is-left text-gallery__gallery--style-default\">\n        \n\n<figure class=\"wp-block-gallery has-nested-images columns-default is-cropped wp-block-gallery-4\">\n<figure class=\"wp-block-image size-portrait_sm\"><img loading=\"lazy\" decoding=\"async\" width=\"350\" height=\"466\" data-id=\"4630\" src=\"https:\/\/hotel-icastelli.com\/files\/2025\/04\/f-350x466.jpg\" alt=\"\" class=\"wp-image-4630\" srcset=\"https:\/\/hotel-icastelli.com\/files\/2025\/04\/f-350x466.jpg 350w, https:\/\/hotel-icastelli.com\/files\/2025\/04\/f-900x1200.jpg 900w, https:\/\/hotel-icastelli.com\/files\/2025\/04\/f-574x765.jpg 574w\" sizes=\"auto, (max-width: 350px) 100vw, 350px\" \/><\/figure>\n\n\n\n<figure class=\"wp-block-image size-portrait_sm\"><img loading=\"lazy\" decoding=\"async\" width=\"350\" height=\"466\" data-id=\"156\" src=\"https:\/\/hotel-icastelli.com\/files\/2025\/03\/ristorante_animata02-350x466.jpg\" alt=\"\" class=\"wp-image-156\"\/><\/figure>\n\n\n\n<figure class=\"wp-block-image size-portrait_sm\"><img loading=\"lazy\" decoding=\"async\" width=\"350\" height=\"466\" data-id=\"158\" src=\"https:\/\/hotel-icastelli.com\/files\/2025\/03\/I-Castelli-8-350x466.jpg\" alt=\"\" class=\"wp-image-158\"\/><\/figure>\n\n\n\n<figure class=\"wp-block-image size-portrait_sm\"><img loading=\"lazy\" decoding=\"async\" width=\"350\" height=\"440\" data-id=\"160\" src=\"https:\/\/hotel-icastelli.com\/files\/2025\/03\/tramonto-350x440.jpg\" alt=\"\" class=\"wp-image-160\"\/><\/figure>\n\n\n\n<figure class=\"wp-block-image size-portrait_sm\"><img loading=\"lazy\" decoding=\"async\" width=\"350\" height=\"466\" data-id=\"162\" src=\"https:\/\/hotel-icastelli.com\/files\/2025\/03\/ristorante_34-350x466.jpg\" alt=\"\" class=\"wp-image-162\"\/><\/figure>\n<\/figure>\n\n\n      <\/div>\n          <\/div>\n  <\/div>\n<\/section><section class=\"grid grid--mt-default grid--mb-default grid--align-full grid--no-background  __grid is-style-first-big-3\">\n  <div class=\"grid__inner grid__inner--align-full\">\n        <ul class=\"grid__row grid__row--columns-3 grid__row--valign-top combos combos--columns-3\">\n              \n<div class=\"combo combo--3-cols combo--align-center combo--textalign-default combo--has-background has-dark-background-color combos__combo \">\n      <div class=\"combo__bg combo__bg--position-default combo__bg--overlay-is-default \">\n      <picture class=\"ratio__content\" alt=\"\" title=\"\" data-caption=\"\"> \n                <source loading=\"lazy\" srcset=\"https:\/\/hotel-icastelli.com\/files\/2025\/02\/Ivano-1.jpg\" media=\"(min-width: 1400px)\" \/>\n\n              <source loading=\"lazy\" srcset=\"https:\/\/hotel-icastelli.com\/files\/2025\/02\/Ivano-1-1000x875.jpg\" media=\"(min-width: 574px)\" \/>\n\n              <source loading=\"lazy\" srcset=\"https:\/\/hotel-icastelli.com\/files\/2025\/02\/Ivano-1-574x765.jpg\" \/>\n\n                <img decoding=\"async\"  width=\"\" height=\"\" loading=\"lazy\" alt=\"Ivano\" title=\"Ivano\" data-caption=\"\" src=\"https:\/\/hotel-icastelli.com\/files\/2025\/02\/Ivano-1.jpg\" data-src=\"https:\/\/hotel-icastelli.com\/files\/2025\/02\/Ivano-1.jpg\"\/>\n\n        \n<\/picture>\n    <\/div>\n        <div class=\"combo__overlay combo__overlay--is-default combo__overlay--color-dark\"><\/div>\n    <div class=\"combo__inner combo__inner--text-align-default combo__inner--has-background combo__inner--has-dark-background-color \">\n          <h4 class=\"combo__tagline\">\n        O chef\n      <\/h4>\n              <h2 class=\"combo__title\">\n        Para trazer voc\u00ea de volta\n      <\/h2>\n                  <div class=\"combo__description\">\n        \n\n<p>Minha culin\u00e1ria \u00e9 baseada em produtos sazonais que s\u00e3o cuidadosamente preparados e respeitam a natureza.<\/p>\n\n\n      <\/div>\n              <div class=\"combo__cta\">\n          <a href=\"https:\/\/hotel-icastelli.com\/pt-br\/restaurante\/chefe-de-cozinha\/\" title=\"Conhe\u00e7a\" target=\"_self\" class=\"combo__button button button--combo\">\n            Conhe\u00e7a\n          <\/a>\n        <\/div>\n            <\/div>\n<\/div>\n\n<div class=\"combo combo--3-cols combo--align-center combo--textalign-default combo--has-background has-dark-background-color combos__combo \">\n      <div class=\"combo__bg combo__bg--position-default combo__bg--overlay-is-default \">\n      <picture class=\"ratio__content\" alt=\"\" title=\"\" data-caption=\"\"> \n                <source loading=\"lazy\" srcset=\"https:\/\/hotel-icastelli.com\/files\/2025\/04\/d.jpg\" media=\"(min-width: 1400px)\" \/>\n\n              <source loading=\"lazy\" srcset=\"https:\/\/hotel-icastelli.com\/files\/2025\/04\/d-1400x875.jpg\" media=\"(min-width: 574px)\" \/>\n\n              <source loading=\"lazy\" srcset=\"https:\/\/hotel-icastelli.com\/files\/2025\/04\/d-574x765.jpg\" \/>\n\n                <img decoding=\"async\"  width=\"\" height=\"\" loading=\"lazy\" alt=\"d\" title=\"d\" data-caption=\"\" src=\"https:\/\/hotel-icastelli.com\/files\/2025\/04\/d.jpg\" data-src=\"https:\/\/hotel-icastelli.com\/files\/2025\/04\/d.jpg\"\/>\n\n        \n<\/picture>\n    <\/div>\n        <div class=\"combo__overlay combo__overlay--is-default combo__overlay--color-dark\"><\/div>\n    <div class=\"combo__inner combo__inner--text-align-default combo__inner--has-background combo__inner--has-dark-background-color \">\n          <h4 class=\"combo__tagline\">\n        O card\u00e1pio\n      <\/h4>\n              <h2 class=\"combo__title\">\n        Para deixar voc\u00ea ganancioso\n      <\/h2>\n                  <div class=\"combo__description\">\n        \n\n<p>Em um ambiente confort\u00e1vel, voc\u00ea pode saborear pratos tradicionais locais.<\/p>\n\n\n      <\/div>\n              <div class=\"combo__cta\">\n          <a href=\"https:\/\/hotel-icastelli.com\/pt-br\/restaurante\/menu\/\" title=\"Saboreie\" target=\"_self\" class=\"combo__button button button--combo\">\n            Saboreie\n          <\/a>\n        <\/div>\n            <\/div>\n<\/div>\n\n<div class=\"combo combo--3-cols combo--align-center combo--textalign-default combo--has-background has-dark-background-color combos__combo wp-elements-9bd5ca2046eb5c63281ec7dd0dc52807\">\n      <div class=\"combo__bg combo__bg--position-default combo__bg--overlay-is-default \">\n      <picture class=\"ratio__content\" alt=\"\" title=\"\" data-caption=\"\"> \n                <source loading=\"lazy\" srcset=\"https:\/\/hotel-icastelli.com\/files\/2025\/03\/piatto_02.jpg\" media=\"(min-width: 1400px)\" \/>\n\n              <source loading=\"lazy\" srcset=\"https:\/\/hotel-icastelli.com\/files\/2025\/03\/piatto_02.jpg\" media=\"(min-width: 574px)\" \/>\n\n              <source loading=\"lazy\" srcset=\"https:\/\/hotel-icastelli.com\/files\/2025\/03\/piatto_02-574x440.jpg\" \/>\n\n                <img decoding=\"async\"  width=\"\" height=\"\" loading=\"lazy\" alt=\"piatto_02\" title=\"piatto_02\" data-caption=\"\" src=\"https:\/\/hotel-icastelli.com\/files\/2025\/03\/piatto_02.jpg\" data-src=\"https:\/\/hotel-icastelli.com\/files\/2025\/03\/piatto_02.jpg\"\/>\n\n        \n<\/picture>\n    <\/div>\n        <div class=\"combo__overlay combo__overlay--is-default combo__overlay--color-dark\"><\/div>\n    <div class=\"combo__inner combo__inner--text-align-default combo__inner--has-background combo__inner--has-dark-background-color wp-elements-9bd5ca2046eb5c63281ec7dd0dc52807\">\n          <h4 class=\"combo__tagline\">\n        Lista de vinhos\n      <\/h4>\n              <h2 class=\"combo__title\">\n        Para deixar voc\u00ea alegre\n      <\/h2>\n                  <div class=\"combo__description\">\n        \n\n<p>Uma carta de vinhos selecionada, com foco em pequenos produtores do Piemonte e em descri\u00e7\u00f5es nacionais e estrangeiras.<\/p>\n\n\n      <\/div>\n              <div class=\"combo__cta\">\n          <a href=\"https:\/\/hotel-icastelli.com\/files\/2025\/05\/2024.04_carta_vini_i_castelli.pdf\" title=\"Descobrir\" target=\"_self\" class=\"combo__button button button--combo\">\n            Descobrir\n          <\/a>\n        <\/div>\n            <\/div>\n<\/div>\n\n          <\/ul>\n      <\/div>\n<\/section>","protected":false},"excerpt":{"rendered":"","protected":false},"author":152,"featured_media":3766,"parent":0,"menu_order":0,"comment_status":"closed","ping_status":"closed","template":"","meta":{"_acf_changed":false,"_monsterinsights_skip_tracking":false,"_monsterinsights_sitenote_active":false,"_monsterinsights_sitenote_note":"","_monsterinsights_sitenote_category":0,"footnotes":""},"class_list":["post-5086","page","type-page","status-publish","has-post-thumbnail","hentry"],"yoast_head":"<!-- This site is optimized with the Yoast SEO plugin v27.2 - https:\/\/yoast.com\/product\/yoast-seo-wordpress\/ -->\n<title>Restaurante - Hotel in Centro Ad Alba - I Castelli<\/title>\n<meta name=\"description\" content=\"O novo Restaurante I Castelli, agora localizado no terra\u00e7o do hotel a uma altura de 20 metros, oferece a tradicional culin\u00e1ria piemontesa elaborada em um\" \/>\n<meta name=\"robots\" content=\"index, follow, max-snippet:-1, max-image-preview:large, max-video-preview:-1\" \/>\n<link rel=\"canonical\" href=\"https:\/\/hotel-icastelli.com\/pt-br\/restaurante\/\" \/>\n<meta property=\"og:locale\" content=\"pt_BR\" \/>\n<meta property=\"og:type\" content=\"article\" \/>\n<meta property=\"og:title\" content=\"Restaurante - Hotel in Centro Ad Alba - I Castelli\" \/>\n<meta property=\"og:description\" content=\"O novo Restaurante I Castelli, agora localizado no terra\u00e7o do hotel a uma altura de 20 metros, oferece a tradicional culin\u00e1ria piemontesa elaborada em um\" \/>\n<meta property=\"og:url\" content=\"https:\/\/hotel-icastelli.com\/pt-br\/restaurante\/\" \/>\n<meta property=\"og:site_name\" content=\"I Castelli\" \/>\n<meta property=\"article:modified_time\" content=\"2025-11-12T14:24:20+00:00\" \/>\n<meta property=\"og:image\" content=\"https:\/\/hotel-icastelli.com\/files\/2025\/02\/ristorante_cubo.jpg\" \/>\n\t<meta property=\"og:image:width\" content=\"2000\" \/>\n\t<meta property=\"og:image:height\" content=\"857\" \/>\n\t<meta property=\"og:image:type\" content=\"image\/jpeg\" \/>\n<meta name=\"twitter:card\" content=\"summary_large_image\" \/>\n<meta name=\"twitter:label1\" content=\"Est. reading time\" \/>\n\t<meta name=\"twitter:data1\" content=\"2 minutes\" \/>\n<!-- \/ Yoast SEO plugin. -->","yoast_head_json":{"title":"Restaurante - Hotel in Centro Ad Alba - I Castelli","description":"O novo Restaurante I Castelli, agora localizado no terra\u00e7o do hotel a uma altura de 20 metros, oferece a tradicional culin\u00e1ria piemontesa elaborada em um","robots":{"index":"index","follow":"follow","max-snippet":"max-snippet:-1","max-image-preview":"max-image-preview:large","max-video-preview":"max-video-preview:-1"},"canonical":"https:\/\/hotel-icastelli.com\/pt-br\/restaurante\/","og_locale":"pt_BR","og_type":"article","og_title":"Restaurante - Hotel in Centro Ad Alba - I Castelli","og_description":"O novo Restaurante I Castelli, agora localizado no terra\u00e7o do hotel a uma altura de 20 metros, oferece a tradicional culin\u00e1ria piemontesa elaborada em um","og_url":"https:\/\/hotel-icastelli.com\/pt-br\/restaurante\/","og_site_name":"I Castelli","article_modified_time":"2025-11-12T14:24:20+00:00","og_image":[{"width":2000,"height":857,"url":"https:\/\/hotel-icastelli.com\/files\/2025\/02\/ristorante_cubo.jpg","type":"image\/jpeg"}],"twitter_card":"summary_large_image","twitter_misc":{"Est. reading time":"2 minutes"},"schema":{"@context":"https:\/\/schema.org","@graph":[{"@type":"WebPage","@id":"https:\/\/hotel-icastelli.com\/pt-br\/restaurante\/","url":"https:\/\/hotel-icastelli.com\/pt-br\/restaurante\/","name":"Restaurante - Hotel in Centro Ad Alba - I Castelli","isPartOf":{"@id":"https:\/\/hotel-icastelli.com\/#website"},"primaryImageOfPage":{"@id":"https:\/\/hotel-icastelli.com\/pt-br\/restaurante\/#primaryimage"},"image":{"@id":"https:\/\/hotel-icastelli.com\/pt-br\/restaurante\/#primaryimage"},"thumbnailUrl":"https:\/\/hotel-icastelli.com\/files\/2025\/02\/ristorante_cubo.jpg","datePublished":"2025-02-20T09:53:08+00:00","dateModified":"2025-11-12T14:24:20+00:00","description":"O novo Restaurante I Castelli, agora localizado no terra\u00e7o do hotel a uma altura de 20 metros, oferece a tradicional culin\u00e1ria piemontesa elaborada em um","breadcrumb":{"@id":"https:\/\/hotel-icastelli.com\/pt-br\/restaurante\/#breadcrumb"},"inLanguage":"pt-BR","potentialAction":[{"@type":"ReadAction","target":["https:\/\/hotel-icastelli.com\/pt-br\/restaurante\/"]}]},{"@type":"ImageObject","inLanguage":"pt-BR","@id":"https:\/\/hotel-icastelli.com\/pt-br\/restaurante\/#primaryimage","url":"https:\/\/hotel-icastelli.com\/files\/2025\/02\/ristorante_cubo.jpg","contentUrl":"https:\/\/hotel-icastelli.com\/files\/2025\/02\/ristorante_cubo.jpg","width":2000,"height":857,"caption":"Stitched Panorama"},{"@type":"BreadcrumbList","@id":"https:\/\/hotel-icastelli.com\/pt-br\/restaurante\/#breadcrumb","itemListElement":[{"@type":"ListItem","position":1,"name":"Home","item":"https:\/\/hotel-icastelli.com\/pt-br\/"},{"@type":"ListItem","position":2,"name":"Restaurante"}]},{"@type":"WebSite","@id":"https:\/\/hotel-icastelli.com\/#website","url":"https:\/\/hotel-icastelli.com\/","name":"I Castelli","description":"Hotel in Centro Ad Alba","publisher":{"@id":"https:\/\/hotel-icastelli.com\/#organization"},"potentialAction":[{"@type":"SearchAction","target":{"@type":"EntryPoint","urlTemplate":"https:\/\/hotel-icastelli.com\/?s={search_term_string}"},"query-input":{"@type":"PropertyValueSpecification","valueRequired":true,"valueName":"search_term_string"}}],"inLanguage":"pt-BR"},{"@type":"Organization","@id":"https:\/\/hotel-icastelli.com\/#organization","name":"I Castelli","url":"https:\/\/hotel-icastelli.com\/","logo":{"@type":"ImageObject","inLanguage":"pt-BR","@id":"https:\/\/hotel-icastelli.com\/#\/schema\/logo\/image\/","url":"","contentUrl":"","caption":"I Castelli"},"image":{"@id":"https:\/\/hotel-icastelli.com\/#\/schema\/logo\/image\/"}}]}},"acf":[],"_links":{"self":[{"href":"https:\/\/hotel-icastelli.com\/pt-br\/wp-json\/wp\/v2\/pages\/5086","targetHints":{"allow":["GET"]}}],"collection":[{"href":"https:\/\/hotel-icastelli.com\/pt-br\/wp-json\/wp\/v2\/pages"}],"about":[{"href":"https:\/\/hotel-icastelli.com\/pt-br\/wp-json\/wp\/v2\/types\/page"}],"author":[{"embeddable":true,"href":"https:\/\/hotel-icastelli.com\/pt-br\/wp-json\/wp\/v2\/users\/152"}],"replies":[{"embeddable":true,"href":"https:\/\/hotel-icastelli.com\/pt-br\/wp-json\/wp\/v2\/comments?post=5086"}],"version-history":[{"count":0,"href":"https:\/\/hotel-icastelli.com\/pt-br\/wp-json\/wp\/v2\/pages\/5086\/revisions"}],"wp:featuredmedia":[{"embeddable":true,"href":"https:\/\/hotel-icastelli.com\/pt-br\/wp-json\/wp\/v2\/media\/3766"}],"wp:attachment":[{"href":"https:\/\/hotel-icastelli.com\/pt-br\/wp-json\/wp\/v2\/media?parent=5086"}],"curies":[{"name":"wp","href":"https:\/\/api.w.org\/{rel}","templated":true}]}}