{"id":5170,"date":"2013-08-28T09:27:19","date_gmt":"2013-08-28T07:27:19","guid":{"rendered":"https:\/\/hotel-icastelli.com\/turismo\/as-10-1-coisas-que-voce-nao-pode-perder-em-langhe\/"},"modified":"2025-05-07T07:40:04","modified_gmt":"2025-05-07T05:40:04","slug":"as-10-1-coisas-que-voce-nao-pode-perder-em-langhe","status":"publish","type":"page","link":"https:\/\/hotel-icastelli.com\/pt-br\/turismo\/as-10-1-coisas-que-voce-nao-pode-perder-em-langhe\/","title":{"rendered":"As 10 +1 coisas que voc\u00ea n\u00e3o pode perder em Langhe!"},"content":{"rendered":"\n<p>Al\u00e9m dos insights que voc\u00ea encontrar\u00e1 nesta se\u00e7\u00e3o sobre Turismo, pensamos em publicar nosso dec\u00e1logo das <strong>&#8220;10 coisas que voc\u00ea n\u00e3o deve perder!&#8221; na regi\u00e3o de Langhe<\/strong>&#8230;<\/p>\n\n<ul class=\"wp-block-list\">\n<li>A <a href=\"https:\/\/langhe.net\/sight\/cappella-barolo\/\" target=\"_blank\" rel=\"noreferrer noopener\">Capela Barolo<\/a> em La Morra, de David Tramiett e Sol LeWitt<\/li>\n\n\n\n<li>O Museu do Vinho <a href=\"http:\/\/www.wimubarolo.it\/\" target=\"_blank\" rel=\"noreferrer noopener\">WiMu<\/a><\/li>\n\n\n\n<li>Uma visita \u00e0s adegas de Langhe e Roero<\/li>\n\n\n\n<li>O <a href=\"http:\/\/www.castellogrinzane.com\/\" target=\"_blank\" rel=\"noreferrer noopener\">castelo de<\/a> Grinzane Cavour<\/li>\n\n\n\n<li>O<a href=\"https:\/\/langhe.net\/sight\/il-mercato-del-sabato-alba\/\" target=\"_blank\" rel=\"noreferrer noopener\"> mercado de s\u00e1bado de manh\u00e3 em Alba<\/a> <\/li>\n\n\n\n<li>O mirante de La Morra<\/li>\n\n\n\n<li>Conhe\u00e7a Langhe em duas rodas, experimente o <a href=\"https:\/\/www.albawaytour.com\/\" target=\"_blank\" rel=\"noreferrer noopener\">Segway<\/a><\/li>\n\n\n\n<li>Um passeio pelo centro hist\u00f3rico de <a href=\"https:\/\/langhe.net\/paese\/alba-piemonte\/\" target=\"_blank\" rel=\"noreferrer noopener\">Alba<\/a><\/li>\n\n\n\n<li>P\u00f4r do sol em Alba visto da estrada para Altavilla (a uma curta dist\u00e2ncia!)<\/li>\n\n\n\n<li>A <a href=\"https:\/\/langhe.net\/guide\/ricerca-tartufo-bianco-alba\/\" target=\"_blank\" rel=\"noreferrer noopener\">busca simulada pela<\/a> <a href=\"https:\/\/hotel-icastelli.com\/turismo\/fiera-internazionale-del-tartufo-bianco-dalba\/\">trufa branca de Alba<\/a><\/li>\n\n\n\n<li>Descobrir e visitar as maravilhas das paisagens vin\u00edcolas de Langhe, Roero e Monferrato, hoje <a href=\"https:\/\/hotel-icastelli.com\/turismo\/unesco-paesaggi-vitivinicoli\/\">Patrim\u00f4nio Mundial da UNESCO<\/a><\/li>\n<\/ul>\n\n<h3 class=\"wp-block-heading\">Outras experi\u00eancias interessantes<\/h3>\n\n<ul class=\"wp-block-list\">\n<li><a href=\"https:\/\/www.langhe-experience.it\/it\/visite-in-cantina-wine-tours\/174-canelli-e-le-cattedrali-sotterranee-patrimonio-unesco.html\" target=\"_blank\" rel=\"noreferrer noopener nofollow\">Catedrais subterr\u00e2neas<\/a><\/li>\n\n\n\n<li><a href=\"https:\/\/www.langhe-experience.it\/it\/authentic-experiences-langhe-monferrato-roero\/655-vespa-tour-la-dolce-vita-tra-le-colline-delle-langhe.html\">Passeio de Vespa<\/a><\/li>\n<\/ul>\n\n<p><\/p>\n\n<p><\/p>\n","protected":false},"excerpt":{"rendered":"<p>Al\u00e9m dos insights que voc\u00ea encontrar\u00e1 nesta se\u00e7\u00e3o sobre Turismo, pensamos em publicar nosso dec\u00e1logo das &#8220;10 coisas que voc\u00ea n\u00e3o deve perder!&#8221; na regi\u00e3o de Langhe&#8230; Outras experi\u00eancias interessantes<\/p>\n","protected":false},"author":152,"featured_media":4234,"parent":5088,"menu_order":2,"comment_status":"open","ping_status":"closed","template":"","meta":{"_acf_changed":false,"_monsterinsights_skip_tracking":false,"_monsterinsights_sitenote_active":false,"_monsterinsights_sitenote_note":"","_monsterinsights_sitenote_category":0,"footnotes":""},"class_list":["post-5170","page","type-page","status-publish","has-post-thumbnail","hentry"],"yoast_head":"<!-- This site is optimized with the Yoast SEO plugin v27.2 - https:\/\/yoast.com\/product\/yoast-seo-wordpress\/ -->\n<title>As 10 +1 coisas que voc\u00ea n\u00e3o pode perder em Langhe! - Hotel in Centro Ad Alba - I Castelli<\/title>\n<meta name=\"description\" content=\"Al\u00e9m dos insights que voc\u00ea encontrar\u00e1 nesta se\u00e7\u00e3o sobre Turismo, pensamos em publicar nosso dec\u00e1logo das &quot;10 coisas que voc\u00ea n\u00e3o deve perder!&quot; na regi\u00e3o\" \/>\n<meta name=\"robots\" content=\"index, follow, max-snippet:-1, max-image-preview:large, max-video-preview:-1\" \/>\n<link rel=\"canonical\" href=\"https:\/\/hotel-icastelli.com\/pt-br\/turismo\/as-10-1-coisas-que-voce-nao-pode-perder-em-langhe\/\" \/>\n<meta property=\"og:locale\" content=\"pt_BR\" \/>\n<meta property=\"og:type\" content=\"article\" \/>\n<meta property=\"og:title\" content=\"As 10 +1 coisas que voc\u00ea n\u00e3o pode perder em Langhe! - Hotel in Centro Ad Alba - I Castelli\" \/>\n<meta property=\"og:description\" content=\"Al\u00e9m dos insights que voc\u00ea encontrar\u00e1 nesta se\u00e7\u00e3o sobre Turismo, pensamos em publicar nosso dec\u00e1logo das &quot;10 coisas que voc\u00ea n\u00e3o deve perder!&quot; na regi\u00e3o\" \/>\n<meta property=\"og:url\" content=\"https:\/\/hotel-icastelli.com\/pt-br\/turismo\/as-10-1-coisas-que-voce-nao-pode-perder-em-langhe\/\" \/>\n<meta property=\"og:site_name\" content=\"I Castelli\" \/>\n<meta property=\"article:modified_time\" content=\"2025-05-07T05:40:04+00:00\" \/>\n<meta property=\"og:image\" content=\"https:\/\/hotel-icastelli.com\/files\/2025\/03\/Untitled-6.jpg\" \/>\n\t<meta property=\"og:image:width\" content=\"1024\" \/>\n\t<meta property=\"og:image:height\" content=\"205\" \/>\n\t<meta property=\"og:image:type\" content=\"image\/jpeg\" \/>\n<meta name=\"twitter:card\" content=\"summary_large_image\" \/>\n<meta name=\"twitter:label1\" content=\"Est. reading time\" \/>\n\t<meta name=\"twitter:data1\" content=\"1 minute\" \/>\n<!-- \/ Yoast SEO plugin. -->","yoast_head_json":{"title":"As 10 +1 coisas que voc\u00ea n\u00e3o pode perder em Langhe! - Hotel in Centro Ad Alba - I Castelli","description":"Al\u00e9m dos insights que voc\u00ea encontrar\u00e1 nesta se\u00e7\u00e3o sobre Turismo, pensamos em publicar nosso dec\u00e1logo das \"10 coisas que voc\u00ea n\u00e3o deve perder!\" na regi\u00e3o","robots":{"index":"index","follow":"follow","max-snippet":"max-snippet:-1","max-image-preview":"max-image-preview:large","max-video-preview":"max-video-preview:-1"},"canonical":"https:\/\/hotel-icastelli.com\/pt-br\/turismo\/as-10-1-coisas-que-voce-nao-pode-perder-em-langhe\/","og_locale":"pt_BR","og_type":"article","og_title":"As 10 +1 coisas que voc\u00ea n\u00e3o pode perder em Langhe! - Hotel in Centro Ad Alba - I Castelli","og_description":"Al\u00e9m dos insights que voc\u00ea encontrar\u00e1 nesta se\u00e7\u00e3o sobre Turismo, pensamos em publicar nosso dec\u00e1logo das \"10 coisas que voc\u00ea n\u00e3o deve perder!\" na regi\u00e3o","og_url":"https:\/\/hotel-icastelli.com\/pt-br\/turismo\/as-10-1-coisas-que-voce-nao-pode-perder-em-langhe\/","og_site_name":"I Castelli","article_modified_time":"2025-05-07T05:40:04+00:00","og_image":[{"width":1024,"height":205,"url":"https:\/\/hotel-icastelli.com\/files\/2025\/03\/Untitled-6.jpg","type":"image\/jpeg"}],"twitter_card":"summary_large_image","twitter_misc":{"Est. reading time":"1 minute"},"schema":{"@context":"https:\/\/schema.org","@graph":[{"@type":"WebPage","@id":"https:\/\/hotel-icastelli.com\/pt-br\/turismo\/as-10-1-coisas-que-voce-nao-pode-perder-em-langhe\/","url":"https:\/\/hotel-icastelli.com\/pt-br\/turismo\/as-10-1-coisas-que-voce-nao-pode-perder-em-langhe\/","name":"As 10 +1 coisas que voc\u00ea n\u00e3o pode perder em Langhe! - Hotel in Centro Ad Alba - I Castelli","isPartOf":{"@id":"https:\/\/hotel-icastelli.com\/#website"},"primaryImageOfPage":{"@id":"https:\/\/hotel-icastelli.com\/pt-br\/turismo\/as-10-1-coisas-que-voce-nao-pode-perder-em-langhe\/#primaryimage"},"image":{"@id":"https:\/\/hotel-icastelli.com\/pt-br\/turismo\/as-10-1-coisas-que-voce-nao-pode-perder-em-langhe\/#primaryimage"},"thumbnailUrl":"https:\/\/hotel-icastelli.com\/files\/2025\/03\/Untitled-6.jpg","datePublished":"2013-08-28T07:27:19+00:00","dateModified":"2025-05-07T05:40:04+00:00","description":"Al\u00e9m dos insights que voc\u00ea encontrar\u00e1 nesta se\u00e7\u00e3o sobre Turismo, pensamos em publicar nosso dec\u00e1logo das \"10 coisas que voc\u00ea n\u00e3o deve perder!\" na regi\u00e3o","breadcrumb":{"@id":"https:\/\/hotel-icastelli.com\/pt-br\/turismo\/as-10-1-coisas-que-voce-nao-pode-perder-em-langhe\/#breadcrumb"},"inLanguage":"pt-BR","potentialAction":[{"@type":"ReadAction","target":["https:\/\/hotel-icastelli.com\/pt-br\/turismo\/as-10-1-coisas-que-voce-nao-pode-perder-em-langhe\/"]}]},{"@type":"ImageObject","inLanguage":"pt-BR","@id":"https:\/\/hotel-icastelli.com\/pt-br\/turismo\/as-10-1-coisas-que-voce-nao-pode-perder-em-langhe\/#primaryimage","url":"https:\/\/hotel-icastelli.com\/files\/2025\/03\/Untitled-6.jpg","contentUrl":"https:\/\/hotel-icastelli.com\/files\/2025\/03\/Untitled-6.jpg","width":1024,"height":205},{"@type":"BreadcrumbList","@id":"https:\/\/hotel-icastelli.com\/pt-br\/turismo\/as-10-1-coisas-que-voce-nao-pode-perder-em-langhe\/#breadcrumb","itemListElement":[{"@type":"ListItem","position":1,"name":"Home","item":"https:\/\/hotel-icastelli.com\/pt-br\/"},{"@type":"ListItem","position":2,"name":"Turismo","item":"https:\/\/hotel-icastelli.com\/pt-br\/turismo\/"},{"@type":"ListItem","position":3,"name":"As 10 +1 coisas que voc\u00ea n\u00e3o pode perder em Langhe!"}]},{"@type":"WebSite","@id":"https:\/\/hotel-icastelli.com\/#website","url":"https:\/\/hotel-icastelli.com\/","name":"I Castelli","description":"Hotel in Centro Ad Alba","publisher":{"@id":"https:\/\/hotel-icastelli.com\/#organization"},"potentialAction":[{"@type":"SearchAction","target":{"@type":"EntryPoint","urlTemplate":"https:\/\/hotel-icastelli.com\/?s={search_term_string}"},"query-input":{"@type":"PropertyValueSpecification","valueRequired":true,"valueName":"search_term_string"}}],"inLanguage":"pt-BR"},{"@type":"Organization","@id":"https:\/\/hotel-icastelli.com\/#organization","name":"I Castelli","url":"https:\/\/hotel-icastelli.com\/","logo":{"@type":"ImageObject","inLanguage":"pt-BR","@id":"https:\/\/hotel-icastelli.com\/#\/schema\/logo\/image\/","url":"","contentUrl":"","caption":"I Castelli"},"image":{"@id":"https:\/\/hotel-icastelli.com\/#\/schema\/logo\/image\/"}}]}},"acf":[],"_links":{"self":[{"href":"https:\/\/hotel-icastelli.com\/pt-br\/wp-json\/wp\/v2\/pages\/5170","targetHints":{"allow":["GET"]}}],"collection":[{"href":"https:\/\/hotel-icastelli.com\/pt-br\/wp-json\/wp\/v2\/pages"}],"about":[{"href":"https:\/\/hotel-icastelli.com\/pt-br\/wp-json\/wp\/v2\/types\/page"}],"author":[{"embeddable":true,"href":"https:\/\/hotel-icastelli.com\/pt-br\/wp-json\/wp\/v2\/users\/152"}],"replies":[{"embeddable":true,"href":"https:\/\/hotel-icastelli.com\/pt-br\/wp-json\/wp\/v2\/comments?post=5170"}],"version-history":[{"count":0,"href":"https:\/\/hotel-icastelli.com\/pt-br\/wp-json\/wp\/v2\/pages\/5170\/revisions"}],"up":[{"embeddable":true,"href":"https:\/\/hotel-icastelli.com\/pt-br\/wp-json\/wp\/v2\/pages\/5088"}],"wp:featuredmedia":[{"embeddable":true,"href":"https:\/\/hotel-icastelli.com\/pt-br\/wp-json\/wp\/v2\/media\/4234"}],"wp:attachment":[{"href":"https:\/\/hotel-icastelli.com\/pt-br\/wp-json\/wp\/v2\/media?parent=5170"}],"curies":[{"name":"wp","href":"https:\/\/api.w.org\/{rel}","templated":true}]}}