{"id":5206,"date":"2025-02-20T10:48:28","date_gmt":"2025-02-20T09:48:28","guid":{"rendered":"https:\/\/hotel-icastelli.com\/inicio\/"},"modified":"2025-11-12T12:09:42","modified_gmt":"2025-11-12T11:09:42","slug":"inicio","status":"publish","type":"page","link":"https:\/\/hotel-icastelli.com\/pt-br\/","title":{"rendered":"In\u00edcio"},"content":{"rendered":"<section class=\"text-image text-image--text-is-left text-image--mt-default text-image--mb-default text-image--align-full text-image--no-background  __text-image text-image--image-mobile-bottom \">\n  <div class=\"text-image__inner text-image__inner--align-full text-image__inner--valign-default flex-columns\">\n    <div class=\"text-image__text text-image__text--is-left text-image__text--is-mobile-top flex-column flex-column--width-50\">\n              <div class=\"text-image__typography typography typography--text-is-left\">\n          \n<div class=\"title-block title-block--mt-default title-block--align-center title-block--mb-default title-block--text-align-default title-block--is-style-none typography__title-block\">\n      <h3 class=\"title-block__tagline\">\n      O hotel\n    <\/h3>\n        <h2 class=\"title-block__title title-block__title--not-main\">\n      Esperamos ver voc\u00ea em Langhe e Roero\n    <\/h2>\n    <\/div>\n\n\n<p><br\/>Inaugurado em 1996, ele passou por inova\u00e7\u00f5es cont\u00ednuas ao longo dos anos para acompanhar as mudan\u00e7as nas necessidades dos clientes.<\/p>\n\n\n\n<p>Ao longo dos anos, foi realizada uma moderniza\u00e7\u00e3o cont\u00ednua para atender \u00e0s necessidades em constante mudan\u00e7a dos clientes e para tornar sua estadia \u00fanica.<\/p>\n\n\n\n<p>Localizado <strong>a 800 metros da Piazza Duomo<\/strong>, a sala de estar da cidade, em uma posi\u00e7\u00e3o estrat\u00e9gica para visitar Langhe e Roero.<\/p>\n\n\n\n<div class=\"wp-block-buttons\">\n<div class=\"wp-block-button\"><a class=\"wp-block-button__link wp-element-button\" href=\"https:\/\/hotel-icastelli.com\/pt-br\/hoteis\/\">Descubra o hotel<\/a><\/div>\n<\/div>\n\n\n        <\/div>\n          <\/div>\n    <div class=\"text-image__image-container text-image__image-container--is-right text-image__image-container--is-mobile-bottom flex-column flex-column--width-50\">\n              <div class=\"text-image__image text-image__image--is-right text-image__image--is-square text-image__image--style-is-default\">\n          <picture class=\"ratio__content\"> \n                    <source loading=\"lazy\" srcset=\"https:\/\/hotel-icastelli.com\/files\/2025\/03\/200-900x900.jpeg\" media=\"(min-width: 574px)\" \/>\n\n                  <source loading=\"lazy\" srcset=\"https:\/\/hotel-icastelli.com\/files\/2025\/03\/200-600x600.jpeg\" \/>\n\n                    <img decoding=\"async\"  width=\"2000\" height=\"1333\" loading=\"lazy\" alt=\"200\" title=\"200\" data-caption=\"\" src=\"https:\/\/hotel-icastelli.com\/files\/2025\/03\/200.jpeg\" data-src=\"https:\/\/hotel-icastelli.com\/files\/2025\/03\/200.jpeg\"\/>\n\n            \n<\/picture>\n        <\/div>\n                  <\/div>\n  <\/div>\n<\/section>\n<figure class=\"wp-block-embed alignwide is-type-video is-provider-youtube wp-block-embed-youtube wp-embed-aspect-16-9 wp-has-aspect-ratio\"><div class=\"wp-block-embed__wrapper\">\n<iframe loading=\"lazy\" title=\"Hotel i Castelli - La Hall\" width=\"500\" height=\"281\" src=\"https:\/\/www.youtube.com\/embed\/iBpOZjDK44M?feature=oembed\" frameborder=\"0\" allow=\"accelerometer; autoplay; clipboard-write; encrypted-media; gyroscope; picture-in-picture; web-share\" referrerpolicy=\"strict-origin-when-cross-origin\" allowfullscreen><\/iframe>\n<\/div><\/figure>\n<section class=\"grid grid--mt-default grid--mb-default grid--align-full grid--no-background  __grid is-style-first-big-3\">\n  <div class=\"grid__inner grid__inner--align-full\">\n        <ul class=\"grid__row grid__row--columns-3 grid__row--valign-top combos combos--columns-3\">\n              \n<div class=\"combo combo--3-cols combo--align-center combo--textalign-default combo--has-background has-dark-background-color combos__combo wp-elements-b5fd504645fe26ca978d000ea54ed8b4\">\n      <div class=\"combo__bg combo__bg--position-default combo__bg--overlay-is-default \">\n      <picture class=\"ratio__content\"> \n                <source loading=\"lazy\" srcset=\"https:\/\/hotel-icastelli.com\/files\/2025\/02\/matrimoniale.jpg\" media=\"(min-width: 1400px)\" \/>\n\n              <source loading=\"lazy\" srcset=\"https:\/\/hotel-icastelli.com\/files\/2025\/02\/matrimoniale-1400x875.jpg\" media=\"(min-width: 574px)\" \/>\n\n              <source loading=\"lazy\" srcset=\"https:\/\/hotel-icastelli.com\/files\/2025\/02\/matrimoniale-574x765.jpg\" \/>\n\n                <img decoding=\"async\"  width=\"\" height=\"\" loading=\"lazy\" alt=\"matrimoniale\" title=\"matrimoniale\" data-caption=\"Kolor stitching | 32 pictures | Size: 10444 x 6137 | FOV: 106.76 x 73.44 ~ -14.00 | RMS: 4.49 | Lens: Standard | Projection: Planar | Color: LDR |\" src=\"https:\/\/hotel-icastelli.com\/files\/2025\/02\/matrimoniale.jpg\" data-src=\"https:\/\/hotel-icastelli.com\/files\/2025\/02\/matrimoniale.jpg\"\/>\n\n        \n<\/picture>\n    <\/div>\n        <div class=\"combo__overlay combo__overlay--is-default combo__overlay--color-dark\"><\/div>\n    <div class=\"combo__inner combo__inner--text-align-default combo__inner--has-background combo__inner--has-dark-background-color wp-elements-b5fd504645fe26ca978d000ea54ed8b4\">\n          <h4 class=\"combo__tagline\">\n        Quartos\n      <\/h4>\n              <h2 class=\"combo__title\">\n        Relaxamento e descanso\n      <\/h2>\n                  <div class=\"combo__description\">\n        \n\n<p>O design confort\u00e1vel e a funcionalidade est\u00e3o presentes nos quartos e su\u00edtes cl\u00e1ssicos.<\/p>\n\n\n      <\/div>\n              <div class=\"combo__cta\">\n          <a href=\"https:\/\/hotel-icastelli.com\/pt-br\/hoteis\/quartos\/\" title=\"Descobrir\" target=\"_self\" class=\"combo__button button button--combo\">\n            Descobrir\n          <\/a>\n        <\/div>\n            <\/div>\n<\/div>\n\n<div class=\"combo combo--3-cols combo--align-center combo--textalign-default combo--has-background has-dark-background-color combos__combo wp-elements-a70314f523f37044489772109d16f97a\">\n      <div class=\"combo__bg combo__bg--position-default combo__bg--overlay-is-default \">\n      <picture class=\"ratio__content\"> \n                <source loading=\"lazy\" srcset=\"https:\/\/hotel-icastelli.com\/files\/2025\/02\/colazioni.jpg\" media=\"(min-width: 1400px)\" \/>\n\n              <source loading=\"lazy\" srcset=\"https:\/\/hotel-icastelli.com\/files\/2025\/02\/colazioni-1400x875.jpg\" media=\"(min-width: 574px)\" \/>\n\n              <source loading=\"lazy\" srcset=\"https:\/\/hotel-icastelli.com\/files\/2025\/02\/colazioni-574x765.jpg\" \/>\n\n                <img decoding=\"async\"  width=\"\" height=\"\" loading=\"lazy\" alt=\"colazioni\" title=\"colazioni\" data-caption=\"\" src=\"https:\/\/hotel-icastelli.com\/files\/2025\/02\/colazioni.jpg\" data-src=\"https:\/\/hotel-icastelli.com\/files\/2025\/02\/colazioni.jpg\"\/>\n\n        \n<\/picture>\n    <\/div>\n        <div class=\"combo__overlay combo__overlay--is-default combo__overlay--color-dark\"><\/div>\n    <div class=\"combo__inner combo__inner--text-align-default combo__inner--has-background combo__inner--has-dark-background-color wp-elements-a70314f523f37044489772109d16f97a\">\n          <h4 class=\"combo__tagline\">\n        Caf\u00e9 da manh\u00e3\n      <\/h4>\n              <h2 class=\"combo__title\">\n        Para come\u00e7ar o dia\n      <\/h2>\n                  <div class=\"combo__description\">\n        \n\n<p>Comece bem o dia com um bom caf\u00e9 da manh\u00e3 com produtos para todas as necessidades e intoler\u00e2ncias<\/p>\n\n\n      <\/div>\n              <div class=\"combo__cta\">\n          <a href=\"https:\/\/hotel-icastelli.com\/pt-br\/hoteis\/sala-de-cafe-da-manha\/\" title=\"Descobrir\" target=\"_self\" class=\"combo__button button button--combo\">\n            Descobrir\n          <\/a>\n        <\/div>\n            <\/div>\n<\/div>\n\n<div class=\"combo combo--3-cols combo--align-center combo--textalign-default combo--has-background has-dark-background-color combos__combo wp-elements-a157db283edbfb0d4f041d014f5afe6a\">\n      <div class=\"combo__bg combo__bg--position-default combo__bg--overlay-is-default \">\n      <picture class=\"ratio__content\"> \n                <source loading=\"lazy\" srcset=\"https:\/\/hotel-icastelli.com\/files\/2025\/03\/pal-1.jpg\" media=\"(min-width: 1400px)\" \/>\n\n              <source loading=\"lazy\" srcset=\"https:\/\/hotel-icastelli.com\/files\/2025\/03\/pal-1-1400x875.jpg\" media=\"(min-width: 574px)\" \/>\n\n              <source loading=\"lazy\" srcset=\"https:\/\/hotel-icastelli.com\/files\/2025\/03\/pal-1-574x765.jpg\" \/>\n\n                <img decoding=\"async\"  width=\"\" height=\"\" loading=\"lazy\" alt=\"pal 1\" title=\"pal 1\" data-caption=\"\" src=\"https:\/\/hotel-icastelli.com\/files\/2025\/03\/pal-1.jpg\" data-src=\"https:\/\/hotel-icastelli.com\/files\/2025\/03\/pal-1.jpg\"\/>\n\n        \n<\/picture>\n    <\/div>\n        <div class=\"combo__overlay combo__overlay--is-default combo__overlay--color-dark\"><\/div>\n    <div class=\"combo__inner combo__inner--text-align-default combo__inner--has-background combo__inner--has-dark-background-color wp-elements-a157db283edbfb0d4f041d014f5afe6a\">\n          <h4 class=\"combo__tagline\">\n        Gin\u00e1sio\n      <\/h4>\n              <h2 class=\"combo__title\">\n        Mantenha seu ritmo\n      <\/h2>\n                  <div class=\"combo__description\">\n        \n\n<p>Mesmo durante as f\u00e9rias ou em uma viagem de neg\u00f3cios, n\u00e3o abandone seus h\u00e1bitos esportivos.<\/p>\n\n\n      <\/div>\n              <div class=\"combo__cta\">\n          <a href=\"https:\/\/hotel-icastelli.com\/pt-br\/hoteis\/ginasio\/\" title=\"Descobrir\" target=\"_self\" class=\"combo__button button button--combo\">\n            Descobrir\n          <\/a>\n        <\/div>\n            <\/div>\n<\/div>\n\n          <\/ul>\n      <\/div>\n<\/section><section class=\"text-image text-image--text-is-right text-image--mt-default text-image--mb-default text-image--align-full text-image--no-background  __text-image text-image--image-mobile-bottom \">\n  <div class=\"text-image__inner text-image__inner--align-full text-image__inner--valign-default flex-columns\">\n    <div class=\"text-image__text text-image__text--is-right text-image__text--is-mobile-top flex-column flex-column--width-50\">\n              <div class=\"text-image__typography typography typography--text-is-right\">\n          \n<div class=\"title-block title-block--mt-default title-block--align-center title-block--mb-default title-block--text-align-default title-block--is-style-none typography__title-block\">\n      <h3 class=\"title-block__tagline\">\n      O restaurante\n    <\/h3>\n        <h2 class=\"title-block__title title-block__title--not-main\">\n      Para deixar voc\u00ea curioso\n    <\/h2>\n    <\/div>\n\n\n<p>O <a href=\"https:\/\/hotel-icastelli.com\/pt-br\/restaurante\/\">Restaurante I Castelli<\/a>, localizado <strong>a 20 metros acima do n\u00edvel do mar, no terra\u00e7o panor\u00e2mico do nosso hotel<\/strong>, em um ambiente que deixa os h\u00f3spedes \u00e0 vontade, oferece uma culin\u00e1ria ligada aos valores tradicionais, habilmente combinada com a busca das melhores mat\u00e9rias-primas, acompanhada por uma <a href=\"https:\/\/hotel-icastelli.com\/pt-br\/restaurante\/lista-de-vinhos\/\" target=\"_blank\" rel=\"noreferrer noopener\">carta de vinhos<\/a> bem abastecida, com uma sele\u00e7\u00e3o cuidadosa dos melhores produtores emergentes, sem esquecer os <em>vinhedos<\/em> que tornaram Barolo e Barbaresco famosos em todo o mundo.<\/p>\n\n\n\n<div class=\"wp-block-buttons\">\n<div class=\"wp-block-button\"><a class=\"wp-block-button__link wp-element-button\" href=\"https:\/\/hotel-icastelli.com\/pt-br\/restaurante\/\">Saboreie<\/a><\/div>\n<\/div>\n\n\n        <\/div>\n          <\/div>\n    <div class=\"text-image__image-container text-image__image-container--is-left text-image__image-container--is-mobile-bottom flex-column flex-column--width-50\">\n              <div class=\"text-image__image text-image__image--is-left text-image__image--is-square text-image__image--style-is-default\">\n          <picture class=\"ratio__content\"> \n                    <source loading=\"lazy\" srcset=\"https:\/\/hotel-icastelli.com\/files\/2025\/02\/ristorante_cubo-900x857.jpg\" media=\"(min-width: 574px)\" \/>\n\n                  <source loading=\"lazy\" srcset=\"https:\/\/hotel-icastelli.com\/files\/2025\/02\/ristorante_cubo-600x600.jpg\" \/>\n\n                    <img decoding=\"async\"  width=\"2000\" height=\"857\" loading=\"lazy\" alt=\"Stitched Panorama\" title=\"Stitched Panorama\" data-caption=\"\" src=\"https:\/\/hotel-icastelli.com\/files\/2025\/02\/ristorante_cubo.jpg\" data-src=\"https:\/\/hotel-icastelli.com\/files\/2025\/02\/ristorante_cubo.jpg\"\/>\n\n            \n<\/picture>\n        <\/div>\n                  <\/div>\n  <\/div>\n<\/section><section class=\"grid grid--mt-default grid--mb-default grid--align-full grid--no-background  __grid is-style-first-big-3\">\n  <div class=\"grid__inner grid__inner--align-full\">\n        <ul class=\"grid__row grid__row--columns-3 grid__row--valign-top combos combos--columns-3\">\n              \n<div class=\"combo combo--3-cols combo--align-center combo--textalign-default combo--has-background has-dark-background-color combos__combo wp-elements-c1a3af0efee6dea946291ead3a5a0295\">\n      <div class=\"combo__bg combo__bg--position-default combo__bg--overlay-is-default \">\n      <picture class=\"ratio__content\"> \n                <source loading=\"lazy\" srcset=\"https:\/\/hotel-icastelli.com\/files\/2025\/04\/c.jpg\" media=\"(min-width: 1400px)\" \/>\n\n              <source loading=\"lazy\" srcset=\"https:\/\/hotel-icastelli.com\/files\/2025\/04\/c-1400x875.jpg\" media=\"(min-width: 574px)\" \/>\n\n              <source loading=\"lazy\" srcset=\"https:\/\/hotel-icastelli.com\/files\/2025\/04\/c-574x765.jpg\" \/>\n\n                <img decoding=\"async\"  width=\"\" height=\"\" loading=\"lazy\" alt=\"c\" title=\"c\" data-caption=\"\" src=\"https:\/\/hotel-icastelli.com\/files\/2025\/04\/c.jpg\" data-src=\"https:\/\/hotel-icastelli.com\/files\/2025\/04\/c.jpg\"\/>\n\n        \n<\/picture>\n    <\/div>\n        <div class=\"combo__overlay combo__overlay--is-default combo__overlay--color-dark\"><\/div>\n    <div class=\"combo__inner combo__inner--text-align-default combo__inner--has-background combo__inner--has-dark-background-color wp-elements-c1a3af0efee6dea946291ead3a5a0295\">\n          <h4 class=\"combo__tagline\">\n        Menu\n      <\/h4>\n              <h2 class=\"combo__title\">\n        Para deixar voc\u00ea ganancioso\n      <\/h2>\n                  <div class=\"combo__description\">\n        \n\n<p>Em um ambiente confort\u00e1vel, voc\u00ea pode saborear pratos tradicionais locais.<\/p>\n\n\n      <\/div>\n              <div class=\"combo__cta\">\n          <a href=\"https:\/\/hotel-icastelli.com\/pt-br\/restaurante\/menu\/\" title=\"Descobrir\" target=\"_self\" class=\"combo__button button button--combo\">\n            Descobrir\n          <\/a>\n        <\/div>\n            <\/div>\n<\/div>\n\n<div class=\"combo combo--3-cols combo--align-center combo--textalign-default combo--has-background has-dark-background-color combos__combo wp-elements-7a77b41f12d46a8712475d87f5c83a28\">\n      <div class=\"combo__bg combo__bg--position-default combo__bg--overlay-is-default \">\n      <picture class=\"ratio__content\"> \n                <source loading=\"lazy\" srcset=\"https:\/\/hotel-icastelli.com\/files\/2025\/02\/Ivano-1.jpg\" media=\"(min-width: 1400px)\" \/>\n\n              <source loading=\"lazy\" srcset=\"https:\/\/hotel-icastelli.com\/files\/2025\/02\/Ivano-1-1000x875.jpg\" media=\"(min-width: 574px)\" \/>\n\n              <source loading=\"lazy\" srcset=\"https:\/\/hotel-icastelli.com\/files\/2025\/02\/Ivano-1-574x765.jpg\" \/>\n\n                <img decoding=\"async\"  width=\"\" height=\"\" loading=\"lazy\" alt=\"Ivano\" title=\"Ivano\" data-caption=\"\" src=\"https:\/\/hotel-icastelli.com\/files\/2025\/02\/Ivano-1.jpg\" data-src=\"https:\/\/hotel-icastelli.com\/files\/2025\/02\/Ivano-1.jpg\"\/>\n\n        \n<\/picture>\n    <\/div>\n        <div class=\"combo__overlay combo__overlay--is-default combo__overlay--color-dark\"><\/div>\n    <div class=\"combo__inner combo__inner--text-align-default combo__inner--has-background combo__inner--has-dark-background-color wp-elements-7a77b41f12d46a8712475d87f5c83a28\">\n          <h4 class=\"combo__tagline\">\n        Chefe de cozinha\n      <\/h4>\n              <h2 class=\"combo__title\">\n        Para trazer voc\u00ea de volta\n      <\/h2>\n                  <div class=\"combo__description\">\n        \n\n<p>Minha culin\u00e1ria \u00e9 baseada em produtos sazonais que s\u00e3o cuidadosamente preparados e respeitam a natureza.<\/p>\n\n\n      <\/div>\n              <div class=\"combo__cta\">\n          <a href=\"https:\/\/hotel-icastelli.com\/pt-br\/restaurante\/chefe-de-cozinha\/\" title=\"Descobrir\" target=\"_self\" class=\"combo__button button button--combo\">\n            Descobrir\n          <\/a>\n        <\/div>\n            <\/div>\n<\/div>\n\n<div class=\"combo combo--3-cols combo--align-center combo--textalign-default combo--has-background has-dark-background-color combos__combo wp-elements-d1fb2ad7bc0db2a2d304faaaf77b6bbd\">\n      <div class=\"combo__bg combo__bg--position-default combo__bg--overlay-is-default \">\n      <picture class=\"ratio__content\"> \n                <source loading=\"lazy\" srcset=\"https:\/\/hotel-icastelli.com\/files\/2025\/02\/piatto_02.jpg\" media=\"(min-width: 1400px)\" \/>\n\n              <source loading=\"lazy\" srcset=\"https:\/\/hotel-icastelli.com\/files\/2025\/02\/piatto_02-1400x875.jpg\" media=\"(min-width: 574px)\" \/>\n\n              <source loading=\"lazy\" srcset=\"https:\/\/hotel-icastelli.com\/files\/2025\/02\/piatto_02-574x765.jpg\" \/>\n\n                <img decoding=\"async\"  width=\"\" height=\"\" loading=\"lazy\" alt=\"piatto_02\" title=\"piatto_02\" data-caption=\"\" src=\"https:\/\/hotel-icastelli.com\/files\/2025\/02\/piatto_02.jpg\" data-src=\"https:\/\/hotel-icastelli.com\/files\/2025\/02\/piatto_02.jpg\"\/>\n\n        \n<\/picture>\n    <\/div>\n        <div class=\"combo__overlay combo__overlay--is-default combo__overlay--color-dark\"><\/div>\n    <div class=\"combo__inner combo__inner--text-align-default combo__inner--has-background combo__inner--has-dark-background-color wp-elements-d1fb2ad7bc0db2a2d304faaaf77b6bbd\">\n          <h4 class=\"combo__tagline\">\n        Lista de vinhos\n      <\/h4>\n              <h2 class=\"combo__title\">\n        Para deixar voc\u00ea alegre\n      <\/h2>\n                  <div class=\"combo__description\">\n        \n\n<p>Uma carta de vinhos selecionada, com foco em pequenos produtores do Piemonte e em descri\u00e7\u00f5es nacionais e estrangeiras.<\/p>\n\n\n      <\/div>\n              <div class=\"combo__cta\">\n          <a href=\"https:\/\/hotel-icastelli.com\/files\/2025\/05\/2024.04_carta_vini_i_castelli.pdf\" title=\"Descobrir\" target=\"_self\" class=\"combo__button button button--combo\">\n            Descobrir\n          <\/a>\n        <\/div>\n            <\/div>\n<\/div>\n\n          <\/ul>\n      <\/div>\n<\/section><div class=\"title-block title-block--mt-default title-block--align-center title-block--mb-default title-block--text-align-left title-block--is-style-none typography__title-block\">\n      <h3 class=\"title-block__tagline\">\n      Turismo\n    <\/h3>\n        <h2 class=\"title-block__title title-block__title--not-main\">\n      Um territ\u00f3rio esperando para ser descoberto\n    <\/h2>\n        <div class=\"title-block__description\">\n      Aproveite a incompar\u00e1vel oferta tur\u00edstica de Langhe, Roero e Monferrato: vin\u00edcolas e degusta\u00e7\u00f5es, castelos e trilhas naturais!\n    <\/div>\n  <\/div>\n<div class=\"wp-block-buttons is-content-justification-center\">\n<div class=\"wp-block-button\"><a class=\"wp-block-button__link wp-element-button\" href=\"https:\/\/hotel-icastelli.com\/pt-br\/turismo\/\">Saiba mais<\/a><\/div>\n<\/div>\n","protected":false},"excerpt":{"rendered":"","protected":false},"author":152,"featured_media":3706,"parent":0,"menu_order":0,"comment_status":"closed","ping_status":"closed","template":"","meta":{"_acf_changed":false,"_monsterinsights_skip_tracking":false,"_monsterinsights_sitenote_active":false,"_monsterinsights_sitenote_note":"","_monsterinsights_sitenote_category":0,"footnotes":""},"class_list":["post-5206","page","type-page","status-publish","has-post-thumbnail","hentry"],"yoast_head":"<!-- This site is optimized with the Yoast SEO plugin v27.2 - https:\/\/yoast.com\/product\/yoast-seo-wordpress\/ -->\n<title>Hotel I Castelli in Alba - Uma estadia no cora\u00e7\u00e3o de Langhe<\/title>\n<meta name=\"description\" content=\"Hotel no centro de Alba, recentemente reformado, localizado a 800 metros da central Piazza Duomo. Tem um restaurante panor\u00e2mico.\" \/>\n<meta name=\"robots\" content=\"index, follow, max-snippet:-1, max-image-preview:large, max-video-preview:-1\" \/>\n<link rel=\"canonical\" href=\"https:\/\/hotel-icastelli.com\/pt-br\/\" \/>\n<meta property=\"og:locale\" content=\"pt_BR\" \/>\n<meta property=\"og:type\" content=\"article\" \/>\n<meta property=\"og:title\" content=\"Hotel I Castelli in Alba - Uma estadia no cora\u00e7\u00e3o de Langhe\" \/>\n<meta property=\"og:description\" content=\"Hotel no centro de Alba, recentemente reformado, localizado a 800 metros da central Piazza Duomo. Tem um restaurante panor\u00e2mico.\" \/>\n<meta property=\"og:url\" content=\"https:\/\/hotel-icastelli.com\/pt-br\/\" \/>\n<meta property=\"og:site_name\" content=\"I Castelli\" \/>\n<meta property=\"article:modified_time\" content=\"2025-11-12T11:09:42+00:00\" \/>\n<meta property=\"og:image\" content=\"https:\/\/hotel-icastelli.com\/files\/2025\/02\/serale.jpg\" \/>\n\t<meta property=\"og:image:width\" content=\"2000\" \/>\n\t<meta property=\"og:image:height\" content=\"1415\" \/>\n\t<meta property=\"og:image:type\" content=\"image\/jpeg\" \/>\n<meta name=\"twitter:card\" content=\"summary_large_image\" \/>\n<meta name=\"twitter:label1\" content=\"Est. reading time\" \/>\n\t<meta name=\"twitter:data1\" content=\"1 minute\" \/>\n<!-- \/ Yoast SEO plugin. -->","yoast_head_json":{"title":"Hotel I Castelli in Alba - Uma estadia no cora\u00e7\u00e3o de Langhe","description":"Hotel no centro de Alba, recentemente reformado, localizado a 800 metros da central Piazza Duomo. Tem um restaurante panor\u00e2mico.","robots":{"index":"index","follow":"follow","max-snippet":"max-snippet:-1","max-image-preview":"max-image-preview:large","max-video-preview":"max-video-preview:-1"},"canonical":"https:\/\/hotel-icastelli.com\/pt-br\/","og_locale":"pt_BR","og_type":"article","og_title":"Hotel I Castelli in Alba - Uma estadia no cora\u00e7\u00e3o de Langhe","og_description":"Hotel no centro de Alba, recentemente reformado, localizado a 800 metros da central Piazza Duomo. Tem um restaurante panor\u00e2mico.","og_url":"https:\/\/hotel-icastelli.com\/pt-br\/","og_site_name":"I Castelli","article_modified_time":"2025-11-12T11:09:42+00:00","og_image":[{"width":2000,"height":1415,"url":"https:\/\/hotel-icastelli.com\/files\/2025\/02\/serale.jpg","type":"image\/jpeg"}],"twitter_card":"summary_large_image","twitter_misc":{"Est. reading time":"1 minute"},"schema":{"@context":"https:\/\/schema.org","@graph":[{"@type":"WebPage","@id":"https:\/\/hotel-icastelli.com\/pt-br\/","url":"https:\/\/hotel-icastelli.com\/pt-br\/","name":"Hotel I Castelli in Alba - Uma estadia no cora\u00e7\u00e3o de Langhe","isPartOf":{"@id":"https:\/\/hotel-icastelli.com\/#website"},"primaryImageOfPage":{"@id":"https:\/\/hotel-icastelli.com\/pt-br\/#primaryimage"},"image":{"@id":"https:\/\/hotel-icastelli.com\/pt-br\/#primaryimage"},"thumbnailUrl":"https:\/\/hotel-icastelli.com\/files\/2025\/02\/serale.jpg","datePublished":"2025-02-20T09:48:28+00:00","dateModified":"2025-11-12T11:09:42+00:00","description":"Hotel no centro de Alba, recentemente reformado, localizado a 800 metros da central Piazza Duomo. Tem um restaurante panor\u00e2mico.","breadcrumb":{"@id":"https:\/\/hotel-icastelli.com\/pt-br\/#breadcrumb"},"inLanguage":"pt-BR","potentialAction":[{"@type":"ReadAction","target":["https:\/\/hotel-icastelli.com\/pt-br\/"]}]},{"@type":"ImageObject","inLanguage":"pt-BR","@id":"https:\/\/hotel-icastelli.com\/pt-br\/#primaryimage","url":"https:\/\/hotel-icastelli.com\/files\/2025\/02\/serale.jpg","contentUrl":"https:\/\/hotel-icastelli.com\/files\/2025\/02\/serale.jpg","width":2000,"height":1415,"caption":"Kolor stitching | 35 pictures | Size: 8150 x 5933 | FOV: 138.73 x 100.98 ~ -16.65 | RMS: 2.55 | Lens: Standard | Projection: Spherical | Color: LDR |"},{"@type":"BreadcrumbList","@id":"https:\/\/hotel-icastelli.com\/pt-br\/#breadcrumb","itemListElement":[{"@type":"ListItem","position":1,"name":"Home","item":"https:\/\/hotel-icastelli.com\/pt-br\/"},{"@type":"ListItem","position":2,"name":"In\u00edcio"}]},{"@type":"WebSite","@id":"https:\/\/hotel-icastelli.com\/#website","url":"https:\/\/hotel-icastelli.com\/","name":"I Castelli","description":"Hotel in Centro Ad Alba","publisher":{"@id":"https:\/\/hotel-icastelli.com\/#organization"},"potentialAction":[{"@type":"SearchAction","target":{"@type":"EntryPoint","urlTemplate":"https:\/\/hotel-icastelli.com\/?s={search_term_string}"},"query-input":{"@type":"PropertyValueSpecification","valueRequired":true,"valueName":"search_term_string"}}],"inLanguage":"pt-BR"},{"@type":"Organization","@id":"https:\/\/hotel-icastelli.com\/#organization","name":"I Castelli","url":"https:\/\/hotel-icastelli.com\/","logo":{"@type":"ImageObject","inLanguage":"pt-BR","@id":"https:\/\/hotel-icastelli.com\/#\/schema\/logo\/image\/","url":"","contentUrl":"","caption":"I Castelli"},"image":{"@id":"https:\/\/hotel-icastelli.com\/#\/schema\/logo\/image\/"}}]}},"acf":[],"_links":{"self":[{"href":"https:\/\/hotel-icastelli.com\/pt-br\/wp-json\/wp\/v2\/pages\/5206","targetHints":{"allow":["GET"]}}],"collection":[{"href":"https:\/\/hotel-icastelli.com\/pt-br\/wp-json\/wp\/v2\/pages"}],"about":[{"href":"https:\/\/hotel-icastelli.com\/pt-br\/wp-json\/wp\/v2\/types\/page"}],"author":[{"embeddable":true,"href":"https:\/\/hotel-icastelli.com\/pt-br\/wp-json\/wp\/v2\/users\/152"}],"replies":[{"embeddable":true,"href":"https:\/\/hotel-icastelli.com\/pt-br\/wp-json\/wp\/v2\/comments?post=5206"}],"version-history":[{"count":0,"href":"https:\/\/hotel-icastelli.com\/pt-br\/wp-json\/wp\/v2\/pages\/5206\/revisions"}],"wp:featuredmedia":[{"embeddable":true,"href":"https:\/\/hotel-icastelli.com\/pt-br\/wp-json\/wp\/v2\/media\/3706"}],"wp:attachment":[{"href":"https:\/\/hotel-icastelli.com\/pt-br\/wp-json\/wp\/v2\/media?parent=5206"}],"curies":[{"name":"wp","href":"https:\/\/api.w.org\/{rel}","templated":true}]}}