{"id":5228,"date":"2013-08-28T09:20:49","date_gmt":"2013-08-28T07:20:49","guid":{"rendered":"https:\/\/hotel-icastelli.com\/turismo\/museu-do-vinho-wi-mu-em-barolo\/"},"modified":"2025-05-07T07:40:29","modified_gmt":"2025-05-07T05:40:29","slug":"museu-do-vinho-wi-mu-em-barolo","status":"publish","type":"page","link":"https:\/\/hotel-icastelli.com\/pt-br\/turismo\/museu-do-vinho-wi-mu-em-barolo\/","title":{"rendered":"Museu do Vinho Wi-Mu em Barolo"},"content":{"rendered":"\n<p>O <a href=\"http:\/\/wimubarolo.it\" target=\"_blank\" rel=\"noreferrer noopener\">Museu do Vinho<\/a> <strong>WIMU<\/strong> est\u00e1 instalado no castelo do Marqu\u00eas Falletti di Barolo.<\/p>\n\n<p>O pano de fundo arquitet\u00f4nico, o <strong>Castelo Falletti<\/strong>, permite que a cultura do vinho seja totalmente apreciada.  <\/p>\n\n<p>Sens\u00edvel ao fasc\u00ednio das garrafas de qualidade, o entusiasta do vinho quer conhecer sua hist\u00f3ria, aprender suas t\u00e9cnicas de produ\u00e7\u00e3o, entender as caracter\u00edsticas de seu territ\u00f3rio&#8230; e, para isso, ele tamb\u00e9m est\u00e1 disposto a viajar. Para se tornar um turista do vinho. <\/p>\n\n<p>Para acompanh\u00e1-lo nessa jornada, <strong>Fran\u00e7ois Confino<\/strong>, criador e curador do museu, imaginou um itiner\u00e1rio que entrela\u00e7a dimens\u00f5es cient\u00edficas e po\u00e9ticas, orientando o visitante a descobrir essa realidade.  <\/p>\n\n<p>O passeio \u00e9 estruturado como uma <strong>descida \u00e0s profundezas da cultura do vinho<\/strong>: a sugest\u00e3o de mergulhar nos mist\u00e9rios e mitos do fruto de Baco corresponde \u00e0 sensa\u00e7\u00e3o f\u00edsica de chegar ao cora\u00e7\u00e3o do Castelo Falletti, seguindo a rota do passeio do terceiro andar at\u00e9 os n\u00edveis semienterrados.  <\/p>\n\n<p>Ideias simples que se perseguem mutuamente, desvendando-se uma ap\u00f3s a outra, inseridas em uma<strong>experi\u00eancia multissensorial<\/strong>.  <\/p>\n\n<p>Efeitos de luz, afrescos e hist\u00f3rias, <strong>pain\u00e9is multim\u00eddia<\/strong> e <strong>degusta\u00e7\u00f5es de vinho na loja de vinhos<\/strong> far\u00e3o da sua visita uma experi\u00eancia inesquec\u00edvel.<\/p>\n","protected":false},"excerpt":{"rendered":"<p>O Museu do Vinho WIMU est\u00e1 instalado no castelo do Marqu\u00eas Falletti di Barolo. O pano de fundo arquitet\u00f4nico, o Castelo Falletti, permite que a cultura do vinho seja totalmente apreciada. Sens\u00edvel ao fasc\u00ednio das garrafas de qualidade, o entusiasta do vinho quer conhecer sua hist\u00f3ria, aprender suas t\u00e9cnicas de produ\u00e7\u00e3o, entender as caracter\u00edsticas de [&hellip;]<\/p>\n","protected":false},"author":152,"featured_media":4258,"parent":5088,"menu_order":4,"comment_status":"open","ping_status":"closed","template":"","meta":{"_acf_changed":false,"_monsterinsights_skip_tracking":false,"_monsterinsights_sitenote_active":false,"_monsterinsights_sitenote_note":"","_monsterinsights_sitenote_category":0,"footnotes":""},"class_list":["post-5228","page","type-page","status-publish","has-post-thumbnail","hentry"],"yoast_head":"<!-- This site is optimized with the Yoast SEO plugin v27.2 - https:\/\/yoast.com\/product\/yoast-seo-wordpress\/ -->\n<title>Museu do Vinho Wi-Mu em Barolo - Hotel in Centro Ad Alba - I Castelli<\/title>\n<meta name=\"description\" content=\"O Museu do Vinho WIMU est\u00e1 instalado no castelo do Marqu\u00eas Falletti di Barolo. O pano de fundo arquitet\u00f4nico, o Castelo Falletti, permite que a cultura do\" \/>\n<meta name=\"robots\" content=\"index, follow, max-snippet:-1, max-image-preview:large, max-video-preview:-1\" \/>\n<link rel=\"canonical\" href=\"https:\/\/hotel-icastelli.com\/pt-br\/turismo\/museu-do-vinho-wi-mu-em-barolo\/\" \/>\n<meta property=\"og:locale\" content=\"pt_BR\" \/>\n<meta property=\"og:type\" content=\"article\" \/>\n<meta property=\"og:title\" content=\"Museu do Vinho Wi-Mu em Barolo - Hotel in Centro Ad Alba - I Castelli\" \/>\n<meta property=\"og:description\" content=\"O Museu do Vinho WIMU est\u00e1 instalado no castelo do Marqu\u00eas Falletti di Barolo. O pano de fundo arquitet\u00f4nico, o Castelo Falletti, permite que a cultura do\" \/>\n<meta property=\"og:url\" content=\"https:\/\/hotel-icastelli.com\/pt-br\/turismo\/museu-do-vinho-wi-mu-em-barolo\/\" \/>\n<meta property=\"og:site_name\" content=\"I Castelli\" \/>\n<meta property=\"article:modified_time\" content=\"2025-05-07T05:40:29+00:00\" \/>\n<meta property=\"og:image\" content=\"https:\/\/hotel-icastelli.com\/files\/2025\/03\/wimu.jpg\" \/>\n\t<meta property=\"og:image:width\" content=\"550\" \/>\n\t<meta property=\"og:image:height\" content=\"308\" \/>\n\t<meta property=\"og:image:type\" content=\"image\/jpeg\" \/>\n<meta name=\"twitter:card\" content=\"summary_large_image\" \/>\n<meta name=\"twitter:label1\" content=\"Est. reading time\" \/>\n\t<meta name=\"twitter:data1\" content=\"1 minute\" \/>\n<!-- \/ Yoast SEO plugin. -->","yoast_head_json":{"title":"Museu do Vinho Wi-Mu em Barolo - Hotel in Centro Ad Alba - I Castelli","description":"O Museu do Vinho WIMU est\u00e1 instalado no castelo do Marqu\u00eas Falletti di Barolo. O pano de fundo arquitet\u00f4nico, o Castelo Falletti, permite que a cultura do","robots":{"index":"index","follow":"follow","max-snippet":"max-snippet:-1","max-image-preview":"max-image-preview:large","max-video-preview":"max-video-preview:-1"},"canonical":"https:\/\/hotel-icastelli.com\/pt-br\/turismo\/museu-do-vinho-wi-mu-em-barolo\/","og_locale":"pt_BR","og_type":"article","og_title":"Museu do Vinho Wi-Mu em Barolo - Hotel in Centro Ad Alba - I Castelli","og_description":"O Museu do Vinho WIMU est\u00e1 instalado no castelo do Marqu\u00eas Falletti di Barolo. O pano de fundo arquitet\u00f4nico, o Castelo Falletti, permite que a cultura do","og_url":"https:\/\/hotel-icastelli.com\/pt-br\/turismo\/museu-do-vinho-wi-mu-em-barolo\/","og_site_name":"I Castelli","article_modified_time":"2025-05-07T05:40:29+00:00","og_image":[{"width":550,"height":308,"url":"https:\/\/hotel-icastelli.com\/files\/2025\/03\/wimu.jpg","type":"image\/jpeg"}],"twitter_card":"summary_large_image","twitter_misc":{"Est. reading time":"1 minute"},"schema":{"@context":"https:\/\/schema.org","@graph":[{"@type":"WebPage","@id":"https:\/\/hotel-icastelli.com\/pt-br\/turismo\/museu-do-vinho-wi-mu-em-barolo\/","url":"https:\/\/hotel-icastelli.com\/pt-br\/turismo\/museu-do-vinho-wi-mu-em-barolo\/","name":"Museu do Vinho Wi-Mu em Barolo - Hotel in Centro Ad Alba - I Castelli","isPartOf":{"@id":"https:\/\/hotel-icastelli.com\/#website"},"primaryImageOfPage":{"@id":"https:\/\/hotel-icastelli.com\/pt-br\/turismo\/museu-do-vinho-wi-mu-em-barolo\/#primaryimage"},"image":{"@id":"https:\/\/hotel-icastelli.com\/pt-br\/turismo\/museu-do-vinho-wi-mu-em-barolo\/#primaryimage"},"thumbnailUrl":"https:\/\/hotel-icastelli.com\/files\/2025\/03\/wimu.jpg","datePublished":"2013-08-28T07:20:49+00:00","dateModified":"2025-05-07T05:40:29+00:00","description":"O Museu do Vinho WIMU est\u00e1 instalado no castelo do Marqu\u00eas Falletti di Barolo. O pano de fundo arquitet\u00f4nico, o Castelo Falletti, permite que a cultura do","breadcrumb":{"@id":"https:\/\/hotel-icastelli.com\/pt-br\/turismo\/museu-do-vinho-wi-mu-em-barolo\/#breadcrumb"},"inLanguage":"pt-BR","potentialAction":[{"@type":"ReadAction","target":["https:\/\/hotel-icastelli.com\/pt-br\/turismo\/museu-do-vinho-wi-mu-em-barolo\/"]}]},{"@type":"ImageObject","inLanguage":"pt-BR","@id":"https:\/\/hotel-icastelli.com\/pt-br\/turismo\/museu-do-vinho-wi-mu-em-barolo\/#primaryimage","url":"https:\/\/hotel-icastelli.com\/files\/2025\/03\/wimu.jpg","contentUrl":"https:\/\/hotel-icastelli.com\/files\/2025\/03\/wimu.jpg","width":550,"height":308},{"@type":"BreadcrumbList","@id":"https:\/\/hotel-icastelli.com\/pt-br\/turismo\/museu-do-vinho-wi-mu-em-barolo\/#breadcrumb","itemListElement":[{"@type":"ListItem","position":1,"name":"Home","item":"https:\/\/hotel-icastelli.com\/pt-br\/"},{"@type":"ListItem","position":2,"name":"Turismo","item":"https:\/\/hotel-icastelli.com\/pt-br\/turismo\/"},{"@type":"ListItem","position":3,"name":"Museu do Vinho Wi-Mu em Barolo"}]},{"@type":"WebSite","@id":"https:\/\/hotel-icastelli.com\/#website","url":"https:\/\/hotel-icastelli.com\/","name":"I Castelli","description":"Hotel in Centro Ad Alba","publisher":{"@id":"https:\/\/hotel-icastelli.com\/#organization"},"potentialAction":[{"@type":"SearchAction","target":{"@type":"EntryPoint","urlTemplate":"https:\/\/hotel-icastelli.com\/?s={search_term_string}"},"query-input":{"@type":"PropertyValueSpecification","valueRequired":true,"valueName":"search_term_string"}}],"inLanguage":"pt-BR"},{"@type":"Organization","@id":"https:\/\/hotel-icastelli.com\/#organization","name":"I Castelli","url":"https:\/\/hotel-icastelli.com\/","logo":{"@type":"ImageObject","inLanguage":"pt-BR","@id":"https:\/\/hotel-icastelli.com\/#\/schema\/logo\/image\/","url":"","contentUrl":"","caption":"I Castelli"},"image":{"@id":"https:\/\/hotel-icastelli.com\/#\/schema\/logo\/image\/"}}]}},"acf":[],"_links":{"self":[{"href":"https:\/\/hotel-icastelli.com\/pt-br\/wp-json\/wp\/v2\/pages\/5228","targetHints":{"allow":["GET"]}}],"collection":[{"href":"https:\/\/hotel-icastelli.com\/pt-br\/wp-json\/wp\/v2\/pages"}],"about":[{"href":"https:\/\/hotel-icastelli.com\/pt-br\/wp-json\/wp\/v2\/types\/page"}],"author":[{"embeddable":true,"href":"https:\/\/hotel-icastelli.com\/pt-br\/wp-json\/wp\/v2\/users\/152"}],"replies":[{"embeddable":true,"href":"https:\/\/hotel-icastelli.com\/pt-br\/wp-json\/wp\/v2\/comments?post=5228"}],"version-history":[{"count":0,"href":"https:\/\/hotel-icastelli.com\/pt-br\/wp-json\/wp\/v2\/pages\/5228\/revisions"}],"up":[{"embeddable":true,"href":"https:\/\/hotel-icastelli.com\/pt-br\/wp-json\/wp\/v2\/pages\/5088"}],"wp:featuredmedia":[{"embeddable":true,"href":"https:\/\/hotel-icastelli.com\/pt-br\/wp-json\/wp\/v2\/media\/4258"}],"wp:attachment":[{"href":"https:\/\/hotel-icastelli.com\/pt-br\/wp-json\/wp\/v2\/media?parent=5228"}],"curies":[{"name":"wp","href":"https:\/\/api.w.org\/{rel}","templated":true}]}}