{"id":5270,"date":"2013-08-28T09:22:41","date_gmt":"2013-08-28T07:22:41","guid":{"rendered":"https:\/\/hotel-icastelli.com\/turismo\/alba-e-a-feira-internacional-de-trufas-brancas\/"},"modified":"2025-05-07T07:40:38","modified_gmt":"2025-05-07T05:40:38","slug":"alba-e-a-feira-internacional-de-trufas-brancas","status":"publish","type":"page","link":"https:\/\/hotel-icastelli.com\/pt-br\/turismo\/alba-e-a-feira-internacional-de-trufas-brancas\/","title":{"rendered":"Alba e a Feira Internacional de Trufas Brancas"},"content":{"rendered":"\n<p>Alba, uma cidade de origem romana, \u00e9 a rainha de Langhe e Roero. Na longa e animada Via Vittorio Emanuele, um lugar privilegiado para passear, h\u00e1 lojas elegantes e importantes edif\u00edcios hist\u00f3ricos e igrejas de todas as \u00e9pocas. N\u00e3o se esque\u00e7a de que todos os s\u00e1bados, entre as casas medievais do centro hist\u00f3rico, \u00e9 realizado um mercado com centenas de barracas, um grande bazar de entretenimento e folclore.  <\/p>\n\n<p>A grande fortuna de Alba \u00e9 a trufa branca, cujo aroma caracter\u00edstico, de outubro a novembro, impregna toda a cidade, mas especialmente a Galleria della Maddalena, onde compradores de todo o mundo se envolvem em um jogo de trocas gratificantes. O ritual de barganha do <strong><em>Tuber magnatum<\/em> Pico <\/strong>, que se baseia no olfato, \u00e9 emocionante quando voc\u00ea sabe que cada trifulau percorreu pacientemente v\u00e1rios caminhos sob a luz da lua com a colabora\u00e7\u00e3o de um c\u00e3o altamente treinado. <\/p>\n\n<p>Todos os anos, o evento mais importante \u00e9 a <strong>Feira Internacional de Trufas Brancas<\/strong>, que come\u00e7a em outubro e termina em novembro, o que permitiu que Alba se tornasse a Capital Mundial das Trufas. A cidade \u00e9 visitada por multid\u00f5es de turistas, n\u00e3o apenas italianos, mas tamb\u00e9m muitos alem\u00e3es e brit\u00e2nicos, sem mencionar alguns grupos de japoneses e americanos. H\u00e1 cerca de cem estandes de exposi\u00e7\u00e3o, e o p\u00e1tio da Maddalena \u00e9 transformado em uma sala de estar onde voc\u00ea pode admirar, cheirar e comprar trufas brancas, sem mencionar todos os outros produtos de qualidade, como salame, vinho, mel e queijo produzidos em nossa regi\u00e3o. Em suma, uma feira de sabores de qualidade comprovada, mas, acima de tudo, tradi\u00e7\u00e3o, hist\u00f3ria e sabor aut\u00eantico.   <\/p>\n\n<p>Alba entra na feira de trufas come\u00e7ando com o <strong>palio<\/strong> de burros ou a corrida de ciuchini, os belos burros que fazem de Alba a cidade de palio mais singular do mundo. H\u00e1 nove vilarejos na cidade e, de um ano para o outro, eles se preparam para a competi\u00e7\u00e3o que concede a vit\u00f3ria do desfile e da corrida ao melhor vilarejo. O <strong>desfile medieval<\/strong>, com mais de mil participantes em trajes t\u00edpicos, percorre as ruas da cidade e termina na arena do palio, pouco antes do in\u00edcio da corrida de burros. Uma emo\u00e7\u00e3o que os turistas recordam por muito tempo.   <\/p>\n\n<p>A feira termina com o<strong>Leil\u00e3o Mundial de Trufas<\/strong> <strong>Brancas<\/strong>, que come\u00e7ou em 1999. O local principal \u00e9 a Sala delle Maschere (Sala das M\u00e1scaras) no Castelo de Grinzane Cavour e, por meio de um link de sat\u00e9lite, comunica-se ao vivo com dois outros destinos mundiais (as edi\u00e7\u00f5es anteriores inclu\u00edram destinos como Hong Kong, Moscou, Las Vegas, Londres, T\u00f3quio, Nova York e Los Angeles). Desde o primeiro ano, o evento tem se caracterizado como um evento internacional destinado a aumentar a notoriedade da Trufa Branca de Alba na It\u00e1lia e no exterior.  <\/p>\n\n<p><a href=\"https:\/\/langhe.net\/etags\/fiera-tartufo-alba\/\">Clique aqui para ver o calend\u00e1rio atualizado da Feira da Trufa Branca de Alba.<\/a><\/p>\n\n<figure class=\"wp-block-image size-landscape_lg\"><img loading=\"lazy\" decoding=\"async\" width=\"680\" height=\"875\" src=\"https:\/\/hotel-icastelli.com\/files\/2025\/03\/Fotolia_5694792_XL-680x875.jpg\" alt=\"\" class=\"wp-image-3530\"\/><\/figure>\n\n<p>Em Alba, o Teatro Sociale Giorgio Busca tamb\u00e9m oferece um rico programa de teatro, \u00f3pera e entretenimento, o museu arqueol\u00f3gico F. Eusebio, a Catedral e a igreja rom\u00e2nica de San Domenico, entre outros locais de interesse.<\/p>\n\n<p>A <a href=\"http:\/\/www.fondazioneferrero.it\/\">Funda\u00e7\u00e3o Ferrero<\/a>, a poucos passos do hotel, abriga exposi\u00e7\u00f5es de import\u00e2ncia internacional.<\/p>\n\n<p>Para todos os turistas que se hospedam em Langhe e Roero, todos os vilarejos oferecem eventos cont\u00ednuos de comida e vinho; voc\u00ea pode encontrar a lista atualizada no site Langhe <a href=\"https:\/\/www.langhe-experience.it\/it\/\">Experience<\/a> e no <a href=\"https:\/\/langhe.net\/eventi\/\">LoveLanghe<\/a>.<\/p>\n","protected":false},"excerpt":{"rendered":"<p>Alba, uma cidade de origem romana, \u00e9 a rainha de Langhe e Roero. Na longa e animada Via Vittorio Emanuele, um lugar privilegiado para passear, h\u00e1 lojas elegantes e importantes edif\u00edcios hist\u00f3ricos e igrejas de todas as \u00e9pocas. N\u00e3o se esque\u00e7a de que todos os s\u00e1bados, entre as casas medievais do centro hist\u00f3rico, \u00e9 realizado [&hellip;]<\/p>\n","protected":false},"author":152,"featured_media":4270,"parent":5088,"menu_order":5,"comment_status":"open","ping_status":"closed","template":"","meta":{"_acf_changed":false,"_monsterinsights_skip_tracking":false,"_monsterinsights_sitenote_active":false,"_monsterinsights_sitenote_note":"","_monsterinsights_sitenote_category":0,"footnotes":""},"class_list":["post-5270","page","type-page","status-publish","has-post-thumbnail","hentry"],"yoast_head":"<!-- This site is optimized with the Yoast SEO plugin v27.2 - https:\/\/yoast.com\/product\/yoast-seo-wordpress\/ -->\n<title>Alba e a Feira Internacional de Trufas Brancas - Hotel in Centro Ad Alba - I Castelli<\/title>\n<meta name=\"description\" content=\"Alba, uma cidade de origem romana, \u00e9 a rainha de Langhe e Roero. Na longa e animada Via Vittorio Emanuele, um lugar privilegiado para passear, h\u00e1 lojas\" \/>\n<meta name=\"robots\" content=\"index, follow, max-snippet:-1, max-image-preview:large, max-video-preview:-1\" \/>\n<link rel=\"canonical\" href=\"https:\/\/hotel-icastelli.com\/pt-br\/turismo\/alba-e-a-feira-internacional-de-trufas-brancas\/\" \/>\n<meta property=\"og:locale\" content=\"pt_BR\" \/>\n<meta property=\"og:type\" content=\"article\" \/>\n<meta property=\"og:title\" content=\"Alba e a Feira Internacional de Trufas Brancas - Hotel in Centro Ad Alba - I Castelli\" \/>\n<meta property=\"og:description\" content=\"Alba, uma cidade de origem romana, \u00e9 a rainha de Langhe e Roero. Na longa e animada Via Vittorio Emanuele, um lugar privilegiado para passear, h\u00e1 lojas\" \/>\n<meta property=\"og:url\" content=\"https:\/\/hotel-icastelli.com\/pt-br\/turismo\/alba-e-a-feira-internacional-de-trufas-brancas\/\" \/>\n<meta property=\"og:site_name\" content=\"I Castelli\" \/>\n<meta property=\"article:modified_time\" content=\"2025-05-07T05:40:38+00:00\" \/>\n<meta property=\"og:image\" content=\"https:\/\/hotel-icastelli.com\/files\/2025\/03\/tartufi.jpg\" \/>\n\t<meta property=\"og:image:width\" content=\"901\" \/>\n\t<meta property=\"og:image:height\" content=\"281\" \/>\n\t<meta property=\"og:image:type\" content=\"image\/jpeg\" \/>\n<meta name=\"twitter:card\" content=\"summary_large_image\" \/>\n<meta name=\"twitter:label1\" content=\"Est. reading time\" \/>\n\t<meta name=\"twitter:data1\" content=\"3 minutes\" \/>\n<!-- \/ Yoast SEO plugin. -->","yoast_head_json":{"title":"Alba e a Feira Internacional de Trufas Brancas - Hotel in Centro Ad Alba - I Castelli","description":"Alba, uma cidade de origem romana, \u00e9 a rainha de Langhe e Roero. Na longa e animada Via Vittorio Emanuele, um lugar privilegiado para passear, h\u00e1 lojas","robots":{"index":"index","follow":"follow","max-snippet":"max-snippet:-1","max-image-preview":"max-image-preview:large","max-video-preview":"max-video-preview:-1"},"canonical":"https:\/\/hotel-icastelli.com\/pt-br\/turismo\/alba-e-a-feira-internacional-de-trufas-brancas\/","og_locale":"pt_BR","og_type":"article","og_title":"Alba e a Feira Internacional de Trufas Brancas - Hotel in Centro Ad Alba - I Castelli","og_description":"Alba, uma cidade de origem romana, \u00e9 a rainha de Langhe e Roero. Na longa e animada Via Vittorio Emanuele, um lugar privilegiado para passear, h\u00e1 lojas","og_url":"https:\/\/hotel-icastelli.com\/pt-br\/turismo\/alba-e-a-feira-internacional-de-trufas-brancas\/","og_site_name":"I Castelli","article_modified_time":"2025-05-07T05:40:38+00:00","og_image":[{"width":901,"height":281,"url":"https:\/\/hotel-icastelli.com\/files\/2025\/03\/tartufi.jpg","type":"image\/jpeg"}],"twitter_card":"summary_large_image","twitter_misc":{"Est. reading time":"3 minutes"},"schema":{"@context":"https:\/\/schema.org","@graph":[{"@type":"WebPage","@id":"https:\/\/hotel-icastelli.com\/pt-br\/turismo\/alba-e-a-feira-internacional-de-trufas-brancas\/","url":"https:\/\/hotel-icastelli.com\/pt-br\/turismo\/alba-e-a-feira-internacional-de-trufas-brancas\/","name":"Alba e a Feira Internacional de Trufas Brancas - Hotel in Centro Ad Alba - I Castelli","isPartOf":{"@id":"https:\/\/hotel-icastelli.com\/#website"},"primaryImageOfPage":{"@id":"https:\/\/hotel-icastelli.com\/pt-br\/turismo\/alba-e-a-feira-internacional-de-trufas-brancas\/#primaryimage"},"image":{"@id":"https:\/\/hotel-icastelli.com\/pt-br\/turismo\/alba-e-a-feira-internacional-de-trufas-brancas\/#primaryimage"},"thumbnailUrl":"https:\/\/hotel-icastelli.com\/files\/2025\/03\/tartufi.jpg","datePublished":"2013-08-28T07:22:41+00:00","dateModified":"2025-05-07T05:40:38+00:00","description":"Alba, uma cidade de origem romana, \u00e9 a rainha de Langhe e Roero. Na longa e animada Via Vittorio Emanuele, um lugar privilegiado para passear, h\u00e1 lojas","breadcrumb":{"@id":"https:\/\/hotel-icastelli.com\/pt-br\/turismo\/alba-e-a-feira-internacional-de-trufas-brancas\/#breadcrumb"},"inLanguage":"pt-BR","potentialAction":[{"@type":"ReadAction","target":["https:\/\/hotel-icastelli.com\/pt-br\/turismo\/alba-e-a-feira-internacional-de-trufas-brancas\/"]}]},{"@type":"ImageObject","inLanguage":"pt-BR","@id":"https:\/\/hotel-icastelli.com\/pt-br\/turismo\/alba-e-a-feira-internacional-de-trufas-brancas\/#primaryimage","url":"https:\/\/hotel-icastelli.com\/files\/2025\/03\/tartufi.jpg","contentUrl":"https:\/\/hotel-icastelli.com\/files\/2025\/03\/tartufi.jpg","width":901,"height":281},{"@type":"BreadcrumbList","@id":"https:\/\/hotel-icastelli.com\/pt-br\/turismo\/alba-e-a-feira-internacional-de-trufas-brancas\/#breadcrumb","itemListElement":[{"@type":"ListItem","position":1,"name":"Home","item":"https:\/\/hotel-icastelli.com\/pt-br\/"},{"@type":"ListItem","position":2,"name":"Turismo","item":"https:\/\/hotel-icastelli.com\/pt-br\/turismo\/"},{"@type":"ListItem","position":3,"name":"Alba e a Feira Internacional de Trufas Brancas"}]},{"@type":"WebSite","@id":"https:\/\/hotel-icastelli.com\/#website","url":"https:\/\/hotel-icastelli.com\/","name":"I Castelli","description":"Hotel in Centro Ad Alba","publisher":{"@id":"https:\/\/hotel-icastelli.com\/#organization"},"potentialAction":[{"@type":"SearchAction","target":{"@type":"EntryPoint","urlTemplate":"https:\/\/hotel-icastelli.com\/?s={search_term_string}"},"query-input":{"@type":"PropertyValueSpecification","valueRequired":true,"valueName":"search_term_string"}}],"inLanguage":"pt-BR"},{"@type":"Organization","@id":"https:\/\/hotel-icastelli.com\/#organization","name":"I Castelli","url":"https:\/\/hotel-icastelli.com\/","logo":{"@type":"ImageObject","inLanguage":"pt-BR","@id":"https:\/\/hotel-icastelli.com\/#\/schema\/logo\/image\/","url":"","contentUrl":"","caption":"I Castelli"},"image":{"@id":"https:\/\/hotel-icastelli.com\/#\/schema\/logo\/image\/"}}]}},"acf":[],"_links":{"self":[{"href":"https:\/\/hotel-icastelli.com\/pt-br\/wp-json\/wp\/v2\/pages\/5270","targetHints":{"allow":["GET"]}}],"collection":[{"href":"https:\/\/hotel-icastelli.com\/pt-br\/wp-json\/wp\/v2\/pages"}],"about":[{"href":"https:\/\/hotel-icastelli.com\/pt-br\/wp-json\/wp\/v2\/types\/page"}],"author":[{"embeddable":true,"href":"https:\/\/hotel-icastelli.com\/pt-br\/wp-json\/wp\/v2\/users\/152"}],"replies":[{"embeddable":true,"href":"https:\/\/hotel-icastelli.com\/pt-br\/wp-json\/wp\/v2\/comments?post=5270"}],"version-history":[{"count":0,"href":"https:\/\/hotel-icastelli.com\/pt-br\/wp-json\/wp\/v2\/pages\/5270\/revisions"}],"up":[{"embeddable":true,"href":"https:\/\/hotel-icastelli.com\/pt-br\/wp-json\/wp\/v2\/pages\/5088"}],"wp:featuredmedia":[{"embeddable":true,"href":"https:\/\/hotel-icastelli.com\/pt-br\/wp-json\/wp\/v2\/media\/4270"}],"wp:attachment":[{"href":"https:\/\/hotel-icastelli.com\/pt-br\/wp-json\/wp\/v2\/media?parent=5270"}],"curies":[{"name":"wp","href":"https:\/\/api.w.org\/{rel}","templated":true}]}}