{"id":5280,"date":"2013-08-28T09:23:40","date_gmt":"2013-08-28T07:23:40","guid":{"rendered":"https:\/\/hotel-icastelli.com\/turismo\/turim\/"},"modified":"2025-05-15T15:17:39","modified_gmt":"2025-05-15T13:17:39","slug":"turim","status":"publish","type":"page","link":"https:\/\/hotel-icastelli.com\/pt-br\/turismo\/turim\/","title":{"rendered":"Turim"},"content":{"rendered":"\n<p>A cerca de uma hora de carro, <strong>Turim<\/strong> definitivamente merece uma visita, pois a <strong>primeira capital da It\u00e1lia<\/strong> comemorou o 150\u00ba anivers\u00e1rio da Unifica\u00e7\u00e3o da It\u00e1lia em 2011 e sediou os <strong>Jogos Ol\u00edmpicos de Inverno<\/strong> de 2006.<\/p>\n\n<p>Se voc\u00ea estiver visitando Turim pela primeira vez, um passeio pela parte antiga da cidade \u00e9 obrigat\u00f3rio. Voc\u00ea pode come\u00e7ar pelo <strong>Palazzo Madama<\/strong>, o <strong>Teatro Regio<\/strong>, o <strong>Pal\u00e1cio <\/strong> Real (pal\u00e1cio real da fam\u00edlia Savoy at\u00e9 1865), o<strong>Royal Armoury<\/strong> e o<strong> Museu do Risorgimento<\/strong> com o parlamento original do s\u00e9culo XIX <\/p>\n\n<p>N\u00e3o muito longe, ao longo do P\u00f3, est\u00e1 o <strong>Castello del Valentino<\/strong>, com sua refinada geometria em estilo franc\u00eas, cercado pelo parque de mesmo nome.  <\/p>\n\n<p>Para ter a melhor vista da cidade e das montanhas ao redor, nada melhor do que uma emocionante subida ao topo da <strong>Mole Antonelliana<\/strong>, a bordo do elevador panor\u00e2mico com paredes transparentes que tamb\u00e9m abriga o <strong>Museu do Cinema<\/strong>.  <\/p>\n\n<p>Esse elegante edif\u00edcio \u00e9, de certa forma, um s\u00edmbolo da cidade. Com sua altura de 167,5 metros, \u00e9 o segundo edif\u00edcio mais alto da It\u00e1lia.   <\/p>\n\n<p>Do ponto de vista cultural, voc\u00ea n\u00e3o pode deixar de visitar o <strong>Museu Eg\u00edpcio<\/strong>, mas tamb\u00e9m o <strong>museu MAO de Arte Oriental<\/strong>, inaugurado em 2009 no Palazzo Mazzonis.<\/p>\n\n<p>A poucos quil\u00f4metros de dist\u00e2ncia est\u00e1 a <strong>Venaria Reale<\/strong>, declarada <strong>Patrim\u00f4nio Mundial<\/strong> pela UNESCO, e est\u00e1 no centro do circuito das Resid\u00eancias Reais de Piemonte.<\/p>\n\n<figure class=\"wp-block-gallery has-nested-images columns-4 is-cropped wp-block-gallery-1\">\n<figure class=\"wp-block-image size-thumbnail\"><a href=\"https:\/\/hotel-icastelli.com\/files\/2025\/03\/porta-palatina-150x150.jpg\"><img loading=\"lazy\" decoding=\"async\" width=\"150\" height=\"150\" data-id=\"3544\" src=\"https:\/\/hotel-icastelli.com\/files\/2025\/03\/porta-palatina-150x150.jpg\" alt=\"\" class=\"wp-image-3544\" srcset=\"https:\/\/hotel-icastelli.com\/files\/2025\/03\/porta-palatina-150x150.jpg 150w, https:\/\/hotel-icastelli.com\/files\/2025\/03\/porta-palatina-600x600.jpg 600w, https:\/\/hotel-icastelli.com\/files\/2025\/03\/porta-palatina-350x350.jpg 350w\" sizes=\"auto, (max-width: 150px) 100vw, 150px\" \/><\/a><\/figure>\n\n\n\n<figure class=\"wp-block-image size-thumbnail\"><a href=\"https:\/\/hotel-icastelli.com\/files\/2025\/03\/torino-150x150.jpg\"><img loading=\"lazy\" decoding=\"async\" width=\"150\" height=\"150\" data-id=\"3546\" src=\"https:\/\/hotel-icastelli.com\/files\/2025\/03\/torino-150x150.jpg\" alt=\"\" class=\"wp-image-3546\" srcset=\"https:\/\/hotel-icastelli.com\/files\/2025\/03\/torino-150x150.jpg 150w, https:\/\/hotel-icastelli.com\/files\/2025\/03\/torino-600x600.jpg 600w, https:\/\/hotel-icastelli.com\/files\/2025\/03\/torino-350x350.jpg 350w\" sizes=\"auto, (max-width: 150px) 100vw, 150px\" \/><\/a><\/figure>\n\n\n\n<figure class=\"wp-block-image size-thumbnail\"><a href=\"https:\/\/hotel-icastelli.com\/files\/2025\/03\/reggia-venaria-reale-150x150.jpg\"><img loading=\"lazy\" decoding=\"async\" width=\"150\" height=\"150\" data-id=\"3542\" src=\"https:\/\/hotel-icastelli.com\/files\/2025\/03\/reggia-venaria-reale-150x150.jpg\" alt=\"\" class=\"wp-image-3542\" srcset=\"https:\/\/hotel-icastelli.com\/files\/2025\/03\/reggia-venaria-reale-150x150.jpg 150w, https:\/\/hotel-icastelli.com\/files\/2025\/03\/reggia-venaria-reale-350x350.jpg 350w\" sizes=\"auto, (max-width: 150px) 100vw, 150px\" \/><\/a><\/figure>\n\n\n\n<figure class=\"wp-block-image size-thumbnail\"><a href=\"https:\/\/hotel-icastelli.com\/files\/2025\/03\/museo-egizio-150x150.jpg\"><img loading=\"lazy\" decoding=\"async\" width=\"150\" height=\"150\" data-id=\"3540\" src=\"https:\/\/hotel-icastelli.com\/files\/2025\/03\/museo-egizio-150x150.jpg\" alt=\"\" class=\"wp-image-3540\" srcset=\"https:\/\/hotel-icastelli.com\/files\/2025\/03\/museo-egizio-150x150.jpg 150w, https:\/\/hotel-icastelli.com\/files\/2025\/03\/museo-egizio-350x350.jpg 350w\" sizes=\"auto, (max-width: 150px) 100vw, 150px\" \/><\/a><\/figure>\n\n\n\n<figure class=\"wp-block-image size-thumbnail\"><a href=\"https:\/\/hotel-icastelli.com\/files\/2025\/03\/luci-dartista-150x150.jpg\"><img loading=\"lazy\" decoding=\"async\" width=\"150\" height=\"150\" data-id=\"3534\" src=\"https:\/\/hotel-icastelli.com\/files\/2025\/03\/luci-dartista-150x150.jpg\" alt=\"\" class=\"wp-image-3534\" srcset=\"https:\/\/hotel-icastelli.com\/files\/2025\/03\/luci-dartista-150x150.jpg 150w, https:\/\/hotel-icastelli.com\/files\/2025\/03\/luci-dartista-350x350.jpg 350w\" sizes=\"auto, (max-width: 150px) 100vw, 150px\" \/><\/a><\/figure>\n\n\n\n<figure class=\"wp-block-image size-thumbnail\"><a href=\"https:\/\/hotel-icastelli.com\/files\/2025\/03\/museo-del-cinema-150x150.jpg\"><img loading=\"lazy\" decoding=\"async\" width=\"150\" height=\"150\" data-id=\"3536\" src=\"https:\/\/hotel-icastelli.com\/files\/2025\/03\/museo-del-cinema-150x150.jpg\" alt=\"\" class=\"wp-image-3536\" srcset=\"https:\/\/hotel-icastelli.com\/files\/2025\/03\/museo-del-cinema-150x150.jpg 150w, https:\/\/hotel-icastelli.com\/files\/2025\/03\/museo-del-cinema-600x600.jpg 600w, https:\/\/hotel-icastelli.com\/files\/2025\/03\/museo-del-cinema-350x350.jpg 350w\" sizes=\"auto, (max-width: 150px) 100vw, 150px\" \/><\/a><\/figure>\n\n\n\n<figure class=\"wp-block-image size-thumbnail\"><a href=\"https:\/\/hotel-icastelli.com\/files\/2025\/03\/piazza-castello-150x150.jpg\"><img loading=\"lazy\" decoding=\"async\" width=\"150\" height=\"150\" data-id=\"3538\" src=\"https:\/\/hotel-icastelli.com\/files\/2025\/03\/piazza-castello-150x150.jpg\" alt=\"\" class=\"wp-image-3538\" srcset=\"https:\/\/hotel-icastelli.com\/files\/2025\/03\/piazza-castello-150x150.jpg 150w, https:\/\/hotel-icastelli.com\/files\/2025\/03\/piazza-castello-350x350.jpg 350w\" sizes=\"auto, (max-width: 150px) 100vw, 150px\" \/><\/a><\/figure>\n\n\n\n<figure class=\"wp-block-image size-thumbnail\"><a href=\"https:\/\/hotel-icastelli.com\/files\/2025\/03\/piazza-San-Carlo-150x150.jpg\"><img loading=\"lazy\" decoding=\"async\" width=\"150\" height=\"150\" data-id=\"3532\" src=\"https:\/\/hotel-icastelli.com\/files\/2025\/03\/piazza-San-Carlo-150x150.jpg\" alt=\"\" class=\"wp-image-3532\" srcset=\"https:\/\/hotel-icastelli.com\/files\/2025\/03\/piazza-San-Carlo-150x150.jpg 150w, https:\/\/hotel-icastelli.com\/files\/2025\/03\/piazza-San-Carlo-350x350.jpg 350w\" sizes=\"auto, (max-width: 150px) 100vw, 150px\" \/><\/a><\/figure>\n<\/figure>\n","protected":false},"excerpt":{"rendered":"<p>A cerca de uma hora de carro, Turim definitivamente merece uma visita, pois a primeira capital da It\u00e1lia comemorou o 150\u00ba anivers\u00e1rio da Unifica\u00e7\u00e3o da It\u00e1lia em 2011 e sediou os Jogos Ol\u00edmpicos de Inverno de 2006. Se voc\u00ea estiver visitando Turim pela primeira vez, um passeio pela parte antiga da cidade \u00e9 obrigat\u00f3rio. Voc\u00ea [&hellip;]<\/p>\n","protected":false},"author":152,"featured_media":4294,"parent":5088,"menu_order":6,"comment_status":"open","ping_status":"closed","template":"","meta":{"_acf_changed":false,"_monsterinsights_skip_tracking":false,"_monsterinsights_sitenote_active":false,"_monsterinsights_sitenote_note":"","_monsterinsights_sitenote_category":0,"footnotes":""},"class_list":["post-5280","page","type-page","status-publish","has-post-thumbnail","hentry"],"yoast_head":"<!-- This site is optimized with the Yoast SEO plugin v27.2 - https:\/\/yoast.com\/product\/yoast-seo-wordpress\/ -->\n<title>Turim - Hotel in Centro Ad Alba - I Castelli<\/title>\n<meta name=\"description\" content=\"A cerca de uma hora de carro, Turim definitivamente merece uma visita, pois a primeira capital da It\u00e1lia comemorou o 150\u00ba anivers\u00e1rio da Unifica\u00e7\u00e3o da\" \/>\n<meta name=\"robots\" content=\"index, follow, max-snippet:-1, max-image-preview:large, max-video-preview:-1\" \/>\n<link rel=\"canonical\" href=\"https:\/\/hotel-icastelli.com\/pt-br\/turismo\/turim\/\" \/>\n<meta property=\"og:locale\" content=\"pt_BR\" \/>\n<meta property=\"og:type\" content=\"article\" \/>\n<meta property=\"og:title\" content=\"Turim - Hotel in Centro Ad Alba - I Castelli\" \/>\n<meta property=\"og:description\" content=\"A cerca de uma hora de carro, Turim definitivamente merece uma visita, pois a primeira capital da It\u00e1lia comemorou o 150\u00ba anivers\u00e1rio da Unifica\u00e7\u00e3o da\" \/>\n<meta property=\"og:url\" content=\"https:\/\/hotel-icastelli.com\/pt-br\/turismo\/turim\/\" \/>\n<meta property=\"og:site_name\" content=\"I Castelli\" \/>\n<meta property=\"article:modified_time\" content=\"2025-05-15T13:17:39+00:00\" \/>\n<meta property=\"og:image\" content=\"https:\/\/hotel-icastelli.com\/files\/2025\/03\/piazza-San-Carlo.jpg\" \/>\n\t<meta property=\"og:image:width\" content=\"1000\" \/>\n\t<meta property=\"og:image:height\" content=\"504\" \/>\n\t<meta property=\"og:image:type\" content=\"image\/jpeg\" \/>\n<meta name=\"twitter:card\" content=\"summary_large_image\" \/>\n<meta name=\"twitter:label1\" content=\"Est. reading time\" \/>\n\t<meta name=\"twitter:data1\" content=\"1 minute\" \/>\n<!-- \/ Yoast SEO plugin. -->","yoast_head_json":{"title":"Turim - Hotel in Centro Ad Alba - I Castelli","description":"A cerca de uma hora de carro, Turim definitivamente merece uma visita, pois a primeira capital da It\u00e1lia comemorou o 150\u00ba anivers\u00e1rio da Unifica\u00e7\u00e3o da","robots":{"index":"index","follow":"follow","max-snippet":"max-snippet:-1","max-image-preview":"max-image-preview:large","max-video-preview":"max-video-preview:-1"},"canonical":"https:\/\/hotel-icastelli.com\/pt-br\/turismo\/turim\/","og_locale":"pt_BR","og_type":"article","og_title":"Turim - Hotel in Centro Ad Alba - I Castelli","og_description":"A cerca de uma hora de carro, Turim definitivamente merece uma visita, pois a primeira capital da It\u00e1lia comemorou o 150\u00ba anivers\u00e1rio da Unifica\u00e7\u00e3o da","og_url":"https:\/\/hotel-icastelli.com\/pt-br\/turismo\/turim\/","og_site_name":"I Castelli","article_modified_time":"2025-05-15T13:17:39+00:00","og_image":[{"width":1000,"height":504,"url":"https:\/\/hotel-icastelli.com\/files\/2025\/03\/piazza-San-Carlo.jpg","type":"image\/jpeg"}],"twitter_card":"summary_large_image","twitter_misc":{"Est. reading time":"1 minute"},"schema":{"@context":"https:\/\/schema.org","@graph":[{"@type":"WebPage","@id":"https:\/\/hotel-icastelli.com\/pt-br\/turismo\/turim\/","url":"https:\/\/hotel-icastelli.com\/pt-br\/turismo\/turim\/","name":"Turim - Hotel in Centro Ad Alba - I Castelli","isPartOf":{"@id":"https:\/\/hotel-icastelli.com\/#website"},"primaryImageOfPage":{"@id":"https:\/\/hotel-icastelli.com\/pt-br\/turismo\/turim\/#primaryimage"},"image":{"@id":"https:\/\/hotel-icastelli.com\/pt-br\/turismo\/turim\/#primaryimage"},"thumbnailUrl":"https:\/\/hotel-icastelli.com\/files\/2025\/03\/piazza-San-Carlo.jpg","datePublished":"2013-08-28T07:23:40+00:00","dateModified":"2025-05-15T13:17:39+00:00","description":"A cerca de uma hora de carro, Turim definitivamente merece uma visita, pois a primeira capital da It\u00e1lia comemorou o 150\u00ba anivers\u00e1rio da Unifica\u00e7\u00e3o da","breadcrumb":{"@id":"https:\/\/hotel-icastelli.com\/pt-br\/turismo\/turim\/#breadcrumb"},"inLanguage":"pt-BR","potentialAction":[{"@type":"ReadAction","target":["https:\/\/hotel-icastelli.com\/pt-br\/turismo\/turim\/"]}]},{"@type":"ImageObject","inLanguage":"pt-BR","@id":"https:\/\/hotel-icastelli.com\/pt-br\/turismo\/turim\/#primaryimage","url":"https:\/\/hotel-icastelli.com\/files\/2025\/03\/piazza-San-Carlo.jpg","contentUrl":"https:\/\/hotel-icastelli.com\/files\/2025\/03\/piazza-San-Carlo.jpg","width":1000,"height":504},{"@type":"BreadcrumbList","@id":"https:\/\/hotel-icastelli.com\/pt-br\/turismo\/turim\/#breadcrumb","itemListElement":[{"@type":"ListItem","position":1,"name":"Home","item":"https:\/\/hotel-icastelli.com\/pt-br\/"},{"@type":"ListItem","position":2,"name":"Turismo","item":"https:\/\/hotel-icastelli.com\/pt-br\/turismo\/"},{"@type":"ListItem","position":3,"name":"Turim"}]},{"@type":"WebSite","@id":"https:\/\/hotel-icastelli.com\/#website","url":"https:\/\/hotel-icastelli.com\/","name":"I Castelli","description":"Hotel in Centro Ad Alba","publisher":{"@id":"https:\/\/hotel-icastelli.com\/#organization"},"potentialAction":[{"@type":"SearchAction","target":{"@type":"EntryPoint","urlTemplate":"https:\/\/hotel-icastelli.com\/?s={search_term_string}"},"query-input":{"@type":"PropertyValueSpecification","valueRequired":true,"valueName":"search_term_string"}}],"inLanguage":"pt-BR"},{"@type":"Organization","@id":"https:\/\/hotel-icastelli.com\/#organization","name":"I Castelli","url":"https:\/\/hotel-icastelli.com\/","logo":{"@type":"ImageObject","inLanguage":"pt-BR","@id":"https:\/\/hotel-icastelli.com\/#\/schema\/logo\/image\/","url":"","contentUrl":"","caption":"I Castelli"},"image":{"@id":"https:\/\/hotel-icastelli.com\/#\/schema\/logo\/image\/"}}]}},"acf":[],"_links":{"self":[{"href":"https:\/\/hotel-icastelli.com\/pt-br\/wp-json\/wp\/v2\/pages\/5280","targetHints":{"allow":["GET"]}}],"collection":[{"href":"https:\/\/hotel-icastelli.com\/pt-br\/wp-json\/wp\/v2\/pages"}],"about":[{"href":"https:\/\/hotel-icastelli.com\/pt-br\/wp-json\/wp\/v2\/types\/page"}],"author":[{"embeddable":true,"href":"https:\/\/hotel-icastelli.com\/pt-br\/wp-json\/wp\/v2\/users\/152"}],"replies":[{"embeddable":true,"href":"https:\/\/hotel-icastelli.com\/pt-br\/wp-json\/wp\/v2\/comments?post=5280"}],"version-history":[{"count":0,"href":"https:\/\/hotel-icastelli.com\/pt-br\/wp-json\/wp\/v2\/pages\/5280\/revisions"}],"up":[{"embeddable":true,"href":"https:\/\/hotel-icastelli.com\/pt-br\/wp-json\/wp\/v2\/pages\/5088"}],"wp:featuredmedia":[{"embeddable":true,"href":"https:\/\/hotel-icastelli.com\/pt-br\/wp-json\/wp\/v2\/media\/4294"}],"wp:attachment":[{"href":"https:\/\/hotel-icastelli.com\/pt-br\/wp-json\/wp\/v2\/media?parent=5280"}],"curies":[{"name":"wp","href":"https:\/\/api.w.org\/{rel}","templated":true}]}}