{"id":5294,"date":"2013-08-28T09:24:09","date_gmt":"2013-08-28T07:24:09","guid":{"rendered":"https:\/\/hotel-icastelli.com\/turismo\/o-piemonte-do-vinho\/"},"modified":"2025-05-07T07:40:47","modified_gmt":"2025-05-07T05:40:47","slug":"o-piemonte-do-vinho","status":"publish","type":"page","link":"https:\/\/hotel-icastelli.com\/pt-br\/turismo\/o-piemonte-do-vinho\/","title":{"rendered":"O Piemonte do vinho"},"content":{"rendered":"\n<p>As <strong>lojas de vinhos regionais de Piemonte<\/strong>, uma vitrine que serpenteia por pontos de vista panor\u00e2micos e cen\u00e1rios art\u00edsticos e hist\u00f3ricos cruciais e inigual\u00e1veis, emoldurando significativamente as lojas de vinhos.  <\/p>\n\n<p>Al\u00e9m disso, as vin\u00edcolas regionais tamb\u00e9m sediam eventos culturais, tur\u00edsticos e folcl\u00f3ricos com encena\u00e7\u00f5es apaixonadas de tradi\u00e7\u00f5es folcl\u00f3ricas pitorescas, principalmente relacionadas ao <strong>mundo rural<\/strong>.  <\/p>\n\n<p>\u00c9 por isso que as &#8220;Catedrais do Vinho&#8221; do Piemonte se tornaram importantes pontos de refer\u00eancia para muitos consumidores e turistas italianos e estrangeiros, que s\u00e3o cada vez mais atra\u00eddos pelos <strong>prazeres da comida e do vinho<\/strong> e pela beleza das paisagens.<\/p>\n\n<figure class=\"wp-block-image size-full\"><img loading=\"lazy\" decoding=\"async\" width=\"1024\" height=\"205\" src=\"https:\/\/hotel-icastelli.com\/files\/2025\/03\/Untitled-8.jpg\" alt=\"\" class=\"wp-image-3548\" srcset=\"https:\/\/hotel-icastelli.com\/files\/2025\/03\/Untitled-8.jpg 1024w, https:\/\/hotel-icastelli.com\/files\/2025\/03\/Untitled-8-600x120.jpg 600w, https:\/\/hotel-icastelli.com\/files\/2025\/03\/Untitled-8-350x70.jpg 350w\" sizes=\"auto, (max-width: 1024px) 100vw, 1024px\" \/><\/figure>\n\n<p><strong>Enoteca regionale del Barbaresco<\/strong><br\/>via Torino 8\/a &#8211; Barbaresco (CN)<br\/>tel. 0173-635.251<br\/>e-mail: <a href=\"mailto:enoteca@enotecadelbarbaresco.it\">enoteca@enotecadelbarbaresco.it<\/a><br\/>website: <a href=\"http:\/\/www.enotecadelbarbaresco.it\">http:\/\/www.enotecadelbarbaresco.it<\/a><\/p>\n\n<p><strong>Enoteca regionale del Barolo<\/strong><br\/>piazza Falletti, 1- Barolo (CN)<br\/>tel. 0173-562.77<br\/>e-mail: <a href=\"mailto:barolo@baroloworld.it\">barolo@baroloworld.it<\/a><br\/>website: <a href=\"http:\/\/www.baroloworld.it\">http:\/\/www.baroloworld.it<\/a><\/p>\n\n<p><strong>Enoteca regionale di Canelli e dell&#8217;Astesana<\/strong><br\/>corso Libert\u00e0, 65\/a &#8211; Canelli (AT)<br\/>tel. 0141-832.182<br\/>e-mail: <a href=\"mailto:info@enotecaregionaledicanelli.it\">info@enotecaregionaledicanelli.it<\/a><\/p>\n\n<p><strong>Enoteca regionale piemontese &#8220;Cavour<\/strong>&#8220;<br\/>via Castello, 5 &#8211; Grinzane Cavour (CN)<br\/>tel. 0173-262.159, fax 0173-231.343<br\/>e-mail: <a href=\"mailto:enoteca@castellogrinzane.com\">enoteca@castellogrinzane.com<\/a><br\/>website: <a href=\"http:\/\/www.castellogrinzane.com\">http:\/\/www.castellogrinzane.com<\/a><\/p>\n\n<p><strong>Enoteca regionale del Roero<\/strong><br\/>via Roma, 37 &#8211; Canale (CN)<br\/>tel. 0173-978.228<br\/>e-mail: <a href=\"mailto:informazioni@enotecadelroero.it\">informazioni@enotecadelroero.it<\/a><br\/>website: <a href=\"http:\/\/www.enotecadelroero.it\">http:\/\/www.enotecadelroero.it<\/a><\/p>\n\n<p><strong>Loja de vinhos regionais &#8220;Colline del Moscato<\/strong>&#8220;<br\/>piazza XX Settembre, 19 &#8211; Mango (CN)<br\/>tel. 0141-89291<br\/>e-mail: <a href=\"mailto:info@enotecamoscato.it\">info@enotecamoscato.it<\/a><\/p>\n\n<p><strong>Enoteca regionale di Gattinara e delle terre del Nebbiolo del nord Piemonte<\/strong><br\/>corso Valsesia, 112 &#8211; Gattinara (VC)<br\/>tel. 0163-834.070<br\/>e-mail: <a href=\"mailto:info@enotecaregionaledigattinara.it\">info@enotecaregionaledigattinara.it<\/a><br\/>website: <a href=\"http:\/\/www.enotecaregionaledigattinara.it\">http:\/\/www.enotecaregionaledigattinara.it<\/a><\/p>\n\n<p><strong>Enoteca regionale del Monferrato<\/strong><br\/>piazza del Popolo, 12 &#8211; Vignale Monferrato (AL)<br\/>tel. 0142-933.243<br\/>e-mail: <a href=\"mailto:info@enotecadelmonferrato.it\">info@enotecadelmonferrato.it<\/a><br\/>website: <a href=\"http:\/\/www.enotecadelmonferrato.it\">http:\/\/www.enotecadelmonferrato.it<\/a><\/p>\n\n<p><strong>Serra Regional Wine Shop<\/strong><br\/>piazza Castello, 2 &#8211; Roppolo (BI)<br\/>tel. 0161-987.520<br\/>e-mail: <a href=\"mailto:enotecadellaserra@libero.it\">enotecadellaserra@libero.it<\/a><\/p>\n\n<p><strong>Enoteca regionale Acqui &#8220;Terme e Vino<\/strong>&#8220;<br\/>piazza Levi, 7 &#8211; Acqui Terme (AL)<br\/>tel. 0144-770.273<br\/>e-mail: <a href=\"mailto:enoteca@termeevino.it\">enoteca@termeevino.it<\/a><\/p>\n\n<p><strong>Enoteca regionale dei vini della Provincia di Torino<\/strong><br\/>piazza Valperga, 2 &#8211; Caluso (TO); c\/o Comune di Caluso<br\/>tel. 011-989.49.35 \/ 4, celular. Loja de vinhos 346-563.82.06 <\/p>\n\n<p><strong>Nizza Monferrato Regional Wine Shop<\/strong><br\/>via Crova 2- Nizza Monferrato (AT); tel. 0141-793.350<br\/>e-mail: <a href=\"mailto:info@enotecanizza.it\">info@enotecanizza.it<\/a><\/p>\n\n<p>\u00a0<\/p>\n\n<figure class=\"wp-block-gallery has-nested-images columns-4 is-cropped wp-block-gallery-1\">\n<figure class=\"wp-block-image size-thumbnail\"><a href=\"https:\/\/hotel-icastelli.com\/files\/2025\/03\/Untitled-10-150x150.jpg\"><img loading=\"lazy\" decoding=\"async\" width=\"150\" height=\"150\" data-id=\"3510\" src=\"https:\/\/hotel-icastelli.com\/files\/2025\/03\/Untitled-10-150x150.jpg\" alt=\"\" class=\"wp-image-3510\"\/><\/a><\/figure>\n\n\n\n<figure class=\"wp-block-image size-thumbnail\"><a href=\"https:\/\/hotel-icastelli.com\/files\/2025\/03\/Untitled-8-150x150.jpg\"><img loading=\"lazy\" decoding=\"async\" width=\"150\" height=\"150\" data-id=\"3548\" src=\"https:\/\/hotel-icastelli.com\/files\/2025\/03\/Untitled-8-150x150.jpg\" alt=\"\" class=\"wp-image-3548\"\/><\/a><\/figure>\n\n\n\n<figure class=\"wp-block-image size-thumbnail\"><a href=\"https:\/\/hotel-icastelli.com\/files\/2025\/03\/alba-150x150.jpg\"><img loading=\"lazy\" decoding=\"async\" width=\"150\" height=\"150\" data-id=\"3498\" src=\"https:\/\/hotel-icastelli.com\/files\/2025\/03\/alba-150x150.jpg\" alt=\"\" class=\"wp-image-3498\"\/><\/a><\/figure>\n\n\n\n<figure class=\"wp-block-image size-thumbnail\"><a href=\"https:\/\/hotel-icastelli.com\/files\/2025\/03\/150x1-150x150.jpg\"><img loading=\"lazy\" decoding=\"async\" width=\"150\" height=\"150\" data-id=\"3518\" src=\"https:\/\/hotel-icastelli.com\/files\/2025\/03\/150x1-150x150.jpg\" alt=\"\" class=\"wp-image-3518\"\/><\/a><\/figure>\n\n\n\n<figure class=\"wp-block-image size-thumbnail\"><a href=\"https:\/\/hotel-icastelli.com\/files\/2025\/03\/4061684376_a45a1a5415_o-150x150.jpg\"><img loading=\"lazy\" decoding=\"async\" width=\"150\" height=\"150\" data-id=\"3552\" src=\"https:\/\/hotel-icastelli.com\/files\/2025\/03\/4061684376_a45a1a5415_o-150x150.jpg\" alt=\"\" class=\"wp-image-3552\" srcset=\"https:\/\/hotel-icastelli.com\/files\/2025\/03\/4061684376_a45a1a5415_o-150x150.jpg 150w, https:\/\/hotel-icastelli.com\/files\/2025\/03\/4061684376_a45a1a5415_o-900x900.jpg 900w, https:\/\/hotel-icastelli.com\/files\/2025\/03\/4061684376_a45a1a5415_o-600x600.jpg 600w, https:\/\/hotel-icastelli.com\/files\/2025\/03\/4061684376_a45a1a5415_o-350x350.jpg 350w\" sizes=\"auto, (max-width: 150px) 100vw, 150px\" \/><\/a><\/figure>\n\n\n\n<figure class=\"wp-block-image size-thumbnail\"><a href=\"https:\/\/hotel-icastelli.com\/files\/2025\/03\/2894938741_89aa069b86_o-1-150x150.jpg\"><img loading=\"lazy\" decoding=\"async\" width=\"150\" height=\"150\" data-id=\"3556\" src=\"https:\/\/hotel-icastelli.com\/files\/2025\/03\/2894938741_89aa069b86_o-1-150x150.jpg\" alt=\"\" class=\"wp-image-3556\" srcset=\"https:\/\/hotel-icastelli.com\/files\/2025\/03\/2894938741_89aa069b86_o-1-150x150.jpg 150w, https:\/\/hotel-icastelli.com\/files\/2025\/03\/2894938741_89aa069b86_o-1-600x600.jpg 600w, https:\/\/hotel-icastelli.com\/files\/2025\/03\/2894938741_89aa069b86_o-1-350x350.jpg 350w\" sizes=\"auto, (max-width: 150px) 100vw, 150px\" \/><\/a><\/figure>\n\n\n\n<figure class=\"wp-block-image size-thumbnail\"><a href=\"https:\/\/hotel-icastelli.com\/files\/2025\/03\/terra-150x150.jpg\"><img loading=\"lazy\" decoding=\"async\" width=\"150\" height=\"150\" data-id=\"3550\" src=\"https:\/\/hotel-icastelli.com\/files\/2025\/03\/terra-150x150.jpg\" alt=\"\" class=\"wp-image-3550\" srcset=\"https:\/\/hotel-icastelli.com\/files\/2025\/03\/terra-150x150.jpg 150w, https:\/\/hotel-icastelli.com\/files\/2025\/03\/terra-600x600.jpg 600w, https:\/\/hotel-icastelli.com\/files\/2025\/03\/terra-350x350.jpg 350w\" sizes=\"auto, (max-width: 150px) 100vw, 150px\" \/><\/a><\/figure>\n\n\n\n<figure class=\"wp-block-image size-thumbnail\"><a href=\"https:\/\/hotel-icastelli.com\/files\/2025\/03\/4058571333_6beedc015c_b-1-150x150.jpg\"><img loading=\"lazy\" decoding=\"async\" width=\"150\" height=\"150\" data-id=\"3554\" src=\"https:\/\/hotel-icastelli.com\/files\/2025\/03\/4058571333_6beedc015c_b-1-150x150.jpg\" alt=\"\" class=\"wp-image-3554\" srcset=\"https:\/\/hotel-icastelli.com\/files\/2025\/03\/4058571333_6beedc015c_b-1-150x150.jpg 150w, https:\/\/hotel-icastelli.com\/files\/2025\/03\/4058571333_6beedc015c_b-1-600x600.jpg 600w, https:\/\/hotel-icastelli.com\/files\/2025\/03\/4058571333_6beedc015c_b-1-350x350.jpg 350w\" sizes=\"auto, (max-width: 150px) 100vw, 150px\" \/><\/a><\/figure>\n<\/figure>\n","protected":false},"excerpt":{"rendered":"<p>As lojas de vinhos regionais de Piemonte, uma vitrine que serpenteia por pontos de vista panor\u00e2micos e cen\u00e1rios art\u00edsticos e hist\u00f3ricos cruciais e inigual\u00e1veis, emoldurando significativamente as lojas de vinhos. Al\u00e9m disso, as vin\u00edcolas regionais tamb\u00e9m sediam eventos culturais, tur\u00edsticos e folcl\u00f3ricos com encena\u00e7\u00f5es apaixonadas de tradi\u00e7\u00f5es folcl\u00f3ricas pitorescas, principalmente relacionadas ao mundo rural. \u00c9 [&hellip;]<\/p>\n","protected":false},"author":152,"featured_media":4222,"parent":5088,"menu_order":7,"comment_status":"open","ping_status":"closed","template":"","meta":{"_acf_changed":false,"_monsterinsights_skip_tracking":false,"_monsterinsights_sitenote_active":false,"_monsterinsights_sitenote_note":"","_monsterinsights_sitenote_category":0,"footnotes":""},"class_list":["post-5294","page","type-page","status-publish","has-post-thumbnail","hentry"],"yoast_head":"<!-- This site is optimized with the Yoast SEO plugin v27.2 - https:\/\/yoast.com\/product\/yoast-seo-wordpress\/ -->\n<title>O Piemonte do vinho - Hotel in Centro Ad Alba - I Castelli<\/title>\n<meta name=\"description\" content=\"As lojas de vinhos regionais de Piemonte, uma vitrine que serpenteia por pontos de vista panor\u00e2micos e cen\u00e1rios art\u00edsticos e hist\u00f3ricos cruciais e\" \/>\n<meta name=\"robots\" content=\"index, follow, max-snippet:-1, max-image-preview:large, max-video-preview:-1\" \/>\n<link rel=\"canonical\" href=\"https:\/\/hotel-icastelli.com\/pt-br\/turismo\/o-piemonte-do-vinho\/\" \/>\n<meta property=\"og:locale\" content=\"pt_BR\" \/>\n<meta property=\"og:type\" content=\"article\" \/>\n<meta property=\"og:title\" content=\"O Piemonte do vinho - Hotel in Centro Ad Alba - I Castelli\" \/>\n<meta property=\"og:description\" content=\"As lojas de vinhos regionais de Piemonte, uma vitrine que serpenteia por pontos de vista panor\u00e2micos e cen\u00e1rios art\u00edsticos e hist\u00f3ricos cruciais e\" \/>\n<meta property=\"og:url\" content=\"https:\/\/hotel-icastelli.com\/pt-br\/turismo\/o-piemonte-do-vinho\/\" \/>\n<meta property=\"og:site_name\" content=\"I Castelli\" \/>\n<meta property=\"article:modified_time\" content=\"2025-05-07T05:40:47+00:00\" \/>\n<meta property=\"og:image\" content=\"https:\/\/hotel-icastelli.com\/files\/2025\/03\/Untitled-22.jpg\" \/>\n\t<meta property=\"og:image:width\" content=\"1024\" \/>\n\t<meta property=\"og:image:height\" content=\"204\" \/>\n\t<meta property=\"og:image:type\" content=\"image\/jpeg\" \/>\n<meta name=\"twitter:card\" content=\"summary_large_image\" \/>\n<meta name=\"twitter:label1\" content=\"Est. reading time\" \/>\n\t<meta name=\"twitter:data1\" content=\"2 minutes\" \/>\n<!-- \/ Yoast SEO plugin. -->","yoast_head_json":{"title":"O Piemonte do vinho - Hotel in Centro Ad Alba - I Castelli","description":"As lojas de vinhos regionais de Piemonte, uma vitrine que serpenteia por pontos de vista panor\u00e2micos e cen\u00e1rios art\u00edsticos e hist\u00f3ricos cruciais e","robots":{"index":"index","follow":"follow","max-snippet":"max-snippet:-1","max-image-preview":"max-image-preview:large","max-video-preview":"max-video-preview:-1"},"canonical":"https:\/\/hotel-icastelli.com\/pt-br\/turismo\/o-piemonte-do-vinho\/","og_locale":"pt_BR","og_type":"article","og_title":"O Piemonte do vinho - Hotel in Centro Ad Alba - I Castelli","og_description":"As lojas de vinhos regionais de Piemonte, uma vitrine que serpenteia por pontos de vista panor\u00e2micos e cen\u00e1rios art\u00edsticos e hist\u00f3ricos cruciais e","og_url":"https:\/\/hotel-icastelli.com\/pt-br\/turismo\/o-piemonte-do-vinho\/","og_site_name":"I Castelli","article_modified_time":"2025-05-07T05:40:47+00:00","og_image":[{"width":1024,"height":204,"url":"https:\/\/hotel-icastelli.com\/files\/2025\/03\/Untitled-22.jpg","type":"image\/jpeg"}],"twitter_card":"summary_large_image","twitter_misc":{"Est. reading time":"2 minutes"},"schema":{"@context":"https:\/\/schema.org","@graph":[{"@type":"WebPage","@id":"https:\/\/hotel-icastelli.com\/pt-br\/turismo\/o-piemonte-do-vinho\/","url":"https:\/\/hotel-icastelli.com\/pt-br\/turismo\/o-piemonte-do-vinho\/","name":"O Piemonte do vinho - Hotel in Centro Ad Alba - I Castelli","isPartOf":{"@id":"https:\/\/hotel-icastelli.com\/#website"},"primaryImageOfPage":{"@id":"https:\/\/hotel-icastelli.com\/pt-br\/turismo\/o-piemonte-do-vinho\/#primaryimage"},"image":{"@id":"https:\/\/hotel-icastelli.com\/pt-br\/turismo\/o-piemonte-do-vinho\/#primaryimage"},"thumbnailUrl":"https:\/\/hotel-icastelli.com\/files\/2025\/03\/Untitled-22.jpg","datePublished":"2013-08-28T07:24:09+00:00","dateModified":"2025-05-07T05:40:47+00:00","description":"As lojas de vinhos regionais de Piemonte, uma vitrine que serpenteia por pontos de vista panor\u00e2micos e cen\u00e1rios art\u00edsticos e hist\u00f3ricos cruciais e","breadcrumb":{"@id":"https:\/\/hotel-icastelli.com\/pt-br\/turismo\/o-piemonte-do-vinho\/#breadcrumb"},"inLanguage":"pt-BR","potentialAction":[{"@type":"ReadAction","target":["https:\/\/hotel-icastelli.com\/pt-br\/turismo\/o-piemonte-do-vinho\/"]}]},{"@type":"ImageObject","inLanguage":"pt-BR","@id":"https:\/\/hotel-icastelli.com\/pt-br\/turismo\/o-piemonte-do-vinho\/#primaryimage","url":"https:\/\/hotel-icastelli.com\/files\/2025\/03\/Untitled-22.jpg","contentUrl":"https:\/\/hotel-icastelli.com\/files\/2025\/03\/Untitled-22.jpg","width":1024,"height":204},{"@type":"BreadcrumbList","@id":"https:\/\/hotel-icastelli.com\/pt-br\/turismo\/o-piemonte-do-vinho\/#breadcrumb","itemListElement":[{"@type":"ListItem","position":1,"name":"Home","item":"https:\/\/hotel-icastelli.com\/pt-br\/"},{"@type":"ListItem","position":2,"name":"Turismo","item":"https:\/\/hotel-icastelli.com\/pt-br\/turismo\/"},{"@type":"ListItem","position":3,"name":"O Piemonte do vinho"}]},{"@type":"WebSite","@id":"https:\/\/hotel-icastelli.com\/#website","url":"https:\/\/hotel-icastelli.com\/","name":"I Castelli","description":"Hotel in Centro Ad Alba","publisher":{"@id":"https:\/\/hotel-icastelli.com\/#organization"},"potentialAction":[{"@type":"SearchAction","target":{"@type":"EntryPoint","urlTemplate":"https:\/\/hotel-icastelli.com\/?s={search_term_string}"},"query-input":{"@type":"PropertyValueSpecification","valueRequired":true,"valueName":"search_term_string"}}],"inLanguage":"pt-BR"},{"@type":"Organization","@id":"https:\/\/hotel-icastelli.com\/#organization","name":"I Castelli","url":"https:\/\/hotel-icastelli.com\/","logo":{"@type":"ImageObject","inLanguage":"pt-BR","@id":"https:\/\/hotel-icastelli.com\/#\/schema\/logo\/image\/","url":"","contentUrl":"","caption":"I Castelli"},"image":{"@id":"https:\/\/hotel-icastelli.com\/#\/schema\/logo\/image\/"}}]}},"acf":[],"_links":{"self":[{"href":"https:\/\/hotel-icastelli.com\/pt-br\/wp-json\/wp\/v2\/pages\/5294","targetHints":{"allow":["GET"]}}],"collection":[{"href":"https:\/\/hotel-icastelli.com\/pt-br\/wp-json\/wp\/v2\/pages"}],"about":[{"href":"https:\/\/hotel-icastelli.com\/pt-br\/wp-json\/wp\/v2\/types\/page"}],"author":[{"embeddable":true,"href":"https:\/\/hotel-icastelli.com\/pt-br\/wp-json\/wp\/v2\/users\/152"}],"replies":[{"embeddable":true,"href":"https:\/\/hotel-icastelli.com\/pt-br\/wp-json\/wp\/v2\/comments?post=5294"}],"version-history":[{"count":0,"href":"https:\/\/hotel-icastelli.com\/pt-br\/wp-json\/wp\/v2\/pages\/5294\/revisions"}],"up":[{"embeddable":true,"href":"https:\/\/hotel-icastelli.com\/pt-br\/wp-json\/wp\/v2\/pages\/5088"}],"wp:featuredmedia":[{"embeddable":true,"href":"https:\/\/hotel-icastelli.com\/pt-br\/wp-json\/wp\/v2\/media\/4222"}],"wp:attachment":[{"href":"https:\/\/hotel-icastelli.com\/pt-br\/wp-json\/wp\/v2\/media?parent=5294"}],"curies":[{"name":"wp","href":"https:\/\/api.w.org\/{rel}","templated":true}]}}