{"id":5320,"date":"2013-08-28T09:26:15","date_gmt":"2013-08-28T07:26:15","guid":{"rendered":"https:\/\/hotel-icastelli.com\/turismo\/golfe-em-langhe\/"},"modified":"2025-05-15T15:15:36","modified_gmt":"2025-05-15T13:15:36","slug":"golfe-em-langhe","status":"publish","type":"page","link":"https:\/\/hotel-icastelli.com\/pt-br\/turismo\/golfe-em-langhe\/","title":{"rendered":"Golfe em Langhe"},"content":{"rendered":"\n<p>A apenas alguns minutos do hotel, voc\u00ea pode ter uma experi\u00eancia inesquec\u00edvel praticando seu <strong>esporte<\/strong> favorito em um campo cercado pelos vinhedos que tornaram Langhe famoso em todo o mundo.  <\/p>\n\n<p>H\u00e1 muitos motivos para voc\u00ea escolher <strong>o Piemonte<\/strong> como destino para viagens de golfe: mais de 40 clubes espalhados pela regi\u00e3o e, desses, cinco est\u00e3o entre os 10 melhores da It\u00e1lia.<\/p>\n\n<h4 class=\"wp-block-heading\">Clube de golfe Cherasco<\/h4>\n\n<p>Via Fraschetta, 8 &#8211; 12062 &#8211; Cherasco<br\/>Tel: +39.0172.489772<br\/><a href=\"http:\/\/www.golfcherasco.com\/\" target=\"_blank\" rel=\"noreferrer noopener nofollow\">www.golfcherasco.com<\/a><br\/>e-mail: <a href=\"mailto:info@golfcherasco.com\">info@golfcherasco.com<\/a><\/p>\n\n<h4 class=\"wp-block-heading\">La Mandria Golf A.S.D.  <\/h4>\n\n<p>Via Alcide de Gasperi snc, em Druento (TO).<br\/>+39 011 9846111<br\/><a href=\"https:\/\/www.lamandriagolfdruento.it\" target=\"_blank\" rel=\"noreferrer noopener nofollow\">www.lamandriagolfdruento.it<\/a><br\/>Endere\u00e7o de e-mail: <a href=\"mailto:info@lamandriagolfdruento.it\">info@lamandriagolfdruento.it<\/a><\/p>\n\n<h4 class=\"wp-block-heading\">Clube de golfe La Margherita S.S.D. a r.l<\/h4>\n\n<p>S.P. 134 Carmagnola &#8211; Pralormo, nr. 3<br\/>10046 Poirino (TO)<br\/>Tel.: 011 979 5113<br\/><a href=\"https:\/\/www.golfclublamargherita.it\" target=\"_blank\" rel=\"noreferrer noopener nofollow\">www.golfclublamargherita.it<\/a><br\/><a href=\"mailto:segreteria@golfclublamargherita.it\">segreteria@golfclublamargherita.it<\/a><\/p>\n\n<p><em> <\/em><\/p>\n","protected":false},"excerpt":{"rendered":"<p>A apenas alguns minutos do hotel, voc\u00ea pode ter uma experi\u00eancia inesquec\u00edvel praticando seu esporte favorito em um campo cercado pelos vinhedos que tornaram Langhe famoso em todo o mundo. H\u00e1 muitos motivos para voc\u00ea escolher o Piemonte como destino para viagens de golfe: mais de 40 clubes espalhados pela regi\u00e3o e, desses, cinco est\u00e3o [&hellip;]<\/p>\n","protected":false},"author":152,"featured_media":4534,"parent":5088,"menu_order":9,"comment_status":"open","ping_status":"closed","template":"","meta":{"_acf_changed":false,"_monsterinsights_skip_tracking":false,"_monsterinsights_sitenote_active":false,"_monsterinsights_sitenote_note":"","_monsterinsights_sitenote_category":0,"footnotes":""},"class_list":["post-5320","page","type-page","status-publish","has-post-thumbnail","hentry"],"yoast_head":"<!-- This site is optimized with the Yoast SEO plugin v27.2 - https:\/\/yoast.com\/product\/yoast-seo-wordpress\/ -->\n<title>Golfe em Langhe - Hotel in Centro Ad Alba - I Castelli<\/title>\n<meta name=\"description\" content=\"A apenas alguns minutos do hotel, voc\u00ea pode ter uma experi\u00eancia inesquec\u00edvel praticando seu esporte favorito em um campo cercado pelos vinhedos que\" \/>\n<meta name=\"robots\" content=\"index, follow, max-snippet:-1, max-image-preview:large, max-video-preview:-1\" \/>\n<link rel=\"canonical\" href=\"https:\/\/hotel-icastelli.com\/pt-br\/turismo\/golfe-em-langhe\/\" \/>\n<meta property=\"og:locale\" content=\"pt_BR\" \/>\n<meta property=\"og:type\" content=\"article\" \/>\n<meta property=\"og:title\" content=\"Golfe em Langhe - Hotel in Centro Ad Alba - I Castelli\" \/>\n<meta property=\"og:description\" content=\"A apenas alguns minutos do hotel, voc\u00ea pode ter uma experi\u00eancia inesquec\u00edvel praticando seu esporte favorito em um campo cercado pelos vinhedos que\" \/>\n<meta property=\"og:url\" content=\"https:\/\/hotel-icastelli.com\/pt-br\/turismo\/golfe-em-langhe\/\" \/>\n<meta property=\"og:site_name\" content=\"I Castelli\" \/>\n<meta property=\"article:modified_time\" content=\"2025-05-15T13:15:36+00:00\" \/>\n<meta property=\"og:image\" content=\"https:\/\/hotel-icastelli.com\/files\/2025\/03\/oriz-golf.jpg\" \/>\n\t<meta property=\"og:image:width\" content=\"841\" \/>\n\t<meta property=\"og:image:height\" content=\"361\" \/>\n\t<meta property=\"og:image:type\" content=\"image\/jpeg\" \/>\n<meta name=\"twitter:card\" content=\"summary_large_image\" \/>\n<meta name=\"twitter:label1\" content=\"Est. reading time\" \/>\n\t<meta name=\"twitter:data1\" content=\"1 minute\" \/>\n<!-- \/ Yoast SEO plugin. -->","yoast_head_json":{"title":"Golfe em Langhe - Hotel in Centro Ad Alba - I Castelli","description":"A apenas alguns minutos do hotel, voc\u00ea pode ter uma experi\u00eancia inesquec\u00edvel praticando seu esporte favorito em um campo cercado pelos vinhedos que","robots":{"index":"index","follow":"follow","max-snippet":"max-snippet:-1","max-image-preview":"max-image-preview:large","max-video-preview":"max-video-preview:-1"},"canonical":"https:\/\/hotel-icastelli.com\/pt-br\/turismo\/golfe-em-langhe\/","og_locale":"pt_BR","og_type":"article","og_title":"Golfe em Langhe - Hotel in Centro Ad Alba - I Castelli","og_description":"A apenas alguns minutos do hotel, voc\u00ea pode ter uma experi\u00eancia inesquec\u00edvel praticando seu esporte favorito em um campo cercado pelos vinhedos que","og_url":"https:\/\/hotel-icastelli.com\/pt-br\/turismo\/golfe-em-langhe\/","og_site_name":"I Castelli","article_modified_time":"2025-05-15T13:15:36+00:00","og_image":[{"width":841,"height":361,"url":"https:\/\/hotel-icastelli.com\/files\/2025\/03\/oriz-golf.jpg","type":"image\/jpeg"}],"twitter_card":"summary_large_image","twitter_misc":{"Est. reading time":"1 minute"},"schema":{"@context":"https:\/\/schema.org","@graph":[{"@type":"WebPage","@id":"https:\/\/hotel-icastelli.com\/pt-br\/turismo\/golfe-em-langhe\/","url":"https:\/\/hotel-icastelli.com\/pt-br\/turismo\/golfe-em-langhe\/","name":"Golfe em Langhe - Hotel in Centro Ad Alba - I Castelli","isPartOf":{"@id":"https:\/\/hotel-icastelli.com\/#website"},"primaryImageOfPage":{"@id":"https:\/\/hotel-icastelli.com\/pt-br\/turismo\/golfe-em-langhe\/#primaryimage"},"image":{"@id":"https:\/\/hotel-icastelli.com\/pt-br\/turismo\/golfe-em-langhe\/#primaryimage"},"thumbnailUrl":"https:\/\/hotel-icastelli.com\/files\/2025\/03\/oriz-golf.jpg","datePublished":"2013-08-28T07:26:15+00:00","dateModified":"2025-05-15T13:15:36+00:00","description":"A apenas alguns minutos do hotel, voc\u00ea pode ter uma experi\u00eancia inesquec\u00edvel praticando seu esporte favorito em um campo cercado pelos vinhedos que","breadcrumb":{"@id":"https:\/\/hotel-icastelli.com\/pt-br\/turismo\/golfe-em-langhe\/#breadcrumb"},"inLanguage":"pt-BR","potentialAction":[{"@type":"ReadAction","target":["https:\/\/hotel-icastelli.com\/pt-br\/turismo\/golfe-em-langhe\/"]}]},{"@type":"ImageObject","inLanguage":"pt-BR","@id":"https:\/\/hotel-icastelli.com\/pt-br\/turismo\/golfe-em-langhe\/#primaryimage","url":"https:\/\/hotel-icastelli.com\/files\/2025\/03\/oriz-golf.jpg","contentUrl":"https:\/\/hotel-icastelli.com\/files\/2025\/03\/oriz-golf.jpg","width":841,"height":361},{"@type":"BreadcrumbList","@id":"https:\/\/hotel-icastelli.com\/pt-br\/turismo\/golfe-em-langhe\/#breadcrumb","itemListElement":[{"@type":"ListItem","position":1,"name":"Home","item":"https:\/\/hotel-icastelli.com\/pt-br\/"},{"@type":"ListItem","position":2,"name":"Turismo","item":"https:\/\/hotel-icastelli.com\/pt-br\/turismo\/"},{"@type":"ListItem","position":3,"name":"Golfe em Langhe"}]},{"@type":"WebSite","@id":"https:\/\/hotel-icastelli.com\/#website","url":"https:\/\/hotel-icastelli.com\/","name":"I Castelli","description":"Hotel in Centro Ad Alba","publisher":{"@id":"https:\/\/hotel-icastelli.com\/#organization"},"potentialAction":[{"@type":"SearchAction","target":{"@type":"EntryPoint","urlTemplate":"https:\/\/hotel-icastelli.com\/?s={search_term_string}"},"query-input":{"@type":"PropertyValueSpecification","valueRequired":true,"valueName":"search_term_string"}}],"inLanguage":"pt-BR"},{"@type":"Organization","@id":"https:\/\/hotel-icastelli.com\/#organization","name":"I Castelli","url":"https:\/\/hotel-icastelli.com\/","logo":{"@type":"ImageObject","inLanguage":"pt-BR","@id":"https:\/\/hotel-icastelli.com\/#\/schema\/logo\/image\/","url":"","contentUrl":"","caption":"I Castelli"},"image":{"@id":"https:\/\/hotel-icastelli.com\/#\/schema\/logo\/image\/"}}]}},"acf":[],"_links":{"self":[{"href":"https:\/\/hotel-icastelli.com\/pt-br\/wp-json\/wp\/v2\/pages\/5320","targetHints":{"allow":["GET"]}}],"collection":[{"href":"https:\/\/hotel-icastelli.com\/pt-br\/wp-json\/wp\/v2\/pages"}],"about":[{"href":"https:\/\/hotel-icastelli.com\/pt-br\/wp-json\/wp\/v2\/types\/page"}],"author":[{"embeddable":true,"href":"https:\/\/hotel-icastelli.com\/pt-br\/wp-json\/wp\/v2\/users\/152"}],"replies":[{"embeddable":true,"href":"https:\/\/hotel-icastelli.com\/pt-br\/wp-json\/wp\/v2\/comments?post=5320"}],"version-history":[{"count":0,"href":"https:\/\/hotel-icastelli.com\/pt-br\/wp-json\/wp\/v2\/pages\/5320\/revisions"}],"up":[{"embeddable":true,"href":"https:\/\/hotel-icastelli.com\/pt-br\/wp-json\/wp\/v2\/pages\/5088"}],"wp:featuredmedia":[{"embeddable":true,"href":"https:\/\/hotel-icastelli.com\/pt-br\/wp-json\/wp\/v2\/media\/4534"}],"wp:attachment":[{"href":"https:\/\/hotel-icastelli.com\/pt-br\/wp-json\/wp\/v2\/media?parent=5320"}],"curies":[{"name":"wp","href":"https:\/\/api.w.org\/{rel}","templated":true}]}}