{"id":5324,"date":"2013-08-28T09:24:51","date_gmt":"2013-08-28T07:24:51","guid":{"rendered":"https:\/\/hotel-icastelli.com\/turismo\/mountain-bike-e-trekking-em-alba-langhe-e-roero\/"},"modified":"2025-05-15T15:14:31","modified_gmt":"2025-05-15T13:14:31","slug":"mountain-bike-e-trekking-em-alba-langhe-e-roero","status":"publish","type":"page","link":"https:\/\/hotel-icastelli.com\/pt-br\/turismo\/mountain-bike-e-trekking-em-alba-langhe-e-roero\/","title":{"rendered":"Mountain bike e trekking em Alba, Langhe e Roero"},"content":{"rendered":"\n<p>A <strong>beleza das paisagens<\/strong> tamb\u00e9m pode ser apreciada com a pr\u00e1tica de <strong>esportes<\/strong>; h\u00e1 in\u00fameros lugares onde voc\u00ea pode caminhar e sentir os aromas da natureza.<\/p>\n\n<ul class=\"wp-block-list\">\n<li><strong>Trekking em Barbaresco<\/strong> De Alba a Neive, ao longo do rio Tanaro, entre os famosos crus de Barbaresco.<\/li>\n\n\n\n<li><strong>Trekking em Barolo<\/strong> Pelo jardim de vinhedos, conquistando os castelos de Barolo.<\/li>\n\n\n\n<li><strong>Trekking entre as Roche del Roero <\/strong>De Bra a Cisterna d&#8217;Asti, entre p\u00eassegos, mel e Arneis<\/li>\n\n\n\n<li><strong>Grande Traversata delle Langhe<\/strong> Entre os feudos dos marqueses Del Carretto, entre terra\u00e7os e torres de vigia<\/li>\n\n\n\n<li><strong>Trekking the Sorgenti del Belbo<\/strong> Nos &#8220;Posti della Malora&#8221; de Beppe Fenoglio, entre os bosques de avel\u00e3s de Alta Langa e as f\u00e1bricas de queijo de Murazzano, ao longo do curso n\u00e3o contaminado do Belbo<\/li>\n<\/ul>\n\n<p>A <strong>serenidade da natureza<\/strong> dessas terras e o ritmo da vida rural transportar\u00e3o voc\u00ea para uma dimens\u00e3o que \u00e9 ao mesmo tempo nova e antiga.  <\/p>\n\n<p>Dessa forma, voc\u00ea conhecer\u00e1 a <strong>verdadeira ess\u00eancia desses territ\u00f3rios<\/strong>, unidos por um grande passado e eventos hist\u00f3ricos memor\u00e1veis, hist\u00f3ria que voc\u00ea ler\u00e1 nas pedras das torres, castelos e igrejas rurais.  <\/p>\n\n<p>Voc\u00ea admirar\u00e1 uma sucess\u00e3o de pequenos vilarejos empoleirados em <strong>belos cumes<\/strong>, um mundo de sil\u00eancio e paisagens emocionantes.<\/p>\n\n<p><strong><strong>Links de rotas de trekking<\/strong> <\/strong><br\/><a href=\"https:\/\/www.visitlmr.it\/it\/cosa-fare\/itinerari\/outdoor\/trekking\">https:\/\/www.visitlmr.it\/it\/cosa-fare\/itinerari\/outdoor\/trekking<\/a><\/p>\n\n<p><strong>Links para rotas de ciclismo<\/strong><br\/><a href=\"https:\/\/www.visitlmr.it\/it\/cosa-fare\/itinerari\/outdoor\/bici-da-strada\" target=\"_blank\" rel=\"noreferrer noopener sponsored nofollow\">https:\/\/www.visitlmr.it\/it\/cosa-fare\/itinerari\/outdoor\/bici-da-strada<\/a><\/p>\n\n<figure class=\"wp-block-gallery has-nested-images columns-4 is-cropped wp-block-gallery-1\">\n<figure class=\"wp-block-image size-thumbnail\"><a href=\"https:\/\/hotel-icastelli.com\/files\/2025\/03\/Untitled-10-1-150x150.jpg\"><img loading=\"lazy\" decoding=\"async\" width=\"150\" height=\"150\" data-id=\"3560\" src=\"https:\/\/hotel-icastelli.com\/files\/2025\/03\/Untitled-10-1-150x150.jpg\" alt=\"\" class=\"wp-image-3560\"\/><\/a><\/figure>\n\n\n\n<figure class=\"wp-block-image size-thumbnail\"><a href=\"https:\/\/hotel-icastelli.com\/files\/2025\/03\/3327036690_dec1c66592_o-150x150.jpg\"><img loading=\"lazy\" decoding=\"async\" width=\"150\" height=\"150\" data-id=\"3568\" src=\"https:\/\/hotel-icastelli.com\/files\/2025\/03\/3327036690_dec1c66592_o-150x150.jpg\" alt=\"\" class=\"wp-image-3568\" srcset=\"https:\/\/hotel-icastelli.com\/files\/2025\/03\/3327036690_dec1c66592_o-150x150.jpg 150w, https:\/\/hotel-icastelli.com\/files\/2025\/03\/3327036690_dec1c66592_o-600x600.jpg 600w, https:\/\/hotel-icastelli.com\/files\/2025\/03\/3327036690_dec1c66592_o-350x350.jpg 350w\" sizes=\"auto, (max-width: 150px) 100vw, 150px\" \/><\/a><\/figure>\n\n\n\n<figure class=\"wp-block-image size-thumbnail\"><a href=\"https:\/\/hotel-icastelli.com\/files\/2025\/03\/bicilanghe-1-150x150.jpg\"><img loading=\"lazy\" decoding=\"async\" width=\"150\" height=\"150\" data-id=\"3566\" src=\"https:\/\/hotel-icastelli.com\/files\/2025\/03\/bicilanghe-1-150x150.jpg\" alt=\"\" class=\"wp-image-3566\"\/><\/a><\/figure>\n\n\n\n<figure class=\"wp-block-image size-thumbnail\"><a href=\"https:\/\/hotel-icastelli.com\/files\/2025\/03\/DSCN3695-150-150x150.jpg\"><img loading=\"lazy\" decoding=\"async\" width=\"150\" height=\"150\" data-id=\"3564\" src=\"https:\/\/hotel-icastelli.com\/files\/2025\/03\/DSCN3695-150-150x150.jpg\" alt=\"\" class=\"wp-image-3564\"\/><\/a><\/figure>\n\n\n\n<figure class=\"wp-block-image size-thumbnail\"><a href=\"https:\/\/hotel-icastelli.com\/files\/2025\/03\/striscia2-150x150.jpg\"><img loading=\"lazy\" decoding=\"async\" width=\"150\" height=\"150\" data-id=\"3512\" src=\"https:\/\/hotel-icastelli.com\/files\/2025\/03\/striscia2-150x150.jpg\" alt=\"\" class=\"wp-image-3512\"\/><\/a><\/figure>\n\n\n\n<figure class=\"wp-block-image size-thumbnail\"><a href=\"https:\/\/hotel-icastelli.com\/files\/2025\/03\/pano1-e1332185559172-150x150.jpg\"><img loading=\"lazy\" decoding=\"async\" width=\"150\" height=\"150\" data-id=\"3558\" src=\"https:\/\/hotel-icastelli.com\/files\/2025\/03\/pano1-e1332185559172-150x150.jpg\" alt=\"\" class=\"wp-image-3558\"\/><\/a><\/figure>\n\n\n\n<figure class=\"wp-block-image size-thumbnail\"><a href=\"https:\/\/hotel-icastelli.com\/files\/2025\/03\/Untitled-6-1-150x150.jpg\"><img loading=\"lazy\" decoding=\"async\" width=\"150\" height=\"150\" data-id=\"3562\" src=\"https:\/\/hotel-icastelli.com\/files\/2025\/03\/Untitled-6-1-150x150.jpg\" alt=\"\" class=\"wp-image-3562\"\/><\/a><\/figure>\n\n\n\n<figure class=\"wp-block-image size-thumbnail\"><a href=\"https:\/\/hotel-icastelli.com\/files\/2025\/03\/150x2-1-150x150.jpg\"><img loading=\"lazy\" decoding=\"async\" width=\"150\" height=\"150\" data-id=\"3570\" src=\"https:\/\/hotel-icastelli.com\/files\/2025\/03\/150x2-1-150x150.jpg\" alt=\"\" class=\"wp-image-3570\"\/><\/a><\/figure>\n<\/figure>\n","protected":false},"excerpt":{"rendered":"<p>A beleza das paisagens tamb\u00e9m pode ser apreciada com a pr\u00e1tica de esportes; h\u00e1 in\u00fameros lugares onde voc\u00ea pode caminhar e sentir os aromas da natureza. A serenidade da natureza dessas terras e o ritmo da vida rural transportar\u00e3o voc\u00ea para uma dimens\u00e3o que \u00e9 ao mesmo tempo nova e antiga. Dessa forma, voc\u00ea conhecer\u00e1 [&hellip;]<\/p>\n","protected":false},"author":152,"featured_media":4210,"parent":5088,"menu_order":8,"comment_status":"open","ping_status":"closed","template":"","meta":{"_acf_changed":false,"_monsterinsights_skip_tracking":false,"_monsterinsights_sitenote_active":false,"_monsterinsights_sitenote_note":"","_monsterinsights_sitenote_category":0,"footnotes":""},"class_list":["post-5324","page","type-page","status-publish","has-post-thumbnail","hentry"],"yoast_head":"<!-- This site is optimized with the Yoast SEO plugin v27.2 - https:\/\/yoast.com\/product\/yoast-seo-wordpress\/ -->\n<title>Mountain bike e trekking em Alba, Langhe e Roero - Hotel in Centro Ad Alba - I Castelli<\/title>\n<meta name=\"description\" content=\"A beleza das paisagens tamb\u00e9m pode ser apreciada com a pr\u00e1tica de esportes; h\u00e1 in\u00fameros lugares onde voc\u00ea pode caminhar e sentir os aromas da natureza.\" \/>\n<meta name=\"robots\" content=\"index, follow, max-snippet:-1, max-image-preview:large, max-video-preview:-1\" \/>\n<link rel=\"canonical\" href=\"https:\/\/hotel-icastelli.com\/pt-br\/turismo\/mountain-bike-e-trekking-em-alba-langhe-e-roero\/\" \/>\n<meta property=\"og:locale\" content=\"pt_BR\" \/>\n<meta property=\"og:type\" content=\"article\" \/>\n<meta property=\"og:title\" content=\"Mountain bike e trekking em Alba, Langhe e Roero - Hotel in Centro Ad Alba - I Castelli\" \/>\n<meta property=\"og:description\" content=\"A beleza das paisagens tamb\u00e9m pode ser apreciada com a pr\u00e1tica de esportes; h\u00e1 in\u00fameros lugares onde voc\u00ea pode caminhar e sentir os aromas da natureza.\" \/>\n<meta property=\"og:url\" content=\"https:\/\/hotel-icastelli.com\/pt-br\/turismo\/mountain-bike-e-trekking-em-alba-langhe-e-roero\/\" \/>\n<meta property=\"og:site_name\" content=\"I Castelli\" \/>\n<meta property=\"article:modified_time\" content=\"2025-05-15T13:14:31+00:00\" \/>\n<meta property=\"og:image\" content=\"https:\/\/hotel-icastelli.com\/files\/2025\/03\/150x1.jpg\" \/>\n\t<meta property=\"og:image:width\" content=\"1024\" \/>\n\t<meta property=\"og:image:height\" content=\"273\" \/>\n\t<meta property=\"og:image:type\" content=\"image\/jpeg\" \/>\n<meta name=\"twitter:card\" content=\"summary_large_image\" \/>\n<meta name=\"twitter:label1\" content=\"Est. reading time\" \/>\n\t<meta name=\"twitter:data1\" content=\"1 minute\" \/>\n<!-- \/ Yoast SEO plugin. -->","yoast_head_json":{"title":"Mountain bike e trekking em Alba, Langhe e Roero - Hotel in Centro Ad Alba - I Castelli","description":"A beleza das paisagens tamb\u00e9m pode ser apreciada com a pr\u00e1tica de esportes; h\u00e1 in\u00fameros lugares onde voc\u00ea pode caminhar e sentir os aromas da natureza.","robots":{"index":"index","follow":"follow","max-snippet":"max-snippet:-1","max-image-preview":"max-image-preview:large","max-video-preview":"max-video-preview:-1"},"canonical":"https:\/\/hotel-icastelli.com\/pt-br\/turismo\/mountain-bike-e-trekking-em-alba-langhe-e-roero\/","og_locale":"pt_BR","og_type":"article","og_title":"Mountain bike e trekking em Alba, Langhe e Roero - Hotel in Centro Ad Alba - I Castelli","og_description":"A beleza das paisagens tamb\u00e9m pode ser apreciada com a pr\u00e1tica de esportes; h\u00e1 in\u00fameros lugares onde voc\u00ea pode caminhar e sentir os aromas da natureza.","og_url":"https:\/\/hotel-icastelli.com\/pt-br\/turismo\/mountain-bike-e-trekking-em-alba-langhe-e-roero\/","og_site_name":"I Castelli","article_modified_time":"2025-05-15T13:14:31+00:00","og_image":[{"width":1024,"height":273,"url":"https:\/\/hotel-icastelli.com\/files\/2025\/03\/150x1.jpg","type":"image\/jpeg"}],"twitter_card":"summary_large_image","twitter_misc":{"Est. reading time":"1 minute"},"schema":{"@context":"https:\/\/schema.org","@graph":[{"@type":"WebPage","@id":"https:\/\/hotel-icastelli.com\/pt-br\/turismo\/mountain-bike-e-trekking-em-alba-langhe-e-roero\/","url":"https:\/\/hotel-icastelli.com\/pt-br\/turismo\/mountain-bike-e-trekking-em-alba-langhe-e-roero\/","name":"Mountain bike e trekking em Alba, Langhe e Roero - Hotel in Centro Ad Alba - I Castelli","isPartOf":{"@id":"https:\/\/hotel-icastelli.com\/#website"},"primaryImageOfPage":{"@id":"https:\/\/hotel-icastelli.com\/pt-br\/turismo\/mountain-bike-e-trekking-em-alba-langhe-e-roero\/#primaryimage"},"image":{"@id":"https:\/\/hotel-icastelli.com\/pt-br\/turismo\/mountain-bike-e-trekking-em-alba-langhe-e-roero\/#primaryimage"},"thumbnailUrl":"https:\/\/hotel-icastelli.com\/files\/2025\/03\/150x1.jpg","datePublished":"2013-08-28T07:24:51+00:00","dateModified":"2025-05-15T13:14:31+00:00","description":"A beleza das paisagens tamb\u00e9m pode ser apreciada com a pr\u00e1tica de esportes; h\u00e1 in\u00fameros lugares onde voc\u00ea pode caminhar e sentir os aromas da natureza.","breadcrumb":{"@id":"https:\/\/hotel-icastelli.com\/pt-br\/turismo\/mountain-bike-e-trekking-em-alba-langhe-e-roero\/#breadcrumb"},"inLanguage":"pt-BR","potentialAction":[{"@type":"ReadAction","target":["https:\/\/hotel-icastelli.com\/pt-br\/turismo\/mountain-bike-e-trekking-em-alba-langhe-e-roero\/"]}]},{"@type":"ImageObject","inLanguage":"pt-BR","@id":"https:\/\/hotel-icastelli.com\/pt-br\/turismo\/mountain-bike-e-trekking-em-alba-langhe-e-roero\/#primaryimage","url":"https:\/\/hotel-icastelli.com\/files\/2025\/03\/150x1.jpg","contentUrl":"https:\/\/hotel-icastelli.com\/files\/2025\/03\/150x1.jpg","width":1024,"height":273},{"@type":"BreadcrumbList","@id":"https:\/\/hotel-icastelli.com\/pt-br\/turismo\/mountain-bike-e-trekking-em-alba-langhe-e-roero\/#breadcrumb","itemListElement":[{"@type":"ListItem","position":1,"name":"Home","item":"https:\/\/hotel-icastelli.com\/pt-br\/"},{"@type":"ListItem","position":2,"name":"Turismo","item":"https:\/\/hotel-icastelli.com\/pt-br\/turismo\/"},{"@type":"ListItem","position":3,"name":"Mountain bike e trekking em Alba, Langhe e Roero"}]},{"@type":"WebSite","@id":"https:\/\/hotel-icastelli.com\/#website","url":"https:\/\/hotel-icastelli.com\/","name":"I Castelli","description":"Hotel in Centro Ad Alba","publisher":{"@id":"https:\/\/hotel-icastelli.com\/#organization"},"potentialAction":[{"@type":"SearchAction","target":{"@type":"EntryPoint","urlTemplate":"https:\/\/hotel-icastelli.com\/?s={search_term_string}"},"query-input":{"@type":"PropertyValueSpecification","valueRequired":true,"valueName":"search_term_string"}}],"inLanguage":"pt-BR"},{"@type":"Organization","@id":"https:\/\/hotel-icastelli.com\/#organization","name":"I Castelli","url":"https:\/\/hotel-icastelli.com\/","logo":{"@type":"ImageObject","inLanguage":"pt-BR","@id":"https:\/\/hotel-icastelli.com\/#\/schema\/logo\/image\/","url":"","contentUrl":"","caption":"I Castelli"},"image":{"@id":"https:\/\/hotel-icastelli.com\/#\/schema\/logo\/image\/"}}]}},"acf":[],"_links":{"self":[{"href":"https:\/\/hotel-icastelli.com\/pt-br\/wp-json\/wp\/v2\/pages\/5324","targetHints":{"allow":["GET"]}}],"collection":[{"href":"https:\/\/hotel-icastelli.com\/pt-br\/wp-json\/wp\/v2\/pages"}],"about":[{"href":"https:\/\/hotel-icastelli.com\/pt-br\/wp-json\/wp\/v2\/types\/page"}],"author":[{"embeddable":true,"href":"https:\/\/hotel-icastelli.com\/pt-br\/wp-json\/wp\/v2\/users\/152"}],"replies":[{"embeddable":true,"href":"https:\/\/hotel-icastelli.com\/pt-br\/wp-json\/wp\/v2\/comments?post=5324"}],"version-history":[{"count":0,"href":"https:\/\/hotel-icastelli.com\/pt-br\/wp-json\/wp\/v2\/pages\/5324\/revisions"}],"up":[{"embeddable":true,"href":"https:\/\/hotel-icastelli.com\/pt-br\/wp-json\/wp\/v2\/pages\/5088"}],"wp:featuredmedia":[{"embeddable":true,"href":"https:\/\/hotel-icastelli.com\/pt-br\/wp-json\/wp\/v2\/media\/4210"}],"wp:attachment":[{"href":"https:\/\/hotel-icastelli.com\/pt-br\/wp-json\/wp\/v2\/media?parent=5324"}],"curies":[{"name":"wp","href":"https:\/\/api.w.org\/{rel}","templated":true}]}}