{"id":5386,"date":"2013-08-28T09:18:59","date_gmt":"2013-08-28T07:18:59","guid":{"rendered":"https:\/\/hotel-icastelli.com\/turismo\/unesco-paisagens-viticolas-de-langhe-roero-e-monferrato\/"},"modified":"2025-05-07T07:41:34","modified_gmt":"2025-05-07T05:41:34","slug":"unesco-paisagens-viticolas-de-langhe-roero-e-monferrato","status":"publish","type":"page","link":"https:\/\/hotel-icastelli.com\/pt-br\/turismo\/unesco-paisagens-viticolas-de-langhe-roero-e-monferrato\/","title":{"rendered":"Unesco &#8211; Paisagens vit\u00edcolas de Langhe, Roero e Monferrato"},"content":{"rendered":"\n<p>Pela primeira vez, uma paisagem vin\u00edcola italiana, Langhe Roero e Monferrato, no Piemonte, \u00e9 reconhecida como de valor excepcional pelo <a href=\"http:\/\/paesaggivitivinicoliunesco.it\/\">Comit\u00ea do Patrim\u00f4nio Mundial da UNESCO<\/a> e inscrita na Lista do Patrim\u00f4nio Mundial.<\/p>\n\n<p>O cr\u00e9dito se deve, em primeiro lugar, \u00e0<strong> grande beleza<\/strong> de nossos territ\u00f3rios, mas tamb\u00e9m a todos aqueles que, por gera\u00e7\u00f5es, trabalharam nessas terras com respeito, orgulho e paix\u00e3o.<\/p>\n\n<p>A motiva\u00e7\u00e3o diz que <strong>essas paisagens <\/strong> <\/p>\n\n<blockquote class=\"wp-block-quote\">\n<p>s\u00e3o um testemunho vivo excepcional da tradi\u00e7\u00e3o hist\u00f3rica do cultivo da videira, dos processos de vinifica\u00e7\u00e3o, de um contexto social e rural e de um tecido econ\u00f4mico baseado na cultura do vinho.<\/p>\n<\/blockquote>\n\n<p>Os vinhedos de Langhe-Roero e Monferrato tamb\u00e9m s\u00e3o um <strong>exemplo excepcional da intera\u00e7\u00e3o do homem com seu ambiente natural<\/strong>: gra\u00e7as a uma longa e constante evolu\u00e7\u00e3o das t\u00e9cnicas e do conhecimento da viticultura, a melhor adapta\u00e7\u00e3o poss\u00edvel das videiras \u00e0s caracter\u00edsticas do solo e do clima foi alcan\u00e7ada, tanto que se tornou uma refer\u00eancia internacional.<\/p>\n\n<p>S\u00f3 podemos nos orgulhar de tal reconhecimento e dos termos em que ele foi expresso.<\/p>\n\n<p><strong>Voc\u00ea pode admirar os vilarejos vin\u00edcolas<\/strong>, hoje Patrim\u00f4nio Mundial da Unesco, <strong>de nosso terra\u00e7o panor\u00e2mico <\/strong>enquanto toma uma ta\u00e7a de Barbaresco ou janta em nosso <a href=\"https:\/\/hotel-icastelli.com\/pt-br\/restaurante\/\" target=\"_blank\" rel=\"noreferrer noopener\">restaurante<\/a>.<\/p>\n\n<h2 class=\"wp-block-heading\">\u00c1reas selecionadas<\/h2>\n\n<figure class=\"wp-block-gallery has-nested-images columns-3 is-cropped wp-block-gallery-1\">\n<figure class=\"wp-block-image size-portrait_sm\"><a href=\"https:\/\/hotel-icastelli.com\/files\/2025\/03\/Web_map_italy1-350x466.jpg\"><img loading=\"lazy\" decoding=\"async\" width=\"350\" height=\"466\" data-id=\"3486\" src=\"https:\/\/hotel-icastelli.com\/files\/2025\/03\/Web_map_italy1-350x466.jpg\" alt=\"\" class=\"wp-image-3486\" srcset=\"https:\/\/hotel-icastelli.com\/files\/2025\/03\/Web_map_italy1-350x466.jpg 350w, https:\/\/hotel-icastelli.com\/files\/2025\/03\/Web_map_italy1-574x765.jpg 574w\" sizes=\"auto, (max-width: 350px) 100vw, 350px\" \/><\/a><\/figure>\n\n\n\n<figure class=\"wp-block-image size-portrait_sm\"><a href=\"https:\/\/hotel-icastelli.com\/files\/2025\/03\/Web_map_roads1-350x466.jpg\"><img loading=\"lazy\" decoding=\"async\" width=\"350\" height=\"466\" data-id=\"3488\" src=\"https:\/\/hotel-icastelli.com\/files\/2025\/03\/Web_map_roads1-350x466.jpg\" alt=\"\" class=\"wp-image-3488\" srcset=\"https:\/\/hotel-icastelli.com\/files\/2025\/03\/Web_map_roads1-350x466.jpg 350w, https:\/\/hotel-icastelli.com\/files\/2025\/03\/Web_map_roads1-574x765.jpg 574w\" sizes=\"auto, (max-width: 350px) 100vw, 350px\" \/><\/a><\/figure>\n\n\n\n<figure class=\"wp-block-image size-portrait_sm\"><a href=\"https:\/\/hotel-icastelli.com\/files\/2025\/03\/Web_map_zones1-350x466.jpg\"><img loading=\"lazy\" decoding=\"async\" width=\"350\" height=\"466\" data-id=\"3490\" src=\"https:\/\/hotel-icastelli.com\/files\/2025\/03\/Web_map_zones1-350x466.jpg\" alt=\"\" class=\"wp-image-3490\"\/><\/a><\/figure>\n<\/figure>\n\n<p><strong>As \u00e1reas selecionadas<\/strong> como um todo cobrem uma \u00e1rea de aproximadamente 76.000 hectares e envolvem <strong>mais de 100 territ\u00f3rios municipais<\/strong>. Nessas \u00e1reas, os seis componentes mencionados s\u00e3o, em mais detalhes: <\/p>\n\n<p class=\"has-text-align-center\"><span style=\"text-align: center;\">Langa de Barolo<\/span><br\/><span style=\"text-align: center;\">Colinas de Barbaresco<\/span><br\/><span style=\"text-align: center;\">Castelo de Grinzane Cavour<\/span><br\/><span style=\"text-align: center;\">Canelli e Asti Spumante<\/span><br\/><span style=\"text-align: center;\">Nizza Monferrato e o Barbera<\/span><br\/><span style=\"text-align: center;\">Monferrato do Inferno<\/span><\/p>\n\n<p>Os locais italianos inclu\u00eddos pela Unesco na Lista do Patrim\u00f4nio Mundial s\u00e3o 50, sendo que o primeiro foi em 79. Consulte <a title=\"Visite o site da Unesco\" href=\"http:\/\/whc.unesco.org\/en\/list\/1390\" target=\"_blank\" rel=\"noopener\">www.unesco.org<\/a> para obter a lista completa. <\/p>\n\n<p>\u00a0<\/p>\n\n<figure class=\"wp-block-gallery has-nested-images columns-4 is-cropped wp-block-gallery-2\">\n<figure class=\"wp-block-image size-thumbnail\"><a href=\"https:\/\/hotel-icastelli.com\/files\/2025\/03\/vigna-150x150.jpg\"><img loading=\"lazy\" decoding=\"async\" width=\"150\" height=\"150\" data-id=\"3492\" src=\"https:\/\/hotel-icastelli.com\/files\/2025\/03\/vigna-150x150.jpg\" alt=\"\" class=\"wp-image-3492\" srcset=\"https:\/\/hotel-icastelli.com\/files\/2025\/03\/vigna-150x150.jpg 150w, https:\/\/hotel-icastelli.com\/files\/2025\/03\/vigna-600x600.jpg 600w, https:\/\/hotel-icastelli.com\/files\/2025\/03\/vigna-350x350.jpg 350w\" sizes=\"auto, (max-width: 150px) 100vw, 150px\" \/><\/a><\/figure>\n\n\n\n<figure class=\"wp-block-image size-thumbnail\"><a href=\"https:\/\/hotel-icastelli.com\/files\/2025\/03\/150x2-150x150.jpg\"><img loading=\"lazy\" decoding=\"async\" width=\"150\" height=\"150\" data-id=\"3494\" src=\"https:\/\/hotel-icastelli.com\/files\/2025\/03\/150x2-150x150.jpg\" alt=\"\" class=\"wp-image-3494\"\/><\/a><\/figure>\n\n\n\n<figure class=\"wp-block-image size-thumbnail\"><a href=\"https:\/\/hotel-icastelli.com\/files\/2025\/03\/150x3-150x150.jpg\"><img loading=\"lazy\" decoding=\"async\" width=\"150\" height=\"150\" data-id=\"3496\" src=\"https:\/\/hotel-icastelli.com\/files\/2025\/03\/150x3-150x150.jpg\" alt=\"\" class=\"wp-image-3496\"\/><\/a><\/figure>\n\n\n\n<figure class=\"wp-block-image size-thumbnail\"><a href=\"https:\/\/hotel-icastelli.com\/files\/2025\/03\/alba-150x150.jpg\"><img loading=\"lazy\" decoding=\"async\" width=\"150\" height=\"150\" data-id=\"3498\" src=\"https:\/\/hotel-icastelli.com\/files\/2025\/03\/alba-150x150.jpg\" alt=\"\" class=\"wp-image-3498\"\/><\/a><\/figure>\n\n\n\n<figure class=\"wp-block-image size-thumbnail\"><a href=\"https:\/\/hotel-icastelli.com\/files\/2025\/03\/Fotolia_9529780_XL-150x150.jpg\"><img loading=\"lazy\" decoding=\"async\" width=\"150\" height=\"150\" data-id=\"3500\" src=\"https:\/\/hotel-icastelli.com\/files\/2025\/03\/Fotolia_9529780_XL-150x150.jpg\" alt=\"\" class=\"wp-image-3500\" srcset=\"https:\/\/hotel-icastelli.com\/files\/2025\/03\/Fotolia_9529780_XL-150x150.jpg 150w, https:\/\/hotel-icastelli.com\/files\/2025\/03\/Fotolia_9529780_XL-600x600.jpg 600w, https:\/\/hotel-icastelli.com\/files\/2025\/03\/Fotolia_9529780_XL-350x350.jpg 350w\" sizes=\"auto, (max-width: 150px) 100vw, 150px\" \/><\/a><\/figure>\n\n\n\n<figure class=\"wp-block-image size-thumbnail\"><a href=\"https:\/\/hotel-icastelli.com\/files\/2025\/03\/bicilanghe-150x150.jpg\"><img loading=\"lazy\" decoding=\"async\" width=\"150\" height=\"150\" data-id=\"3502\" src=\"https:\/\/hotel-icastelli.com\/files\/2025\/03\/bicilanghe-150x150.jpg\" alt=\"\" class=\"wp-image-3502\"\/><\/a><\/figure>\n\n\n\n<figure class=\"wp-block-image size-thumbnail\"><a href=\"https:\/\/hotel-icastelli.com\/files\/2025\/03\/langhe1-150x150.jpg\"><img loading=\"lazy\" decoding=\"async\" width=\"150\" height=\"150\" data-id=\"3504\" src=\"https:\/\/hotel-icastelli.com\/files\/2025\/03\/langhe1-150x150.jpg\" alt=\"\" class=\"wp-image-3504\" srcset=\"https:\/\/hotel-icastelli.com\/files\/2025\/03\/langhe1-150x150.jpg 150w, https:\/\/hotel-icastelli.com\/files\/2025\/03\/langhe1-350x350.jpg 350w\" sizes=\"auto, (max-width: 150px) 100vw, 150px\" \/><\/a><\/figure>\n\n\n\n<figure class=\"wp-block-image size-thumbnail\"><a href=\"https:\/\/hotel-icastelli.com\/files\/2025\/03\/ORIZZONTE-BARBARESCO-2-150x150.jpg\"><img loading=\"lazy\" decoding=\"async\" width=\"150\" height=\"150\" data-id=\"3506\" src=\"https:\/\/hotel-icastelli.com\/files\/2025\/03\/ORIZZONTE-BARBARESCO-2-150x150.jpg\" alt=\"\" class=\"wp-image-3506\"\/><\/a><\/figure>\n<\/figure>\n","protected":false},"excerpt":{"rendered":"<p>Pela primeira vez, uma paisagem vin\u00edcola italiana, Langhe Roero e Monferrato, no Piemonte, \u00e9 reconhecida como de valor excepcional pelo Comit\u00ea do Patrim\u00f4nio Mundial da UNESCO e inscrita na Lista do Patrim\u00f4nio Mundial. O cr\u00e9dito se deve, em primeiro lugar, \u00e0 grande beleza de nossos territ\u00f3rios, mas tamb\u00e9m a todos aqueles que, por gera\u00e7\u00f5es, trabalharam [&hellip;]<\/p>\n","protected":false},"author":152,"featured_media":4078,"parent":5088,"menu_order":0,"comment_status":"open","ping_status":"closed","template":"","meta":{"_acf_changed":false,"_monsterinsights_skip_tracking":false,"_monsterinsights_sitenote_active":false,"_monsterinsights_sitenote_note":"","_monsterinsights_sitenote_category":0,"footnotes":""},"class_list":["post-5386","page","type-page","status-publish","has-post-thumbnail","hentry"],"yoast_head":"<!-- This site is optimized with the Yoast SEO plugin v27.2 - https:\/\/yoast.com\/product\/yoast-seo-wordpress\/ -->\n<title>Unesco - Paisagens vit\u00edcolas de Langhe, Roero e Monferrato - Hotel in Centro Ad Alba - I Castelli<\/title>\n<meta name=\"description\" content=\"Pela primeira vez, uma paisagem vin\u00edcola italiana, Langhe Roero e Monferrato, no Piemonte, \u00e9 reconhecida como de valor excepcional pelo Comit\u00ea do\" \/>\n<meta name=\"robots\" content=\"index, follow, max-snippet:-1, max-image-preview:large, max-video-preview:-1\" \/>\n<link rel=\"canonical\" href=\"https:\/\/hotel-icastelli.com\/pt-br\/turismo\/unesco-paisagens-viticolas-de-langhe-roero-e-monferrato\/\" \/>\n<meta property=\"og:locale\" content=\"pt_BR\" \/>\n<meta property=\"og:type\" content=\"article\" \/>\n<meta property=\"og:title\" content=\"Unesco - Paisagens vit\u00edcolas de Langhe, Roero e Monferrato - Hotel in Centro Ad Alba - I Castelli\" \/>\n<meta property=\"og:description\" content=\"Pela primeira vez, uma paisagem vin\u00edcola italiana, Langhe Roero e Monferrato, no Piemonte, \u00e9 reconhecida como de valor excepcional pelo Comit\u00ea do\" \/>\n<meta property=\"og:url\" content=\"https:\/\/hotel-icastelli.com\/pt-br\/turismo\/unesco-paisagens-viticolas-de-langhe-roero-e-monferrato\/\" \/>\n<meta property=\"og:site_name\" content=\"I Castelli\" \/>\n<meta property=\"article:modified_time\" content=\"2025-05-07T05:41:34+00:00\" \/>\n<meta property=\"og:image\" content=\"https:\/\/hotel-icastelli.com\/files\/2025\/03\/150x3.jpg\" \/>\n\t<meta property=\"og:image:width\" content=\"1024\" \/>\n\t<meta property=\"og:image:height\" content=\"273\" \/>\n\t<meta property=\"og:image:type\" content=\"image\/jpeg\" \/>\n<meta name=\"twitter:card\" content=\"summary_large_image\" \/>\n<meta name=\"twitter:label1\" content=\"Est. reading time\" \/>\n\t<meta name=\"twitter:data1\" content=\"2 minutes\" \/>\n<!-- \/ Yoast SEO plugin. -->","yoast_head_json":{"title":"Unesco - Paisagens vit\u00edcolas de Langhe, Roero e Monferrato - Hotel in Centro Ad Alba - I Castelli","description":"Pela primeira vez, uma paisagem vin\u00edcola italiana, Langhe Roero e Monferrato, no Piemonte, \u00e9 reconhecida como de valor excepcional pelo Comit\u00ea do","robots":{"index":"index","follow":"follow","max-snippet":"max-snippet:-1","max-image-preview":"max-image-preview:large","max-video-preview":"max-video-preview:-1"},"canonical":"https:\/\/hotel-icastelli.com\/pt-br\/turismo\/unesco-paisagens-viticolas-de-langhe-roero-e-monferrato\/","og_locale":"pt_BR","og_type":"article","og_title":"Unesco - Paisagens vit\u00edcolas de Langhe, Roero e Monferrato - Hotel in Centro Ad Alba - I Castelli","og_description":"Pela primeira vez, uma paisagem vin\u00edcola italiana, Langhe Roero e Monferrato, no Piemonte, \u00e9 reconhecida como de valor excepcional pelo Comit\u00ea do","og_url":"https:\/\/hotel-icastelli.com\/pt-br\/turismo\/unesco-paisagens-viticolas-de-langhe-roero-e-monferrato\/","og_site_name":"I Castelli","article_modified_time":"2025-05-07T05:41:34+00:00","og_image":[{"width":1024,"height":273,"url":"https:\/\/hotel-icastelli.com\/files\/2025\/03\/150x3.jpg","type":"image\/jpeg"}],"twitter_card":"summary_large_image","twitter_misc":{"Est. reading time":"2 minutes"},"schema":{"@context":"https:\/\/schema.org","@graph":[{"@type":"WebPage","@id":"https:\/\/hotel-icastelli.com\/pt-br\/turismo\/unesco-paisagens-viticolas-de-langhe-roero-e-monferrato\/","url":"https:\/\/hotel-icastelli.com\/pt-br\/turismo\/unesco-paisagens-viticolas-de-langhe-roero-e-monferrato\/","name":"Unesco - Paisagens vit\u00edcolas de Langhe, Roero e Monferrato - Hotel in Centro Ad Alba - I Castelli","isPartOf":{"@id":"https:\/\/hotel-icastelli.com\/#website"},"primaryImageOfPage":{"@id":"https:\/\/hotel-icastelli.com\/pt-br\/turismo\/unesco-paisagens-viticolas-de-langhe-roero-e-monferrato\/#primaryimage"},"image":{"@id":"https:\/\/hotel-icastelli.com\/pt-br\/turismo\/unesco-paisagens-viticolas-de-langhe-roero-e-monferrato\/#primaryimage"},"thumbnailUrl":"https:\/\/hotel-icastelli.com\/files\/2025\/03\/150x3.jpg","datePublished":"2013-08-28T07:18:59+00:00","dateModified":"2025-05-07T05:41:34+00:00","description":"Pela primeira vez, uma paisagem vin\u00edcola italiana, Langhe Roero e Monferrato, no Piemonte, \u00e9 reconhecida como de valor excepcional pelo Comit\u00ea do","breadcrumb":{"@id":"https:\/\/hotel-icastelli.com\/pt-br\/turismo\/unesco-paisagens-viticolas-de-langhe-roero-e-monferrato\/#breadcrumb"},"inLanguage":"pt-BR","potentialAction":[{"@type":"ReadAction","target":["https:\/\/hotel-icastelli.com\/pt-br\/turismo\/unesco-paisagens-viticolas-de-langhe-roero-e-monferrato\/"]}]},{"@type":"ImageObject","inLanguage":"pt-BR","@id":"https:\/\/hotel-icastelli.com\/pt-br\/turismo\/unesco-paisagens-viticolas-de-langhe-roero-e-monferrato\/#primaryimage","url":"https:\/\/hotel-icastelli.com\/files\/2025\/03\/150x3.jpg","contentUrl":"https:\/\/hotel-icastelli.com\/files\/2025\/03\/150x3.jpg","width":1024,"height":273},{"@type":"BreadcrumbList","@id":"https:\/\/hotel-icastelli.com\/pt-br\/turismo\/unesco-paisagens-viticolas-de-langhe-roero-e-monferrato\/#breadcrumb","itemListElement":[{"@type":"ListItem","position":1,"name":"Home","item":"https:\/\/hotel-icastelli.com\/pt-br\/"},{"@type":"ListItem","position":2,"name":"Turismo","item":"https:\/\/hotel-icastelli.com\/pt-br\/turismo\/"},{"@type":"ListItem","position":3,"name":"Unesco &#8211; Paisagens vit\u00edcolas de Langhe, Roero e Monferrato"}]},{"@type":"WebSite","@id":"https:\/\/hotel-icastelli.com\/#website","url":"https:\/\/hotel-icastelli.com\/","name":"I Castelli","description":"Hotel in Centro Ad Alba","publisher":{"@id":"https:\/\/hotel-icastelli.com\/#organization"},"potentialAction":[{"@type":"SearchAction","target":{"@type":"EntryPoint","urlTemplate":"https:\/\/hotel-icastelli.com\/?s={search_term_string}"},"query-input":{"@type":"PropertyValueSpecification","valueRequired":true,"valueName":"search_term_string"}}],"inLanguage":"pt-BR"},{"@type":"Organization","@id":"https:\/\/hotel-icastelli.com\/#organization","name":"I Castelli","url":"https:\/\/hotel-icastelli.com\/","logo":{"@type":"ImageObject","inLanguage":"pt-BR","@id":"https:\/\/hotel-icastelli.com\/#\/schema\/logo\/image\/","url":"","contentUrl":"","caption":"I Castelli"},"image":{"@id":"https:\/\/hotel-icastelli.com\/#\/schema\/logo\/image\/"}}]}},"acf":[],"_links":{"self":[{"href":"https:\/\/hotel-icastelli.com\/pt-br\/wp-json\/wp\/v2\/pages\/5386","targetHints":{"allow":["GET"]}}],"collection":[{"href":"https:\/\/hotel-icastelli.com\/pt-br\/wp-json\/wp\/v2\/pages"}],"about":[{"href":"https:\/\/hotel-icastelli.com\/pt-br\/wp-json\/wp\/v2\/types\/page"}],"author":[{"embeddable":true,"href":"https:\/\/hotel-icastelli.com\/pt-br\/wp-json\/wp\/v2\/users\/152"}],"replies":[{"embeddable":true,"href":"https:\/\/hotel-icastelli.com\/pt-br\/wp-json\/wp\/v2\/comments?post=5386"}],"version-history":[{"count":0,"href":"https:\/\/hotel-icastelli.com\/pt-br\/wp-json\/wp\/v2\/pages\/5386\/revisions"}],"up":[{"embeddable":true,"href":"https:\/\/hotel-icastelli.com\/pt-br\/wp-json\/wp\/v2\/pages\/5088"}],"wp:featuredmedia":[{"embeddable":true,"href":"https:\/\/hotel-icastelli.com\/pt-br\/wp-json\/wp\/v2\/media\/4078"}],"wp:attachment":[{"href":"https:\/\/hotel-icastelli.com\/pt-br\/wp-json\/wp\/v2\/media?parent=5386"}],"curies":[{"name":"wp","href":"https:\/\/api.w.org\/{rel}","templated":true}]}}