{"id":5396,"date":"2013-08-28T09:19:56","date_gmt":"2013-08-28T07:19:56","guid":{"rendered":"https:\/\/hotel-icastelli.com\/turismo\/castelos-de-langhe\/"},"modified":"2025-05-15T15:16:42","modified_gmt":"2025-05-15T13:16:42","slug":"castelos-de-langhe","status":"publish","type":"page","link":"https:\/\/hotel-icastelli.com\/pt-br\/turismo\/castelos-de-langhe\/","title":{"rendered":"Castelos de Langhe"},"content":{"rendered":"\n<p>Os castelos que se erguem na \u00e1rea de <strong>Langhe<\/strong> e <strong>Roero <\/strong>representam um dos elementos caracter\u00edsticos e distintivos da paisagem. Situados no topo das colinas que abrigam os vilarejos do <strong>baixo Piemonte<\/strong>, os castelos contribu\u00edram durante s\u00e9culos para a imagem e a identidade de cada munic\u00edpio e de todo o territ\u00f3rio. <\/p>\n\n<p>Alguns deles ostentam um <strong>excelente estilo arquitet\u00f4nico<\/strong> e interiores com m\u00f3veis originais de fino acabamento, tanto que s\u00e3o exemplos impressionantes do ponto de vista hist\u00f3rico e art\u00edstico. Portanto, s\u00e3o s\u00edmbolos da <strong>hist\u00f3ria das comunidades locais<\/strong>, testemunhas da arquitetura e da arte desde a Idade M\u00e9dia. <\/p>\n\n<p>Os castelos de Langhe e Roero, visitados todos os anos por <strong>dezenas de milhares de turistas italianos e estrangeiros<\/strong>, s\u00e3o uma parada essencial para voc\u00ea descobrir e vivenciar a regi\u00e3o.<\/p>\n\n<p>A 30 km de dist\u00e2ncia, <a href=\"http:\/\/polomusealepiemonte.beniculturali.it\/index.php\/musei-e-luoghi-della-cultura\/castello-di-racconigi\/visita-il-castello-di-racconigi\/\" target=\"_blank\" rel=\"noreferrer noopener\">o Castelo Racconigi<\/a> \u00e9 o exemplo mais brilhante da grandeza da <strong>casa real de Savoy<\/strong>; seu parque foi eleito o mais bonito da It\u00e1lia em 2010.<\/p>\n\n<p>Castelos<\/p>\n\n<ul class=\"wp-block-list\">\n<li>Castelo de Barolo<\/li>\n\n\n\n<li>Castelo de Grinzane Cavour<\/li>\n\n\n\n<li>Castelo de Serralunga d&#8217;alba<\/li>\n\n\n\n<li>Castelo de Govone<\/li>\n\n\n\n<li>Castelo de Benevello<\/li>\n\n\n\n<li>Castelo de Magliano Alfieri<\/li>\n\n\n\n<li>Castelo de Manga<\/li>\n\n\n\n<li>Castelo Monticello d&#8217;alba<\/li>\n\n\n\n<li>Castelo de Monesiglio<\/li>\n\n\n\n<li>Castelo de Pralormo<\/li>\n\n\n\n<li>Castelo de Roddi<\/li>\n\n\n\n<li>Castelo de Prunetto<\/li>\n\n\n\n<li>Castelo de Saliceto<\/li>\n<\/ul>\n","protected":false},"excerpt":{"rendered":"<p>Os castelos que se erguem na \u00e1rea de Langhe e Roero representam um dos elementos caracter\u00edsticos e distintivos da paisagem. Situados no topo das colinas que abrigam os vilarejos do baixo Piemonte, os castelos contribu\u00edram durante s\u00e9culos para a imagem e a identidade de cada munic\u00edpio e de todo o territ\u00f3rio. Alguns deles ostentam um [&hellip;]<\/p>\n","protected":false},"author":152,"featured_media":4246,"parent":5088,"menu_order":3,"comment_status":"open","ping_status":"closed","template":"","meta":{"_acf_changed":false,"_monsterinsights_skip_tracking":false,"_monsterinsights_sitenote_active":false,"_monsterinsights_sitenote_note":"","_monsterinsights_sitenote_category":0,"footnotes":""},"class_list":["post-5396","page","type-page","status-publish","has-post-thumbnail","hentry"],"yoast_head":"<!-- This site is optimized with the Yoast SEO plugin v27.2 - https:\/\/yoast.com\/product\/yoast-seo-wordpress\/ -->\n<title>Castelos de Langhe - Hotel in Centro Ad Alba - I Castelli<\/title>\n<meta name=\"description\" content=\"Os castelos que se erguem na \u00e1rea de Langhe e Roero representam um dos elementos caracter\u00edsticos e distintivos da paisagem. Situados no topo das colinas\" \/>\n<meta name=\"robots\" content=\"index, follow, max-snippet:-1, max-image-preview:large, max-video-preview:-1\" \/>\n<link rel=\"canonical\" href=\"https:\/\/hotel-icastelli.com\/pt-br\/turismo\/castelos-de-langhe\/\" \/>\n<meta property=\"og:locale\" content=\"pt_BR\" \/>\n<meta property=\"og:type\" content=\"article\" \/>\n<meta property=\"og:title\" content=\"Castelos de Langhe - Hotel in Centro Ad Alba - I Castelli\" \/>\n<meta property=\"og:description\" content=\"Os castelos que se erguem na \u00e1rea de Langhe e Roero representam um dos elementos caracter\u00edsticos e distintivos da paisagem. Situados no topo das colinas\" \/>\n<meta property=\"og:url\" content=\"https:\/\/hotel-icastelli.com\/pt-br\/turismo\/castelos-de-langhe\/\" \/>\n<meta property=\"og:site_name\" content=\"I Castelli\" \/>\n<meta property=\"article:modified_time\" content=\"2025-05-15T13:16:42+00:00\" \/>\n<meta property=\"og:image\" content=\"https:\/\/hotel-icastelli.com\/files\/2025\/03\/40x170-2.jpg\" \/>\n\t<meta property=\"og:image:width\" content=\"1024\" \/>\n\t<meta property=\"og:image:height\" content=\"241\" \/>\n\t<meta property=\"og:image:type\" content=\"image\/jpeg\" \/>\n<meta name=\"twitter:card\" content=\"summary_large_image\" \/>\n<meta name=\"twitter:label1\" content=\"Est. reading time\" \/>\n\t<meta name=\"twitter:data1\" content=\"1 minute\" \/>\n<!-- \/ Yoast SEO plugin. -->","yoast_head_json":{"title":"Castelos de Langhe - Hotel in Centro Ad Alba - I Castelli","description":"Os castelos que se erguem na \u00e1rea de Langhe e Roero representam um dos elementos caracter\u00edsticos e distintivos da paisagem. Situados no topo das colinas","robots":{"index":"index","follow":"follow","max-snippet":"max-snippet:-1","max-image-preview":"max-image-preview:large","max-video-preview":"max-video-preview:-1"},"canonical":"https:\/\/hotel-icastelli.com\/pt-br\/turismo\/castelos-de-langhe\/","og_locale":"pt_BR","og_type":"article","og_title":"Castelos de Langhe - Hotel in Centro Ad Alba - I Castelli","og_description":"Os castelos que se erguem na \u00e1rea de Langhe e Roero representam um dos elementos caracter\u00edsticos e distintivos da paisagem. Situados no topo das colinas","og_url":"https:\/\/hotel-icastelli.com\/pt-br\/turismo\/castelos-de-langhe\/","og_site_name":"I Castelli","article_modified_time":"2025-05-15T13:16:42+00:00","og_image":[{"width":1024,"height":241,"url":"https:\/\/hotel-icastelli.com\/files\/2025\/03\/40x170-2.jpg","type":"image\/jpeg"}],"twitter_card":"summary_large_image","twitter_misc":{"Est. reading time":"1 minute"},"schema":{"@context":"https:\/\/schema.org","@graph":[{"@type":"WebPage","@id":"https:\/\/hotel-icastelli.com\/pt-br\/turismo\/castelos-de-langhe\/","url":"https:\/\/hotel-icastelli.com\/pt-br\/turismo\/castelos-de-langhe\/","name":"Castelos de Langhe - Hotel in Centro Ad Alba - I Castelli","isPartOf":{"@id":"https:\/\/hotel-icastelli.com\/#website"},"primaryImageOfPage":{"@id":"https:\/\/hotel-icastelli.com\/pt-br\/turismo\/castelos-de-langhe\/#primaryimage"},"image":{"@id":"https:\/\/hotel-icastelli.com\/pt-br\/turismo\/castelos-de-langhe\/#primaryimage"},"thumbnailUrl":"https:\/\/hotel-icastelli.com\/files\/2025\/03\/40x170-2.jpg","datePublished":"2013-08-28T07:19:56+00:00","dateModified":"2025-05-15T13:16:42+00:00","description":"Os castelos que se erguem na \u00e1rea de Langhe e Roero representam um dos elementos caracter\u00edsticos e distintivos da paisagem. Situados no topo das colinas","breadcrumb":{"@id":"https:\/\/hotel-icastelli.com\/pt-br\/turismo\/castelos-de-langhe\/#breadcrumb"},"inLanguage":"pt-BR","potentialAction":[{"@type":"ReadAction","target":["https:\/\/hotel-icastelli.com\/pt-br\/turismo\/castelos-de-langhe\/"]}]},{"@type":"ImageObject","inLanguage":"pt-BR","@id":"https:\/\/hotel-icastelli.com\/pt-br\/turismo\/castelos-de-langhe\/#primaryimage","url":"https:\/\/hotel-icastelli.com\/files\/2025\/03\/40x170-2.jpg","contentUrl":"https:\/\/hotel-icastelli.com\/files\/2025\/03\/40x170-2.jpg","width":1024,"height":241},{"@type":"BreadcrumbList","@id":"https:\/\/hotel-icastelli.com\/pt-br\/turismo\/castelos-de-langhe\/#breadcrumb","itemListElement":[{"@type":"ListItem","position":1,"name":"Home","item":"https:\/\/hotel-icastelli.com\/pt-br\/"},{"@type":"ListItem","position":2,"name":"Turismo","item":"https:\/\/hotel-icastelli.com\/pt-br\/turismo\/"},{"@type":"ListItem","position":3,"name":"Castelos de Langhe"}]},{"@type":"WebSite","@id":"https:\/\/hotel-icastelli.com\/#website","url":"https:\/\/hotel-icastelli.com\/","name":"I Castelli","description":"Hotel in Centro Ad Alba","publisher":{"@id":"https:\/\/hotel-icastelli.com\/#organization"},"potentialAction":[{"@type":"SearchAction","target":{"@type":"EntryPoint","urlTemplate":"https:\/\/hotel-icastelli.com\/?s={search_term_string}"},"query-input":{"@type":"PropertyValueSpecification","valueRequired":true,"valueName":"search_term_string"}}],"inLanguage":"pt-BR"},{"@type":"Organization","@id":"https:\/\/hotel-icastelli.com\/#organization","name":"I Castelli","url":"https:\/\/hotel-icastelli.com\/","logo":{"@type":"ImageObject","inLanguage":"pt-BR","@id":"https:\/\/hotel-icastelli.com\/#\/schema\/logo\/image\/","url":"","contentUrl":"","caption":"I Castelli"},"image":{"@id":"https:\/\/hotel-icastelli.com\/#\/schema\/logo\/image\/"}}]}},"acf":[],"_links":{"self":[{"href":"https:\/\/hotel-icastelli.com\/pt-br\/wp-json\/wp\/v2\/pages\/5396","targetHints":{"allow":["GET"]}}],"collection":[{"href":"https:\/\/hotel-icastelli.com\/pt-br\/wp-json\/wp\/v2\/pages"}],"about":[{"href":"https:\/\/hotel-icastelli.com\/pt-br\/wp-json\/wp\/v2\/types\/page"}],"author":[{"embeddable":true,"href":"https:\/\/hotel-icastelli.com\/pt-br\/wp-json\/wp\/v2\/users\/152"}],"replies":[{"embeddable":true,"href":"https:\/\/hotel-icastelli.com\/pt-br\/wp-json\/wp\/v2\/comments?post=5396"}],"version-history":[{"count":0,"href":"https:\/\/hotel-icastelli.com\/pt-br\/wp-json\/wp\/v2\/pages\/5396\/revisions"}],"up":[{"embeddable":true,"href":"https:\/\/hotel-icastelli.com\/pt-br\/wp-json\/wp\/v2\/pages\/5088"}],"wp:featuredmedia":[{"embeddable":true,"href":"https:\/\/hotel-icastelli.com\/pt-br\/wp-json\/wp\/v2\/media\/4246"}],"wp:attachment":[{"href":"https:\/\/hotel-icastelli.com\/pt-br\/wp-json\/wp\/v2\/media?parent=5396"}],"curies":[{"name":"wp","href":"https:\/\/api.w.org\/{rel}","templated":true}]}}